{"id":1399,"date":"2024-04-03T23:41:16","date_gmt":"2024-04-03T20:41:16","guid":{"rendered":"https:\/\/sisu.ut.ee\/ewod\/stories-et-160\/"},"modified":"2024-04-04T00:07:22","modified_gmt":"2024-04-03T21:07:22","slug":"stories","status":"publish","type":"page","link":"https:\/\/sisu.ut.ee\/ewod\/p\/pyttsepp\/stories\/","title":{"rendered":"Juhani P\u00fcttsepp &#8211; short stories"},"content":{"rendered":"<p><span style=\"font-size: medium;font-family: verdana, geneva\"><strong>Books<\/strong><\/span><\/p>\n<p><span style=\"font-size: small;font-family: verdana, geneva\"><strong><em>Russian<\/em><br><strong>\u0420\u0430\u0441\u0441\u043a\u0430\u0437 \u043e \u0434\u0443\u0431\u043a\u0435, \u0437\u043b\u043e\u0441\u0442\u0438 \u0438 \u0432\u043e\u0440\u043e\u043d\u0435<\/strong><\/strong>. X\u0443\u0434\u043e\u0436\u043d\u0438\u043a-\u0438\u043b\u043b\u044e\u0441\u0442\u0440\u0430\u0442\u043e\u0440 \u042f\u0440\u044b\u043d\u0430 \u0418\u043b\u043e. O\u0444\u043e\u0440\u043c\u043b\u0435\u043d\u0438\u0435 \u0410\u0439\u043b\u0430 \u0423\u0442\u0441\u0443-\u041f\u044e\u0442\u0442\u0441\u0435\u043f\u043f. Tartu: T\u00e4htvere Avatud Naistekeskus, 2015, 48 pp. [Children\u2019s literature. \u2019Lugu v\u00e4ikesest tammepuust, vihast ja varesest\u2019.]<strong><br><\/strong><\/span><\/p>\n<p><span style=\"font-size: medium;font-family: verdana, geneva\"><strong>In compilations, anthologies, magazines<\/strong><\/span><\/p>\n<p><span style=\"font-family: verdana, geneva\"><strong><em>Swedish<\/em><\/strong><\/span><br><span style=\"font-family: verdana, geneva\"><strong>Hopp i s\u00e4ng!: godnattsagor av Estniska pappor<\/strong>: 11 pappor, 28 sagor. Translated by Jaan Seim; illustrations by J\u00fcri Mildeberg. Tallinn: NyNorden, 2007, 105 pp. [\u2019Ruttu tuttu!: isade unejutte\u2019. Bedtime stories by daddies: Karl Martin Sinij\u00e4rv, Veiko Belials, Andrus Kivir\u00e4hk, Juhani P\u00fcttsepp, Contra, J\u00fcrgen Rooste, Jaanus Vaiksoo, Kivisildnik, Peeter Sauter, Jaan T\u00e4tte and Peep Pedmanson.]<\/span><\/p>\n","protected":false},"excerpt":{"rendered":"<p>Books Russian\u0420\u0430\u0441\u0441\u043a\u0430\u0437 \u043e \u0434\u0443\u0431\u043a\u0435, \u0437\u043b\u043e\u0441\u0442\u0438 \u0438 \u0432\u043e\u0440\u043e\u043d\u0435. X\u0443\u0434\u043e\u0436\u043d\u0438\u043a-\u0438\u043b\u043b\u044e\u0441\u0442\u0440\u0430\u0442\u043e\u0440 \u042f\u0440\u044b\u043d\u0430 \u0418\u043b\u043e. O\u0444\u043e\u0440\u043c\u043b\u0435\u043d\u0438\u0435 \u0410\u0439\u043b\u0430 \u0423\u0442\u0441\u0443-\u041f\u044e\u0442\u0442\u0441\u0435\u043f\u043f. Tartu: T\u00e4htvere Avatud Naistekeskus, 2015, 48 pp. [Children\u2019s literature. \u2019Lugu v\u00e4ikesest tammepuust, vihast ja varesest\u2019.] In compilations, anthologies, magazines SwedishHopp i s\u00e4ng!: godnattsagor av Estniska pappor: 11 &#8230;<\/p>\n","protected":false},"author":43,"featured_media":0,"parent":1389,"menu_order":0,"comment_status":"closed","ping_status":"closed","template":"","meta":{"_acf_changed":false,"inline_featured_image":false,"footnotes":""},"class_list":["post-1399","page","type-page","status-publish","hentry"],"acf":[],"_links":{"self":[{"href":"https:\/\/sisu.ut.ee\/ewod\/wp-json\/wp\/v2\/pages\/1399","targetHints":{"allow":["GET"]}}],"collection":[{"href":"https:\/\/sisu.ut.ee\/ewod\/wp-json\/wp\/v2\/pages"}],"about":[{"href":"https:\/\/sisu.ut.ee\/ewod\/wp-json\/wp\/v2\/types\/page"}],"author":[{"embeddable":true,"href":"https:\/\/sisu.ut.ee\/ewod\/wp-json\/wp\/v2\/users\/43"}],"replies":[{"embeddable":true,"href":"https:\/\/sisu.ut.ee\/ewod\/wp-json\/wp\/v2\/comments?post=1399"}],"version-history":[{"count":1,"href":"https:\/\/sisu.ut.ee\/ewod\/wp-json\/wp\/v2\/pages\/1399\/revisions"}],"predecessor-version":[{"id":3679,"href":"https:\/\/sisu.ut.ee\/ewod\/wp-json\/wp\/v2\/pages\/1399\/revisions\/3679"}],"up":[{"embeddable":true,"href":"https:\/\/sisu.ut.ee\/ewod\/wp-json\/wp\/v2\/pages\/1389"}],"wp:attachment":[{"href":"https:\/\/sisu.ut.ee\/ewod\/wp-json\/wp\/v2\/media?parent=1399"}],"curies":[{"name":"wp","href":"https:\/\/api.w.org\/{rel}","templated":true}]}}