{"id":1392,"date":"2024-04-03T23:41:15","date_gmt":"2024-04-03T20:41:15","guid":{"rendered":"https:\/\/sisu.ut.ee\/ewod\/salo\/"},"modified":"2026-05-07T16:21:16","modified_gmt":"2026-05-07T13:21:16","slug":"salo","status":"publish","type":"page","link":"https:\/\/sisu.ut.ee\/ewod\/s\/salo\/","title":{"rendered":"Vello Salo"},"content":{"rendered":"<p><a href=\"https:\/\/sisu.ut.ee\/ewod\/s\/salo\/nonfiction\"><span style=\"font-family: verdana, geneva;\"><strong><span style=\"font-size: medium;\">Non-fiction <\/span><\/strong><\/span><\/a><a href=\"https:\/\/sisu.ut.ee\/wp-content\/uploads\/sites\/108\/vello_salo_arno_saar.jpg\" target=\"_self\" rel=\"noopener\"><img decoding=\"async\" style=\"float: right; width: 200px; height: 269px;\" title=\"Photo: Arno Saar\" src=\"https:\/\/sisu.ut.ee\/wp-content\/uploads\/sites\/108\/vello_salo_arno_saar.jpg\" alt=\"Vello Salo\"><\/a><\/p>\n\n\n\n<p><a href=\"https:\/\/sisu.ut.ee\/ewod\/s\/salo\/about\"><span style=\"font-family: verdana, geneva;\"><strong><span style=\"font-size: medium;\">About Vello Salo<\/span><\/strong><\/span><\/a><\/p>\n\n\n\n<p>\u00a0<\/p>\n\n\n\n<p><span style=\"font-size: 13px;\"><span style=\"font-family: Verdana,Geneva,sans-serif;\">Vello Salo (until 1945 Endel Vaher, 5. XI 1925 \u2013 21. IV 2019) was an essayist, translator, cleric and a scholar and promoter of Estonian literature in exile.<\/span><\/span><\/p>\n\n\n\n<p><span style=\"font-size: 13px;\"><span style=\"font-family: Verdana,Geneva,sans-serif;\">He was born into a family of schoolteacher in V\u00f5isiku parish in Viljandi county. As a high-school student in 1943 he joined infantry regiment number 200 in the Finnish army (the so-called \u201cFinnish boys\u201d). In the course of the war he was imprisoned and taken to Germany. He took part in the battles of Silesia and end up in the Czech Hell, from where he managed to escape, and ended up in Italy, where he took a new name, Vello Salo, to spare his relatives back in his homeland from Soviet repression.<br>\u00a0<br>Vello Salo studied and worked in several countries, actively working to preserve Estonian identity, as a publisher, translator and journalist. He was a Catholic. In 1976 he obtained a doctorate in theology from the Pontificium Institutum Biblicum in Rome. Salo returned to Estonia in 1993. In 1993 and 1994 he gave lectures as a visiting professor in the faculty of theology at the University of Tartu. From 2001 he was a priest at the Pirita monastery and was active in publishing various kinds of books, mostly of a spiritual nature, and in editing a new translation of the Bible into Estonian. In the 2011\/2012 academic year Salo was a professor of liberal arts at the University of Tartu. In 2017 he received an honorary doctorate from the University of Helsinki. Salo was a member of the Estonian Writers\u2019 Union from 1998.<\/span><\/span><\/p>\n\n\n\n<p><span style=\"font-size: 13px;\"><span style=\"font-family: Verdana,Geneva,sans-serif;\">Salo has translated into Italian and published the work of Estonian poets. In 1962 he set up the Estonian exile publishing house Maarjamaa, which functioned actively until Salo\u2019s death. Salo translated religious poetry into Estonian, based on the ancient original texts of the Bible. In the sphere of non-fiction, Salo published research material about Estonian culture, and surveys of the repressionsisals by the occupying powers on Estonian territory. Salo\u2019s activities have been recognised with many awards. A documentary film has been made about him: <em>Vello Salo. Igap\u00e4evelu m\u00fcstika<\/em> (\u2018Vello Salo: The Mystery of Everyday Life\u2019, 2018, directed by Jaan Tootsen).<\/span><\/span><\/p>\n\n\n\n<p><span style=\"font-size: 13px;\"><span style=\"font-family: Verdana,Geneva,sans-serif;\"><em>L. P. (Translated by C. M.)<\/em><\/span><\/span><\/p>\n\n\n\n<p><br><strong><span style=\"font-size: 16px;\"><span style=\"font-family: Verdana,Geneva,sans-serif;\">Books in Estonian<\/span><\/span><\/strong><\/p>\n\n\n\n<p><span style=\"font-size: 13px;\"><span style=\"font-family: Verdana,Geneva,sans-serif;\"><strong><em>Research work<\/em><\/strong><br><strong>Riik ja kirikud 1940\u20131974<\/strong>. Rooma: Maarjamaa, 1974. 82 lk.<br>Olaf Sild, Vello Salo, <strong>L\u00fchike Eesti kirikulugu<\/strong>. Tartu: 1995. 232 lk.<br><strong>E. V. Kaadriohvitseride saatus 1938\u20131996 [nimestik]<\/strong>. Tartu: Okupatsioonide Repressiivpoliitika Uurimise Riiklik Komisjon (Johannes Esto \u00dching), 1996. 36 lk.<br><strong>Riik ja kirikud 1940\u20131991<\/strong>. Brampton [Kanada]: Maarjamaa, 2000. 86 lk.<br><strong>Maarja maa lugu<\/strong>. Tallinn: V. Salo, 2015. 34 lk.<\/span><\/span><\/p>\n\n\n\n<p><em><strong>Memoirs, history, prayers, speeches etc.<\/strong><\/em><br><strong>Palved ja hommikum\u00f5tisklused<\/strong>. Koostanud Ivar Tr\u00f6ner, toimetanud Anu Salu\u00e4\u00e4r, saates\u00f5na Viivi Luik. Tallinn: SE&amp;JS, 2020. 151 lk.<br><strong>P\u00fchitse meid t\u00f5ega: m\u00f5tisklused, jutlused, k\u00f5ned, loengud<\/strong>. Koostanud Ivar Tr\u00f6ner, toimetanud Anu Salu\u00e4\u00e4r, n\u00f5uandja Ingmar Kurg, saates\u00f5na Viivi Luik. Tallinn: SE&amp;JS, 2021. 519 lk.<br><strong>Jumalale on k\u00f5ik v\u00f5imalik: Radio Vaticana-Estone. Vatikani Raadio eestikeelsed saated 1948\u20131953 ja 1961\u20131965<\/strong>. Koostanud Ivar Tr\u00f6ner, j\u00e4rels\u00f5na Jaan Kaplinski, toimetanud Anu Salu\u00e4\u00e4r, teoloogiline konsultant Kalle Kasemaa. Tallinn: Postimees Kirjastus, 2023. 791 lk.<\/p>\n\n\n\n<p><\/p>\n","protected":false},"excerpt":{"rendered":"<p>Non-fiction About Vello Salo \u00a0 Vello Salo (until 1945 Endel Vaher, 5. XI 1925 \u2013 21. IV 2019) was an essayist, translator, cleric and a scholar and promoter of Estonian literature in exile. He was born into a family of &#8230;<\/p>\n","protected":false},"author":43,"featured_media":0,"parent":697,"menu_order":0,"comment_status":"closed","ping_status":"closed","template":"","meta":{"_acf_changed":false,"inline_featured_image":false,"footnotes":""},"class_list":["post-1392","page","type-page","status-publish","hentry"],"acf":[],"_links":{"self":[{"href":"https:\/\/sisu.ut.ee\/ewod\/wp-json\/wp\/v2\/pages\/1392","targetHints":{"allow":["GET"]}}],"collection":[{"href":"https:\/\/sisu.ut.ee\/ewod\/wp-json\/wp\/v2\/pages"}],"about":[{"href":"https:\/\/sisu.ut.ee\/ewod\/wp-json\/wp\/v2\/types\/page"}],"author":[{"embeddable":true,"href":"https:\/\/sisu.ut.ee\/ewod\/wp-json\/wp\/v2\/users\/43"}],"replies":[{"embeddable":true,"href":"https:\/\/sisu.ut.ee\/ewod\/wp-json\/wp\/v2\/comments?post=1392"}],"version-history":[{"count":3,"href":"https:\/\/sisu.ut.ee\/ewod\/wp-json\/wp\/v2\/pages\/1392\/revisions"}],"predecessor-version":[{"id":9120,"href":"https:\/\/sisu.ut.ee\/ewod\/wp-json\/wp\/v2\/pages\/1392\/revisions\/9120"}],"up":[{"embeddable":true,"href":"https:\/\/sisu.ut.ee\/ewod\/wp-json\/wp\/v2\/pages\/697"}],"wp:attachment":[{"href":"https:\/\/sisu.ut.ee\/ewod\/wp-json\/wp\/v2\/media?parent=1392"}],"curies":[{"name":"wp","href":"https:\/\/api.w.org\/{rel}","templated":true}]}}