{"id":139,"date":"2024-04-03T23:39:24","date_gmt":"2024-04-03T20:39:24","guid":{"rendered":"https:\/\/sisu.ut.ee\/ewod\/about-et-14\/"},"modified":"2025-05-14T14:18:02","modified_gmt":"2025-05-14T11:18:02","slug":"about","status":"publish","type":"page","link":"https:\/\/sisu.ut.ee\/ewod\/s\/saat\/about\/","title":{"rendered":"Mari Saat &#8211; about"},"content":{"rendered":"<p><span style=\"font-size: medium;\"><strong><span style=\"font-family: verdana, geneva;\">Articles<\/span><\/strong><\/span><\/p>\n\n\n\n<p><strong><em><span style=\"font-family: verdana, geneva;\">English<\/span><\/em><\/strong><br>Rutt Hinrikus, <strong>Russians in Estonian literature<\/strong>. \u2013 Elm: Estonian Literary Magazine, nr 32, 2011, lk 18-21<br><span style=\"font-family: verdana, geneva;\">Luule Epner,<strong>\u00a0<\/strong><\/span><a href=\"http:\/\/elm.estinst.ee\/issue\/25\/feminine-and-intellectual-mari-saat\/\"><span style=\"font-family: verdana, geneva;\"><strong>Feminine and intellectual Mari Saat<\/strong><\/span><\/a><em><span style=\"font-family: verdana, geneva;\">. <\/span><\/em><span style=\"font-family: verdana, geneva;\">\u2013 Estonian Literary Magazine, no 25, 2007.<\/span><\/p>\n\n\n\n<p><strong><em><span style=\"font-family: verdana, geneva;\">Hungarian<\/span><\/em><\/strong><br><span style=\"font-family: verdana, geneva;\">A.\u00a0Lebegyev,\u00a0<strong>V\u00e9res j\u00e1t\u00e9k<\/strong>; M. Zolotonoszov, <strong>Mi lesz Olevvel?<\/strong>. \u2013 Vil\u00e1girodalmi H\u00edrad\u00f3 (\u00c1GK), no 25-26,\u00a01981.<\/span><\/p>\n\n\n\n<p><br><span style=\"font-family: verdana, geneva;\"><strong><span style=\"font-size: medium;\">Reviews<\/span><\/strong><\/span><\/p>\n\n\n\n<p><span style=\"font-family: Verdana,Geneva,sans-serif;\"><strong><em>German<\/em><\/strong><br>Viivi Luik, <strong>Mari Saat und die Klischees der estnischen Literatur<\/strong>. \u2013 Estonia, Nr. 1, 1992, pp 60-61. [About \u2018V\u00f5lu ja vaim\u2019.]<br>Aet Bergmann, <strong>Ich selbst<\/strong>. \u2013 Estonia, Nr. 3, 1988, p 128. [About \u2018Mina ise\u2019.]<\/span><\/p>\n\n\n\n<p><span style=\"font-family: verdana, geneva;\"><strong><em>Hungarian<\/em><\/strong><br>Iris R\u00e9thy, <strong>Az \u00e9let viszontags\u00e1gainak j\u00f3 oldalair\u00f3l<\/strong>. \u2013 Estonia: Zeitschrift f\u00fcr estnische Literatur und Kultur, no 1, 1987, pp 43-44. [About \u2018Katasztr\u00f3fa\u2019, Budapest 1986.]<br>Iszlai Zolt\u00e1n, <strong>L\u00e9lekm\u00e9lyben<\/strong>. \u2013 \u00c9let \u00e9s Irodalom, no 41, 1986.<br>Hima Gabriella, <strong>Sorsd\u00f6nt\u0151 pillanatok<\/strong>. \u2013 K\u00f6nyvvil\u00e1g, no 11, 1986.<\/span><\/p>\n\n\n\n<p><span style=\"font-family: verdana, geneva;\"><em><strong>English<\/strong><\/em><br>George Kurman,\u00a0<strong><cite>\u00d5un valguses ja varjus<\/cite><\/strong><span style=\"font-family: verdana, geneva;\"><strong>\u00a0by Mari Saat<\/strong>. \u2013 World Literature Today, v<span style=\"font-family: verdana, geneva;\">ol 60, no 2, 1986, pp 337-338.<\/span><\/span><br>Ilse Lehiste,\u00a0<strong><cite>Laanep\u00fc\u00fc<\/cite><\/strong><span style=\"font-family: verdana, geneva;\"><strong>\u00a0by Mari Saat<\/strong>. \u2013 World Literature Today, v<span style=\"font-family: verdana, geneva;\">ol 55, no 3, 1981, p 502.<\/span><\/span><\/span><\/p>\n\n\n\n<p><br><span style=\"font-size: 16px;\"><span style=\"font-family: Verdana,Geneva,sans-serif;\"><strong>Interviews<\/strong><\/span><\/span><\/p>\n\n\n\n<p><span style=\"font-family: Verdana,Geneva,sans-serif;\"><strong><em>English<\/em><\/strong><br>Vir\u00e1g M\u00e1rkus, <strong>Looking for transparency. Interview with Mari Saat<\/strong>. \u2013 Estonian Literary Magazine, no 39, 2014.\u00a0<\/span><\/p>\n","protected":false},"excerpt":{"rendered":"<p>Articles EnglishRutt Hinrikus, Russians in Estonian literature. \u2013 Elm: Estonian Literary Magazine, nr 32, 2011, lk 18-21Luule Epner,\u00a0Feminine and intellectual Mari Saat. \u2013 Estonian Literary Magazine, no 25, 2007. HungarianA.\u00a0Lebegyev,\u00a0V\u00e9res j\u00e1t\u00e9k; M. Zolotonoszov, Mi lesz Olevvel?. \u2013 Vil\u00e1girodalmi H\u00edrad\u00f3 (\u00c1GK), &#8230;<\/p>\n","protected":false},"author":43,"featured_media":0,"parent":346,"menu_order":0,"comment_status":"closed","ping_status":"closed","template":"","meta":{"_acf_changed":false,"inline_featured_image":false,"footnotes":""},"class_list":["post-139","page","type-page","status-publish","hentry"],"acf":[],"_links":{"self":[{"href":"https:\/\/sisu.ut.ee\/ewod\/wp-json\/wp\/v2\/pages\/139","targetHints":{"allow":["GET"]}}],"collection":[{"href":"https:\/\/sisu.ut.ee\/ewod\/wp-json\/wp\/v2\/pages"}],"about":[{"href":"https:\/\/sisu.ut.ee\/ewod\/wp-json\/wp\/v2\/types\/page"}],"author":[{"embeddable":true,"href":"https:\/\/sisu.ut.ee\/ewod\/wp-json\/wp\/v2\/users\/43"}],"replies":[{"embeddable":true,"href":"https:\/\/sisu.ut.ee\/ewod\/wp-json\/wp\/v2\/comments?post=139"}],"version-history":[{"count":2,"href":"https:\/\/sisu.ut.ee\/ewod\/wp-json\/wp\/v2\/pages\/139\/revisions"}],"predecessor-version":[{"id":7250,"href":"https:\/\/sisu.ut.ee\/ewod\/wp-json\/wp\/v2\/pages\/139\/revisions\/7250"}],"up":[{"embeddable":true,"href":"https:\/\/sisu.ut.ee\/ewod\/wp-json\/wp\/v2\/pages\/346"}],"wp:attachment":[{"href":"https:\/\/sisu.ut.ee\/ewod\/wp-json\/wp\/v2\/media?parent=139"}],"curies":[{"name":"wp","href":"https:\/\/api.w.org\/{rel}","templated":true}]}}