{"id":1387,"date":"2024-04-03T23:41:15","date_gmt":"2024-04-03T20:41:15","guid":{"rendered":"https:\/\/sisu.ut.ee\/ewod\/about-et-131\/"},"modified":"2024-04-04T00:07:23","modified_gmt":"2024-04-03T21:07:23","slug":"about","status":"publish","type":"page","link":"https:\/\/sisu.ut.ee\/ewod\/k\/raimondkolk\/about\/","title":{"rendered":"Raimond Kolk &#8211; about"},"content":{"rendered":"<p><span style=\"font-family: verdana, geneva;font-size: medium\"><strong>Reviews<\/strong><\/span><\/p>\n<p><span style=\"font-family: verdana, geneva\"><em><strong>English<\/strong><br><\/em>Tiina Kurman,\u00a0<strong><cite>Ajad muutuvad<\/cite><\/strong><span style=\"font-family: verdana, geneva\"><strong>\u00a0by Raimond Kolk<\/strong>. \u2013 World Literature Today, v<span style=\"font-family: verdana, geneva\">ol 64, no 2, 1990, p 334.<\/span><\/span><br>Ilse Lehiste,\u00a0<strong><cite>V\u00f5\u00f5ral maal kirjutatud laulud: Luulekogumik 1940-1983<\/cite><\/strong><span style=\"font-family: verdana, geneva\"><strong>\u00a0by Raimond Kolk<\/strong>. \u2013 World Literature Today, v<span style=\"font-family: verdana, geneva\">ol 59, no 2, 1985, p 295.<\/span><\/span><br>J.K.Kitching,\u00a0<strong><cite>Uskmatu Toomas<\/cite><\/strong><span style=\"font-family: verdana, geneva\"><strong>\u00a0by Raimond Kolk<\/strong>. \u2013 World Literature Today, v<span style=\"font-family: verdana, geneva\">ol 56, no 3, 1982, p 551.<\/span><\/span><br>Mall J\u00fcrma,\u00a0<strong><cite>M\u00f5ned p\u00e4evad septembris. jutustus t\u00e4nap\u00e4evast<\/cite><\/strong><strong>\u00a0by Raimond Kolk<\/strong>. \u2013 Books Abroad, vol 47, no 1, 1973, pp 194-195.<br>George Kurman,\u00a0<span style=\"font-family: verdana, geneva\"><\/span><strong><cite>Et mitte kunagi v\u00f5ita<\/cite><\/strong><span style=\"font-family: verdana, geneva\"><strong>\u00a0by Raimond Kolk<\/strong>. \u2013 Books Abroad, v<span style=\"font-family: verdana, geneva\">ol 44, no 1, 1970, p 157.<\/span><\/span><\/span><\/p>\n","protected":false},"excerpt":{"rendered":"<p>Reviews EnglishTiina Kurman,\u00a0Ajad muutuvad\u00a0by Raimond Kolk. \u2013 World Literature Today, vol 64, no 2, 1990, p 334.Ilse Lehiste,\u00a0V\u00f5\u00f5ral maal kirjutatud laulud: Luulekogumik 1940-1983\u00a0by Raimond Kolk. \u2013 World Literature Today, vol 59, no 2, 1985, p 295.J.K.Kitching,\u00a0Uskmatu Toomas\u00a0by Raimond Kolk. \u2013 &#8230;<\/p>\n","protected":false},"author":43,"featured_media":0,"parent":410,"menu_order":0,"comment_status":"closed","ping_status":"closed","template":"","meta":{"_acf_changed":false,"inline_featured_image":false,"footnotes":""},"class_list":["post-1387","page","type-page","status-publish","hentry"],"acf":[],"_links":{"self":[{"href":"https:\/\/sisu.ut.ee\/ewod\/wp-json\/wp\/v2\/pages\/1387","targetHints":{"allow":["GET"]}}],"collection":[{"href":"https:\/\/sisu.ut.ee\/ewod\/wp-json\/wp\/v2\/pages"}],"about":[{"href":"https:\/\/sisu.ut.ee\/ewod\/wp-json\/wp\/v2\/types\/page"}],"author":[{"embeddable":true,"href":"https:\/\/sisu.ut.ee\/ewod\/wp-json\/wp\/v2\/users\/43"}],"replies":[{"embeddable":true,"href":"https:\/\/sisu.ut.ee\/ewod\/wp-json\/wp\/v2\/comments?post=1387"}],"version-history":[{"count":1,"href":"https:\/\/sisu.ut.ee\/ewod\/wp-json\/wp\/v2\/pages\/1387\/revisions"}],"predecessor-version":[{"id":3687,"href":"https:\/\/sisu.ut.ee\/ewod\/wp-json\/wp\/v2\/pages\/1387\/revisions\/3687"}],"up":[{"embeddable":true,"href":"https:\/\/sisu.ut.ee\/ewod\/wp-json\/wp\/v2\/pages\/410"}],"wp:attachment":[{"href":"https:\/\/sisu.ut.ee\/ewod\/wp-json\/wp\/v2\/media?parent=1387"}],"curies":[{"name":"wp","href":"https:\/\/api.w.org\/{rel}","templated":true}]}}