{"id":138,"date":"2024-04-03T23:39:24","date_gmt":"2024-04-03T20:39:24","guid":{"rendered":"https:\/\/sisu.ut.ee\/ewod\/stories-et-19\/"},"modified":"2024-04-04T00:10:56","modified_gmt":"2024-04-03T21:10:56","slug":"stories","status":"publish","type":"page","link":"https:\/\/sisu.ut.ee\/ewod\/s\/semper\/stories\/","title":{"rendered":"Johannes Semper &#8211; short stories"},"content":{"rendered":"<p>\n\t<span data-mce-mark=\"1\" style=\"font-size: medium\"><strong><span data-mce-mark=\"1\" style=\"font-family: verdana, geneva\">In compilations, anthologies, magazines<\/span><\/strong><\/span>\n<\/p>\n<p>\n\t<em><strong><span data-mce-mark=\"1\" style=\"font-family: verdana, geneva;font-size: small\">English<\/span><\/strong><\/em><br><span data-mce-mark=\"1\" style=\"font-family: verdana, geneva;font-size: small\"><strong>A Mistake<\/strong>. \u2013\u00a0<\/span><span data-mce-mark=\"1\" style=\"font-family: verdana, geneva;font-size: small\">Estonian short stories. Compiled by Heino Puhvel. Translated by Ilmar Anvelt, Aino J\u00f5gi, Amanda Kriit, Oleg Mutt, Melanie Rauk and Maila Saar. Tallinn: Perioodika, 1981, 334 pp. [\u2018Eksitus\u2019. See\u00a0<strong><a href=\"https:\/\/sisu.ut.ee\/ewod\/anthologies\/puhvelstories\">contents<\/a><\/strong>\u00a0of the anthology.]<\/span>\n<\/p>\n<p>\n\t<span style=\"font-family:Verdana,Geneva,sans-serif\"><em><strong><span data-mce-mark=\"1\">French<\/span><\/strong><\/em><br><span data-mce-mark=\"1\"><span data-mce-mark=\"1\"><strong>Marguerites<\/strong>. \u2013\u00a0<\/span>Anthologie des conteurs estoniens<\/span><span data-mce-mark=\"1\">. Pr\u00e9f. de L\u00e9on Pierre-Quint. Introd. de A. Oras. Trad. de B. Vilde, M. Navi-Bovet, R. Birck. Paris: Sagittaire, 1937, 254 pp. [Translation of \u2018Karikakrad\u2019. Anthology of short stories. Contents: \u00a0A. Jakobson \u2019Les loups\u2019 (\u2019Hundid\u2019); M. J\u00fcrna \u2019Madame et son chien\u2019 (\u2019Madam ekstselents ja peni\u2019); A. Kivikas \u2019Tiluliluli\u2019; M. Metsanurk \u2019Maitre et domestique\u2019 (\u2019Peremees ja sulane\u2019); A. M\u00e4lk \u2019Les pr\u00e9sents de la mer\u2019 (\u2019Mere annid\u2019); F. Tuglas \u2019Popi et Huhuu\u2019 (\u2019Popi ja Huhuu\u2019); J. Semper \u2019Marguerites\u2019 (\u2019Karikakrad\u2019); P. Vallak \u2019Le m\u00e9chant bougre\u2019 (\u2019Vihapull\u2019); E. Vilde \u2019Casanova fait ses adieux\u2019 (\u2019Casanova j\u00e4tab jumalaga\u2019).]<\/span><\/span>\n<\/p>\n<p>\n\t<em><strong><span data-mce-mark=\"1\" style=\"font-family: verdana, geneva;font-size: small\">German<\/span><\/strong><\/em><br><span data-mce-mark=\"1\" style=\"font-family: verdana, geneva;font-size: small\"><strong>Ein Irrtum<\/strong>. \u2013 Estnische Novellen. Ausgew\u00e4hlt von Endel S\u00f5gel. Tallinn: Perioodika, 1979, 471 pp. [\u2018Eksitus\u2019. See <strong><a href=\"https:\/\/sisu.ut.ee\/ewod\/anthologies\/german\/estnischenovellen\">contents<\/a><\/strong> of the anthology.]<br><strong>Der Irrtum<\/strong>. \u2013 Der letzte Strandr\u00e4uber. Estnische Erz\u00e4hlungen aus sieben Jahrzehnten<\/span><span data-mce-mark=\"1\" style=\"font-family: verdana, geneva;font-size: small\">. Ausgew. von Alexander Baer, Welta Ehlert, Nikolai Sillat. Mit einem Nachw. und biograph. Notizen von Endel Mallene. Ill. von Einar Schleef. Berlin: Volk und Welt, 1975, 472 pp. [\u2019Eksitus\u2019. See <strong><a href=\"https:\/\/sisu.ut.ee\/ewod\/anthologies\/strandraubercontents\">contents of the anthology<\/a><\/strong>.]<\/span>\n<\/p>\n<p>\n\t<em><strong><span style=\"font-family: verdana, geneva;font-size: small\">Latvian<\/span><\/strong><\/em><br><span style=\"font-family: verdana, geneva;font-size: small\">J. Sempers,\u00a0<strong>Asteres.\u00a0<\/strong><\/span><span style=\"font-family: verdana, geneva;font-size: small\"><strong>Vinpus upes<\/strong>. \u2013\u00a0<span>Pavasari meklejot: igaunu noveles. Sastadijusi D\u017euljeta Plakidis; no igaunu valodas tulkojusi D\u017e. Plakidis, Anna \u017digure un Janis \u017digurs; makslinieks Gunvalds Elers. Riga: Liesma, 1974, 354 pp. [\u2018<\/span><span><span>Astrid\u2019,<\/span>\u00a0\u2018<span>Teisel pool j\u00f5ge<\/span>\u2018. See\u00a0<a href=\"https:\/\/sisu.ut.ee\/ewod\/anthologies\/pavasari\"><strong>contents<\/strong><\/a>\u00a0of the anthology.]<\/span><\/span><\/p>\n<p><em><strong><span style=\"font-family: verdana, geneva;font-size: small\">Polish<\/span><\/strong><\/em><br><span style=\"font-family: verdana, geneva;font-size: small\"><span><strong>Z tamtej strony rzeki<\/strong>. \u2013\u00a0<\/span>Nowele esto\u0144skie. Prze\u0142. Irena Halber. Warszawa: Pa\u0144stwowy Instytut Wydawniczy, 1950, 312 pp. [Translation of \u2018Teisel pool j\u00f5ge\u2019. Contents of the anthology: E. Vilde \u2019Doktor Grauenfels\u2019; F. Tuglas \u2019Przydzia\u0142 ziemi\u2019; A. H. Tammsaare \u2019Ostatnie pieni\u0105dze\u2019, \u2019Gazeciarka nr. 17\u2019; R. Roht \u2019Stary rybak\u2019; J. Semper \u2019Z tamtej strony rzeki\u2019; M. Raud \u2019Rocznica\u2019; E. M\u00e4nnik \u2019Droga okr\u0119tu\u2019, \u2019Stalowa linia\u2019; R. Sirge \u2019Log\u2019; A. Hint \u2019Bracia\u2019; M. Nurme \u2019Dni\u2019; D. Vaarandi \u2019Brat\u2019; P. Viiding \u2019Most\u2019; E. Krusten \u2019Wiosna\u2019. 2nd edition: 1951, 262 pp.]<\/span>\n<\/p>\n<p>\n\t<span style=\"font-family: verdana, geneva;font-size: small\"><strong><em>Russian<\/em><\/strong><br>\u0418. \u0421\u0435\u043c\u043f\u0435\u0440, <strong>\u041f\u043e \u0442\u0443 \u0441\u0442\u043e\u0440\u043e\u043d\u0443 \u0440\u0435\u043a\u0438<\/strong>. \u2013 \u042d\u0441\u0442\u043e\u043d\u0441\u043a\u0438\u0435 \u043d\u043e\u0432\u0435\u043b\u043b\u044b. C\u043e\u0441\u0442\u0430\u0432\u0438\u0442\u0435\u043b\u044c: \u041d. \u041a\u043e\u043e\u043b\u044c; \u043f\u0440\u0435\u0434\u0438\u0441\u043b\u043e\u0432\u0438\u0435 \u041b. \u0422\u043e\u043e\u043c; \u043f\u0435\u0440\u0435\u0432\u0435\u043b\u0438 \u041d. \u041a\u043e\u043e\u043b\u044c \u0418 \u041b. \u0422\u043e\u043e\u043c. \u041c\u043e\u0441\u043a\u0432\u0430: \u0421\u043e\u0432\u0435\u0442\u0441\u043a\u0438\u0439 \u043f\u0438\u0441\u0430\u0442\u0435\u043b\u044c, 1948, 312 pp. [\u2019Teisel pool j\u00f5ge\u2019. See <strong><a href=\"https:\/\/sisu.ut.ee\/ewod\/anthologies\/novelly1948\">contents<\/a><\/strong> of the anthology.]<\/span><\/p>\n","protected":false},"excerpt":{"rendered":"<p>In compilations, anthologies, magazines EnglishA Mistake. \u2013\u00a0Estonian short stories. Compiled by Heino Puhvel. Translated by Ilmar Anvelt, Aino J\u00f5gi, Amanda Kriit, Oleg Mutt, Melanie Rauk and Maila Saar. Tallinn: Perioodika, 1981, 334 pp. [\u2018Eksitus\u2019. See\u00a0contents\u00a0of the anthology.] FrenchMarguerites. \u2013\u00a0Anthologie des &#8230;<\/p>\n","protected":false},"author":43,"featured_media":0,"parent":1826,"menu_order":0,"comment_status":"closed","ping_status":"closed","template":"","meta":{"_acf_changed":false,"inline_featured_image":false,"footnotes":""},"class_list":["post-138","page","type-page","status-publish","hentry"],"acf":[],"_links":{"self":[{"href":"https:\/\/sisu.ut.ee\/ewod\/wp-json\/wp\/v2\/pages\/138","targetHints":{"allow":["GET"]}}],"collection":[{"href":"https:\/\/sisu.ut.ee\/ewod\/wp-json\/wp\/v2\/pages"}],"about":[{"href":"https:\/\/sisu.ut.ee\/ewod\/wp-json\/wp\/v2\/types\/page"}],"author":[{"embeddable":true,"href":"https:\/\/sisu.ut.ee\/ewod\/wp-json\/wp\/v2\/users\/43"}],"replies":[{"embeddable":true,"href":"https:\/\/sisu.ut.ee\/ewod\/wp-json\/wp\/v2\/comments?post=138"}],"version-history":[{"count":1,"href":"https:\/\/sisu.ut.ee\/ewod\/wp-json\/wp\/v2\/pages\/138\/revisions"}],"predecessor-version":[{"id":4947,"href":"https:\/\/sisu.ut.ee\/ewod\/wp-json\/wp\/v2\/pages\/138\/revisions\/4947"}],"up":[{"embeddable":true,"href":"https:\/\/sisu.ut.ee\/ewod\/wp-json\/wp\/v2\/pages\/1826"}],"wp:attachment":[{"href":"https:\/\/sisu.ut.ee\/ewod\/wp-json\/wp\/v2\/media?parent=138"}],"curies":[{"name":"wp","href":"https:\/\/api.w.org\/{rel}","templated":true}]}}