{"id":1377,"date":"2024-04-03T23:41:14","date_gmt":"2024-04-03T20:41:14","guid":{"rendered":"https:\/\/sisu.ut.ee\/ewod\/nonfiction-et-67\/"},"modified":"2024-04-04T00:07:25","modified_gmt":"2024-04-03T21:07:25","slug":"nonfiction","status":"publish","type":"page","link":"https:\/\/sisu.ut.ee\/ewod\/s\/sinijarv\/nonfiction\/","title":{"rendered":"Karl Martin Sinij\u00e4rv &#8211; non-fiction"},"content":{"rendered":"<p><span style=\"font-family:Verdana,Geneva,sans-serif\"><strong><span style=\"font-size:16px\">In anthologies and magazines<\/span><\/strong><\/span><\/p>\n<p><strong><em>German<\/em><\/strong><br><strong>Ein gem\u00e4chlicher Selbstmord?<\/strong>. \u00dcbersetzung: Irja Gr\u00f6nholm. \u2013 Europaexpress. Ein literarisches Handbuch. Herausgegeben von Thomas Wohlfahrt und Christiane Lange. Frankfurt\/Main: Eichborn, 2001, pp 401-403. [\u2018Euroopa \u2013 aeglane enesetapp?\u2019, an essay.]<\/p>\n","protected":false},"excerpt":{"rendered":"<p>In anthologies and magazines GermanEin gem\u00e4chlicher Selbstmord?. \u00dcbersetzung: Irja Gr\u00f6nholm. \u2013 Europaexpress. Ein literarisches Handbuch. Herausgegeben von Thomas Wohlfahrt und Christiane Lange. Frankfurt\/Main: Eichborn, 2001, pp 401-403. [\u2018Euroopa \u2013 aeglane enesetapp?\u2019, an essay.]<\/p>\n","protected":false},"author":43,"featured_media":0,"parent":828,"menu_order":0,"comment_status":"closed","ping_status":"closed","template":"","meta":{"_acf_changed":false,"inline_featured_image":false,"footnotes":""},"class_list":["post-1377","page","type-page","status-publish","hentry"],"acf":[],"_links":{"self":[{"href":"https:\/\/sisu.ut.ee\/ewod\/wp-json\/wp\/v2\/pages\/1377","targetHints":{"allow":["GET"]}}],"collection":[{"href":"https:\/\/sisu.ut.ee\/ewod\/wp-json\/wp\/v2\/pages"}],"about":[{"href":"https:\/\/sisu.ut.ee\/ewod\/wp-json\/wp\/v2\/types\/page"}],"author":[{"embeddable":true,"href":"https:\/\/sisu.ut.ee\/ewod\/wp-json\/wp\/v2\/users\/43"}],"replies":[{"embeddable":true,"href":"https:\/\/sisu.ut.ee\/ewod\/wp-json\/wp\/v2\/comments?post=1377"}],"version-history":[{"count":1,"href":"https:\/\/sisu.ut.ee\/ewod\/wp-json\/wp\/v2\/pages\/1377\/revisions"}],"predecessor-version":[{"id":3698,"href":"https:\/\/sisu.ut.ee\/ewod\/wp-json\/wp\/v2\/pages\/1377\/revisions\/3698"}],"up":[{"embeddable":true,"href":"https:\/\/sisu.ut.ee\/ewod\/wp-json\/wp\/v2\/pages\/828"}],"wp:attachment":[{"href":"https:\/\/sisu.ut.ee\/ewod\/wp-json\/wp\/v2\/media?parent=1377"}],"curies":[{"name":"wp","href":"https:\/\/api.w.org\/{rel}","templated":true}]}}