{"id":1370,"date":"2024-04-03T23:41:13","date_gmt":"2024-04-03T20:41:13","guid":{"rendered":"https:\/\/sisu.ut.ee\/ewod\/about-et-125\/"},"modified":"2024-04-04T00:07:27","modified_gmt":"2024-04-03T21:07:27","slug":"about","status":"publish","type":"page","link":"https:\/\/sisu.ut.ee\/ewod\/oe\/ounapuu\/about\/","title":{"rendered":"Ervin \u00d5unapuu &#8211; about"},"content":{"rendered":"<p>\n\t<span style=\"font-size: medium;font-family: verdana,geneva\"><strong>Articles<\/strong><\/span>\n<\/p>\n<p>\n\t<span style=\"font-family: verdana,geneva\"><strong><em>English<\/em><\/strong><\/span><br><span style=\"font-family: verdana,geneva\"><span style=\"font-family: verdana,geneva\">Anneli Mihkelev, <a href=\"http:\/\/www.fwls.org\/wp-content\/uploads\/downloads\/2013\/01\/FWLS%EF%BC%882012%EF%BC%89-Vol.4-No.3.pdf#page=30\"><strong>The Grotesque and Estonian Literature<\/strong><\/a>. \u2013 Forum for World Literature Studies, vol 4, no 3, 2012, pp 370-388.<\/span><br>Anneli Mihkelev, <a href=\"https:\/\/www.etis.ee\/ShowFile.aspx?FileVID=58605\"><strong>The Grotesque and Memory in Contemporary Estonian Culture<\/strong><\/a>. \u2013 Laurynas Katkus (ed), Grotesque Revisited: Grotesque and Satyre in the Post\/Modern Literature of Central and Eastern Europe. Newcastle (UK): Cambridge Scholars Publishing, 2013, pp 174-184. [With a focus on Ilmar Laaban, Andrus Kivir\u00e4hk, Ervin \u00d5unapuu and Mehis Heinsaar.]<br>Udo Uibo, <a href=\"http:\/\/elm.estinst.ee\/issue\/8\/ervin-ounapuu\/\"><strong>Ervin \u00d5unapuu<\/strong><\/a>. \u2013 Estonian Literary Magazine, no 8, 1999.<\/span><br>\u00a0\n<\/p>\n<p>\n\t<strong><span style=\"font-family: verdana,geneva;font-size: medium\">Reviews<\/span><\/strong>\n<\/p>\n<p>\n\t<span style=\"font-family: verdana,geneva\"><strong><em><span style=\"font-family: verdana,geneva\">English<\/span><\/em><\/strong><br><span style=\"font-family: verdana,geneva\"><span style=\"font-family: verdana,geneva\">Rutt Hinrikus, <a href=\"http:\/\/elm.estinst.ee\/issue\/15\/short-outlines-books-estonian-authors\/\"><strong>Short Outlines of Books by Estonian Authors<\/strong><\/a>. \u2013 Estonian Literary Magazine, no 15, 2002. [About the novel \u2018M\u00f5\u00f5k: nagu j\u00f5gi\u2019 (\u2018The Sword: Like a River\u2019).]<\/span><\/span><\/span>\n<\/p>\n<p>\n\t<span style=\"font-family: verdana,geneva\"><span style=\"font-family: verdana,geneva\"><span style=\"font-family: verdana,geneva\"><strong><em>German<\/em><\/strong><br>Konrad Maier, <strong>tsch \u2026 tsch \u2026 tsch \u2026<\/strong>. \u2013 Estonia, 2004, pp 68-70. [About \u2018Olivia\u2019.]<br>Liina Lukas, <strong>Ein literarischer Pinselstrich des K\u00fcnstlers<\/strong>. \u2013 Estonia, no 1, 1999, pp 56-60. [About \u2018Olivia\u2019.]<\/span><\/span><\/span><\/p>\n","protected":false},"excerpt":{"rendered":"<p>Articles EnglishAnneli Mihkelev, The Grotesque and Estonian Literature. \u2013 Forum for World Literature Studies, vol 4, no 3, 2012, pp 370-388.Anneli Mihkelev, The Grotesque and Memory in Contemporary Estonian Culture. \u2013 Laurynas Katkus (ed), Grotesque Revisited: Grotesque and Satyre in &#8230;<\/p>\n","protected":false},"author":43,"featured_media":0,"parent":69,"menu_order":0,"comment_status":"closed","ping_status":"closed","template":"","meta":{"_acf_changed":false,"inline_featured_image":false,"footnotes":""},"class_list":["post-1370","page","type-page","status-publish","hentry"],"acf":[],"_links":{"self":[{"href":"https:\/\/sisu.ut.ee\/ewod\/wp-json\/wp\/v2\/pages\/1370","targetHints":{"allow":["GET"]}}],"collection":[{"href":"https:\/\/sisu.ut.ee\/ewod\/wp-json\/wp\/v2\/pages"}],"about":[{"href":"https:\/\/sisu.ut.ee\/ewod\/wp-json\/wp\/v2\/types\/page"}],"author":[{"embeddable":true,"href":"https:\/\/sisu.ut.ee\/ewod\/wp-json\/wp\/v2\/users\/43"}],"replies":[{"embeddable":true,"href":"https:\/\/sisu.ut.ee\/ewod\/wp-json\/wp\/v2\/comments?post=1370"}],"version-history":[{"count":1,"href":"https:\/\/sisu.ut.ee\/ewod\/wp-json\/wp\/v2\/pages\/1370\/revisions"}],"predecessor-version":[{"id":3711,"href":"https:\/\/sisu.ut.ee\/ewod\/wp-json\/wp\/v2\/pages\/1370\/revisions\/3711"}],"up":[{"embeddable":true,"href":"https:\/\/sisu.ut.ee\/ewod\/wp-json\/wp\/v2\/pages\/69"}],"wp:attachment":[{"href":"https:\/\/sisu.ut.ee\/ewod\/wp-json\/wp\/v2\/media?parent=1370"}],"curies":[{"name":"wp","href":"https:\/\/api.w.org\/{rel}","templated":true}]}}