{"id":1367,"date":"2024-04-03T23:41:13","date_gmt":"2024-04-03T20:41:13","guid":{"rendered":"https:\/\/sisu.ut.ee\/ewod\/poems-et-216\/"},"modified":"2024-04-04T00:07:27","modified_gmt":"2024-04-03T21:07:27","slug":"poems","status":"publish","type":"page","link":"https:\/\/sisu.ut.ee\/ewod\/p\/pilter\/poems\/","title":{"rendered":"Lauri Pilter &#8211; poems"},"content":{"rendered":"<p><span style=\"font-size: medium\"><strong><span style=\"font-family: verdana, geneva\">In anthologies and magazines<\/span><\/strong><\/span><\/p>\n<p><strong><em><span style=\"font-family: verdana, geneva\">Hungarian<\/span><\/em><\/strong><br><span style=\"font-family: verdana, geneva\"><strong>A kapor\u00e1gy\u00e1sokon a harmat, Egy sir\u00e1ly, Hangkazett\u00e1kat vettem, Sz\u00e9lcsend<\/strong>. \u2013 Sz\u00f3zat, <a href=\"http:\/\/www.szozat.org\/index.php\/kitekinto\/tartalommutato\/14198-lauri-pilter-a-kaporagyasokon-a-harmat-egy-siraly-hangkazettakat-vettem-szelcsend\" target=\"_blank\" rel=\"noopener\">http:\/\/www.szozat.org\/index.php\/kitekinto\/tartalommutato\/14198-lauri-pilter-a-kaporagyasokon-a-harmat-egy-siraly-hangkazettakat-vettem-szelcsend<\/a>.<\/span><\/p>\n","protected":false},"excerpt":{"rendered":"<p>In anthologies and magazines HungarianA kapor\u00e1gy\u00e1sokon a harmat, Egy sir\u00e1ly, Hangkazett\u00e1kat vettem, Sz\u00e9lcsend. \u2013 Sz\u00f3zat, http:\/\/www.szozat.org\/index.php\/kitekinto\/tartalommutato\/14198-lauri-pilter-a-kaporagyasokon-a-harmat-egy-siraly-hangkazettakat-vettem-szelcsend.<\/p>\n","protected":false},"author":43,"featured_media":0,"parent":1099,"menu_order":0,"comment_status":"closed","ping_status":"closed","template":"","meta":{"_acf_changed":false,"inline_featured_image":false,"footnotes":""},"class_list":["post-1367","page","type-page","status-publish","hentry"],"acf":[],"_links":{"self":[{"href":"https:\/\/sisu.ut.ee\/ewod\/wp-json\/wp\/v2\/pages\/1367","targetHints":{"allow":["GET"]}}],"collection":[{"href":"https:\/\/sisu.ut.ee\/ewod\/wp-json\/wp\/v2\/pages"}],"about":[{"href":"https:\/\/sisu.ut.ee\/ewod\/wp-json\/wp\/v2\/types\/page"}],"author":[{"embeddable":true,"href":"https:\/\/sisu.ut.ee\/ewod\/wp-json\/wp\/v2\/users\/43"}],"replies":[{"embeddable":true,"href":"https:\/\/sisu.ut.ee\/ewod\/wp-json\/wp\/v2\/comments?post=1367"}],"version-history":[{"count":1,"href":"https:\/\/sisu.ut.ee\/ewod\/wp-json\/wp\/v2\/pages\/1367\/revisions"}],"predecessor-version":[{"id":3708,"href":"https:\/\/sisu.ut.ee\/ewod\/wp-json\/wp\/v2\/pages\/1367\/revisions\/3708"}],"up":[{"embeddable":true,"href":"https:\/\/sisu.ut.ee\/ewod\/wp-json\/wp\/v2\/pages\/1099"}],"wp:attachment":[{"href":"https:\/\/sisu.ut.ee\/ewod\/wp-json\/wp\/v2\/media?parent=1367"}],"curies":[{"name":"wp","href":"https:\/\/api.w.org\/{rel}","templated":true}]}}