{"id":136,"date":"2024-04-03T23:39:24","date_gmt":"2024-04-03T20:39:24","guid":{"rendered":"https:\/\/sisu.ut.ee\/ewod\/about-et-13\/"},"modified":"2024-09-27T12:49:23","modified_gmt":"2024-09-27T09:49:23","slug":"about","status":"publish","type":"page","link":"https:\/\/sisu.ut.ee\/ewod\/l\/juhanliiv\/about\/","title":{"rendered":"Juhan Liiv &#8211; about"},"content":{"rendered":"<p><a href=\"#articles\"><span style=\"font-size: medium; font-family: verdana,geneva;\"><strong style=\"line-height: 1.6em;\">Articles<\/strong><\/span><\/a><br><a href=\"#reviews\"><span style=\"font-size: medium; font-family: verdana,geneva;\"><strong style=\"line-height: 1.6em;\">Reviews<\/strong><\/span><\/a><br><a href=\"#interviews\"><span style=\"font-size: medium; font-family: verdana,geneva;\"><strong style=\"line-height: 1.6em;\">Interviews<\/strong><\/span><\/a><br><span style=\"font-size: medium; font-family: verdana,geneva;\"><strong style=\"line-height: 1.6em;\"><a href=\"#poems\">Poems<\/a><\/strong><\/span><\/p>\n\n\n\n<p><span style=\"font-size: medium; font-family: verdana,geneva;\"><strong style=\"line-height: 1.6em;\"><a name=\"articles\"><\/a>Articles<\/strong><\/span><\/p>\n\n\n\n<p><span style=\"font-size: small; font-family: verdana,geneva;\"><span style=\"font-size: small;\"><span style=\"font-size: small;\"><em><strong>English<\/strong><\/em><br><span style=\"font-size: 13px;\"><span style=\"font-family: Verdana,Geneva,sans-serif;\">J\u00fcri Talvet, <strong>Juhan Liiv and His Existential Poetry.<\/strong> \u2013 Juhan Liiv, Selected Poems. Translated by J\u00fcri Talvet &amp; H. L. Hix. Chisinau: Omniscriptum S.R.L., 2024, pp 11-27.<br>J\u00fcri Talvet, <strong>The Universe of the Mind of a Poet: Juhan Liiv\u2019s Philosophy and Poetics<\/strong>. \u2013 Juhan Liiv, Selected Poems. Translated by J\u00fcri Talvet &amp; H. L. Hix. Chisinau: Omniscriptum S.R.L., 2024, pp 142-153.<br>H. L. Hix, <strong>Translator\u2019s Introduction<\/strong>. \u2013 Juhan Liiv, Selected Poems. Translated by J\u00fcri Talvet &amp; H. L. Hix. Chisinau: Omniscriptum S.R.L., 2024, pp 28-30.<br>J\u00fcri Talvet, <\/span><\/span><\/span><\/span><\/span><span style=\"font-size: 13px;\"><span style=\"font-family: Verdana,Geneva,sans-serif;\"><strong>\u201cPeripheral\u201d Transgeniality of Creative Dissidence in K. J. Peterson, G. M. Hopkins and Juhan Liiv<\/strong>. \u2013 Forum for World Literature Studies, vol 12, mo 2, 2020, pp 266-283.<\/span><\/span><br><span style=\"font-size: small; font-family: verdana,geneva;\"><span style=\"font-size: small;\"><span style=\"font-size: small;\">J\u00fcri Talvet, <strong>Some Considerations on (Un)translatability of (Dante Alighieri\u2019s and Juhan Liiv\u2019s) Poetry<\/strong>. \u2013 Interlitteraria, vol 21, no 2, 2016, pp 182-194.<br>J\u00fcri Talvet, <strong>\u201cSelf\u201d and \u201cOther\u201d. Thinking with Montaigne, Liiv, and Lotman<\/strong>. \u2013 The Construction of the Other in Early Modern Britain. Attraction. Rejection, Symbiosis. (R\u00fcdiger Ahrens, Ed.). Heidelberg: Universt\u00e4tsverlag Winter, 2013, pp 13-26.<br>H. L. Hix, <strong>Translator\u2019s Introduction<\/strong>. \u2013\u00a0 Juhan Liiv, Snow Drifts, I Sing. Toronto: Guernica, 2013, pp 9-13.<br>J\u00fcri Talvet, <strong>Editor\u2019s Introduction<\/strong>. \u2013 Juhan Liiv, Snow Drifts, I Sing. Trans. J. Talvet and H. L. Hix. Toronto: Guernica, 2013, pp 1-7.<br>J\u00fcri Talvet,<span style=\"font-size: small;\">\u00a0<\/span><span style=\"font-size: small;\"><strong>The Lingering Journey of Poetry from \u201cPeropheries\u201d to \u201cCentres\u201d: the Estonian Case of F. R. Kreutzwald\u2019s Epic Kalevipoeg (1861) and Juhan Liiv\u2019s (1864-1913) Lyrical Work<\/strong>. \u2013 Interlitteraria, vol 17, no 1-2, 2012, pp 93-107.<\/span><br>J\u00fcri Talvet,\u00a0<strong>The Universe of the Mind of a Poet: Juhan Liiv\u2019s Philosophy and Poetics<\/strong>. \u2013 Interlitteraria, vol 16, no 1, 2011, pp 103-122.<br>J\u00fcri Talvet, <strong>Juhan Liiv and \u201cYoung Estonia\u201d<\/strong>. \u2013 The End of Autonomy? Studies in Estonian Culture. (Cornelius Hasselblatt, ed.) Studia Fenno-Ugrica Groningana, 5. Maastricht, 2008, pp 85-96.<br>J\u00fcri Talvet, <strong>Juhan Liiv and His Existential Poetry<\/strong>. \u2013 Juhan Liiv, Meel paremat ei kannata. The Mind Would Bear No Better. Tartu: Tartu \u00dclikooli Kirjastus, 2007, pp 29-52.<br>Ivar Ivask, <strong>The Main Tradition of Estonian Poetry<\/strong>. \u2013 Estonian Poetry and Language: Studies in Honor of Ants Oras. Stockholm: 1965, pp 256-298. [\u2018Juhan Liiv: The Somber Forest of the Past\u2019, pp 258-62.]<\/span><\/span><\/span><\/p>\n\n\n\n<p><span style=\"font-size: small; font-family: verdana,geneva;\"><span style=\"font-size: small;\"><span style=\"font-size: small;\"><strong><em>Esperanto<\/em><\/strong><br>Aarne Vinkel, <strong>Enkonduke [foreword]<\/strong>. \u2013 Al abelujo gi flugas. Tallinn: Eesti Raamat, 1980, pp 5-8.<\/span><\/span><\/span><\/p>\n\n\n\n<p><span style=\"font-size: small; font-family: verdana,geneva;\"><span style=\"font-size: small;\"><span style=\"font-size: small;\"><strong><em>Finnish<\/em><\/strong><br>Jaan Kross, <strong>Muodonmuutosten Tuglas<\/strong>. Translated by Juhani Salokannel. \u2013 Parnasso, no 5, 1986, <span style=\"font-size: small; font-family: verdana,geneva;\"><span style=\"font-size: small;\"><span style=\"font-size: small;\">pp 273-277<\/span><\/span><\/span>. [About F. Tuglas\u2019 relationships with Juhan Liiv, Jaan Oks and Hendrik Adamson.]<br>Eeva Niinivaara, <strong>Aleksis Kivi ja Juhan Liiv<\/strong>. \u2013 Karjalan Heimo, no 9-10, 1984, pp 150-151.<br>Eeva Niinivaara, <strong>Juhan Liiv<\/strong>. \u2013 Kasvumaa: Eeva Niinivaaran kirjoituksia vuosilta 1923-1981. Helsinki: 1981, pp 115-116. [Luento Helsingin yliopistossa, 1963.]<br>H.-P. Lappalainen, <strong>El\u00e4m\u00e4n syvyydesta<\/strong>. \u2013 Kulttuurivihkot, no 6, 1981, p 39. [About life and work of Juhan Liiv.]<br>Arvo M\u00e4gi, <strong>Viron kirjallisuuden historia<\/strong>. Suom. Martti Rauhala, kuvittanut Annikki Puurunen. Helsinki: Suomalaisen Kirjallisuuden Seura, 1965, 154 pp. [About Juhan Liiv in pp 48-51, 69, 77, 87, 135.]<br>Hella Wuolijoki, <strong>Juhan Liiv<\/strong>. \u2013 Hella Wuolijoki, Koulutytt\u00f6n\u00e4 Tartossa vuosina 1901-1904. Helsinki: 1945, pp 181-185. [2nd ed: <span style=\"font-family: verdana,geneva;\">Helsinki: Weilin + G\u00f6\u00f6s, 1972, pp 146-149; 3rd ed: \u2018Nuoruuteni kahdessa maassa\u2019, Helsinki: Weilin + G\u00f6\u00f6s, 1986, pp 173-177.]<\/span><br>Lauri Kettunen, <strong>Tieteen matkamiehen\u00e4: Kaksitoista ensinm\u00e4ist\u00e4 retke\u00e4 1907-1918<\/strong>. Porvoo; Helsinki; 1945. [About Juhan Liiv in pp 188-192.]<br>Elsa En\u00e4j\u00e4rvi-Haavio, <strong>Juhan Liivin el\u00e4m\u00e4 ja tuotanto<\/strong>. \u2013 Viritt\u00e4j\u00e4: no 32, 1928, pp 324-329.<\/span><\/span><\/span><\/p>\n\n\n\n<p><span style=\"font-size: small; font-family: verdana,geneva;\"><span style=\"font-size: small;\"><span style=\"font-size: small;\"><strong><em>German<\/em><\/strong><br>J\u00fcri Talvet, <strong>Juhan Liiv und die existenzielle Poesie<\/strong>. \u2013 Juhan Liiv, Schnee stiebt, singe ich. Ausgew\u00e4hlte Gedichte. Herausgegeben von J\u00fcri Talvet; \u00fcbertragen aus dem Estnischen von Sophie Reyer in Zusammenarbeit mit J\u00fcri Talvet. Redaktion: Helmuth A. Niederle. Wien: L\u00f6cker, 2019, pp 5-12.<br>Ilmar Laaban, <strong>Ein Dichter f\u00fcr d\u00fcrftige Zeiten<\/strong>. \u2013 Trajekt, no 3, 1983. Beir\u00e4ge zur finnischen, lappischen und estnischen Literatur. Keuruu: Otava, 1984, pp 27-30.<br>Arthur Behrsing, <strong>Streifz\u00fcge durch die neueste estnische Dichtung<\/strong>. Reval: Revaler Bote, 1924, 46 pp. [Chapters on Juhan Liiv, Gustav Suits, Friedebert Tuglas, A.-H. Tammsaare, Marie Under.]<\/span><\/span><\/span><\/p>\n\n\n\n<p><span style=\"font-size: small;\"><strong><span style=\"font-size: small;\"><em>Hungarian<\/em><\/span><\/strong><\/span><br><span style=\"font-size: small;\"><span style=\"font-size: small;\">\u00c1rp\u00e1s K\u00e1roly, <strong>Juhan Liiv: Talve\u00f5htul (T\u00e9li esten) Vers\u00e9rtelmez\u00e9s<\/strong>. \u2013 <\/span><span style=\"font-size: small;\"><a href=\"http:\/\/www.sulinet.hu\/oroksegtar\/data\/tudomany_es_ismeretterjesztes\/messze_van_esztorszag\/pages\/057_csatolmany_9.htm\">http:\/\/www.sulinet.hu\/oroksegtar\/data\/tudomany_es_ismeretterjesztes\/messze_van_esztorszag\/pages\/057_csatolmany_9.htm<\/a><\/span><\/span><span style=\"font-size: small;\"><span style=\"font-size: small;\"> [s.a].<\/span><\/span><\/p>\n\n\n\n<p><span style=\"font-size: small; font-family: verdana,geneva;\"><span style=\"font-size: small;\"><span style=\"font-size: small;\"><strong><em>Italian<\/em><\/strong><br><span style=\"font-size: small; font-family: verdana,geneva;\"><span style=\"font-size: small;\"><span style=\"font-size: small;\">Piera Mattei, <strong>Una solitudine che rimanda l\u2019eco<\/strong>. \u2013 Juhan Liiv, Rondine, dove hai preso il tuo grido? Traduzione e cura J\u00fcri Talvet e Piera Mattei; introduzione di Piera Mattei. Roma: Superstripes, 2015, pp 7-19.<\/span><\/span><\/span><\/span><\/span><\/span><\/p>\n\n\n\n<p><strong><em>Russian<\/em><\/strong><br>\u0420\u043e\u043c\u0430\u043d \u041a\u0430\u043b\u043b\u0430\u0441, <strong>\u042e\u0445\u0430\u043d \u041b\u0438\u0439\u0432: \u0422\u0440\u0430\u0433\u0438\u0447\u0435\u0441\u043a\u0430\u044f \u0441\u0443\u0434\u044c\u0431\u0430 \u043f\u043e\u044d\u0442\u0430<\/strong>. \u2013 \u0420\u043e\u043c\u0430\u043d \u041a\u0430\u043b\u043b\u0430\u0441, \u042d\u0441\u0442\u043e\u043d\u0441\u043a\u0430\u044f \u043b\u0438\u0442\u0435\u0440\u0430\u0442\u0443\u0440\u0430: 20 \u0438\u043c\u0435\u043d \u043e\u0442 \u043a\u043b\u0430\u0441\u0441\u0438\u043a\u0438 \u0434\u043e \u0441\u043e\u0432\u0440\u0435\u043c\u0435\u043d\u043d\u043e\u0441\u0442\u0438: \u043d\u0430\u0447\u0430\u043b\u044c\u043d\u044b\u0439 \u043a\u0443\u0440\u0441 \u0434\u043b\u044f \u0448\u043a\u043e\u043b \u0441 \u0440\u0443\u0441\u0441\u043a\u0438\u043c \u044f\u0437\u044b\u043a\u043e\u043c \u043e\u0431\u0443\u0447\u0435\u043d\u0438\u044f. Viljandi: Sarapuu, 1997, pp 61-66. [See <strong><a href=\"https:\/\/sisu.ut.ee\/ewod\/general\/booksinrussian\/20imen\">contents<\/a><\/strong> of the monograph.]<br>\u0420\u043e\u043c\u0430\u043d \u041a\u0430\u043b\u043b\u0430\u0441, <strong>\u041f\u043e\u044d\u0437\u0438\u044f \u042e\u0445\u0430\u043d\u0430 \u041b\u0438\u0439\u0432\u0430<\/strong>. \u2013 \u0420\u043e\u043c\u0430\u043d \u041a\u0430\u043b\u043b\u0430\u0441, \u042d\u0441\u0442\u043e\u043d\u0441\u043a\u0430\u044f \u043b\u0438\u0442\u0435\u0440\u0430\u0442\u0443\u0440\u0430: 20 \u0438\u043c\u0435\u043d \u043e\u0442 \u043a\u043b\u0430\u0441\u0441\u0438\u043a\u0438 \u0434\u043e \u0441\u043e\u0432\u0440\u0435\u043c\u0435\u043d\u043d\u043e\u0441\u0442\u0438: \u043d\u0430\u0447\u0430\u043b\u044c\u043d\u044b\u0439 \u043a\u0443\u0440\u0441 \u0434\u043b\u044f \u0448\u043a\u043e\u043b \u0441 \u0440\u0443\u0441\u0441\u043a\u0438\u043c \u044f\u0437\u044b\u043a\u043e\u043c \u043e\u0431\u0443\u0447\u0435\u043d\u0438\u044f. Viljandi: Sarapuu, 1997, pp 67-68. [See <strong><a href=\"https:\/\/sisu.ut.ee\/ewod\/general\/booksinrussian\/20imen\">contents<\/a><\/strong> of the monograph.]<\/p>\n\n\n\n<p><strong><em>Spanish<\/em><\/strong><br>J\u00fcri Talvet, <strong>Juhan Liiv<\/strong>. \u2013 Nube C\u00f3nica (Chile), no 3, 2022, <a href=\"https:\/\/nubeconica.cl\/juhan-liiv\/\" target=\"_blank\" rel=\"noreferrer noopener\">https:\/\/nubeconica.cl\/juhan-liiv\/<\/a><br>J\u00fcri Talvet, <strong>Juhan Liiv (1864-1913)<\/strong>. \u2013 Juhan Liiv. La nieve cae, mi voz canta. Poemas. Edited by J. Talvet, Translated by A. Artero Navarro, A. L\u00e1zaro-Tinaut. Madrid: Xorki, 2014, pp 7-12.<\/p>\n\n\n\n<p><br><span style=\"font-size: medium; font-family: verdana,geneva;\"><strong style=\"line-height: 1.6em;\"><a name=\"reviews\"><\/a>Reviews<\/strong><\/span><\/p>\n\n\n\n<p><span style=\"font-size: small; font-family: verdana,geneva;\"><em><strong>English<\/strong><\/em><br><span style=\"font-size: small;\">Paul Binding, <strong><a href=\"http:\/\/www.the-tls.co.uk\/tls\/reviews\/other_categories\/article833680.ece\">Do you think I\u2019d let you go?<\/a><\/strong>. \u2013 Times Literary Supplement, Dec 2, 2011. [About the the prose anthology \u2018The Dedalus Book of Estonian Literature\u2019 containing the short story \u2018On Lake Peipsi\u2019.]<br>Toomas Raudam, <strong>Pasture, cloud\u2026Franz Liiv and Juhan Kafka<\/strong>. \u2013 Estonian Literary Magazine, no 4, 1997.[About Juhan Liiv\u2019s \u2018My dear Liisi\u2019 (\u2018Mu kallis Liisi\u2019) and Franz Kafka\u2019s \u2018Letters to Milena\u2019]<\/span><\/span><\/p>\n\n\n\n<p><strong><em>Esperanto<\/em><\/strong><br>A. Grigorov, <strong>[Review of \u2018Al abelujo \u011di fugas\u2019, a collection of poetry by Juhan Liiv]<\/strong>. \u2013 Paco, no 5, 1980, p 14.<br>Georgi Mihalkov, <strong>[Review of \u2018Al abelujo \u011di fugas\u2019, a collection of poetry by Juhan Liiv]<\/strong>. \u2013 Hungara Vivo, no 6, 1980, p 235.<br>H. Sauerbrey, <strong>[Review of \u2018Al abelujo \u011di fugas\u2019, a collection of poetry by Juhan Liiv]<\/strong>. \u2013 Der Esperantist, no 102, 1980, p 235.<\/p>\n\n\n\n<p><span style=\"font-size: small; font-family: verdana,geneva;\"><span style=\"font-size: small;\"><span style=\"font-size: medium;\"><strong><a name=\"interviews\"><\/a>Interviews<\/strong><\/span><\/span><\/span><\/p>\n\n\n\n<p><span style=\"font-size: small; font-family: verdana,geneva;\"><span style=\"font-size: small;\"><strong><em>English<\/em><\/strong><br>Rein Veidemann, <strong>J\u00fcri Talvet on Juhan Liiv and His Poetry<\/strong>. Estonian Literary Magazine, no 36, 2013, pp 8-11, <a href=\"http:\/\/www.estinst.ee\/est\/estonian-literary-magazine\/article\/elm-12013\/view\/gb\/\" target=\"_blank\" rel=\"noopener\">http:\/\/www.estinst.ee\/est\/estonian-literary-magazine\/article\/elm-12013\/view\/gb\/<\/a>.\u00a0<\/span><\/span><\/p>\n\n\n\n<p><strong><span style=\"font-family: verdana,geneva; font-size: medium;\"><a name=\"poems\"><\/a>Poems<\/span><\/strong><\/p>\n\n\n\n<p><em><span style=\"font-size: small;\"><strong><span style=\"font-family: verdana,geneva;\">Esperanto<\/span><\/strong><\/span><\/em><br><span style=\"font-family: verdana,geneva;\">Mart Raud, <strong>Nuboj: Dedi\u010de al la memoro pri Juhan Liiv<\/strong>. \u2013 Translated by Hilda Dresen. \u2013 Al abelujo gi flugas. Tallinn: Eesti Raamat, 1980, cover paper.<\/span><\/p>\n\n\n\n<p><span style=\"font-family: verdana,geneva;\"><strong><em>Finnish<\/em><\/strong><br>Eeva Niinivaara, <strong>Kivi ja Liiv<\/strong>. \u2013 Karjalan Heimo, no 9-10, 1984, p 150.<\/span><\/p>\n\n\n\n<p><span style=\"font-family: verdana,geneva;\"><strong><em>Latvian<\/em><\/strong><br>Pauls \u0112riks Rummo, <strong>Dom\u0101jot aizrien par Juhanu Livi<\/strong>.\u00a0 Translated by Laimonis Kamara. \u2013 Pauls \u0112riks Rummo, Dr\u012bz vi\u0146i dosies cel\u0101. Rig\u0101: Liesma, 1967, pp 30-31. [\u2018Ikka Liivist m\u00f5teldes\u2019.]<\/span><\/p>\n\n\n\n<p><span style=\"font-family: verdana,geneva;\"><strong><em>Lithuanian<\/em><\/strong><br>Birut\u0117 Baltru\u0161aityt\u0117, <strong>Juhani Lyvui<\/strong>. \u2013 Upiuprad\u017eioj. Vilnius: 1982, pp 25-26.<\/span><\/p>\n","protected":false},"excerpt":{"rendered":"<p>ArticlesReviewsInterviewsPoems Articles EnglishJ\u00fcri Talvet, Juhan Liiv and His Existential Poetry. \u2013 Juhan Liiv, Selected Poems. Translated by J\u00fcri Talvet &amp; H. L. Hix. Chisinau: Omniscriptum S.R.L., 2024, pp 11-27.J\u00fcri Talvet, The Universe of the Mind of a Poet: Juhan Liiv\u2019s &#8230;<\/p>\n","protected":false},"author":43,"featured_media":0,"parent":1963,"menu_order":0,"comment_status":"closed","ping_status":"closed","template":"","meta":{"_acf_changed":false,"inline_featured_image":false,"footnotes":""},"class_list":["post-136","page","type-page","status-publish","hentry"],"acf":[],"_links":{"self":[{"href":"https:\/\/sisu.ut.ee\/ewod\/wp-json\/wp\/v2\/pages\/136","targetHints":{"allow":["GET"]}}],"collection":[{"href":"https:\/\/sisu.ut.ee\/ewod\/wp-json\/wp\/v2\/pages"}],"about":[{"href":"https:\/\/sisu.ut.ee\/ewod\/wp-json\/wp\/v2\/types\/page"}],"author":[{"embeddable":true,"href":"https:\/\/sisu.ut.ee\/ewod\/wp-json\/wp\/v2\/users\/43"}],"replies":[{"embeddable":true,"href":"https:\/\/sisu.ut.ee\/ewod\/wp-json\/wp\/v2\/comments?post=136"}],"version-history":[{"count":7,"href":"https:\/\/sisu.ut.ee\/ewod\/wp-json\/wp\/v2\/pages\/136\/revisions"}],"predecessor-version":[{"id":5596,"href":"https:\/\/sisu.ut.ee\/ewod\/wp-json\/wp\/v2\/pages\/136\/revisions\/5596"}],"up":[{"embeddable":true,"href":"https:\/\/sisu.ut.ee\/ewod\/wp-json\/wp\/v2\/pages\/1963"}],"wp:attachment":[{"href":"https:\/\/sisu.ut.ee\/ewod\/wp-json\/wp\/v2\/media?parent=136"}],"curies":[{"name":"wp","href":"https:\/\/api.w.org\/{rel}","templated":true}]}}