{"id":1354,"date":"2024-04-03T23:41:12","date_gmt":"2024-04-03T20:41:12","guid":{"rendered":"https:\/\/sisu.ut.ee\/ewod\/stories-et-153\/"},"modified":"2024-04-04T00:07:28","modified_gmt":"2024-04-03T21:07:28","slug":"stories","status":"publish","type":"page","link":"https:\/\/sisu.ut.ee\/ewod\/k\/kass\/stories\/","title":{"rendered":"Kristiina Kass &#8211; stories"},"content":{"rendered":"<p>\n\t<br><span style=\"font-size:16px\"><span style=\"color:#000000\"><span style=\"font-family:Verdana,Geneva,sans-serif\"><strong>Books<\/strong><\/span><\/span><\/span>\n<\/p>\n<p>\n\t<span style=\"color:#000000\"><span style=\"font-size:13px\"><span style=\"font-family:Verdana,Geneva,sans-serif\"><strong><em>Danish<\/em><\/strong><br><strong>Simons magiske pude<\/strong>. Oversat fra estnisk af Birgita Bonde Hansen; illustreret af Birgitte Ahlmann. Helsing\u00f8r: ABC Forlag, 2022, 157 pp. [\u2018Samueli v\u00f5lupadi\u2019.]<\/span><\/span><\/span>\n<\/p>\n<p>\n\t<span style=\"color:#000000\"><span style=\"font-size:13px\"><span style=\"font-family:Verdana,Geneva,sans-serif\"><em><strong>Russian<\/strong><\/em><br>\u041a\u0440\u0438\u0441\u0442\u0438\u0439\u043d\u0430 \u041a\u0430\u0441\u0441, <strong>\u0412\u043e\u043b\u0448\u0435\u0431\u043d\u0430\u044f \u043f\u043e\u0434\u0443\u0448\u043a\u0430 \u0421\u0430\u043c\u0443\u044d\u043b\u044f<\/strong>. \u0418\u043b\u043b\u044e\u0441\u0442\u0440\u0430\u0446\u0438\u0438 \u0430\u0432\u0442\u043e\u0440\u0430; \u043f\u0435\u0440\u0435\u0432\u0435\u043b\u0430 \u0441 \u044d\u0441\u0442\u043e\u043d\u0441\u043a\u043e\u0433\u043e \u041c\u0430\u0439\u044f \u041c\u0435\u043b\u044c\u0446. Tallinn: Aleksandra, 2021, 158 pp.<strong> <\/strong>[\u2018Samueli v\u00f5lupadi\u2019.]<br><strong>K\u0443\u0440\u043d\u043e\u0441\u043a\u0430 \u043d\u0430 \u043c\u0435\u0442\u043b\u0435<\/strong>. \u041f\u0435\u0440\u0435\u0432\u043e\u0434 \u044d\u0441\u0442\u043e\u043d\u0441\u043a\u043e\u0433\u043e \u041c\u0430\u0439\u044f \u041c\u0435\u043b\u044c\u0446. Tallinn: Aleksandra, 2015, 93 pp. [Children\u2019s literature. \u2019N\u00f5ianeiu N\u00f6binina\u2019.]<br>\u041a\u0440\u0438\u0441\u0442\u0438\u0439\u043d\u0430 \u041a\u0430\u0441\u0441, <strong>\u0418\u0441\u0442\u043e\u0440\u0438\u0438 \u043f\u0440\u043e \u041f\u0435\u0442\u0440\u0443 = Petra lood<\/strong>. \u041f\u0435\u0440\u0435\u0432\u043e\u0434 \u0441 \u044d\u0441\u0442\u043e\u043d\u0441\u043a\u043e\u0433\u043e \u041c\u0430\u0439\u0438 \u041c\u0435\u043b\u044c\u0446; \u0440\u0438\u0441\u043e\u0432\u0430\u043b\u0430 \u041a\u0440\u0438\u0441\u0442\u0438\u0439\u043d\u0430 \u041a\u0430\u0441\u0441. \u0422\u0430\u043b\u043b\u0438\u043d\u043d: KPD Kirjastus, 2011, 95 pp.<br>\u041a\u0440\u0438\u0441\u0442\u0438\u0439\u043d\u0430 \u041a\u0430\u0441\u0441\u044c, <strong>\u041a\u0430\u0430\u0440\u0435\u043b \u0441 \u0442\u0435\u043b\u0435\u0436\u043a\u043e\u0439<\/strong>. \u041f\u0435\u0440\u0435\u0432\u043e\u0434 \u0441 \u044d\u0441\u0442\u043e\u043d\u0441\u043a\u043e\u0433\u043e \u0418\u0433\u043e\u0440\u044f \u041a\u043e\u0442\u044e\u0445\u0430; \u0438\u043b\u043b\u044e\u0441\u0442\u0440\u0430\u0446\u0438\u0438 \u0430\u0432\u0442\u043e\u0440\u0430. \u0422\u0430\u043b\u043b\u0438\u043d\u043d: Kite, 2010, 69 pp. [\u2018K\u00e4ru-kaarel\u2019.]<br>\u041a\u0440\u0438\u0441\u0442\u0438\u0439\u043d\u0430 \u041a\u0430\u0441\u0441, <strong>\u041a\u0430\u0441\u043f\u0435\u0440 \u0438 \u043f\u044f\u0442\u044c \u0443\u043c\u043d\u044b\u0445 \u043a\u043e\u0448\u0435\u043a<\/strong>. \u041f\u0435\u0440\u0435\u0432\u043e\u0434 \u0441 \u044d\u0441\u0442\u043e\u043d\u0441\u043a\u043e\u0433\u043e: \u041c\u0430\u0439\u044f \u041c\u0435\u043b\u044c\u0446; \u0445\u0443\u0434\u043e\u0436\u043d\u0438\u043a \u0415\u0432\u0433\u0435\u043d\u0438\u044f \u0411\u0435\u043b\u044f\u043a\u043e\u0432\u0430. \u0422\u0430\u043b\u043b\u0438\u043d\u043d: \u0418\u0437\u0434\u0430\u0442\u0435\u043b\u044c\u0441\u0442\u0432\u043e \u201c\u041a\u041f\u0414\u201d, 2010, 72 pp. [\u2018Kasper ja viis tarka kassi\u2019.]<\/span><\/span><\/span>\n<\/p>\n<p>\n\t<span style=\"color:#000000\"><span style=\"font-size:13px\"><span style=\"font-family:Verdana,Geneva,sans-serif\"><strong><em>Swedish<\/em><\/strong><br><strong>Samuels magiska kudde<\/strong>. \u00d6vers\u00e4ttning fr\u00e5n estniska av Maria Holm; illustrationer: Kristiina Kass. Tallinn: NyNorden, 2007, 141 pp. [\u2018Samueli v\u00f5lupadi\u2019.]<\/span><\/span><\/span><br>\u00a0\n<\/p>\n<p>\n\t<span style=\"font-size:16px\"><span style=\"color:#000000\"><span style=\"font-family:Verdana,Geneva,sans-serif\"><strong>In anthologies and magazines<\/strong><\/span><\/span><\/span>\n<\/p>\n<p>\n\t<span style=\"color:#000000\"><span style=\"font-size:13px\"><span style=\"font-family:Verdana,Geneva,sans-serif\"><strong><em>Russian<\/em><\/strong><br><strong>[Excerpts from \u2019N\u00f5iakass\u2019and \u2019Samueli v\u00f5lupadi\u2019]<\/strong>. Translated by Tallinn\u2019s schoolchildren. \u2013 \u0412\u044b\u0448\u0433\u043e\u0440\u043e\u0434, no 5, 2008.<\/span><\/span><\/span><\/p>\n","protected":false},"excerpt":{"rendered":"<p>Books DanishSimons magiske pude. Oversat fra estnisk af Birgita Bonde Hansen; illustreret af Birgitte Ahlmann. Helsing\u00f8r: ABC Forlag, 2022, 157 pp. [\u2018Samueli v\u00f5lupadi\u2019.] Russian\u041a\u0440\u0438\u0441\u0442\u0438\u0439\u043d\u0430 \u041a\u0430\u0441\u0441, \u0412\u043e\u043b\u0448\u0435\u0431\u043d\u0430\u044f \u043f\u043e\u0434\u0443\u0448\u043a\u0430 \u0421\u0430\u043c\u0443\u044d\u043b\u044f. \u0418\u043b\u043b\u044e\u0441\u0442\u0440\u0430\u0446\u0438\u0438 \u0430\u0432\u0442\u043e\u0440\u0430; \u043f\u0435\u0440\u0435\u0432\u0435\u043b\u0430 \u0441 \u044d\u0441\u0442\u043e\u043d\u0441\u043a\u043e\u0433\u043e \u041c\u0430\u0439\u044f \u041c\u0435\u043b\u044c\u0446. Tallinn: Aleksandra, 2021, 158 pp. &#8230;<\/p>\n","protected":false},"author":43,"featured_media":0,"parent":1344,"menu_order":0,"comment_status":"closed","ping_status":"closed","template":"","meta":{"_acf_changed":false,"inline_featured_image":false,"footnotes":""},"class_list":["post-1354","page","type-page","status-publish","hentry"],"acf":[],"_links":{"self":[{"href":"https:\/\/sisu.ut.ee\/ewod\/wp-json\/wp\/v2\/pages\/1354","targetHints":{"allow":["GET"]}}],"collection":[{"href":"https:\/\/sisu.ut.ee\/ewod\/wp-json\/wp\/v2\/pages"}],"about":[{"href":"https:\/\/sisu.ut.ee\/ewod\/wp-json\/wp\/v2\/types\/page"}],"author":[{"embeddable":true,"href":"https:\/\/sisu.ut.ee\/ewod\/wp-json\/wp\/v2\/users\/43"}],"replies":[{"embeddable":true,"href":"https:\/\/sisu.ut.ee\/ewod\/wp-json\/wp\/v2\/comments?post=1354"}],"version-history":[{"count":1,"href":"https:\/\/sisu.ut.ee\/ewod\/wp-json\/wp\/v2\/pages\/1354\/revisions"}],"predecessor-version":[{"id":3715,"href":"https:\/\/sisu.ut.ee\/ewod\/wp-json\/wp\/v2\/pages\/1354\/revisions\/3715"}],"up":[{"embeddable":true,"href":"https:\/\/sisu.ut.ee\/ewod\/wp-json\/wp\/v2\/pages\/1344"}],"wp:attachment":[{"href":"https:\/\/sisu.ut.ee\/ewod\/wp-json\/wp\/v2\/media?parent=1354"}],"curies":[{"name":"wp","href":"https:\/\/api.w.org\/{rel}","templated":true}]}}