{"id":1353,"date":"2024-04-03T23:41:11","date_gmt":"2024-04-03T20:41:11","guid":{"rendered":"https:\/\/sisu.ut.ee\/ewod\/plays-et-48\/"},"modified":"2024-04-04T00:07:31","modified_gmt":"2024-04-03T21:07:31","slug":"plays","status":"publish","type":"page","link":"https:\/\/sisu.ut.ee\/ewod\/k\/madiskoiv\/plays\/","title":{"rendered":"Madis K\u00f5iv &#8211; plays"},"content":{"rendered":"<p>\n\t<span style=\"font-size: medium;font-family: verdana, geneva\"><strong>Books<\/strong><\/span>\n<\/p>\n<p>\n\t<span style=\"font-size: small;font-family: verdana, geneva\"><strong><em>French<\/em><\/strong><br>Madis K\u00f5iv, Hando Runnel, <strong>La Grange: com\u00e9die grin\u00e7ante en trois actes<\/strong>. Traduit de l\u2019estonien par Jean Pascal Ollivry. Paris: L\u2019Espace d\u2019un Instant, 2010, 154 pp. [\u2018K\u00fc\u00fcni t\u00e4itmine\u2019.]<\/span><br>\u00a0\n<\/p>\n<p>\n\t<span style=\"font-size: medium;font-family: verdana, geneva\"><strong>In anthologies and magazines<\/strong><\/span>\n<\/p>\n<p>\n\t<span style=\"font-size: small;font-family: verdana, geneva\"><strong><span style=\"font-size: small;font-family: verdana, geneva\"><em>English<\/em><\/span><br><span style=\"font-size: small;font-family: verdana, geneva\">The Day of a Philosopher <\/span><\/strong><span style=\"font-size: small;font-family: verdana, geneva\">[Excerpt from \u2018Filosoofip\u00e4ev\u2019]<\/span><strong><span style=\"font-size: small;font-family: verdana, geneva\">. <\/span><\/strong><span style=\"font-size: small;font-family: verdana, geneva\">\u2013 Estonian Literary Magazine, no 1, 1995.<\/span><\/span>\n<\/p>\n<p>\n\t<span style=\"font-size: small;font-family: verdana, geneva\"><span style=\"font-size: small;font-family: verdana, geneva\"><strong><em>German<\/em><\/strong><br><strong>Heimkehr zum Vater<\/strong>. \u00dcbersetzung: Cornelius Hasselblatt. \u2013 KursNordNordOst. Das Baltikum. 16. September \u2013 2. Oktober. Hammoniale \u201993. Festival der Frauen. Hamburg 1993, pp 42-43. [\u2018Tagasitulek isa juurde\u2019, synopsis.]<\/span><\/span>\n<\/p>\n<p>\n\t<span style=\"font-family: verdana, geneva\"><strong><em>Russian<\/em><\/strong><\/span><br><span style=\"font-family: verdana, geneva\">\u041c\u0430\u0434\u0438\u0441 \u041a\u044b\u0439\u0432, <strong>Finis nihili (\u041f\u043e\u0441\u043b\u0435\u0434\u043d\u0438\u0439 \u043d\u0438\u0433\u0438\u043b\u0438\u0441\u0442)<\/strong>. \u2013\u00a0\u041a\u043e\u0441\u0442\u0435\u0440 \u0421\u0430\u0432\u043e\u043d\u0430\u0440\u043e\u043b\u044b \u0438 \u0435\u0449\u0435 7 \u043d\u043e\u0432\u0435\u0439\u0448\u0438\u0445 \u044d\u0441\u0442\u043e\u043d\u0441\u043a\u0438\u0445 \u043f\u044c\u0435\u0441; \u0432 \u043f\u0435\u0440\u0435\u0432\u043e\u0434\u0435 [\u0438 \u043f\u0440\u0435\u0434\u0438\u0441\u043b\u043e\u0432\u0438\u0435] \u0411\u043e\u0440\u0438\u0441\u0430 \u0422\u0443\u0445\u0430. \u0422\u0430\u043b\u043b\u0438\u043d\u043d: Aleksandra, 2006, 588 pp. [Contents of the anthology: \u041c\u0430\u0440\u0442 \u041a\u0438\u0432\u0430\u0441\u0442\u0438\u043a, \u2019\u041a\u043e\u0441\u0442\u0435\u0440 \u0421\u0430\u0432\u043e\u043d\u0430\u0440\u043e\u043b\u044b\u2019 (\u2019Savonarola tuleriit\u2019), \u2019\u0421\u043b\u0443\u0433\u0430\u2019 (\u2019Teener\u2019); \u0410\u043d\u0434\u0440\u0443\u0441 \u041a\u0438\u0432\u0438\u0440\u044f\u0445\u043a, \u2019\u041f\u043e\u043c\u0438\u043d\u043a\u0438 \u043f\u043e-\u044d\u0441\u0442\u043e\u043d\u0441\u043a\u0438\u2019 (\u2019Eesti matus\u2019), \u2019\u0413\u043e\u043b\u0443\u0431\u043e\u0439 \u0432\u0430\u0433\u043e\u043d\u2019 (\u2019Helesinine vagun\u2019); \u0423\u0440\u043c\u0430\u0441 \u041b\u0435\u043d\u043d\u0443\u043a, \u2019\u0411\u043e\u0431 \u0437\u043d\u0430\u0435\u0442\u2019 (\u2019Boob teab\u2019); \u042f\u0430\u043d \u0422\u044f\u0442\u0442\u0435, \u2019\u041f\u0435\u0440\u0435\u0441\u0435\u0447\u0435\u043d\u0438\u0435 \u0441 \u0433\u043b\u0430\u0432\u043d\u043e\u0439 \u0434\u043e\u0440\u043e\u0433\u0438, \u0438\u043b\u0438, \u0421\u043a\u0430\u0437\u043a\u0430 \u043e \u0437\u043e\u043b\u043e\u0442\u043e\u0439 \u0440\u044b\u0431\u043a\u0435\u2019 (\u2019Ristumine peateega, ehk, Muinasjutt kuldsest kalakesest\u2019), \u2019\u0411\u0435\u0437\u0443\u043c\u0435\u0446\u2019 (\u2019Meeletu\u2019); \u041c\u0430\u0434\u0438\u0441 \u041a\u044b\u0439\u0432, \u2019Finis nihili (\u041f\u043e\u0441\u043b\u0435\u0434\u043d\u0438\u0439 \u043d\u0438\u0433\u0438\u043b\u0438\u0441\u0442)\u2019.]<\/span><\/p>\n","protected":false},"excerpt":{"rendered":"<p>Books FrenchMadis K\u00f5iv, Hando Runnel, La Grange: com\u00e9die grin\u00e7ante en trois actes. Traduit de l\u2019estonien par Jean Pascal Ollivry. Paris: L\u2019Espace d\u2019un Instant, 2010, 154 pp. [\u2018K\u00fc\u00fcni t\u00e4itmine\u2019.]\u00a0 In anthologies and magazines EnglishThe Day of a Philosopher [Excerpt from \u2018Filosoofip\u00e4ev\u2019]. &#8230;<\/p>\n","protected":false},"author":43,"featured_media":0,"parent":1899,"menu_order":0,"comment_status":"closed","ping_status":"closed","template":"","meta":{"_acf_changed":false,"inline_featured_image":false,"footnotes":""},"class_list":["post-1353","page","type-page","status-publish","hentry"],"acf":[],"_links":{"self":[{"href":"https:\/\/sisu.ut.ee\/ewod\/wp-json\/wp\/v2\/pages\/1353","targetHints":{"allow":["GET"]}}],"collection":[{"href":"https:\/\/sisu.ut.ee\/ewod\/wp-json\/wp\/v2\/pages"}],"about":[{"href":"https:\/\/sisu.ut.ee\/ewod\/wp-json\/wp\/v2\/types\/page"}],"author":[{"embeddable":true,"href":"https:\/\/sisu.ut.ee\/ewod\/wp-json\/wp\/v2\/users\/43"}],"replies":[{"embeddable":true,"href":"https:\/\/sisu.ut.ee\/ewod\/wp-json\/wp\/v2\/comments?post=1353"}],"version-history":[{"count":1,"href":"https:\/\/sisu.ut.ee\/ewod\/wp-json\/wp\/v2\/pages\/1353\/revisions"}],"predecessor-version":[{"id":3735,"href":"https:\/\/sisu.ut.ee\/ewod\/wp-json\/wp\/v2\/pages\/1353\/revisions\/3735"}],"up":[{"embeddable":true,"href":"https:\/\/sisu.ut.ee\/ewod\/wp-json\/wp\/v2\/pages\/1899"}],"wp:attachment":[{"href":"https:\/\/sisu.ut.ee\/ewod\/wp-json\/wp\/v2\/media?parent=1353"}],"curies":[{"name":"wp","href":"https:\/\/api.w.org\/{rel}","templated":true}]}}