{"id":1352,"date":"2024-04-03T23:41:11","date_gmt":"2024-04-03T20:41:11","guid":{"rendered":"https:\/\/sisu.ut.ee\/ewod\/stories-et-152\/"},"modified":"2024-04-04T00:07:31","modified_gmt":"2024-04-03T21:07:31","slug":"stories","status":"publish","type":"page","link":"https:\/\/sisu.ut.ee\/ewod\/k\/pedrokrusten\/stories\/","title":{"rendered":"Pedro Krusten &#8211; short stories"},"content":{"rendered":"<p><span style=\"font-size: medium\"><strong><span style=\"font-family: verdana, geneva\">In compilations, anthologies, magazines<\/span><\/strong><\/span><\/p>\n<p><em><strong><span style=\"font-family: verdana, geneva;font-size: small\">Swedish<\/span><\/strong><\/em><br><span style=\"font-family: verdana, geneva;font-size: small\"><strong><span>Livb\u00e4ltet<\/span><\/strong>. \u2013\u00a0Estland ber\u00e4ttar. Noveller. Urvalet och redigeringen V. Uibopuu, A. Oras, E. V. Saks. \u00d6vers\u00e4ttningarna M. Janson, G. Milk-Parrot, E. Rein. F\u00f6rord A. Oras. Stockholm: V\u00e4lis-Eesti [Lovisa: \u00d6stra Nylands Tidnings &amp; Tryckeri], 1946, 189 pp. [Translation of \u2018P\u00e4\u00e4stev\u00f6\u00f6\u2019. Anthology of short stories. Contents: Aino Kallas \u2019Bernhard Riives\u2019; August Gailit \u2019K\u00e4rlek\u2019; Karl Ast-Rumor \u2019Byxorna\u2019; Albert Kivikas \u2019Den f\u00f6rtrampades lycka\u2019; August M\u00e4lk \u2019Havets h\u00e5vor\u2019; Pedro Krusten \u2019Livb\u00e4ltet\u2019; Edgar V. Saks \u2019En sm\u00e5konung\u2019; Valev Uibopuu \u2019Vid floden\u2019; Karl Ristikivi \u2019Kristus med \u00f6gon av glas\u2019.]<\/span><\/p>\n","protected":false},"excerpt":{"rendered":"<p>In compilations, anthologies, magazines SwedishLivb\u00e4ltet. \u2013\u00a0Estland ber\u00e4ttar. Noveller. Urvalet och redigeringen V. Uibopuu, A. Oras, E. V. Saks. \u00d6vers\u00e4ttningarna M. Janson, G. Milk-Parrot, E. Rein. F\u00f6rord A. Oras. Stockholm: V\u00e4lis-Eesti [Lovisa: \u00d6stra Nylands Tidnings &amp; Tryckeri], 1946, 189 pp. [Translation &#8230;<\/p>\n","protected":false},"author":43,"featured_media":0,"parent":2192,"menu_order":0,"comment_status":"closed","ping_status":"closed","template":"","meta":{"_acf_changed":false,"inline_featured_image":false,"footnotes":""},"class_list":["post-1352","page","type-page","status-publish","hentry"],"acf":[],"_links":{"self":[{"href":"https:\/\/sisu.ut.ee\/ewod\/wp-json\/wp\/v2\/pages\/1352","targetHints":{"allow":["GET"]}}],"collection":[{"href":"https:\/\/sisu.ut.ee\/ewod\/wp-json\/wp\/v2\/pages"}],"about":[{"href":"https:\/\/sisu.ut.ee\/ewod\/wp-json\/wp\/v2\/types\/page"}],"author":[{"embeddable":true,"href":"https:\/\/sisu.ut.ee\/ewod\/wp-json\/wp\/v2\/users\/43"}],"replies":[{"embeddable":true,"href":"https:\/\/sisu.ut.ee\/ewod\/wp-json\/wp\/v2\/comments?post=1352"}],"version-history":[{"count":1,"href":"https:\/\/sisu.ut.ee\/ewod\/wp-json\/wp\/v2\/pages\/1352\/revisions"}],"predecessor-version":[{"id":3734,"href":"https:\/\/sisu.ut.ee\/ewod\/wp-json\/wp\/v2\/pages\/1352\/revisions\/3734"}],"up":[{"embeddable":true,"href":"https:\/\/sisu.ut.ee\/ewod\/wp-json\/wp\/v2\/pages\/2192"}],"wp:attachment":[{"href":"https:\/\/sisu.ut.ee\/ewod\/wp-json\/wp\/v2\/media?parent=1352"}],"curies":[{"name":"wp","href":"https:\/\/api.w.org\/{rel}","templated":true}]}}