{"id":1348,"date":"2024-04-03T23:41:11","date_gmt":"2024-04-03T20:41:11","guid":{"rendered":"https:\/\/sisu.ut.ee\/ewod\/poems-et-213\/"},"modified":"2024-04-04T00:07:30","modified_gmt":"2024-04-03T21:07:30","slug":"poems","status":"publish","type":"page","link":"https:\/\/sisu.ut.ee\/ewod\/r\/raid\/poems\/","title":{"rendered":"Juku-Kalle Raid &#8211; poems"},"content":{"rendered":"<p><strong><span style=\"font-family: verdana, geneva;font-size: medium\">In anthologies and magazines<\/span><\/strong><\/p>\n<p><strong><em><span style=\"font-family: verdana, geneva\">English<\/span><\/em><\/strong><br><span style=\"font-family: verdana, geneva\"><strong>Five hours away: Nordic Poetry Festival, [young Estonians poetry experience: April 20], 2001, Tallinn = Viie tunni tee: P\u00f5hjamaade luulefestival, [Eesti noorte luulekogemus: 20. aprill] 2001, Tallinn<\/strong>. Translated by Tiina Laats, design: Andro K\u00fc\u00fcn. Tallinn: P\u00f5hjamaade Ministrite N\u00f5ukogu Tallinna Infob\u00fcroo, 2001, 60 pp. [Poems by: Vahur Afanasjev, Kristiina Ehin, fs, Mehis Heinsaar, Aapo Ilves, Jan Kaus, Marko Kompus, Kalju Kruusa, Asko K\u00fcnnap, Fagira D. Morti, Veiko M\u00e4rka, Aare Pilv, Juku-Kalle Raid, J\u00fcrgen Rooste, Olavi Ruitlane, Karl Martin Sinij\u00e4rv, Lauri Sommer, Elo Viiding, Wimberg.]<\/span><\/p>\n","protected":false},"excerpt":{"rendered":"<p>In anthologies and magazines EnglishFive hours away: Nordic Poetry Festival, [young Estonians poetry experience: April 20], 2001, Tallinn = Viie tunni tee: P\u00f5hjamaade luulefestival, [Eesti noorte luulekogemus: 20. aprill] 2001, Tallinn. Translated by Tiina Laats, design: Andro K\u00fc\u00fcn. Tallinn: P\u00f5hjamaade &#8230;<\/p>\n","protected":false},"author":43,"featured_media":0,"parent":1339,"menu_order":0,"comment_status":"closed","ping_status":"closed","template":"","meta":{"_acf_changed":false,"inline_featured_image":false,"footnotes":""},"class_list":["post-1348","page","type-page","status-publish","hentry"],"acf":[],"_links":{"self":[{"href":"https:\/\/sisu.ut.ee\/ewod\/wp-json\/wp\/v2\/pages\/1348","targetHints":{"allow":["GET"]}}],"collection":[{"href":"https:\/\/sisu.ut.ee\/ewod\/wp-json\/wp\/v2\/pages"}],"about":[{"href":"https:\/\/sisu.ut.ee\/ewod\/wp-json\/wp\/v2\/types\/page"}],"author":[{"embeddable":true,"href":"https:\/\/sisu.ut.ee\/ewod\/wp-json\/wp\/v2\/users\/43"}],"replies":[{"embeddable":true,"href":"https:\/\/sisu.ut.ee\/ewod\/wp-json\/wp\/v2\/comments?post=1348"}],"version-history":[{"count":1,"href":"https:\/\/sisu.ut.ee\/ewod\/wp-json\/wp\/v2\/pages\/1348\/revisions"}],"predecessor-version":[{"id":3730,"href":"https:\/\/sisu.ut.ee\/ewod\/wp-json\/wp\/v2\/pages\/1348\/revisions\/3730"}],"up":[{"embeddable":true,"href":"https:\/\/sisu.ut.ee\/ewod\/wp-json\/wp\/v2\/pages\/1339"}],"wp:attachment":[{"href":"https:\/\/sisu.ut.ee\/ewod\/wp-json\/wp\/v2\/media?parent=1348"}],"curies":[{"name":"wp","href":"https:\/\/api.w.org\/{rel}","templated":true}]}}