{"id":1346,"date":"2024-04-03T23:41:11","date_gmt":"2024-04-03T20:41:11","guid":{"rendered":"https:\/\/sisu.ut.ee\/ewod\/plays-et-46\/"},"modified":"2024-04-04T00:07:30","modified_gmt":"2024-04-03T21:07:30","slug":"plays","status":"publish","type":"page","link":"https:\/\/sisu.ut.ee\/ewod\/m\/malk\/plays\/","title":{"rendered":"August M\u00e4lk &#8211; plays"},"content":{"rendered":"<p><strong><span style=\"font-family: verdana,geneva;font-size: medium\">Books<\/span><\/strong><\/p>\n<p><strong><em><span style=\"font-family: verdana,geneva\">Latvian<\/span><\/em><\/strong><br><span style=\"font-family: verdana,geneva\"><strong>Zeme aicina: komedija 4 c\u0113lienos<\/strong>. Tulkojusi Lonija Kukura-J\u0113ruma. R\u012bg\u0101: 1938, 80 pp. [\u2018Vaese mehe ututall\u2019.]<\/span><\/p>\n","protected":false},"excerpt":{"rendered":"<p>Books LatvianZeme aicina: komedija 4 c\u0113lienos. Tulkojusi Lonija Kukura-J\u0113ruma. R\u012bg\u0101: 1938, 80 pp. [\u2018Vaese mehe ututall\u2019.]<\/p>\n","protected":false},"author":43,"featured_media":0,"parent":1552,"menu_order":0,"comment_status":"closed","ping_status":"closed","template":"","meta":{"_acf_changed":false,"inline_featured_image":false,"footnotes":""},"class_list":["post-1346","page","type-page","status-publish","hentry"],"acf":[],"_links":{"self":[{"href":"https:\/\/sisu.ut.ee\/ewod\/wp-json\/wp\/v2\/pages\/1346","targetHints":{"allow":["GET"]}}],"collection":[{"href":"https:\/\/sisu.ut.ee\/ewod\/wp-json\/wp\/v2\/pages"}],"about":[{"href":"https:\/\/sisu.ut.ee\/ewod\/wp-json\/wp\/v2\/types\/page"}],"author":[{"embeddable":true,"href":"https:\/\/sisu.ut.ee\/ewod\/wp-json\/wp\/v2\/users\/43"}],"replies":[{"embeddable":true,"href":"https:\/\/sisu.ut.ee\/ewod\/wp-json\/wp\/v2\/comments?post=1346"}],"version-history":[{"count":1,"href":"https:\/\/sisu.ut.ee\/ewod\/wp-json\/wp\/v2\/pages\/1346\/revisions"}],"predecessor-version":[{"id":3728,"href":"https:\/\/sisu.ut.ee\/ewod\/wp-json\/wp\/v2\/pages\/1346\/revisions\/3728"}],"up":[{"embeddable":true,"href":"https:\/\/sisu.ut.ee\/ewod\/wp-json\/wp\/v2\/pages\/1552"}],"wp:attachment":[{"href":"https:\/\/sisu.ut.ee\/ewod\/wp-json\/wp\/v2\/media?parent=1346"}],"curies":[{"name":"wp","href":"https:\/\/api.w.org\/{rel}","templated":true}]}}