{"id":1333,"date":"2024-04-03T23:41:10","date_gmt":"2024-04-03T20:41:10","guid":{"rendered":"https:\/\/sisu.ut.ee\/ewod\/tatte\/"},"modified":"2024-04-04T00:07:31","modified_gmt":"2024-04-03T21:07:31","slug":"tatte","status":"publish","type":"page","link":"https:\/\/sisu.ut.ee\/ewod\/t\/tatte\/","title":{"rendered":"Jaan T\u00e4tte"},"content":{"rendered":"<p>\n\t<a href=\"https:\/\/sisu.ut.ee\/ewod\/t\/tatte\/stories\"><span style=\"font-size: medium\"><strong><span style=\"font-family: verdana, geneva\">Short stories<\/span><\/strong><\/span><\/a><span style=\"font-size: medium\"><strong><span style=\"font-family: verdana, geneva\"> <\/span><\/strong><span style=\"font-family: verdana, geneva\"><a href=\"https:\/\/sisu.ut.ee\/wp-content\/uploads\/sites\/108\/j._tatte_kalju_suur.jpg\" target=\"_self\" rel=\"noopener\"><img decoding=\"async\" alt=\"Jaan T\u00e4tte\" class=\"\" src=\"https:\/\/sisu.ut.ee\/wp-content\/uploads\/sites\/108\/j._tatte_kalju_suur.jpg\" style=\"float: right;width: 200px;height: 285px\" title=\"Photo: Kalju Suur\"><\/a><\/span><\/span>\n<\/p>\n<p>\n\t<a href=\"https:\/\/sisu.ut.ee\/ewod\/t\/tatte\/plays\"><span style=\"font-size: medium\"><strong><span style=\"font-family: verdana, geneva\">Plays<\/span><\/strong><\/span><\/a>\n<\/p>\n<p>\n\t<a href=\"https:\/\/sisu.ut.ee\/ewod\/t\/tatte\/about\"><span style=\"font-size: medium\"><strong><span style=\"font-family: verdana, geneva\">About Jaan T\u00e4tte<\/span><\/strong><\/span><\/a>\n<\/p>\n<p>\u00a0\n<\/p>\n<p class=\"western\" style=\"margin-bottom:0.08in\" lang=\"et-EE\">\n<\/p><p><span style=\"font-size:13px\"><span style=\"font-family:Verdana,Geneva,sans-serif\"><span style=\"line-height:150%\"><font style=\"12pt\"><span style=\"color:#000000\">Jaan T\u00e4tte (born 24 March 1964) is an actor, playwright, stage director and singer.<\/span><\/font><\/span><\/span><\/span>\n<\/p>\n<p class=\"western\" style=\"margin-bottom:0.08in\" lang=\"et-EE\">\n\t<span style=\"color:#000000\"><span style=\"font-size:13px\"><span style=\"font-family:Verdana,Geneva,sans-serif\"><span style=\"line-height:150%\"><font style=\"12pt\">He was born and went to school in Viljandi, studied biology at Tartu State University (1982\u20131984), theatrical direction at Tallinn Pedagogical Institute (1985\u20131986) and graduated from the Drama Faculty Tallinn Conservatoire in 1990 as an actor. Was an actor (1990\u20132003) and playwright (2003-2007) at Tallinn City Theatre. From 1988\u20131991, he played in the troupe of the Pirgu Development Centre. Jaan T\u00e4tte is a member of the Estonian Theatre Union and the Estonian Actors Union (1993\u20132013). <\/font><\/span><\/span><\/span><\/span>\n<\/p>\n<p class=\"western\" style=\"margin-bottom:0.08in\" lang=\"et-EE\">\n\t<span style=\"color:#000000\"><span style=\"font-size:13px\"><span style=\"font-family:Verdana,Geneva,sans-serif\"><span style=\"line-height:150%\"><font style=\"12pt\">As one of the most popular playwrights of the 00s, he attracted lively attention with his debut play <i>Ristumine peateega ehk muinasjutt kuldkalakesest<\/i> (\u2018Crossing with the Main Road or Fairytale about the Golden Fish\u2019, 1997), which was also made into a film directed by Arko Okk in 1999. By transferring the motif of the well-known fairytale into the present day, the play ponders on the eternal questions and choices when money and love are confronted. The opposition between the material and the spiritual can also be found in the play <i>Meeletu<\/i> (\u2018The Crazy One\u2019) where a successful businessman flees into the solitude of the forest, creating bewilderment by his choice. This play was also made into a film (2006, director Elmo N\u00fcganen). The sitcom <i>Palju \u00f5nne argip\u00e4evaks<\/i> (\u2018Happy Everyday!\u2019) is based on a quadrangle of relationships. <\/font><\/span><\/span><\/span><\/span>\n<\/p>\n<p class=\"western\" style=\"margin-bottom:0.08in\" lang=\"et-EE\">\n\t<span style=\"color:#000000\"><span style=\"font-size:13px\"><span style=\"font-family:Verdana,Geneva,sans-serif\"><span style=\"line-height:150%\"><font style=\"12pt\">Using various metaphors and images, T\u00e4tte\u2019s plays treat timeless themes \u2013 searching for love, self-fulfilment and self-discovery, choices between the good and the evil \u2013 usually concentrating on the present day and present-day people. A characteristic of T\u00e4tte\u2019s songs and plays is their simple everyday philosophy by which he has won the support of his audiences. <\/font><\/span><\/span><\/span><\/span>\n<\/p>\n<p class=\"western\" style=\"margin-bottom:0.08in\" lang=\"et-EE\">\n\t<span style=\"color:#000000\"><span style=\"font-size:13px\"><span style=\"font-family:Verdana,Geneva,sans-serif\"><span style=\"line-height:150%\"><font style=\"12pt\">He has earned the Suur Vanker (Ursa Major) cultural award in 1997 as author of song lyrics and in 1999 as playwright, the Estonian Cultural Endowment scholarship Ela ja s\u00e4ra (Live and Shine) in 2000, the annual award of the Estonian Theatre Agency and the literature award of the Baltic Assembly for his collection <i>N\u00e4idendid<\/i> (\u2018Plays\u2019, 2002). He received the 2nd prize at the play contest of the Estonian Theatre Agency in 1997 (<i>Ristumine peateega ehk muinasjutt kuldkalakesest<\/i>) and 2001 (<i>Palju \u00f5nne argip\u00e4evaks<\/i>) and their annual award in 2002. In 2010, he earned the Estonian Music Award in the category of ethnic and folk music. He has been decorated with the Order of the White Star, class V (2001).<\/font><\/span><\/span><\/span><\/span>\n<\/p>\n<p class=\"western\" style=\"margin-bottom:0.08in\" lang=\"et-EE\">\n\t<span style=\"color:#000000\"><span style=\"font-size:13px\"><span style=\"font-family:Verdana,Geneva,sans-serif\"><span style=\"line-height:150%\"><i><font style=\"12pt\">A. K. (Translated by I. A.)<\/font><\/i><\/span><\/span><\/span><\/span>\n<\/p>\n<p class=\"western\" style=\"margin-bottom:0.08in\" lang=\"et-EE\">\n<\/p><p><span style=\"color:#000000\"><span style=\"font-size:16px\"><span style=\"font-family:Verdana,Geneva,sans-serif\"><span style=\"line-height:150%\"><font style=\"12pt\"><b>Books in Estonian<\/b><\/font><\/span><\/span><\/span><\/span>\n<\/p>\n<p class=\"western\" style=\"margin-bottom:0.08in\" lang=\"et-EE\">\n\t<span style=\"color:#000000\"><span style=\"font-size:13px\"><span style=\"font-family:Verdana,Geneva,sans-serif\"><span style=\"line-height:150%\"><em><font style=\"12pt\"><b>Plays<\/b><\/font><\/em><br><font style=\"12pt\"><strong>N\u00e4idendid<\/strong>. Tallinn: Tallinna Linnateater, 2002, 239 lk.<br><strong>N\u00e4idendid II<\/strong>. Tallinn: Tallinna Linnateater, 2008, 189 lk.<\/font><\/span><\/span><\/span><\/span>\n<\/p>\n<p class=\"western\" style=\"margin-bottom:0.08in\" lang=\"et-EE\">\n\t<span style=\"color:#000000\"><span style=\"font-size:13px\"><span style=\"font-family:Verdana,Geneva,sans-serif\"><span style=\"line-height:150%\"><em><font style=\"12pt\"><b>Song lyrics<\/b><\/font><\/em><br><font style=\"12pt\"><strong>Jaan T\u00e4tte laulud<\/strong>. Tallinn: T\u00e4nap\u00e4ev, 2002, 87 lk.<br><strong>Laulud akordidega<\/strong>. Tallinn: J. T\u00e4tte, 2014, 39 lk.<\/font><\/span><\/span><\/span><\/span>\n<\/p>\n<p class=\"western\" style=\"margin-bottom:0.08in\" lang=\"et-EE\">\n\t<span style=\"color:#000000\"><span style=\"font-size:13px\"><span style=\"font-family:Verdana,Geneva,sans-serif\"><span style=\"line-height:150%\"><em><font style=\"12pt\"><b>Children\u2019s literature<\/b><\/font><\/em><br><font style=\"12pt\"><strong>H\u00fclgeviga. J\u00e4ljed<\/strong>. Tallinn: Tammerraamat, 2019, 14 lk.<\/font><\/span><\/span><\/span><\/span>\n<\/p>\n<p class=\"western\" style=\"margin-bottom:0.08in\" lang=\"et-EE\">\n\t<span style=\"color:#000000\"><span style=\"font-size:13px\"><span style=\"font-family:Verdana,Geneva,sans-serif\"><span style=\"line-height:150%\"><em><font style=\"12pt\"><b>Miscellaneous<\/b><\/font><\/em><br><font style=\"12pt\"><strong>Vaikuse h\u00e4\u00e4l<\/strong>. Tallinn: Pilgrim, 2014, 75 lk. [M\u00f5tisklused.]<\/font><\/span><\/span><\/span><\/span><\/p>\n","protected":false},"excerpt":{"rendered":"<p>Short stories Plays About Jaan T\u00e4tte \u00a0 Jaan T\u00e4tte (born 24 March 1964) is an actor, playwright, stage director and singer. He was born and went to school in Viljandi, studied biology at Tartu State University (1982\u20131984), theatrical direction at &#8230;<\/p>\n","protected":false},"author":43,"featured_media":0,"parent":709,"menu_order":0,"comment_status":"closed","ping_status":"closed","template":"","meta":{"_acf_changed":false,"inline_featured_image":false,"footnotes":""},"class_list":["post-1333","page","type-page","status-publish","hentry"],"acf":[],"_links":{"self":[{"href":"https:\/\/sisu.ut.ee\/ewod\/wp-json\/wp\/v2\/pages\/1333","targetHints":{"allow":["GET"]}}],"collection":[{"href":"https:\/\/sisu.ut.ee\/ewod\/wp-json\/wp\/v2\/pages"}],"about":[{"href":"https:\/\/sisu.ut.ee\/ewod\/wp-json\/wp\/v2\/types\/page"}],"author":[{"embeddable":true,"href":"https:\/\/sisu.ut.ee\/ewod\/wp-json\/wp\/v2\/users\/43"}],"replies":[{"embeddable":true,"href":"https:\/\/sisu.ut.ee\/ewod\/wp-json\/wp\/v2\/comments?post=1333"}],"version-history":[{"count":1,"href":"https:\/\/sisu.ut.ee\/ewod\/wp-json\/wp\/v2\/pages\/1333\/revisions"}],"predecessor-version":[{"id":3736,"href":"https:\/\/sisu.ut.ee\/ewod\/wp-json\/wp\/v2\/pages\/1333\/revisions\/3736"}],"up":[{"embeddable":true,"href":"https:\/\/sisu.ut.ee\/ewod\/wp-json\/wp\/v2\/pages\/709"}],"wp:attachment":[{"href":"https:\/\/sisu.ut.ee\/ewod\/wp-json\/wp\/v2\/media?parent=1333"}],"curies":[{"name":"wp","href":"https:\/\/api.w.org\/{rel}","templated":true}]}}