{"id":1325,"date":"2024-04-03T23:41:09","date_gmt":"2024-04-03T20:41:09","guid":{"rendered":"https:\/\/sisu.ut.ee\/ewod\/epppetrone\/"},"modified":"2024-04-04T00:07:33","modified_gmt":"2024-04-03T21:07:33","slug":"epppetrone","status":"publish","type":"page","link":"https:\/\/sisu.ut.ee\/ewod\/p\/epppetrone\/","title":{"rendered":"Epp Petrone"},"content":{"rendered":"<p>\n\t<span style=\"font-family:Verdana,Geneva,sans-serif\"><strong><span style=\"font-size:16px\"><a data-url=\"https:\/\/sisu.ut.ee\/ewod\/p\/epppetrone\/nonfiction\" href=\"https:\/\/sisu.ut.ee\/ewod\/p\/epppetrone\/nonfiction\" title=\"\">Non-fiction<\/a><\/span><\/strong><\/span>\n<\/p>\n<p>\n\t<strong><span style=\"font-size:16px\"><span style=\"font-family:Verdana,Geneva,sans-serif\"><a data-url=\"https:\/\/sisu.ut.ee\/ewod\/p\/epppetrone\/children\" href=\"https:\/\/sisu.ut.ee\/ewod\/p\/epppetrone\/children\" title=\"\">Children\u2019s stories<\/a><\/span><\/span><\/strong>\n<\/p>\n<p>\n\t\u00a0\n<\/p>\n<p>\n\t<span style=\"font-size:13px\"><span style=\"font-family:Verdana,Geneva,sans-serif\">Epp Petrone (Saluveer until 1995, V\u00e4ljaots from 1995-2003; born 20.07.1974) is known as a blogger, publisher and the author of children\u2019s and travel books.<\/span><\/span>\n<\/p>\n<p>\n\t<span style=\"font-size:13px\"><span style=\"font-family:Verdana,Geneva,sans-serif\">She was born in Viljandi and graduated from Karksi-Nuia secondary school. She studied journalism at the University of Tartu. She has worked for different publications and has been the editor of television shows. In 2007, she founded the publishing house Petrone Print which is known for its travel-related \u2018My-series\u2019 that describe different parts of the world. She was married to the American writer and journalist Justin Petrone.<\/span><\/span>\n<\/p>\n<p>\n\t<span style=\"font-size:13px\"><span style=\"font-family:Verdana,Geneva,sans-serif\">She has written children\u2019s and travel books both in Estonian and English. She usually writes about her personal experiences. For example, the first novel of the successful My-series is her <em>Minu Ameerika<\/em> (\u2018My America\u2019, 2007) which details her experiences living in America (later, <em>Minu Ameerika<\/em> 2 and 3 were also published, in 2007 and 2011, respectively). As is common with the books from that series, a personal story is intertwined with a social one, i.e. the novel provides insight both into the author\u2019s experiences and the culture and everyday life of a country. The book <em>Kas s\u00fcda on \u00fcmmargune?<\/em> (\u2018Is the Heart Round?\u2019, 2010) also tells of her travels.<\/span><\/span>\n<\/p>\n<p>\n\t<span style=\"font-size:13px\"><span style=\"font-family:Verdana,Geneva,sans-serif\">Petrone\u2019s writings have a recurring theme of environmental concern and green living, <em>e.g.<\/em> <em>Roheliseks kasvamine<\/em> (\u2018Growing Green\u2019, 2008). From 2006-2010, she was also a member of the Estonian Green Party.<\/span><\/span>\n<\/p>\n<p>\n\t<span style=\"font-size:13px\"><span style=\"font-family:Verdana,Geneva,sans-serif\">Her children\u2019s books are often inspired by personal experience as well, as many of her writings tell stories that have happened to her daughters \u2013 for example, <em>Marta varbad<\/em> (\u2018Marta\u2019s Toes\u2019, 2009), <em>Anna hambad<\/em> (\u2018Anna\u2019s Teeth\u2019, 2012) \u2013 or include memoirs of the author\u2019s childhood, like <em>Hiir p\u00fcksis <\/em>(\u2018Mouse in the Pants\u2019, 2016).<\/span><\/span>\n<\/p>\n<p>\n\t<span style=\"font-size:13px\"><span style=\"font-family:Verdana,Geneva,sans-serif\">Petrone\u2019s writings mark the new trends in 21st century literature: democratized literature (anyone can be a writer), vague genre distinctions and writing based on personal experience.<\/span><\/span>\n<\/p>\n<p>\n\t<em><span style=\"font-size:13px\"><span style=\"font-family:Verdana,Geneva,sans-serif\">A. K. (Translated by A. S.)<\/span><\/span><\/em>\n<\/p>\n<p><strong><span style=\"font-size:16px\"><span style=\"font-family:Verdana,Geneva,sans-serif\">Books in Estonian<\/span><\/span><\/strong>\n<\/p>\n<p>\n\t<span style=\"font-size:13px\"><span style=\"font-family:Verdana,Geneva,sans-serif\"><strong><em>Travelogues<\/em><\/strong><br><strong>Minu Ameerika. 1<\/strong>. Reportaa\u017ee ja pihtimusi 2003-2006. Tartu: Petrone Print, 2007, 238 lk. [J\u00e4rgnevad tr\u00fckid: 2009, 2010.]<br><strong>Minu Ameerika. 2<\/strong>. \u00dclest\u00e4hendusi unelmatemaalt 2003-2007. Tartu: Petrone Print, 2007, 287 lk. [2. tr\u00fckk: 2010.]<br><strong>Kas s\u00fcda on \u00fcmmargune?<\/strong>. Reisiromaan. 1. osa. Tartu: Petrone Print, 2010, 288 lk.<br><strong>Minu Ameerika. 3<\/strong>. Kriis. Tartu: Petrone Print, 2011, 400 lk.<br><strong>Kas s\u00fcda on \u00fcmmargune?<\/strong>. 2 osa. Telesarja \u201cRobinson\u201d tagatoast. Tartu: Petrone Print, 2013, 272 lk.<\/span><\/span>\n<\/p>\n<p>\n\t<span style=\"font-size:13px\"><span style=\"font-family:Verdana,Geneva,sans-serif\"><strong><em>Children\u2019s stories<\/em><\/strong><br><strong>Kust tuli pilv?<\/strong>. Tartu: Petrone Print, 2008, 28 lk. [2. tr\u00fckk: 2015.]<br><strong>Marta varbad<\/strong>. Tartu: Petrone Print, 2009, 90 lk. [2. tr\u00fckk: 2015.]<br><strong>Siis, kui seened veel r\u00e4\u00e4kisid<\/strong>. Tartu: Petrone Print, 2009, 32 lk.<br><strong>Muinasjutud armastusest<\/strong>. Tartu: Petrone Print, 2011, 96 lk.<br><strong>Anna hambad<\/strong>. Tartu: Petrone Print, 2012, 90 lk. [2. tr\u00fckk: 2015.]<br><strong>Jassi pass<\/strong>. Tartu: Petrone Print, 2013, 90 lk.<br><strong>Arva \u00e4ra<\/strong>. Tallinn: P\u00e4ike ja Pilv, 2014, 41 lk.<br><strong>Kurru-nurru vurrud<\/strong>. Tartu: Petrone Print, 2015, 72 lk.<br><strong>Leena peenar<\/strong>. Tartu: Petrone Print, 2015, 82 lk.<br><strong>Ma kingin sulle j\u00f5e<\/strong>. Tartu: Petrone Print, 2015, 32 lk.<br><strong>Hiir p\u00fcksis<\/strong>. Tartu: Petrone Print, 2016, 142 lk.<br><strong>Lennukiga l\u00f5unamaale<\/strong>. Tartu: Petrone Print, 2017, 70 lk.<br><strong>V\u00f5lus\u00f5nad. \u00dche minuti muinasjutud<\/strong>. Tartu: Petrone Print, 2017, 71 lk.<br><strong>Kiire hiir<\/strong>. Tartu: Petrone Print, 2018, 36 lk.<br><strong>Meie Eesti<\/strong>. Tartu: Petrone Print, 2018, 63 lk. [2., t\u00e4iendatud tr\u00fckk: 2018.]<br><strong>Paharet ja unistaja<\/strong>. Tartu: Petrone Print, 2018, 52 lk.<br><strong>Tere, meie Eesti!<\/strong>. Tartu: Petrone Print, 2019, 32 lk.<br><strong>Elas kord\u2026. Kahe minuti muinasjutud<\/strong>. Tartu: Petrone Print, 2019, 64 lk.<\/span><\/span>\n<\/p>\n<p>\n\t<span style=\"font-size:13px\"><span style=\"font-family:Verdana,Geneva,sans-serif\"><strong><em>Stories<\/em><\/strong><br>Epp Petrone, Dagmar Lamp. <strong>Meestest, lihtsalt<\/strong>. Tartu: Petrone Print, 2007, 205 lk. [2. tr\u00fckk: 2011.]<br>Epp Petrone, Dagmar Reintam, <strong>\u00d5un \u00e4ra s\u00fc\u00fca?<\/strong>. SL \u00d5htulehe populaarne suvejutt koos epiloogidega ja lisadega. Tallinn: Pegasus, 2007, 213 lk.<\/span><\/span>\n<\/p>\n<p>\n\t<span style=\"font-size:13px\"><span style=\"font-family:Verdana,Geneva,sans-serif\"><strong><em>Other non-fiction<\/em><\/strong><br><strong>Roheliseks kasvamine<\/strong>. Tartu: Petrone Print, 2007, 223 lk. [J\u00e4rgnevad tr\u00fckid: 2009, 2011.]<br><strong>Elust kirju<\/strong>. Tartu: Petrone Print, 2014, 351 lk.<br><strong>Inspireerivad armastuslood l\u00e4bi aegade<\/strong>. Tartu: Petrone Print, 2017, 158 lk.<br>Epp Petrone, Kristi Uudev\u00e4li, <strong>Kalliskiviraamat<\/strong>. Tartu: Petrone Print, 2017, 96 lk.<br><strong>Lastekirju<\/strong>. Tartu: Petrone Print, 2017, 232 lk.<\/span><\/span><\/p>\n","protected":false},"excerpt":{"rendered":"<p>Non-fiction Children\u2019s stories \u00a0 Epp Petrone (Saluveer until 1995, V\u00e4ljaots from 1995-2003; born 20.07.1974) is known as a blogger, publisher and the author of children\u2019s and travel books. She was born in Viljandi and graduated from Karksi-Nuia secondary school. She &#8230;<\/p>\n","protected":false},"author":43,"featured_media":0,"parent":675,"menu_order":0,"comment_status":"closed","ping_status":"closed","template":"","meta":{"_acf_changed":false,"inline_featured_image":false,"footnotes":""},"class_list":["post-1325","page","type-page","status-publish","hentry"],"acf":[],"_links":{"self":[{"href":"https:\/\/sisu.ut.ee\/ewod\/wp-json\/wp\/v2\/pages\/1325","targetHints":{"allow":["GET"]}}],"collection":[{"href":"https:\/\/sisu.ut.ee\/ewod\/wp-json\/wp\/v2\/pages"}],"about":[{"href":"https:\/\/sisu.ut.ee\/ewod\/wp-json\/wp\/v2\/types\/page"}],"author":[{"embeddable":true,"href":"https:\/\/sisu.ut.ee\/ewod\/wp-json\/wp\/v2\/users\/43"}],"replies":[{"embeddable":true,"href":"https:\/\/sisu.ut.ee\/ewod\/wp-json\/wp\/v2\/comments?post=1325"}],"version-history":[{"count":1,"href":"https:\/\/sisu.ut.ee\/ewod\/wp-json\/wp\/v2\/pages\/1325\/revisions"}],"predecessor-version":[{"id":3748,"href":"https:\/\/sisu.ut.ee\/ewod\/wp-json\/wp\/v2\/pages\/1325\/revisions\/3748"}],"up":[{"embeddable":true,"href":"https:\/\/sisu.ut.ee\/ewod\/wp-json\/wp\/v2\/pages\/675"}],"wp:attachment":[{"href":"https:\/\/sisu.ut.ee\/ewod\/wp-json\/wp\/v2\/media?parent=1325"}],"curies":[{"name":"wp","href":"https:\/\/api.w.org\/{rel}","templated":true}]}}