{"id":1324,"date":"2024-04-03T23:41:09","date_gmt":"2024-04-03T20:41:09","guid":{"rendered":"https:\/\/sisu.ut.ee\/ewod\/plays-et-44\/"},"modified":"2024-04-04T00:07:33","modified_gmt":"2024-04-03T21:07:33","slug":"plays","status":"publish","type":"page","link":"https:\/\/sisu.ut.ee\/ewod\/l\/lennuk\/plays\/","title":{"rendered":"Urmas Lennuk &#8211; plays"},"content":{"rendered":"<p><span style=\"font-size: medium\"><strong><span style=\"font-family: verdana, geneva\">Books<\/span><\/strong><span style=\"font-family: verdana, geneva\"><\/span><span style=\"font-family: verdana, geneva\"><\/span><\/span><\/p>\n<p><span style=\"font-size: small\"><span style=\"font-family: verdana, geneva\"><strong><em>German<\/em><\/strong><br><strong>Der Hund im Manne<\/strong>. Aus dem Estnischen von Irja Gr\u00f6nholm. \u00d6sterreichischer B\u00fchnenverlag Kaiser &amp; Co, 2018, 66 pp. [\u2018Boob teab\u2019.]<\/span><\/span><\/p>\n<p><\/p>\n<p><span style=\"font-size: medium\"><strong><span style=\"font-family: verdana, geneva\">In anthologies and magazines<\/span><\/strong><\/span><\/p>\n<p><strong><em><span style=\"font-family: verdana, geneva\">Russian<\/span><\/em><\/strong><br><span style=\"font-family: verdana, geneva\">\u0423\u0440\u043c\u0430\u0441 \u041b\u0435\u043d\u043d\u0443\u043a, <strong>\u0411\u043e\u0431 \u0437\u043d\u0430\u0435\u0442<\/strong>. \u2013\u00a0\u041a\u043e\u0441\u0442\u0435\u0440 \u0421\u0430\u0432\u043e\u043d\u0430\u0440\u043e\u043b\u044b \u0438 \u0435\u0449\u0435 7 \u043d\u043e\u0432\u0435\u0439\u0448\u0438\u0445 \u044d\u0441\u0442\u043e\u043d\u0441\u043a\u0438\u0445 \u043f\u044c\u0435\u0441; \u0432 \u043f\u0435\u0440\u0435\u0432\u043e\u0434\u0435 [\u0438 \u043f\u0440\u0435\u0434\u0438\u0441\u043b\u043e\u0432\u0438\u0435] \u0411\u043e\u0440\u0438\u0441\u0430 \u0422\u0443\u0445\u0430. \u0422\u0430\u043b\u043b\u0438\u043d\u043d: Aleksandra, 2006, 588 pp. [\u2018Boob teab\u2019. Contents of the anthology: \u041c\u0430\u0440\u0442 \u041a\u0438\u0432\u0430\u0441\u0442\u0438\u043a, \u2019\u041a\u043e\u0441\u0442\u0435\u0440 \u0421\u0430\u0432\u043e\u043d\u0430\u0440\u043e\u043b\u044b\u2019 (\u2019Savonarola tuleriit\u2019), \u2019\u0421\u043b\u0443\u0433\u0430\u2019 (\u2019Teener\u2019); \u0410\u043d\u0434\u0440\u0443\u0441 \u041a\u0438\u0432\u0438\u0440\u044f\u0445\u043a, \u2019\u041f\u043e\u043c\u0438\u043d\u043a\u0438 \u043f\u043e-\u044d\u0441\u0442\u043e\u043d\u0441\u043a\u0438\u2019 (\u2019Eesti matus\u2019), \u2019\u0413\u043e\u043b\u0443\u0431\u043e\u0439 \u0432\u0430\u0433\u043e\u043d\u2019 (\u2019Helesinine vagun\u2019); \u0423\u0440\u043c\u0430\u0441 \u041b\u0435\u043d\u043d\u0443\u043a, \u2019\u0411\u043e\u0431 \u0437\u043d\u0430\u0435\u0442\u2019 (\u2019Boob teab\u2019); \u042f\u0430\u043d \u0422\u044f\u0442\u0442\u0435, \u2019\u041f\u0435\u0440\u0435\u0441\u0435\u0447\u0435\u043d\u0438\u0435 \u0441 \u0433\u043b\u0430\u0432\u043d\u043e\u0439 \u0434\u043e\u0440\u043e\u0433\u0438, \u0438\u043b\u0438, \u0421\u043a\u0430\u0437\u043a\u0430 \u043e \u0437\u043e\u043b\u043e\u0442\u043e\u0439 \u0440\u044b\u0431\u043a\u0435\u2019 (\u2019Ristumine peateega, ehk, Muinasjutt kuldsest kalakesest\u2019), \u2019\u0411\u0435\u0437\u0443\u043c\u0435\u0446\u2019 (\u2019Meeletu\u2019); \u041c\u0430\u0434\u0438\u0441 \u041a\u044b\u0439\u0432, \u2019Filis nihili (\u041f\u043e\u0441\u043b\u0435\u0434\u043d\u0438\u0439 \u043d\u0438\u0433\u0438\u043b\u0438\u0441\u0442)\u2019.]<\/span><\/p>\n","protected":false},"excerpt":{"rendered":"<p>Books GermanDer Hund im Manne. Aus dem Estnischen von Irja Gr\u00f6nholm. \u00d6sterreichischer B\u00fchnenverlag Kaiser &amp; Co, 2018, 66 pp. [\u2018Boob teab\u2019.] In anthologies and magazines Russian\u0423\u0440\u043c\u0430\u0441 \u041b\u0435\u043d\u043d\u0443\u043a, \u0411\u043e\u0431 \u0437\u043d\u0430\u0435\u0442. \u2013\u00a0\u041a\u043e\u0441\u0442\u0435\u0440 \u0421\u0430\u0432\u043e\u043d\u0430\u0440\u043e\u043b\u044b \u0438 \u0435\u0449\u0435 7 \u043d\u043e\u0432\u0435\u0439\u0448\u0438\u0445 \u044d\u0441\u0442\u043e\u043d\u0441\u043a\u0438\u0445 \u043f\u044c\u0435\u0441; \u0432 \u043f\u0435\u0440\u0435\u0432\u043e\u0434\u0435 [\u0438 &#8230;<\/p>\n","protected":false},"author":43,"featured_media":0,"parent":1314,"menu_order":0,"comment_status":"closed","ping_status":"closed","template":"","meta":{"_acf_changed":false,"inline_featured_image":false,"footnotes":""},"class_list":["post-1324","page","type-page","status-publish","hentry"],"acf":[],"_links":{"self":[{"href":"https:\/\/sisu.ut.ee\/ewod\/wp-json\/wp\/v2\/pages\/1324","targetHints":{"allow":["GET"]}}],"collection":[{"href":"https:\/\/sisu.ut.ee\/ewod\/wp-json\/wp\/v2\/pages"}],"about":[{"href":"https:\/\/sisu.ut.ee\/ewod\/wp-json\/wp\/v2\/types\/page"}],"author":[{"embeddable":true,"href":"https:\/\/sisu.ut.ee\/ewod\/wp-json\/wp\/v2\/users\/43"}],"replies":[{"embeddable":true,"href":"https:\/\/sisu.ut.ee\/ewod\/wp-json\/wp\/v2\/comments?post=1324"}],"version-history":[{"count":1,"href":"https:\/\/sisu.ut.ee\/ewod\/wp-json\/wp\/v2\/pages\/1324\/revisions"}],"predecessor-version":[{"id":3747,"href":"https:\/\/sisu.ut.ee\/ewod\/wp-json\/wp\/v2\/pages\/1324\/revisions\/3747"}],"up":[{"embeddable":true,"href":"https:\/\/sisu.ut.ee\/ewod\/wp-json\/wp\/v2\/pages\/1314"}],"wp:attachment":[{"href":"https:\/\/sisu.ut.ee\/ewod\/wp-json\/wp\/v2\/media?parent=1324"}],"curies":[{"name":"wp","href":"https:\/\/api.w.org\/{rel}","templated":true}]}}