{"id":1323,"date":"2024-04-03T23:41:09","date_gmt":"2024-04-03T20:41:09","guid":{"rendered":"https:\/\/sisu.ut.ee\/ewod\/poems-et-208\/"},"modified":"2024-04-04T00:07:33","modified_gmt":"2024-04-03T21:07:33","slug":"poems","status":"publish","type":"page","link":"https:\/\/sisu.ut.ee\/ewod\/v\/veervellner\/poems\/","title":{"rendered":"Reet Veer &#8211; poems"},"content":{"rendered":"<p><span style=\"font-size: medium\"><strong><span style=\"font-family: verdana, geneva\">In compilations, anthologies, magazines<\/span><\/strong><\/span><\/p>\n<p><em><strong><span style=\"font-family: verdana, geneva;font-size: small\">English<\/span><\/strong><\/em><br><span style=\"font-family: verdana, geneva;font-size: small\"><strong>Anthology of Modern Estonian Poetry<\/strong>. Compiled and translated by W. K. Matthews. Gainesville: University of Florida Press, 1953, 161 pp. [Poems by Juhan Liiv, A. Haava, H. Visnapuu, H. Adamson, M. Under, H. Talvik, B. Alver, U. Masing, J. L\u00f5o, H. Esko, K. Ahven, R. Kolk, R. Veer, P. Krusten, K. Ristikivi, K. Lepik, I. Gr\u00fcnthal, E. Enno, G. Suits, K. Merilaas, J. Oks, V. Ridala, A. Adson, J. S\u00fctiste, B. Kangro, A. Sang, A. Viirlaid.]<\/span><\/p>\n","protected":false},"excerpt":{"rendered":"<p>In compilations, anthologies, magazines EnglishAnthology of Modern Estonian Poetry. Compiled and translated by W. K. Matthews. Gainesville: University of Florida Press, 1953, 161 pp. [Poems by Juhan Liiv, A. Haava, H. Visnapuu, H. Adamson, M. Under, H. Talvik, B. Alver, &#8230;<\/p>\n","protected":false},"author":43,"featured_media":0,"parent":1313,"menu_order":0,"comment_status":"closed","ping_status":"closed","template":"","meta":{"_acf_changed":false,"inline_featured_image":false,"footnotes":""},"class_list":["post-1323","page","type-page","status-publish","hentry"],"acf":[],"_links":{"self":[{"href":"https:\/\/sisu.ut.ee\/ewod\/wp-json\/wp\/v2\/pages\/1323","targetHints":{"allow":["GET"]}}],"collection":[{"href":"https:\/\/sisu.ut.ee\/ewod\/wp-json\/wp\/v2\/pages"}],"about":[{"href":"https:\/\/sisu.ut.ee\/ewod\/wp-json\/wp\/v2\/types\/page"}],"author":[{"embeddable":true,"href":"https:\/\/sisu.ut.ee\/ewod\/wp-json\/wp\/v2\/users\/43"}],"replies":[{"embeddable":true,"href":"https:\/\/sisu.ut.ee\/ewod\/wp-json\/wp\/v2\/comments?post=1323"}],"version-history":[{"count":1,"href":"https:\/\/sisu.ut.ee\/ewod\/wp-json\/wp\/v2\/pages\/1323\/revisions"}],"predecessor-version":[{"id":3746,"href":"https:\/\/sisu.ut.ee\/ewod\/wp-json\/wp\/v2\/pages\/1323\/revisions\/3746"}],"up":[{"embeddable":true,"href":"https:\/\/sisu.ut.ee\/ewod\/wp-json\/wp\/v2\/pages\/1313"}],"wp:attachment":[{"href":"https:\/\/sisu.ut.ee\/ewod\/wp-json\/wp\/v2\/media?parent=1323"}],"curies":[{"name":"wp","href":"https:\/\/api.w.org\/{rel}","templated":true}]}}