{"id":1319,"date":"2024-04-03T23:41:08","date_gmt":"2024-04-03T20:41:08","guid":{"rendered":"https:\/\/sisu.ut.ee\/ewod\/kompus\/"},"modified":"2024-04-04T00:07:36","modified_gmt":"2024-04-03T21:07:36","slug":"kompus","status":"publish","type":"page","link":"https:\/\/sisu.ut.ee\/ewod\/k\/kompus\/","title":{"rendered":"Marko Kompus"},"content":{"rendered":"<p>\n\t<a href=\"https:\/\/sisu.ut.ee\/ewod\/k\/kompus\/poems\"><strong><span style=\"font-family: verdana, geneva;font-size: medium\">Poems<\/span><\/strong><\/a>\n<\/p>\n<p>\u00a0\n<\/p>\n<p>\n\t<span style=\"color:#000000\"><span style=\"font-size:13px\"><span style=\"font-family:Verdana,Geneva,sans-serif\">Marko Kompus (born 1 April 1972) is a poet.<\/span><\/span><\/span>\n<\/p>\n<p>\n\t<span style=\"color:#000000\"><span style=\"font-size:13px\"><span style=\"font-family:Verdana,Geneva,sans-serif\">Kompus was born in V\u00f5ru as the son of a collective farm chairman and a chief veterinary surgeon. He studied at P\u00f5lgaste and at P\u00f5lva Secondary School. From the beginning of his career, he has been a freelance poet. Kompus is a member of the literary grouping Erakkond and, from 2005, of the Estonian Writers\u2019 Union.<\/span><\/span><\/span>\n<\/p>\n<p>\n\t<span style=\"color:#000000\"><span style=\"font-size:13px\"><span style=\"font-family:Verdana,Geneva,sans-serif\">His debut collection <em>Koirohusein<\/em> (\u2018Wormwood Wall\u2019, 1998) stands out with idiosyncratic surrealist poetry, which has matured in the following collections, ever more refusing logical analysis. An essential place belongs to vivid creation of images, playfulness, music of the language and also rebellion against the language. The collection <em>Poeedinahk<\/em> (\u2018Poet\u2019s Skin\u2019, 2014), which received the <\/span><\/span><\/span><span style=\"font-size:13px\"><span style=\"font-family:Verdana,Geneva,sans-serif\"><a data-url=\"https:\/\/sisu.ut.ee\/ewod\/s\/suits\" href=\"https:\/\/sisu.ut.ee\/ewod\/s\/suits\" title=\"\">Gustav Suits<\/a><\/span><\/span><span style=\"color:#000000\"><span style=\"font-size:13px\"><span style=\"font-family:Verdana,Geneva,sans-serif\"> Poetry Prize, refers among other things to Estonians\u2019 general cultural knowledge, the fragments of which are intertwined with Kompus\u2019 poetic language.<\/span><\/span><\/span>\n<\/p>\n<p>\n\t<span style=\"color:#000000\"><span style=\"font-size:13px\"><span style=\"font-family:Verdana,Geneva,sans-serif\">Jaan-J\u00fcrgen Klaus has made a film about Kompus, <em>Erakpoeet Marko Kompus<\/em> (\u2018Hermit Poet Marko Kompus\u2019, 2005).<\/span><\/span><\/span>\n<\/p>\n<p>\n\t<em><span style=\"color:#000000\"><span style=\"font-size:13px\"><span style=\"font-family:Verdana,Geneva,sans-serif\">A. K. (Translated by I. A.)<\/span><\/span><\/span><\/em>\n<\/p>\n<p><span style=\"font-size:16px\"><span style=\"color:#000000\"><span style=\"font-family:Verdana,Geneva,sans-serif\"><strong>Books in Estonian<\/strong><\/span><\/span><\/span>\n<\/p>\n<p>\n\t<span style=\"color:#000000\"><span style=\"font-size:13px\"><span style=\"font-family:Verdana,Geneva,sans-serif\"><strong><em>Poetry collections<\/em><\/strong><br><strong>Koirohusein<\/strong>. Tallinn: Huma, 1998, 135 lk<br>Max Rebu, <strong>Max Rebu naiste pesu ja luuletusi Ants Pasuna j\u00e4relej\u00e4\u00e4nud paberitest<\/strong>. Tartu: Erakkond, 2000, 45 lk<br><strong>Make love not love<\/strong>. P\u00f5lvamaa: Erakkond, 2001, 67 lk<br><strong>Vallaliste j\u00f5gede t\u00f5kkejooksja<\/strong>. Tartu: M. Kompus, 2006, 160 lk<br><strong>Surnud kuldnokkade m\u00e4rjad esmasp\u00e4evad<\/strong>. Tartu: Ornitologos, 2008, 168 lk<br><strong>Kapiuks jaan oksa<\/strong>: oksast m\u00f6\u00f6davalatud teepiltidega Martiini. Tartu: Kapinupp, 2009, 119 lk<br><strong>Tikrisuitsu ja leiba<\/strong>. Tartu: Unenoppija, 2012, 94 lk<br><strong>Poeedinahk<\/strong>. Puka: Unenoppija, 2014, 75 lk<br><strong>Laboratoorium<\/strong>. Puka: Unenoppija, 2016, 64 lk<br><strong>Rotikuninga\u00f5ppus<\/strong>. Elva: Unenoppija, 2017, 79 lk<br><strong>Jalutu muna tango<\/strong>. Elva, Tartu: M. Kompus, 2019, 79 lk<br>Max Rebu, <strong>Hiina keisri rasedus<\/strong>. Elva, Tartu: Ants Pasun, 2021, 94 lk<\/span><\/span><\/span><\/p>\n","protected":false},"excerpt":{"rendered":"<p>Poems \u00a0 Marko Kompus (born 1 April 1972) is a poet. Kompus was born in V\u00f5ru as the son of a collective farm chairman and a chief veterinary surgeon. He studied at P\u00f5lgaste and at P\u00f5lva Secondary School. From the &#8230;<\/p>\n","protected":false},"author":43,"featured_media":0,"parent":498,"menu_order":0,"comment_status":"closed","ping_status":"closed","template":"","meta":{"_acf_changed":false,"inline_featured_image":false,"footnotes":""},"class_list":["post-1319","page","type-page","status-publish","hentry"],"acf":[],"_links":{"self":[{"href":"https:\/\/sisu.ut.ee\/ewod\/wp-json\/wp\/v2\/pages\/1319","targetHints":{"allow":["GET"]}}],"collection":[{"href":"https:\/\/sisu.ut.ee\/ewod\/wp-json\/wp\/v2\/pages"}],"about":[{"href":"https:\/\/sisu.ut.ee\/ewod\/wp-json\/wp\/v2\/types\/page"}],"author":[{"embeddable":true,"href":"https:\/\/sisu.ut.ee\/ewod\/wp-json\/wp\/v2\/users\/43"}],"replies":[{"embeddable":true,"href":"https:\/\/sisu.ut.ee\/ewod\/wp-json\/wp\/v2\/comments?post=1319"}],"version-history":[{"count":1,"href":"https:\/\/sisu.ut.ee\/ewod\/wp-json\/wp\/v2\/pages\/1319\/revisions"}],"predecessor-version":[{"id":3763,"href":"https:\/\/sisu.ut.ee\/ewod\/wp-json\/wp\/v2\/pages\/1319\/revisions\/3763"}],"up":[{"embeddable":true,"href":"https:\/\/sisu.ut.ee\/ewod\/wp-json\/wp\/v2\/pages\/498"}],"wp:attachment":[{"href":"https:\/\/sisu.ut.ee\/ewod\/wp-json\/wp\/v2\/media?parent=1319"}],"curies":[{"name":"wp","href":"https:\/\/api.w.org\/{rel}","templated":true}]}}