{"id":1316,"date":"2024-04-03T23:41:08","date_gmt":"2024-04-03T20:41:08","guid":{"rendered":"https:\/\/sisu.ut.ee\/ewod\/muia\/"},"modified":"2024-04-04T00:07:35","modified_gmt":"2024-04-03T21:07:35","slug":"muia","status":"publish","type":"page","link":"https:\/\/sisu.ut.ee\/ewod\/v\/muia\/","title":{"rendered":"Muia Veetamm"},"content":{"rendered":"<p>\n\t<a href=\"https:\/\/sisu.ut.ee\/ewod\/v\/muia\/poems\"><strong><span style=\"font-family: verdana, geneva;font-size: medium\">Poems <\/span><\/strong><\/a><a href=\"https:\/\/sisu.ut.ee\/wp-content\/uploads\/sites\/108\/muia_veetamm_armin_alla.jpg\" target=\"_self\" rel=\"noopener\"><img decoding=\"async\" alt=\"Muia Veetamm\" src=\"https:\/\/sisu.ut.ee\/wp-content\/uploads\/sites\/108\/muia_veetamm_armin_alla.jpg\" style=\"float: right;width: 200px;height: 298px\" title=\"Photo: Armin Alla\"><\/a>\n<\/p>\n<p>\n\t<a href=\"https:\/\/sisu.ut.ee\/ewod\/v\/muia\/stories\"><strong><span style=\"font-family: verdana, geneva;font-size: medium\">Short stories<\/span><\/strong><\/a>\n<\/p>\n<p>\n\t<strong><span style=\"font-size:16px\"><span style=\"font-family:Verdana,Geneva,sans-serif\"><a data-url=\"https:\/\/sisu.ut.ee\/ewod\/v\/muia\/about\" href=\"https:\/\/sisu.ut.ee\/ewod\/v\/muia\/about\" title=\"\">About Muia Veetamm<\/a><\/span><\/span><\/strong><\/p>\n<p>\u00a0\n<\/p>\n<p>\n\t<span style=\"font-size:13px\"><span style=\"font-family:Verdana,Geneva,sans-serif\">Muia Veetamm (n\u00e9e Ellen-Aliide Ventsel, later Elts Ristm\u00e4gi, 2. III \/ 17. II 1907 \u2013 15. XII 1995) was a poet and artist, whose most important legacy is eloquent and simple nature poetry.<\/span><\/span><\/p>\n<p>She was born on a tenant farm in Triigi parish, Harjumaa county, and attended primary schools in Tallinn, in 1925 and 1926 an evening gymnasium and from 1929 to 1931 the college of the Tallinn Adult Education Society. In her youth she earned a living from casual work. For a short while she was an auditor at the Pallas Art School. In addition to her lifelong interest in art she was active in choral singing and acting; from 1935 to 1942 she was an actor at the Tallinn Workers\u2019 Theatre. In 1942 she was laid off from the theatre, and until 1948 she was a farm worker at Hageri. She spent her later life as a professional writer in Tallinn.<\/p>\n<p>Muia Veetamm chose her authorial pseudonym on grounds of euphony, at the suggestion of the writer Aadu Hint. Veetamm was interested in folk-songs in the culture of Estonia and other nations. Apart from her own works, she often performed folk-songs in her literary evenings. Her first poems appeared in 1936 in the journal <em>Eesti Noorus<\/em>. Nature subjects permeated Veetamm\u2019s poetry from the beginning to the end. As the author matured, the quality of her expression changed \u2013 besides the programmatic civic poetry there developed a density of ideas and imagery. In the late sixties the poet travelled in Uzbekistan and the Crimea. At the time she was cultivating oriental verse forms under the influence of the ancient poetic traditions of Central Asia. In her later years Veetamm wrote ballads of a folkloric kind, and philosophical verse meditations. The best of her nature lyrics is collected in the selection <em>Vee ja liiva joonel<\/em> (\u2018On the Line of Water and Sand\u2019, 1974). Many composers have set Veetamm\u2019s poems to music.<\/p>\n<p>She wrote cheerful books of poetry for children about birds and animals, and published short prose with a penetrating grasp of child psychology. After the war she wrote the puppet play <em>Kalevipoeg ja sarviklased<\/em> (\u2018Kalevipoeg and the Horned Beasts\u2019, staged 1949\/1950) and a comedy set on a collective farm, <em>Elu peremehed<\/em> (\u2018Masters of Life\u2019), the publication of which was banned in 1951. Veetamm translated poetry from Russian, Belarusian and Romanian. Her translations are included in numerous poetry anthologies.\n<\/p>\n<p>\n\t<em><span style=\"font-size:13px\"><span style=\"font-family:Verdana,Geneva,sans-serif\">L. P. (Translated by C. M.)<\/span><\/span><\/em>\n<\/p>\n<p>\n\t\u00a0\n<\/p>\n<p>\n\t<strong><span style=\"font-size:16px\"><span style=\"font-family:Verdana,Geneva,sans-serif\">Books in Estonian<\/span><\/span><\/strong>\n<\/p>\n<p>\n\t<span style=\"font-size:13px\"><span style=\"font-family:Verdana,Geneva,sans-serif\"><strong><em>Poetry<\/em><\/strong><br><strong>Silma ja s\u00fcdamega<\/strong>. Tallinn: Ilukirjandus ja Kunst, 1949, 118 lk.<br><strong>S\u00fcgisest<\/strong>. Poeem. Tallinn: Tallinna Riiklik Tarbekunsti Instituut, 1949, 25 lk.<br><strong>Matka m\u00e4lestusi<\/strong>. Tallinn: Eesti Riiklik Kirjastus, 1955, 128 lk.<br><strong>Pill ja peegel<\/strong>. Tallinn: Eesti Riiklik Kirjastus, 1959, 107 lk.<br><strong>Rajad ja uksed<\/strong>. Tallinn: Eesti Raamat, 1968, 104 lk.<br><strong>Vee ja liiva joonel<\/strong>. Luuletusi aastaist 1940\u20131973. Tallinn: Eesti Raamat, 1974, 207 lk.<br><strong>P\u00f5drakanepist puri<\/strong>. Luuletusi ja ballaade. Tallinn: Eesti Raamat, 1982, 50 lk.<br><strong>Videviku virved<\/strong>. Tallinn: Eesti Raamat, 1985, 95 lk.<br><strong>Tunamull\u2019ne<\/strong>. Tallinn: Eesti Raamat, 1992, 63 lk.<\/span><\/span>\n<\/p>\n<p>\n\t<span style=\"font-size:13px\"><span style=\"font-family:Verdana,Geneva,sans-serif\"><strong><em>Children\u2019s poetry<\/em><\/strong><br><strong>Sulepallid<\/strong>. Laule ja m\u00f5istatusi. Tallinn: Eesti Riiklik Kirjastus, 1956, 75 lk.<br><strong>Orav R\u00f5\u00f5muraas-k\u00e4bikuningas<\/strong>. Laule oravast ja muust looma- ning linnurahvast. Tallinn: Eesti Riiklik Kirjastus, 1958, 49 lk.<br><strong>Kuldnokk-Kullanokk<\/strong>. V\u00e4ikelastele. Tallinn: Eesti Raamat, 1984, 32 lk.<br><strong>Kevadest kevadeni<\/strong>. Tallinn: Eesti Raamat, 1987, 41 lk.<\/span><\/span>\n<\/p>\n<p>\n\t<span style=\"font-size:13px\"><span style=\"font-family:Verdana,Geneva,sans-serif\"><strong><em>Prose<\/em><\/strong><br><strong>\u00d5ied ja juured<\/strong>. Lugusid kasvatuslikel teemadel. Tallinn: Eesti Riiklik Kirjastus, 1962, 184 lk.<br><strong>Tutt ja tops<\/strong>. Jutustus nooremale koolieale. Tallinn: Eesti Raamat, 1979, 175 lk.<\/span><\/span>\n<\/p>\n<p>\n\t\u00a0<\/p>\n","protected":false},"excerpt":{"rendered":"<p>Poems Short stories About Muia Veetamm \u00a0 Muia Veetamm (n\u00e9e Ellen-Aliide Ventsel, later Elts Ristm\u00e4gi, 2. III \/ 17. II 1907 \u2013 15. XII 1995) was a poet and artist, whose most important legacy is eloquent and simple nature poetry. &#8230;<\/p>\n","protected":false},"author":43,"featured_media":0,"parent":733,"menu_order":0,"comment_status":"closed","ping_status":"closed","template":"","meta":{"_acf_changed":false,"inline_featured_image":false,"footnotes":""},"class_list":["post-1316","page","type-page","status-publish","hentry"],"acf":[],"_links":{"self":[{"href":"https:\/\/sisu.ut.ee\/ewod\/wp-json\/wp\/v2\/pages\/1316","targetHints":{"allow":["GET"]}}],"collection":[{"href":"https:\/\/sisu.ut.ee\/ewod\/wp-json\/wp\/v2\/pages"}],"about":[{"href":"https:\/\/sisu.ut.ee\/ewod\/wp-json\/wp\/v2\/types\/page"}],"author":[{"embeddable":true,"href":"https:\/\/sisu.ut.ee\/ewod\/wp-json\/wp\/v2\/users\/43"}],"replies":[{"embeddable":true,"href":"https:\/\/sisu.ut.ee\/ewod\/wp-json\/wp\/v2\/comments?post=1316"}],"version-history":[{"count":1,"href":"https:\/\/sisu.ut.ee\/ewod\/wp-json\/wp\/v2\/pages\/1316\/revisions"}],"predecessor-version":[{"id":3760,"href":"https:\/\/sisu.ut.ee\/ewod\/wp-json\/wp\/v2\/pages\/1316\/revisions\/3760"}],"up":[{"embeddable":true,"href":"https:\/\/sisu.ut.ee\/ewod\/wp-json\/wp\/v2\/pages\/733"}],"wp:attachment":[{"href":"https:\/\/sisu.ut.ee\/ewod\/wp-json\/wp\/v2\/media?parent=1316"}],"curies":[{"name":"wp","href":"https:\/\/api.w.org\/{rel}","templated":true}]}}