{"id":1314,"date":"2024-04-03T23:41:08","date_gmt":"2024-04-03T20:41:08","guid":{"rendered":"https:\/\/sisu.ut.ee\/ewod\/lennuk\/"},"modified":"2024-04-04T00:07:35","modified_gmt":"2024-04-03T21:07:35","slug":"lennuk","status":"publish","type":"page","link":"https:\/\/sisu.ut.ee\/ewod\/l\/lennuk\/","title":{"rendered":"Urmas Lennuk"},"content":{"rendered":"<p>\n\t<a href=\"https:\/\/sisu.ut.ee\/ewod\/l\/lennuk\/plays\"><strong><span style=\"font-family: verdana, geneva;font-size: medium\">Plays<\/span><\/strong><\/a><strong><span style=\"font-family: verdana, geneva;font-size: medium\"> <\/span><\/strong><span style=\"font-family: verdana, geneva;font-size: medium\"><a href=\"https:\/\/sisu.ut.ee\/wp-content\/uploads\/sites\/108\/urmas_lennuk_alar_madisson.jpg\" target=\"_self\" rel=\"noopener\"><img decoding=\"async\" alt=\"Urmas Lennuk\" src=\"https:\/\/sisu.ut.ee\/wp-content\/uploads\/sites\/108\/urmas_lennuk_alar_madisson.jpg\" style=\"float: right;width: 300px;height: 200px\" title=\"Photo: Alar Madisson\"><\/a><\/span>\n<\/p>\n<p>\u00a0\n<\/p>\n<p class=\"western\" style=\"margin-bottom:0.08in\">\n<\/p><p><span style=\"line-height:150%\"><font face=\"Times New Roman, serif\"><font size=\"3\"><font style=\"12pt\"><span style=\"color:#000000\"><span style=\"font-size:13px\"><span style=\"font-family:Verdana,Geneva,sans-serif\">Urmas Lennuk (born 16 October 1971) is a playwright, dramaturge and scriptwriter.<\/span><\/span><\/span><\/font><\/font><\/font><\/span>\n<\/p>\n<p class=\"western\" style=\"margin-bottom:0.08in\">\n\t<span style=\"color:#000000\"><span style=\"font-size:13px\"><span style=\"font-family:Verdana,Geneva,sans-serif\"><span style=\"line-height:150%\"><font style=\"12pt\">Lennuk attended school at Tamsalu, studied Estonian language and literature in Tallinn Pedagogical Institute and theatrical direction at the Department of Drama at the Estonian Academy of Music and Theatre. He has worked as artistic director of Tamsalu community centre, teacher of Estonian language and literature, dramaturge of the Vanemuine Theatre, lecturer at the Department of Drama at the Estonian Academy of Music and Theatre, and director, dramaturge and playwright at Rakvere Theatre. Member of the Estonian Union of Directors and Dramaturges from 2001.<\/font><\/span><\/span><\/span><\/span>\n<\/p>\n<p class=\"western\" style=\"margin-bottom:0.08in\">\n\t<span style=\"color:#000000\"><span style=\"font-size:13px\"><span style=\"font-family:Verdana,Geneva,sans-serif\"><span style=\"line-height:150%\"><font style=\"12pt\">Lennuk was one of the most remarkable playwrights in the 00s, attracting already attention with his debut play <i>Rongid siin enam ei\u2026 <\/i>(\u2018Trains Don\u2019t Run Here Anymore\u2026\u2019) which premiered at the Ugala Theatre in Viljandi in 2002 and was published in the collection <i>\u00dckskord Eestimaal<\/i> (\u2018Once in Estonia\u2019, 2015) together with the plays <i>P\u00e4eva l\u00f5pus<\/i> (\u2018At the End of the Day\u2019) and <i>Ema oli \u00f5unapuu<\/i> (\u2018Mother was an Appletree\u2019). The same characters appear in all the three plays; the central place among them belongs to two brothers and the story of their home village. Against the background of family history, Lennuk maps the fading village life in present-day Estonia and the constantly increasing problems of peripheral regions. He does it with human warmth and mild humour. <i>Rongid siin enam ei\u2026<\/i> received the first prize at the playwriting competition of the Estonian Theatre Agency.<\/font><\/span><\/span><\/span><\/span>\n<\/p>\n<p class=\"western\" style=\"margin-bottom:0.08in\">\n\t<span style=\"color:#000000\"><span style=\"font-size:13px\"><span style=\"font-family:Verdana,Geneva,sans-serif\"><span style=\"line-height:150%\"><font style=\"12pt\">Lennuk has dramatised the texts of several authors, particularly noteworthy among them are the dramatisations of A. H. Tammsaare\u2019s works which have been staged at several Estonian theatres, e.g., <i>K\u00f5rboja perenaine<\/i> (\u2018The Mistress of K\u00f5rboja\u2019) based on <i>K\u00f5rboja peremees<\/i> (\u2018The Master of K\u00f5rboja\u2019), <i>Wargam\u00e4e Wabariik<\/i> (\u2018The Republic of Wargam\u00e4e\u2019) based on <i>T\u00f5de ja \u00f5igus<\/i> (\u2018Truth and Justice\u2019), <i>Vargam\u00e4e voonake<\/i> (\u2018The Lamb of Vargam\u00e4e\u2019), and children\u2019s play <i>Vai-vai vaene Vargam\u00e4e<\/i> (\u2018Ow, Ow, Poor Vargam\u00e4e\u2019). For children, Lennuk has written a story explaining the principles of nutrition in a fairytale form \u2013 <i>S\u00f6\u00f6 \u00e4ra s\u00f6\u00f6<\/i> (\u2018Eat, Don\u2019t Eat\u2019, 2007).<\/font><\/span><\/span><\/span><\/span>\n<\/p>\n<p class=\"western\" style=\"margin-bottom:0.08in\">\n\t<span style=\"color:#000000\"><span style=\"font-size:13px\"><span style=\"font-family:Verdana,Geneva,sans-serif\"><span style=\"line-height:150%\"><font style=\"12pt\">From 2011\u20132014, Lennuk was the scriptwriter of <i>\u00d5nne 13<\/i> (\u201813 Happiness Street\u2019), the oldest and most popular Estonian television serial.<\/font><\/span><\/span><\/span><\/span>\n<\/p>\n<p class=\"western\" style=\"margin-bottom:0.08in\">\n\t<span style=\"color:#000000\"><span style=\"font-size:13px\"><span style=\"font-family:Verdana,Geneva,sans-serif\"><span style=\"line-height:150%\"><font style=\"12pt\">In 2001, Lennuk won a special mention at the playwriting competition of the Estonian Theatre Agency for his play <i>Liivakellade parandaja<\/i> (\u2018Repairer of Hourglasses\u2019), in 2003 he received the first prize for his play <i>Boob teab<\/i> (\u2018Boob Knows\u2019) and an encouragement prize for the play <i>Kadunud kindapood<\/i> (\u2018Lost Shoeshop\u2019). In addition, he has received (in cooperation with Eili Neuhaus), the special prize of the Estonian Theatre Union drama jury for the staging of <i>Mtsenski maakonna leedi Macbeth<\/i> (\u2018Lady Macbeth of Mtsensk\u2019) in 2010 and in 2011 the director\u2019s prize for <i>Vargam\u00e4e varjus<\/i> (\u2018In the Shadow of Vargam\u00e4e\u2019). In 2015, the collection of plays <i>\u00dckskord Eestimaal<\/i> (\u2018Once in Estonia\u2019) received the Literature Endowment Annual Award. In 2017 he received the colleague\u2019s prize of Rakvere Theatre as the best director and in 2019 the Oskar Luts humour prize. <\/font><\/span><\/span><\/span><\/span>\n<\/p>\n<p class=\"western\" style=\"margin-bottom:0.08in\">\n\t<span style=\"color:#000000\"><em><span style=\"font-size:13px\"><span style=\"font-family:Verdana,Geneva,sans-serif\"><span style=\"line-height:150%\"><font style=\"12pt\">A. K. (Translated by I. A.)<\/font><\/span><\/span><\/span><\/em><\/span><\/p>\n<p>\u00a0\n<\/p>\n<p class=\"western\" style=\"margin-bottom:0.08in\">\n\t<span style=\"color:#000000\"><span style=\"font-size:16px\"><span style=\"font-family:Verdana,Geneva,sans-serif\"><span style=\"line-height:150%\"><font style=\"12pt\"><b>Books in Estonian<\/b><\/font><\/span><\/span><\/span><\/span>\n<\/p>\n<p class=\"western\" style=\"margin-bottom:0.08in\">\n\t<span style=\"color:#000000\"><span style=\"font-size:13px\"><span style=\"font-family:Verdana,Geneva,sans-serif\"><span style=\"line-height:150%\"><font style=\"12pt\"><em><b>Plays<\/b><\/em><br><strong>\u00dckskord Eestimaal: n\u00e4idenditriloogia<\/strong>. Viljandi: Ugala teater, 2015, 291 lk.<\/font><\/span><\/span><\/span><\/span>\n<\/p>\n<p class=\"western\" style=\"margin-bottom:0.08in\">\n\t<span style=\"color:#000000\"><span style=\"font-size:13px\"><span style=\"font-family:Verdana,Geneva,sans-serif\"><span style=\"line-height:150%\"><font style=\"12pt\"><em><b>Children\u2019s literature<\/b><\/em><br><strong>S\u00f6\u00f6 \u00e4ra s\u00f6\u00f6<\/strong>. Tallinn: Varrak, 2007, 145 lk<\/font><\/span><\/span><\/span>.<\/span><\/p>\n","protected":false},"excerpt":{"rendered":"<p>Plays \u00a0 Urmas Lennuk (born 16 October 1971) is a playwright, dramaturge and scriptwriter. Lennuk attended school at Tamsalu, studied Estonian language and literature in Tallinn Pedagogical Institute and theatrical direction at the Department of Drama at the Estonian Academy &#8230;<\/p>\n","protected":false},"author":43,"featured_media":0,"parent":631,"menu_order":0,"comment_status":"closed","ping_status":"closed","template":"","meta":{"_acf_changed":false,"inline_featured_image":false,"footnotes":""},"class_list":["post-1314","page","type-page","status-publish","hentry"],"acf":[],"_links":{"self":[{"href":"https:\/\/sisu.ut.ee\/ewod\/wp-json\/wp\/v2\/pages\/1314","targetHints":{"allow":["GET"]}}],"collection":[{"href":"https:\/\/sisu.ut.ee\/ewod\/wp-json\/wp\/v2\/pages"}],"about":[{"href":"https:\/\/sisu.ut.ee\/ewod\/wp-json\/wp\/v2\/types\/page"}],"author":[{"embeddable":true,"href":"https:\/\/sisu.ut.ee\/ewod\/wp-json\/wp\/v2\/users\/43"}],"replies":[{"embeddable":true,"href":"https:\/\/sisu.ut.ee\/ewod\/wp-json\/wp\/v2\/comments?post=1314"}],"version-history":[{"count":1,"href":"https:\/\/sisu.ut.ee\/ewod\/wp-json\/wp\/v2\/pages\/1314\/revisions"}],"predecessor-version":[{"id":3758,"href":"https:\/\/sisu.ut.ee\/ewod\/wp-json\/wp\/v2\/pages\/1314\/revisions\/3758"}],"up":[{"embeddable":true,"href":"https:\/\/sisu.ut.ee\/ewod\/wp-json\/wp\/v2\/pages\/631"}],"wp:attachment":[{"href":"https:\/\/sisu.ut.ee\/ewod\/wp-json\/wp\/v2\/media?parent=1314"}],"curies":[{"name":"wp","href":"https:\/\/api.w.org\/{rel}","templated":true}]}}