{"id":1311,"date":"2024-04-03T23:41:07","date_gmt":"2024-04-03T20:41:07","guid":{"rendered":"https:\/\/sisu.ut.ee\/ewod\/about-et-118\/"},"modified":"2024-04-04T00:07:38","modified_gmt":"2024-04-03T21:07:38","slug":"about","status":"publish","type":"page","link":"https:\/\/sisu.ut.ee\/ewod\/k\/kivirahk\/about\/","title":{"rendered":"Andrus Kivir\u00e4hk &#8211; about"},"content":{"rendered":"<p><span style=\"font-family: verdana, geneva;font-size: medium\"><strong>Articles<\/strong><\/span><\/p>\n<p><span style=\"font-family: verdana, geneva\"><em><strong>English<br><\/strong><\/em>Paul R\u00fcsse, Karita Nuut, <strong>Rehepapp and Robin Hood: Tricksters or Heroes?<\/strong>. \u2013 Interlitteraria, vol 21, no 1, 2016, pp 130-142.<br>Maris S\u00f5rmus,\u00a0<strong>The Human and the Nonhuman,Beyond Anthropocentrism, Beyond Boundaries: A Material Ecocritical View on Monique Roffey\u2019s and Andrus Kivir\u00e4hk\u2019s Work<\/strong>. \u2013 Interlitteraria, vol 19, no 1, 2014, pp 177-192.<\/span><br><span style=\"font-family: verdana, geneva\"><span style=\"font-family: verdana, geneva\">Anneli Mihkelev, <\/span><strong style=\"line-height: 1.6em\"><a href=\"https:\/\/www.etis.ee\/ShowFile.aspx?FileVID=58605\">The Grotesque and Memory in Contemporary Estonian Culture<\/a><\/strong><span style=\"font-family: verdana, geneva\">. \u2013 Laurynas Katkus (ed), Grotesque Revisited: Grotesque and Satyre in the Post\/Modern Literature of Central and Eastern Europe. Newcastle (UK): Cambridge Scholars Publishing, 2013, pp 174-184. [With a focus on Ilmar Laaban, Andrus Kivir\u00e4hk, Ervin \u00d5unapuu and Mehis Heinsaar.<br><span style=\"font-family: verdana, geneva\">Suliko Liiv, Maris S\u00f5rmus, Julia Tofant\u010duk,\u00a0<\/span><strong>Ecocritical considerations of nature in Contemporary British and Estonian literature<\/strong><span style=\"font-family: verdana, geneva\">. \u2013 Interlitteraria, vol 18, no 1, 2013, pp 108-123.<\/span><br><\/span><span style=\"font-family: verdana, geneva\">Anneli Mihkelev,\u00a0<\/span><strong style=\"line-height: 1.6em\"><a href=\"http:\/\/www.fwls.org\/wp-content\/uploads\/downloads\/2013\/01\/FWLS%EF%BC%882012%EF%BC%89-Vol.4-No.3.pdf#page=30\">The Grotesque and Estonian Literature<\/a><\/strong><span style=\"font-family: verdana, geneva\">. \u2013 Forum for World Literature Studies, vol 4, no 3, 2012, pp 370-388.<br><\/span><span style=\"font-family: verdana, geneva\">Jean-Pierre Minaudier<\/span><em style=\"line-height: 1.6em\"><strong><\/strong><\/em><span style=\"font-family: verdana, geneva\">,\u00a0<\/span><strong style=\"line-height: 1.6em\">Fantastique, religion et politique dans le roman L\u2019Homme qui parlait la langue des serpents d\u2019Andrus Kivira\u0308hk<\/strong><em style=\"line-height: 1.6em\">.<\/em><span style=\"font-family: verdana, geneva\">\u00a0\u2013 Martin Carayol (ed),\u00a0Le fantastique et la science-fiction en Finlande et en Estonie: actes du colloque, 19-20 novembre 2010. Biblioth\u00e8que finno-ougrienne, vol 23. Paris: Harmattan: Association pour le de\u0301veloppement des e\u0301tudes finno-ougriennes, 2012.<br><\/span><span style=\"font-family: verdana, geneva\">Kadri T\u00fc\u00fcr,\u00a0<\/span><a style=\"line-height: 1.6em\" href=\"http:\/\/www.ceeol.com\/aspx\/getdocument.aspx?logid=5&amp;id=b2df95c8-7b86-4cdf-9fa6-aaaf81a6912d\"><strong>Subjectivity and Survival: Postmodern Identity in Two Contemporary Estonian Novels<\/strong><\/a><span style=\"font-family: verdana, geneva\">.\u00a0Interlitteraria, vol 9, 2004, pp 140-154. [About \u2018Raadio\u2019 by Emil Tode and \u2018Rehepapp\u2019.]<\/span><\/span><\/p>\n<p><strong><em>Russian<\/em><\/strong><br>\u0411\u043e\u0440\u0438\u0441 \u0422\u0443\u0445, <strong>\u0410\u043d\u0434\u0440\u0443\u0441 \u041a\u0438\u0432\u0438\u0440\u044f\u0445\u043a. \u0417\u0430\u043a\u043b\u0430\u043d\u0438\u0435 \u0441\u0432\u044f\u0449\u0435\u043d\u043d\u044b\u0445 \u043a\u043e\u0440\u043e\u0432<\/strong>. \u2013 \u0411\u043e\u0440\u0438\u0441 \u0422\u0443\u0445, \u0413\u043e\u0440\u044f\u0447\u0430\u044f \u0434\u0435\u0441\u044f\u0442\u043a\u0430 \u044d\u0441\u0442\u043e\u043d\u0441\u043a\u0438\u0445 \u043f\u0438\u0441\u0430\u0442\u0435\u043b\u0435\u0439: \u044d\u0441\u0442\u043e\u043d\u0441\u043a\u0430\u044f \u043b\u0438\u0442\u0435\u0440\u0430\u0442\u0443\u0440\u0430 \u0432\u0442\u043e\u0440\u043e\u0439 \u043f\u043e\u043b\u043e\u0432\u0438\u043d\u044b XX \u2013 \u043d\u0430\u0447\u0430\u043b\u0430 XXI \u0432\u0435\u043a\u0430: \u044d\u0441\u0441\u0435. \u0422\u0430\u043b\u043b\u0438\u043d\u043d: \u041a\u041f\u0414, 2004, pp 274-308. [See <strong><a href=\"https:\/\/sisu.ut.ee\/ewod\/general\/booksinrussian\/desjatka\">contents<\/a><\/strong> of the monograph.]<\/p>\n<p><\/p>\n<p><span style=\"font-family: verdana, geneva;font-size: medium\"><strong>Reviews<\/strong><\/span><\/p>\n<p><span style=\"font-family: verdana, geneva\"><strong><em>English<br><\/em><\/strong>Dustin Illingworth, <strong>Andrus Kivir\u00e4hk\u2019s \u201eThe Man Who Spoke Snakish\u201c<\/strong>. \u2013\u00a0Words Without Borders. The Online Magazine for International Literature. October 2015: Writing from the Edge: Estonian Literature.\u00a0<a href=\"http:\/\/www.wordswithoutborders.org\/issue\/october-2015\">http:\/\/www.wordswithoutborders.org\/issue\/october-2015<\/a>. [About \u2018Mees, kes teadis ussis\u00f5nu\u2019.]<\/span><br><span style=\"font-family: verdana, geneva\">J\u00fcrgen Rooste,\u00a0<a href=\"http:\/\/www.estlit.ee\/centre\/uploads\/catalogues\/12_Estonian_Books_2013.pdf\" target=\"_blank\" rel=\"noopener\"><strong>The Man Who Spoke Snakish \/ Mees, kes teadis ussis\u00f5nu<\/strong><\/a>. \u2013 12 Estonian Books to Translate. Tallinn:\u00a0Estonian Literature Centre, 2013, p 8.<br>Rutt Hinrikus, Janika Kronberg, <a href=\"http:\/\/elm.estinst.ee\/issue\/21\/short-outlines-books-estonian-authors\/\" target=\"_blank\" rel=\"noopener\"><strong>Short Outlines of Books by Estonian Authors<\/strong><\/a>. \u2013 Estonian Literary Magazine, no 21, 2005. [About \u2019Jutud\u2019 (\u2019Stories\u2019).]<br>Cornelius Hasselblatt,\u00a0<a href=\"http:\/\/elm.estinst.ee\/issue\/14\/german-verdict\/\"><strong>The German Verdict<\/strong><\/a>. \u2013 Estonian Literary Magazine, no 14, 2002.<br>Eric Dickens,\u00a0<a href=\"http:\/\/elm.estinst.ee\/issue\/14\/old-barny-or-humour-translatable\/\"><strong>Old Barny \u2013 or, is humour translatable?<\/strong><\/a> \u2013 Estonian Literary Magazine, no 14, 2002.\u00a0<span style=\"font-family: verdana, geneva\">[About \u2018Rehepapp\u2019 (\u2018The old barny)]<br><\/span>Kaisu Lahikainen,\u00a0<a href=\"http:\/\/elm.estinst.ee\/issue\/14\/rehepapp-beauty-ugliness\/\"><strong>Rehepapp: the beauty of ugliness.<\/strong><\/a> \u2013 Estonian Literary Magazine, no 14, 2002.<br>Turid Farbregd, <a href=\"http:\/\/elm.estinst.ee\/issue\/14\/edibles\/\"><strong>Edibles<\/strong><\/a>. \u2013 Estonian Literary Magazine, no 14, 2002. [About \u2018Rehepapp\u2019 (\u2018The old barny)]<\/span><\/p>\n<p><span style=\"font-family: verdana, geneva\"><strong><em>German<br><\/em><\/strong>Cornelius Hasselblatt, <strong>Andrus Kivir\u00e4hk: Rehepapp ehk\u00a0<\/strong><strong>november<\/strong>. \u2013\u00a0Kindlers Literatur Lexikon 3, bd 9.\u00a0Stuttgart, Weimar: Verlag\u00a0J.B. Metzler, 2009, pp\u00a0119f.<br>Mari Enqvist, <strong>Eine satirische Geschichte Estlands<\/strong>. \u2013 Estonia, no 1, 1996, pp 51-52. [About \u2018Ivan Orava m\u00e4lestused ehk Minevik kui helesinised m\u00e4ed\u2019.]<strong><em><br><\/em><\/strong><\/span><\/p>\n<p><span style=\"font-family: verdana, geneva\"><strong><em>Hungarian<\/em><\/strong><\/span><br><span style=\"font-family: verdana, geneva\">M\u00f3nika D\u00e1n\u00e9l, <strong>\u00c9szt november, avagy a tal\u00e1lkoz\u00e1sok ideje. Rokon \u00e9szj\u00e1r\u00e1sok<\/strong>. \u2013 Prae, no 3, 2010, pp 129-132. [About the novel \u2018Rehepapp\u2019 (\u2018\u00d6rd\u00f6ng\u00f6s id\u0151k\u2019). See\u00a0<a href=\"https:\/\/sisu.ut.ee\/ewod\/anthologies\/prae\"><strong>contents<\/strong><\/a>\u00a0of the special edition of Estonian literature.]<\/span><br><span style=\"font-family: verdana, geneva\">Linda Kaljundi,\u00a0<strong>Brav\u00faros let\u00e9r\u00e9s az \u00e9szt t\u00f6rt\u00e9nelmi reg\u00e9ny megszokott \u00fatj\u00e1r\u00f3l<\/strong>. Pluralica, no 1-2, 2009, pp 394-398. [About \u2018Mees, kes teadis ussis\u00f5nu\u2019.\u00a0See\u00a0<a href=\"https:\/\/sisu.ut.ee\/ewod\/anthologies\/pluralica\"><strong>contents<\/strong><\/a>\u00a0of the special issue of contemporary Estonian literature.]<\/span><\/p>\n","protected":false},"excerpt":{"rendered":"<p>Articles EnglishPaul R\u00fcsse, Karita Nuut, Rehepapp and Robin Hood: Tricksters or Heroes?. \u2013 Interlitteraria, vol 21, no 1, 2016, pp 130-142.Maris S\u00f5rmus,\u00a0The Human and the Nonhuman,Beyond Anthropocentrism, Beyond Boundaries: A Material Ecocritical View on Monique Roffey\u2019s and Andrus Kivir\u00e4hk\u2019s Work. &#8230;<\/p>\n","protected":false},"author":43,"featured_media":0,"parent":2169,"menu_order":0,"comment_status":"closed","ping_status":"closed","template":"","meta":{"_acf_changed":false,"inline_featured_image":false,"footnotes":""},"class_list":["post-1311","page","type-page","status-publish","hentry"],"acf":[],"_links":{"self":[{"href":"https:\/\/sisu.ut.ee\/ewod\/wp-json\/wp\/v2\/pages\/1311","targetHints":{"allow":["GET"]}}],"collection":[{"href":"https:\/\/sisu.ut.ee\/ewod\/wp-json\/wp\/v2\/pages"}],"about":[{"href":"https:\/\/sisu.ut.ee\/ewod\/wp-json\/wp\/v2\/types\/page"}],"author":[{"embeddable":true,"href":"https:\/\/sisu.ut.ee\/ewod\/wp-json\/wp\/v2\/users\/43"}],"replies":[{"embeddable":true,"href":"https:\/\/sisu.ut.ee\/ewod\/wp-json\/wp\/v2\/comments?post=1311"}],"version-history":[{"count":1,"href":"https:\/\/sisu.ut.ee\/ewod\/wp-json\/wp\/v2\/pages\/1311\/revisions"}],"predecessor-version":[{"id":3777,"href":"https:\/\/sisu.ut.ee\/ewod\/wp-json\/wp\/v2\/pages\/1311\/revisions\/3777"}],"up":[{"embeddable":true,"href":"https:\/\/sisu.ut.ee\/ewod\/wp-json\/wp\/v2\/pages\/2169"}],"wp:attachment":[{"href":"https:\/\/sisu.ut.ee\/ewod\/wp-json\/wp\/v2\/media?parent=1311"}],"curies":[{"name":"wp","href":"https:\/\/api.w.org\/{rel}","templated":true}]}}