{"id":131,"date":"2024-04-03T23:39:24","date_gmt":"2024-04-03T20:39:24","guid":{"rendered":"https:\/\/sisu.ut.ee\/ewod\/nonfiction-et-7\/"},"modified":"2024-04-04T00:10:55","modified_gmt":"2024-04-03T21:10:55","slug":"nonfiction","status":"publish","type":"page","link":"https:\/\/sisu.ut.ee\/ewod\/j\/jackson\/nonfiction\/","title":{"rendered":"Mall Jaakson (Lena Jackson) &#8211; non-fiction"},"content":{"rendered":"<p><span style=\"font-size: medium\"><strong><span style=\"font-family: verdana,geneva\">Books<\/span><\/strong><\/span><\/p>\n<p><em><strong><span style=\"font-family: verdana,geneva\">Spanish<br><\/span><\/strong><\/em><span style=\"font-family: verdana,geneva\"><span style=\"font-family: verdana,geneva\">Lena Jackson, <strong>Los tiempos felices no tienen historia<\/strong>. Translated by Jes\u00fas Pardo. Huerga Y Fierro Editores, 2006, 256 pp. <span style=\"font-family: verdana,geneva\">[A memoir.]<\/span><\/span><\/span><span style=\"font-family: verdana,geneva\"><\/span><\/p>\n<p><em><strong><span style=\"font-family: verdana,geneva\">Swedish<\/span><\/strong><\/em><br><span style=\"font-family: verdana,geneva\">Lena Jackson, <strong>Den ok\u00e4nde Artur Lundkvist: minnesanteckningar och brev med anledning av hundra\u00e5rs\u00e5ret<\/strong>. Formgivning: J\u00fcri Henno. Tallinn: Kodutr\u00fckk, 2006, 216 pp. [A memoir \/ biography.]<br>Lena Jackson, <strong>Efter diktatorns d\u00f6d<\/strong>. Stockholm: Norstedts, 1987, 165 pp. [A memoir.]<br>Lena Jackson, <strong>Under solens hjul<\/strong>. Norstedt, 1985, 138 pp. [A memoir.]<\/span><\/p>\n","protected":false},"excerpt":{"rendered":"<p>Books SpanishLena Jackson, Los tiempos felices no tienen historia. Translated by Jes\u00fas Pardo. Huerga Y Fierro Editores, 2006, 256 pp. [A memoir.] SwedishLena Jackson, Den ok\u00e4nde Artur Lundkvist: minnesanteckningar och brev med anledning av hundra\u00e5rs\u00e5ret. Formgivning: J\u00fcri Henno. Tallinn: Kodutr\u00fckk, &#8230;<\/p>\n","protected":false},"author":43,"featured_media":0,"parent":121,"menu_order":0,"comment_status":"closed","ping_status":"closed","template":"","meta":{"_acf_changed":false,"inline_featured_image":false,"footnotes":""},"class_list":["post-131","page","type-page","status-publish","hentry"],"acf":[],"_links":{"self":[{"href":"https:\/\/sisu.ut.ee\/ewod\/wp-json\/wp\/v2\/pages\/131","targetHints":{"allow":["GET"]}}],"collection":[{"href":"https:\/\/sisu.ut.ee\/ewod\/wp-json\/wp\/v2\/pages"}],"about":[{"href":"https:\/\/sisu.ut.ee\/ewod\/wp-json\/wp\/v2\/types\/page"}],"author":[{"embeddable":true,"href":"https:\/\/sisu.ut.ee\/ewod\/wp-json\/wp\/v2\/users\/43"}],"replies":[{"embeddable":true,"href":"https:\/\/sisu.ut.ee\/ewod\/wp-json\/wp\/v2\/comments?post=131"}],"version-history":[{"count":1,"href":"https:\/\/sisu.ut.ee\/ewod\/wp-json\/wp\/v2\/pages\/131\/revisions"}],"predecessor-version":[{"id":4940,"href":"https:\/\/sisu.ut.ee\/ewod\/wp-json\/wp\/v2\/pages\/131\/revisions\/4940"}],"up":[{"embeddable":true,"href":"https:\/\/sisu.ut.ee\/ewod\/wp-json\/wp\/v2\/pages\/121"}],"wp:attachment":[{"href":"https:\/\/sisu.ut.ee\/ewod\/wp-json\/wp\/v2\/media?parent=131"}],"curies":[{"name":"wp","href":"https:\/\/api.w.org\/{rel}","templated":true}]}}