{"id":1304,"date":"2024-04-03T23:41:07","date_gmt":"2024-04-03T20:41:07","guid":{"rendered":"https:\/\/sisu.ut.ee\/ewod\/saksatamm\/"},"modified":"2024-04-04T00:07:37","modified_gmt":"2024-04-03T21:07:37","slug":"saksatamm","status":"publish","type":"page","link":"https:\/\/sisu.ut.ee\/ewod\/s\/saksatamm\/","title":{"rendered":"Markus Saksatamm"},"content":{"rendered":"<p>\n\t<a href=\"https:\/\/sisu.ut.ee\/ewod\/s\/saksatamm\/poems\"><strong><span style=\"font-family: verdana, geneva;font-size: medium\">Children\u2019s poems<\/span><\/strong><\/a>\n<\/p>\n<p>\n\t<a href=\"https:\/\/sisu.ut.ee\/ewod\/s\/saksatamm\/stories\"><strong><span style=\"font-family: verdana, geneva;font-size: medium\">Children\u2019s stories<\/span><\/strong><\/a>\n<\/p>\n<p>\u00a0\n<\/p>\n<p class=\"western\" style=\"margin-bottom:0.11in\" lang=\"en-GB\">\n\t<span style=\"color:#000000\"><span style=\"font-size:13px\"><span style=\"font-family:Verdana,Geneva,sans-serif\"><span style=\"line-height:106%\"><font style=\"14pt\">Markus Saksatamm (real name Margus Eiche, born 28 January 1969) is a children\u2019s writer. <\/font><\/span><\/span><\/span><\/span>\n<\/p>\n<p class=\"western\" style=\"margin-bottom:0.11in\" lang=\"et-EE\">\n\t<span style=\"color:#000000\"><span style=\"font-size:13px\"><span style=\"font-family:Verdana,Geneva,sans-serif\"><span style=\"line-height:106%\"><font style=\"14pt\">He was born and grew up at Saku. His first book <i>V\u00f5lur Sinku-Vinku and n\u00f5iatrall<\/i> (\u2018Wizard Sinku-Vinku and Witches\u2019 Revelry\u2019) appeared in 2008. The next book <i>Ruubert, lohe ja laevapoisid<\/i> (Ruubert, Dragon and Ship\u2019s Boys) won the second place at the children\u2019s books competition <i>Minu esimene raamat<\/i> (\u2018My First Book\u2019). The jury highlighted the comical side of the book. The adventure story about seamen, pirates and other characters is spiced with absurd humour. The typical features of Saksatamm\u2019s adventure stories for children are fluent storytelling and humour. He has published his stories in the magazines <i>Hea Laps<\/i> (\u2018Good Child\u2019), <i>Mesimumm<\/i> (\u2018Bumblebee\u2019), <i>T\u00e4heke<\/i> (\u2018Little Star\u2019) and <i>Pere ja Kodu<\/i> (\u2018Family and Home\u2019). Some of his stories for grownups have appeared in the magazine <i>Pilkaja<\/i> (\u2018Taunter\u2019). <\/font><\/span><\/span><\/span><\/span>\n<\/p>\n<p class=\"western\" style=\"margin-bottom:0.11in\" lang=\"et-EE\">\n\t<span style=\"color:#000000\"><span style=\"font-size:13px\"><span style=\"font-family:Verdana,Geneva,sans-serif\"><span style=\"line-height:106%\"><font style=\"14pt\">Markus Saksatamm has been a member of the Estonian Writers\u2019 Union from 2018. <\/font><\/span><\/span><\/span><\/span>\n<\/p>\n<p class=\"western\" style=\"margin-bottom:0.11in\" lang=\"et-EE\">\n\t<span style=\"color:#000000\"><span style=\"font-size:13px\"><span style=\"font-family:Verdana,Geneva,sans-serif\"><span style=\"line-height:106%\"><font style=\"14pt\">Several Saksatamm\u2019s books for children have been translated into Russian. The translation of Saksatamm\u2019s <i>Lepatriinu ja pingviin<\/i> (\u2018Ladybird and Penguin\u2019) achieved the title of the best Russian-language book published abroad at the competition of the Russian Publishers Association \u201cBest Books of 2015\u201d. <\/font><\/span><\/span><\/span><\/span>\n<\/p>\n<p class=\"western\" style=\"margin-bottom:0.11in\" lang=\"et-EE\">\n\t<span style=\"color:#000000\"><span style=\"font-size:13px\"><span style=\"font-family:Verdana,Geneva,sans-serif\"><span style=\"line-height:106%\"><font style=\"14pt\"><i>L. P. (Translated by I. A.)<\/i><\/font><\/span><\/span><\/span><\/span><\/p>\n<p><span style=\"color:#000000\"><strong><span style=\"font-size:16px\"><span style=\"font-family:Verdana,Geneva,sans-serif\">Books in Estonian<\/span><\/span><\/strong><\/span>\n<\/p>\n<p class=\"western\" style=\"margin-bottom:0.11in\" lang=\"et-EE\">\n\t<span style=\"color:#000000\"><span style=\"font-size:13px\"><span style=\"font-family:Verdana,Geneva,sans-serif\"><span style=\"line-height:106%\"><em><font style=\"14pt\"><b>Children\u2019s books<\/b><\/font><\/em><br><font style=\"14pt\"><strong>V\u00f5lur Sinku-Vinku ja n\u00f5iatrall<\/strong>. Tallinn: Varrak, 2008. 134 lk.<br><strong>K\u00fclaline Okidoki planeedilt<\/strong>. Tallinn: T\u00e4nap\u00e4ev, 2010. 76 lk.<br><strong>Ruubert, lohe ja laevapoisid<\/strong>. Tallinn: T\u00e4nap\u00e4ev, 2010. 160 lk.<br><strong>Tont ja mannapuder<\/strong>: naljajutud lastele. Tallinn: T\u00e4nap\u00e4ev, 2011. 140 lk.<br><strong>T\u00e4di hakkab tuuleloheks<\/strong>: vahvaid jutte lastele. Tallinn: T\u00e4nap\u00e4ev, 2012. 102 lk.<br><strong>Kass ja kinopilet<\/strong>: uued naljajutud lastele. Tallinn: T\u00e4nap\u00e4ev, 2013. 143 lk.<br><strong>Lepatriinu ja Pingviin<\/strong>. Tabasalu: Dolce Press, 2013. 47 lk.<br><strong>Postiljon ja kanad<\/strong>. Tallinn: P\u00e4ike ja Pilv, 2014. 21 lk.<br><strong>Kus on tuukri koduke?<\/strong>. Tabasalu: Dolce Press, 2015. 58 lk.<br><strong>Hiir, kes oskas v\u00f5\u00f5raid keeli<\/strong>. Tallinn: Dolce Press, 2016. 81 lk.<br><strong>Viiek\u00fc\u00fcruline kaamel ja teisi naljajutte<\/strong>. Tallinn: T\u00e4nap\u00e4ev, 2016. 95 lk.<br><strong>Banaan, j\u00e4\u00e4purikas ja h\u00e4daldaja kastan<\/strong>. Tallinn: T\u00e4nap\u00e4ev, 2018. 80 lk.<br><strong>Kaisa sada vanaisa<\/strong>. Tallinn: Rahva Raamat, 2018. 47 lk.<br><strong>Pannkoogid!<\/strong>: nalja ja naeruga. Tallinn: T\u00e4nap\u00e4ev, 2019. 83 lk.<br><strong>Kade lehm ja tige lumehang<\/strong>: jutud ja luuletused. Tallinn: Tallinna Keskraamatukogu, 2020. 66 lk.<br><strong>Tere-tere, t\u00e4heloomad!<\/strong>. Tallinn: Koolibri, 2020. 32 lk.<br><strong>Ulakas vorst ja nutitelefon<\/strong>. Tallinn: Pegasus, 2021. 134 lk.<\/font><\/span><\/span><\/span><\/span>\n<\/p>\n<p class=\"western\" style=\"margin-bottom:0.11in\" lang=\"et-EE\">\n\t<span style=\"color:#000000\"><span style=\"font-size:13px\"><span style=\"font-family:Verdana,Geneva,sans-serif\"><span style=\"line-height:106%\"><em><font style=\"14pt\"><b>Varia<\/b><\/font><\/em><br><font style=\"14pt\"><span style=\"font-weight:normal\">Markus Saksatamm, Andrei Ambros,<\/span><b> <\/b><strong>SOG: Eesti eri\u00fcksuse lugu: Andrei Ambrose m\u00e4lestused<\/strong>. Tallinn: Rahva Raamat, 2021. 232 lk.<\/font><\/span><\/span><\/span><\/span><\/p>\n","protected":false},"excerpt":{"rendered":"<p>Children\u2019s poems Children\u2019s stories \u00a0 Markus Saksatamm (real name Margus Eiche, born 28 January 1969) is a children\u2019s writer. He was born and grew up at Saku. His first book V\u00f5lur Sinku-Vinku and n\u00f5iatrall (\u2018Wizard Sinku-Vinku and Witches\u2019 Revelry\u2019) appeared &#8230;<\/p>\n","protected":false},"author":43,"featured_media":0,"parent":697,"menu_order":0,"comment_status":"closed","ping_status":"closed","template":"","meta":{"_acf_changed":false,"inline_featured_image":false,"footnotes":""},"class_list":["post-1304","page","type-page","status-publish","hentry"],"acf":[],"_links":{"self":[{"href":"https:\/\/sisu.ut.ee\/ewod\/wp-json\/wp\/v2\/pages\/1304","targetHints":{"allow":["GET"]}}],"collection":[{"href":"https:\/\/sisu.ut.ee\/ewod\/wp-json\/wp\/v2\/pages"}],"about":[{"href":"https:\/\/sisu.ut.ee\/ewod\/wp-json\/wp\/v2\/types\/page"}],"author":[{"embeddable":true,"href":"https:\/\/sisu.ut.ee\/ewod\/wp-json\/wp\/v2\/users\/43"}],"replies":[{"embeddable":true,"href":"https:\/\/sisu.ut.ee\/ewod\/wp-json\/wp\/v2\/comments?post=1304"}],"version-history":[{"count":1,"href":"https:\/\/sisu.ut.ee\/ewod\/wp-json\/wp\/v2\/pages\/1304\/revisions"}],"predecessor-version":[{"id":3770,"href":"https:\/\/sisu.ut.ee\/ewod\/wp-json\/wp\/v2\/pages\/1304\/revisions\/3770"}],"up":[{"embeddable":true,"href":"https:\/\/sisu.ut.ee\/ewod\/wp-json\/wp\/v2\/pages\/697"}],"wp:attachment":[{"href":"https:\/\/sisu.ut.ee\/ewod\/wp-json\/wp\/v2\/media?parent=1304"}],"curies":[{"name":"wp","href":"https:\/\/api.w.org\/{rel}","templated":true}]}}