{"id":1301,"date":"2024-04-03T23:41:07","date_gmt":"2024-04-03T20:41:07","guid":{"rendered":"https:\/\/sisu.ut.ee\/ewod\/poogelmann\/"},"modified":"2024-04-04T00:07:36","modified_gmt":"2024-04-03T21:07:36","slug":"poogelmann","status":"publish","type":"page","link":"https:\/\/sisu.ut.ee\/ewod\/p\/poogelmann\/","title":{"rendered":"Hans P\u00f6\u00f6gelmann"},"content":{"rendered":"<p>\n\t<span style=\"font-size:16px\"><span style=\"font-family:Verdana,Geneva,sans-serif\"><a href=\"https:\/\/sisu.ut.ee\/ewod\/p\/poogelmann\/poems\"><strong>Poems <\/strong><\/a><a href=\"https:\/\/sisu.ut.ee\/wp-content\/uploads\/sites\/108\/hans_poogelmann.jpg\" target=\"_self\" rel=\"noopener\"><img decoding=\"async\" alt=\"Hans P\u00f6\u00f6gelmann\" src=\"https:\/\/sisu.ut.ee\/wp-content\/uploads\/sites\/108\/hans_poogelmann.jpg\" style=\"float: right;width: 200px;height: 249px\"><\/a><\/span><\/span>\n<\/p>\n<p><span style=\"font-size:13px\"><span style=\"font-family:Verdana,Geneva,sans-serif\">Hans P\u00f6\u00f6gelmann (30.\/18. XII 1875 \u2013 27.I 1938) was a revolutionary who fought for Estonian\u2019s annexation by the Soviet Union. He wrote mainly political literature and poetry.<\/span><\/span>\n<\/p>\n<p>\n\t<span style=\"font-size:13px\"><span style=\"font-family:Verdana,Geneva,sans-serif\">He was born in Viljandi county. He studied at Tuhalaane, Paistu and the Alexander School in P\u00f5ltsamaa. He worked as a teacher and a postal official, then as a journalist at the <em>Postimees<\/em> newspaper. He had a geographically extensive and colourful life. At the beginning of the 20th century he was a tutor in Samara in Russia for some time, and then worked in the editorial office of the Tallinn journal <em>Teataja<\/em>. In 1903 he moved to Leipzig, where he studied at a commercial institute and attended lectures at the University of Leipzig. In Germany he came into closer contact with the works of Karl Marx and became a convinced Marxist and revolutionary. Coming to Estonia in 1906 he joined the revolutionary movement, and became a member of the Russian Social Democratic Labour Party. He worked for a while in the editorial offices of <em>Teataja<\/em>, as a lecturer in Nizhni Novgorod, and thereafter in the offices of the journals <em>S\u00f5numed<\/em> and <em>Hommik<\/em> in Estonia. From the autumn of 1907 he lived in exile in Helsinki, London and Paris, where he attended lectures at the Sorbonne. The next year he returned to his homeland, and after being arrested he was exiled to Narym in Siberia. In 1911 he escaped and travelled to the USA, where, among other things, he edited the Estonian-language leftist newspaper <em>Uus Ilm<\/em> (\u2018New World\u2019) from 1911 to 1917. After returning to Estonia he worked in the editorial offices of left-wing newspapers; he was a member of the Estonian Soviet Executive Committee. During the German occupation in 1918 he went to Russia. He was a participant in the Estonian Provisional Revolutionary Committee set up in Petrograd, and the Soviet of the Commune of the Working People of Estonia declared in Narva in 1918. He remained in Soviet Russia, participating in the formative congress of the Comintern in 1919; in the early nineteen-twenties he was on its executive committee, and from 1924 to 1928 on its International Control Commission. From 1920 he was a member of the Central Committee of the Estonian Communist Party. From 1923 to 1938 he lived and worked in the USSR. He worked as a lecturer and edited various publications, translating Marxist literature into Estonian. In the Stalinist repressions of the late nineteen-thirties in Soviet Russia he was arrested and killed. He was buried in St. Petersburg [Leningrad].<\/span><\/span>\n<\/p>\n<p>\n\t<span style=\"font-size:13px\"><span style=\"font-family:Verdana,Geneva,sans-serif\">The first poems by one of the ideologues of the Estonian revolutionary movement appeared in the newspaper <em>Sakala<\/em> in 1897-1898. Poetry was also published in the album <em>Kiired<\/em> (\u2018Rays\u2019) I and II (both 1901). He began with realistic poems typical of their time; acquaintance with Marxism changed the themes of his poetry fundamentally, bringing in the class struggle. The poetry written in the Soviet period is striking for its negative attitude to the Republic of Estonia. His poetry is collected in the volumes <em>Luuletused<\/em> (\u2018Poems\u2019, 1957) and <em>\u00dclesh\u00fc\u00fce<\/em> (\u2018Outcry\u2019, 1988). He translated several revolutionary songs into Estonian, among them The Internationale and The Marseillaise.<\/span><\/span>\n<\/p>\n<p>\n\t<span style=\"font-size:13px\"><span style=\"font-family:Verdana,Geneva,sans-serif\">As a commentator he dealt with economic questions from a Marxist viewpoint (for example <em>Majandusteaduse \u00f5petus<\/em> \u2013 \u2018Lessons in economics\u2019, I and II, 1907-1908) and revolutionary events and the class struggle, for example <em>Klassiv\u00f5itluse ajalugu<\/em> (\u2018History of the Class Struggle\u2019, 1929), <em>Marx ja marksism Eestis<\/em> (\u2018Marx and Marxism in Estonia\u2019, 1933), <em>Enamlus ja v\u00e4hemlus Eestis 1905. a.<\/em> (\u2018Bolshevism and Menshevism in Estonia in 1905\u2019, 1933). He also published literary criticism on a Marxist basis in the collection <em>Kirjanduslikult rindelt<\/em> (\u2018From the Literary Front Line\u2019, 1933). His commentaries are gathered in <em>Valitud teosed<\/em> (\u2018Selected works\u2019 I \u2013 V, 1974-1982).<\/span><\/span>\n<\/p>\n<p>\n\t<span style=\"font-size:13px\"><span style=\"font-family:Verdana,Geneva,sans-serif\"><em>A. K. (Translated by C. M.)<\/em><\/span><\/span>\n<\/p>\n<p><strong><span style=\"font-size:16px\"><span style=\"font-family:Verdana,Geneva,sans-serif\">Books in Estonian<\/span><\/span><\/strong>\n<\/p>\n<p>\n\t<span style=\"font-size:13px\"><span style=\"font-family:Verdana,Geneva,sans-serif\"><strong><em>Poetry<\/em><\/strong><br>H. Rooskaja, <strong>J\u00e4medad jooned<\/strong>. Tallinn: M\u00f5te, 1910, 32 lk.<br><strong>Kevadetuuled<\/strong>. Leningrad: K\u00fclvaja, 1926, 120 lk.<br><strong>Neile, kes \u201elangesid v\u00f5itluses vendade eest\u201c<\/strong>. Moskva, Leningrad: V\u00e4lismaat\u00f6\u00f6liste Kirjastus\u00fchisus NSV Liidus, 1936, 43 lk.<br><strong>Luuletused<\/strong>. Tallinn: Eesti Riiklik Kirjastus, 1957, 220 lk.<br><strong>\u00dclesh\u00fc\u00fce<\/strong>. Tallinn: Eesti Raamat, 1988, 157 lk.<\/span><\/span>\n<\/p>\n<p>\n\t<span style=\"font-size:13px\"><span style=\"font-family:Verdana,Geneva,sans-serif\"><strong><em>Stories<\/em><\/strong><br><strong>Viletsuse ohver<\/strong>: jutustus rahva elust. Jurjev: J. T\u00f5nnishof ja T. Kukk, 1900, 42 lk.<\/span><\/span>\n<\/p>\n<p>\n\t<span style=\"font-size:13px\"><span style=\"font-family:Verdana,Geneva,sans-serif\"><strong><em>Non-fiction<\/em><\/strong><br><strong>Majandusteaduse \u00f5petus<\/strong>. Peterburi: Edu, 1907-1908, 459 lk.<br>J. Vinnaja, <strong>Palgat\u00f6\u00f6line ja elu-\u00fclespidamine<\/strong>. Tallinn: Puidut\u00f6\u00f6liste \u00fchisus, 1908, 68 lk.<br>J. Vinnaja, <strong>Proletariat ja haigus<\/strong>. Tallinn: T\u00f6\u00f6, 1908, 31 lk.<br><strong>Alkoholismus kui \u00fchiselu paise<\/strong>. Tartu, 1912, 130 lk.<br><strong>Asutav Kogu ja rahvavalitsus<\/strong>. Tallinn: Edasi, 1917, 32 lk.<br><strong>Tumedatel tundidel\u2026: m\u00f5tisklus<\/strong>. Tallinn: Tapper, 1917, 15 lk.<br><strong>Vaba Eesti: M\u00e4rgukiri Eesti Asutava Kogu valijatele<\/strong>. Tallinn: 1917\/1918, 32 lk.<br><strong>Eesti tulevik<\/strong>. Peterburi: Venemaa Kommunistilise (enamlaste) Partei Eesti Osakondade Keskkomitee, 1918, 32 lk.<br><strong>Karl Marxi m\u00e4lestuseks 1818-1918<\/strong>. Peterburi: Venemaa Kommunistiline (enamlaste) Partei Eesti Osakondade Keskkomitee, 1918, 32 lk.<br><strong>Mis vaheajal s\u00fcndis: teejuhiks s\u00f5javangist tagasitulijatele<\/strong>. Peterburi: Venemaa Kommunistiline (enamlaste) Partei Eesti Osakondade Keskkomitee, 1918, 32 lk.<br><strong>M\u00f5ned p\u00f5hijooned majanduslise elu korraldamiseks Eesti t\u00f6\u00f6rahva n\u00f5ukogude vabariigis<\/strong>. Peterburi: Kommunistilise partei Eesti kk. Venem. B\u00fcroo, 1919, 29 lk.<br><strong>\u00c4\u00e4rem\u00e4rkused Venemaa Kommunistilise Partei programmi juure<\/strong>. Peterburi: Kommunistilise Partei Eesti Keskkomitee Venemaa b\u00fcroo, 1919, 11 lk.<br><strong>\u00dchtlane elamisraha: \u00fcks kommunismuse nurgakividest<\/strong>. Peterburi: Eesti T\u00f6\u00f6rahva Kommuuna kultuura ja ariduse valitsus, 1919, 14 lk.<br><strong>1871-1921: Pariisi Kommuuna 50-ks aastap\u00e4evaks<\/strong>. Peterburi: Eestimaa Kommunistilise Partei keskkomitee, 1922, 48 lk.<br><strong>Sini-must-valge lipu all<\/strong>. Peterburi: Kom. Internats. Eesti Sektsioon, 1923, 48 lk.<br><strong>Viktor Kingissepp: elu ja tegevus<\/strong>. Peterburi: Kommunistilise Internatsionaali Eesti osakond, 1923, 63 lk.<br><strong>Ferdinand Lassalle: 11.4.1825-31.8.1864<\/strong>. Leningrad: K\u00fclvaja, 1925, 30 lk.<br><strong>Klassiv\u00f5itluse ajalugu: l\u00fchike kokkuv\u00f5te<\/strong>. Leningrad: K\u00fclvaja, 1928, 175 lk.<br><strong>Majandusline kriis Eestis<\/strong>. Leningrad: K\u00fclvaja, 1932, 57 lk.<br><strong>Enamlus ja v\u00e4hemlus Eestis 1905. a<\/strong>. Leningrad: K\u00fclvaja, 1933, 83 lk.<br><strong>Kirjanduslikult rindelt<\/strong>. Leningrad: K\u00fclvaja, 1933, 111 lk.<br><strong>Kaks aastat faschistlikku diktatuuri Eestis<\/strong>. Moskva, Leningrad: V\u00e4lismaat\u00f6\u00f6liste Kirjastus\u00fchisus NSV Liidus, 1936, 107 lk.<br><strong>1917. aasta revolutsioon Eestis<\/strong>. Tallinn: Eesti Raamat, 1965, 64 lk.<\/span><\/span>\n<\/p>\n<p>\n\t<span style=\"font-size:13px\"><span style=\"font-family:Verdana,Geneva,sans-serif\"><strong><em>Selected works<\/em><\/strong><br><strong>Valitud teosed 1. kd. 1895-1917<\/strong>. Tallinn: Eesti Raamat, 1974, 604 lk.<br><strong>Valitud teosed 2. kd. 1917-1919<\/strong>. Tallinn: Eesti Raamat, 1975, 412 lk.<br><strong>Valitud teosed 3. kd. 1919-1925<\/strong>. Tallinn: Eesti Raamat, 1976, 652 lk.<br><strong>Valitud teosed 4. kd. 1925-1932<\/strong>. Tallinn: Eesti Raamat, 1980, 442 lk.<br><strong>Valitud teosed 5. kd. 1933-1937<\/strong>. Tallinn: Eesti Raamat, 1982, 488 lk.<\/span><\/span>\n<\/p>\n<p>\n\t<span style=\"font-size:13px\"><span style=\"font-family:Verdana,Geneva,sans-serif\"><strong><em>About Hans P\u00f6\u00f6gelmann<\/em><\/strong><br>E. Plotnik, <strong>Hans P\u00f6\u00f6gelmann 1: elu ja tegevus 1875-1919<\/strong>. Monograafia. Tallinn: Eesti Raamat, 1965, 351 lk.<br>E. Plotnik, <strong>Hans P\u00f6\u00f6gelmann 2: elu ja tegevus 1919-1938<\/strong>. Monograafia. Tallinn: Eesti Raamat, 1975, 369 lk.<\/span><\/span>\n<\/p>\n<p>\n\t\u00a0<\/p>\n","protected":false},"excerpt":{"rendered":"<p>Poems Hans P\u00f6\u00f6gelmann (30.\/18. XII 1875 \u2013 27.I 1938) was a revolutionary who fought for Estonian\u2019s annexation by the Soviet Union. He wrote mainly political literature and poetry. He was born in Viljandi county. He studied at Tuhalaane, Paistu and &#8230;<\/p>\n","protected":false},"author":43,"featured_media":0,"parent":675,"menu_order":0,"comment_status":"closed","ping_status":"closed","template":"","meta":{"_acf_changed":false,"inline_featured_image":false,"footnotes":""},"class_list":["post-1301","page","type-page","status-publish","hentry"],"acf":[],"_links":{"self":[{"href":"https:\/\/sisu.ut.ee\/ewod\/wp-json\/wp\/v2\/pages\/1301","targetHints":{"allow":["GET"]}}],"collection":[{"href":"https:\/\/sisu.ut.ee\/ewod\/wp-json\/wp\/v2\/pages"}],"about":[{"href":"https:\/\/sisu.ut.ee\/ewod\/wp-json\/wp\/v2\/types\/page"}],"author":[{"embeddable":true,"href":"https:\/\/sisu.ut.ee\/ewod\/wp-json\/wp\/v2\/users\/43"}],"replies":[{"embeddable":true,"href":"https:\/\/sisu.ut.ee\/ewod\/wp-json\/wp\/v2\/comments?post=1301"}],"version-history":[{"count":1,"href":"https:\/\/sisu.ut.ee\/ewod\/wp-json\/wp\/v2\/pages\/1301\/revisions"}],"predecessor-version":[{"id":3767,"href":"https:\/\/sisu.ut.ee\/ewod\/wp-json\/wp\/v2\/pages\/1301\/revisions\/3767"}],"up":[{"embeddable":true,"href":"https:\/\/sisu.ut.ee\/ewod\/wp-json\/wp\/v2\/pages\/675"}],"wp:attachment":[{"href":"https:\/\/sisu.ut.ee\/ewod\/wp-json\/wp\/v2\/media?parent=1301"}],"curies":[{"name":"wp","href":"https:\/\/api.w.org\/{rel}","templated":true}]}}