{"id":1300,"date":"2024-04-03T23:41:06","date_gmt":"2024-04-03T20:41:06","guid":{"rendered":"https:\/\/sisu.ut.ee\/ewod\/novels-et-69\/"},"modified":"2024-04-04T00:07:40","modified_gmt":"2024-04-03T21:07:40","slug":"novels","status":"publish","type":"page","link":"https:\/\/sisu.ut.ee\/ewod\/h\/henno\/novels\/","title":{"rendered":"Sass Henno &#8211; novels"},"content":{"rendered":"<p><span style=\"font-family: verdana, geneva;font-size: medium\"><strong>Books<\/strong><\/span><\/p>\n<p><span style=\"font-family: verdana,geneva\"><strong><em>Hungarian<\/em><\/strong><\/span><br><span style=\"font-family: verdana,geneva\"><strong>Itt j\u00e1rtam: az els\u0151 letart\u00f3ztat\u00e1s<\/strong>. Translated by N\u00f3ra R\u00e1cz. Budapest: Silenos, 2010, 196 pp. [Translation of \u2018Mina olin siin: esimene arest\u2019.]<\/span><\/p>\n<p><span style=\"font-family: verdana,geneva\"><em><strong>Macedonian<\/strong><\/em><br><strong>J\u0430\u0441 \u0431\u0435\u0432 \u0442\u0443\u043a\u0430<\/strong>. \u041f\u0440\u0435\u0432\u043e\u0434 \u043e\u0434 \u0440\u0443\u0441\u043a\u0438 \u0403\u043e\u0440\u0453\u0438 \u041a\u0440\u0441\u0442\u0435\u0432\u0441\u043a\u0438. \u0421\u043a\u043e\u043fj\u0435: \u0410\u043d\u0442\u043e\u043b\u043e\u0433, 2015, 198 pp. [\u2019Mina olin siin: esimene arest\u2019.]<br><\/span><\/p>\n","protected":false},"excerpt":{"rendered":"<p>Books HungarianItt j\u00e1rtam: az els\u0151 letart\u00f3ztat\u00e1s. Translated by N\u00f3ra R\u00e1cz. Budapest: Silenos, 2010, 196 pp. [Translation of \u2018Mina olin siin: esimene arest\u2019.] MacedonianJ\u0430\u0441 \u0431\u0435\u0432 \u0442\u0443\u043a\u0430. \u041f\u0440\u0435\u0432\u043e\u0434 \u043e\u0434 \u0440\u0443\u0441\u043a\u0438 \u0403\u043e\u0440\u0453\u0438 \u041a\u0440\u0441\u0442\u0435\u0432\u0441\u043a\u0438. \u0421\u043a\u043e\u043fj\u0435: \u0410\u043d\u0442\u043e\u043b\u043e\u0433, 2015, 198 pp. [\u2019Mina olin siin: esimene arest\u2019.]<\/p>\n","protected":false},"author":43,"featured_media":0,"parent":1283,"menu_order":0,"comment_status":"closed","ping_status":"closed","template":"","meta":{"_acf_changed":false,"inline_featured_image":false,"footnotes":""},"class_list":["post-1300","page","type-page","status-publish","hentry"],"acf":[],"_links":{"self":[{"href":"https:\/\/sisu.ut.ee\/ewod\/wp-json\/wp\/v2\/pages\/1300","targetHints":{"allow":["GET"]}}],"collection":[{"href":"https:\/\/sisu.ut.ee\/ewod\/wp-json\/wp\/v2\/pages"}],"about":[{"href":"https:\/\/sisu.ut.ee\/ewod\/wp-json\/wp\/v2\/types\/page"}],"author":[{"embeddable":true,"href":"https:\/\/sisu.ut.ee\/ewod\/wp-json\/wp\/v2\/users\/43"}],"replies":[{"embeddable":true,"href":"https:\/\/sisu.ut.ee\/ewod\/wp-json\/wp\/v2\/comments?post=1300"}],"version-history":[{"count":1,"href":"https:\/\/sisu.ut.ee\/ewod\/wp-json\/wp\/v2\/pages\/1300\/revisions"}],"predecessor-version":[{"id":3787,"href":"https:\/\/sisu.ut.ee\/ewod\/wp-json\/wp\/v2\/pages\/1300\/revisions\/3787"}],"up":[{"embeddable":true,"href":"https:\/\/sisu.ut.ee\/ewod\/wp-json\/wp\/v2\/pages\/1283"}],"wp:attachment":[{"href":"https:\/\/sisu.ut.ee\/ewod\/wp-json\/wp\/v2\/media?parent=1300"}],"curies":[{"name":"wp","href":"https:\/\/api.w.org\/{rel}","templated":true}]}}