{"id":1292,"date":"2024-04-03T23:41:06","date_gmt":"2024-04-03T20:41:06","guid":{"rendered":"https:\/\/sisu.ut.ee\/ewod\/about-et-115\/"},"modified":"2024-04-04T00:07:38","modified_gmt":"2024-04-03T21:07:38","slug":"about","status":"publish","type":"page","link":"https:\/\/sisu.ut.ee\/ewod\/h\/henno\/about\/","title":{"rendered":"Sass Henno &#8211; about"},"content":{"rendered":"<p><span style=\"font-size: medium\"><strong><span style=\"font-family: verdana,geneva\">Reviews<\/span><\/strong><\/span><\/p>\n<p><strong><em><span style=\"font-family: verdana,geneva\">English<br><\/span><\/em><\/strong><span style=\"font-family: verdana,geneva\">Rutt Hinrikus, Janika Kronberg, <a href=\"http:\/\/elm.estinst.ee\/issue\/21\/short-outlines-books-estonian-authors\/\" target=\"_blank\" rel=\"noopener\"><strong>Short Outlines of Books by Estonian Authors<\/strong><\/a>. \u2013 Estonian Literary Magazine, no 21, 2005. [About \u2019Mina olin siin: esimene arest\u2019 (\u2019I Was Here: The First Arrest\u2019).]<\/span><strong><em><span style=\"font-family: verdana,geneva\"><br><\/span><\/em><\/strong><\/p>\n<p><strong><em><span style=\"font-family: verdana,geneva\">Hungarian<\/span><\/em><\/strong><br><span style=\"font-family: verdana,geneva\">Gergely L\u0151rincz, <strong>\u00c9szt alvil\u00e1g<\/strong>. \u2013 Prae, no 3, 2010, pp 136-139. [About \u2018Itt j\u00e1rtam: az els\u0151 letart\u00f3ztat\u00e1s\u2019 (\u2018Mina olin siin: esimene arest\u2019). <span>See\u00a0<\/span><a href=\"https:\/\/sisu.ut.ee\/ewod\/anthologies\/prae\"><strong>contents<\/strong><\/a><span>\u00a0of the special edition of Estonian literature<\/span><span>.<\/span>]<\/span><\/p>\n","protected":false},"excerpt":{"rendered":"<p>Reviews EnglishRutt Hinrikus, Janika Kronberg, Short Outlines of Books by Estonian Authors. \u2013 Estonian Literary Magazine, no 21, 2005. [About \u2019Mina olin siin: esimene arest\u2019 (\u2019I Was Here: The First Arrest\u2019).] HungarianGergely L\u0151rincz, \u00c9szt alvil\u00e1g. \u2013 Prae, no 3, 2010, &#8230;<\/p>\n","protected":false},"author":43,"featured_media":0,"parent":1283,"menu_order":0,"comment_status":"closed","ping_status":"closed","template":"","meta":{"_acf_changed":false,"inline_featured_image":false,"footnotes":""},"class_list":["post-1292","page","type-page","status-publish","hentry"],"acf":[],"_links":{"self":[{"href":"https:\/\/sisu.ut.ee\/ewod\/wp-json\/wp\/v2\/pages\/1292","targetHints":{"allow":["GET"]}}],"collection":[{"href":"https:\/\/sisu.ut.ee\/ewod\/wp-json\/wp\/v2\/pages"}],"about":[{"href":"https:\/\/sisu.ut.ee\/ewod\/wp-json\/wp\/v2\/types\/page"}],"author":[{"embeddable":true,"href":"https:\/\/sisu.ut.ee\/ewod\/wp-json\/wp\/v2\/users\/43"}],"replies":[{"embeddable":true,"href":"https:\/\/sisu.ut.ee\/ewod\/wp-json\/wp\/v2\/comments?post=1292"}],"version-history":[{"count":1,"href":"https:\/\/sisu.ut.ee\/ewod\/wp-json\/wp\/v2\/pages\/1292\/revisions"}],"predecessor-version":[{"id":3779,"href":"https:\/\/sisu.ut.ee\/ewod\/wp-json\/wp\/v2\/pages\/1292\/revisions\/3779"}],"up":[{"embeddable":true,"href":"https:\/\/sisu.ut.ee\/ewod\/wp-json\/wp\/v2\/pages\/1283"}],"wp:attachment":[{"href":"https:\/\/sisu.ut.ee\/ewod\/wp-json\/wp\/v2\/media?parent=1292"}],"curies":[{"name":"wp","href":"https:\/\/api.w.org\/{rel}","templated":true}]}}