{"id":1284,"date":"2024-04-03T23:41:05","date_gmt":"2024-04-03T20:41:05","guid":{"rendered":"https:\/\/sisu.ut.ee\/ewod\/jakobliiv\/"},"modified":"2024-04-04T00:07:40","modified_gmt":"2024-04-03T21:07:40","slug":"jakobliiv","status":"publish","type":"page","link":"https:\/\/sisu.ut.ee\/ewod\/l\/jakobliiv\/","title":{"rendered":"Jakob Liiv"},"content":{"rendered":"<p>\n\t<span style=\"font-family: verdana, geneva;font-size: medium\"><a href=\"https:\/\/sisu.ut.ee\/ewod\/l\/jakobliiv\/poems\"><strong><span data-mce-mark=\"1\">Poems<\/span><\/strong><\/a><a href=\"\/wp-content\/uploads\/sites\/108\/liiv_jakob.jpg\"><strong><span data-mce-mark=\"1\"><img loading=\"lazy\" decoding=\"async\" alt=\"Jakob Liiv\" height=\"313\" src=\"\/wp-content\/uploads\/sites\/108\/liiv_jakob.jpg\" style=\"float: right\" width=\"200\"><\/span><\/strong><\/a><\/span>\n<\/p>\n<p>\n\t<span style=\"font-family: verdana, geneva;font-size: medium\"><a href=\"https:\/\/sisu.ut.ee\/ewod\/l\/jakobliiv\/plays\"><strong><span data-mce-mark=\"1\">Plays<\/span><\/strong><\/a><\/span>\n<\/p>\n<p>\n\t<span style=\"font-family:Verdana,Geneva,sans-serif\"><strong><span style=\"font-size:16px\"><a data-url=\"https:\/\/sisu.ut.ee\/ewod\/l\/jakobliiv\/about\" href=\"https:\/\/sisu.ut.ee\/ewod\/l\/jakobliiv\/about\" title=\"\">About Jakob Liiv<\/a><\/span><\/strong><\/span><\/p>\n<p><span style=\"font-family: verdana, geneva;font-size: medium\"><span data-mce-mark=\"1\"><span style=\"font-size: small\">Jakob Liiv (28. II 1859 \u2013 17. I 1938), the elder brother of the renowned Estonian poet Juhan Liiv, was a poet, playwright and prose writer. He was born in Alatskivi parish in Tartu county, studied at Naelavere village school and Kodavere district school, and passed the elementary school teaching exam at the Hollmann College in Tartu in 1897. He then worked for a lengthy period as a teacher, mostly at Triigi-Avispea school in V\u00e4ike-Maarja parish in L\u00e4\u00e4ne-Virumaa county. There he emerged as an eminent public figure who gathered around him writers who were living long- or short-term in the area (known as the \u201cParnassus of V\u00e4ike-Maarja\u201d). In 1901 he gave up his school work and ran a book shop in the small town of V\u00e4ike-Maarja. In 1913 he moved to the town of Rakvere where he worked as a bank clerk for several years and edited a local newspaper for some time. As a member of the Estonian Labour Party, founded in 1917, he was the mayor of Rakvere from 1919\u20131921. Afterwards he worked as a primary school teacher in Rakvere until his retirement and participated actively in Rakvere cultural life, being one of the initiators of the creation and construction of Rakvere Theatre. He died in Rakvere in 1938. <\/span><\/span><br><span data-mce-mark=\"1\"><span style=\"font-size: small\">\u00a0<\/span><br><span style=\"font-size: small\">Jakob Liiv became interested in reading and writing poetry thanks to the book-loving and at the same time Estonian national spirit nurtured by the teachers at Kodavere school. In the early 1880s his poems started to appear in the press, and in 1886 he published his first poetry collection <em>Viru kannel<\/em> (\u2018Viru lyre\u2019) which was followed by three more collections of lyrics at the end of the century and a couple of longer epic poems (\u201c<em>lugulaulud<\/em>\u201d or \u201cstorysongs\u201d) in separate volumes. The best known of these is <em>K\u00f5rbel\u00f5vi<\/em> (\u2018Desert Lion\u2019, 1898), which is based on Arabic subject matter and is an allegorical depiction of the fight between the two opposing factions of the national movement and their leaders. A large part of his poetry of this period is collected in the publication <em>Jakob Liivi kirjat\u00f6\u00f6d I\u2013II<\/em> (\u2018Jakob Liiv\u2019s Writings I\u2013II\u2019, 1909\u20131910), which was supplemented by the selection <em>L\u00fc\u00fcrilised laulud<\/em> (\u2018Lyrical Songs\u2019, 1929). Liiv published the poems written in his old age in the collection <em>P\u00e4ikese veerul<\/em> (\u2018On the Sun\u2019s slope\u2019, 1933). An example of his later work is the poem <em>Revolutsioon<\/em> (\u2018Revolution\u2019, I: 1927, II: 1937), which is based on Bible motifs. <\/span><br><span style=\"font-size: small\">\u00a0<\/span><br><span style=\"font-size: small\">In keeping with post-Romanticism, the subject matter of Liiv\u2019s early poems is predominantly home, nature and love; the tone is mostly one of longing and melancholy. The poetry of his more mature years reflects more of his contemporary reality, primarily problems related to the russification policies of the tsarist government. The author\u2019s individual writing style inclines towards the rational epic and frequent use of allegory. A contemplative, common sensical view is also evident in his later nature poetry. More emotional are the images from his childhood landscapes by the shores of Lake Peipus. Liiv\u2019s poetic use of language tends to be flowing and formally elaborate; he became one of the most important practitioners of the sonnet in early Estonian poetry. \u00a0<\/span><br><span style=\"font-size: small\">\u00a0<\/span><br><span style=\"font-size: small\">Liiv was a prolific playwright: if we include his plays for children and texts in manuscript form, his dramatic works come to twenty titles. His debut play, <em>T\u00fchjale maale<\/em> (\u2018To the Empty Land\u2019), which deals with the emigration of farmers from Estonia, was completed at the end of the 1880s. This and other important plays such as the historical drama in verse <em>Ordumeister<\/em> (\u2018The Master of the Order\u2019) and the satirical village comedy <em>Kolmat aega vallavanem<\/em> (\u2018Third-Term Parish Elder\u2019) were published much later because of censorship, which diminished their novelty value and restricted their staging opportunities. Liiv also wrote short prose pieces on topical subject matter but of modest achievement which were compiled into a three-volume collection <em>Vihud<\/em> (\u2018Notebooks\u2019, 1901\u20131908). Of greater significance is his later autobiographical prose: the collection of short stories, <em>M\u00e4lestusi l\u00fchijuttudes<\/em> (\u2018Memories in Short Stories\u2019, 1938) and above all the autobiography, <em>Elu ja m\u00e4lestusi<\/em> (\u2018Life and Memories\u2019, 1936; reprint 2008). <\/span><\/span><\/span><\/p>\n<p><span style=\"font-size: small\"><em>E. S. (Translated by M. M.-K.)<\/em><\/span>\n<\/p>\n<p><span style=\"font-family: verdana, geneva;font-size: medium\"><strong><span data-mce-mark=\"1\">Books in Estonian<\/span><\/strong><\/span>\n<\/p>\n<p>\n\t<span data-mce-mark=\"1\" style=\"font-size: small;font-family: verdana, geneva\"><span data-mce-mark=\"1\" style=\"font-size: small\"><strong><em><span data-mce-mark=\"1\" style=\"font-size: small\">Poems<\/span><\/em><\/strong><br><strong>Wiru-Kannel. I. jagu<\/strong>. Luuletanud Jakob Liiw. Tallinn: M. Leppik, 1886, 54 lk.<br><strong>Wiru-Kannel. II. anne<\/strong>. Jakob Liiw\u2019i laulud. Rakvere: N. Erna, 1891. 102 lk.<br><strong>Leina-lilled<\/strong>. Kimbuks k\u00f6itnud Jakob Liiw. Jurjev: 1894, 15 lk.<br><strong>K\u00f5rbel\u00f5wi<\/strong>. Luuletanud Jakob Liiw. Jurjev: Postimees, 1898, 62 lk.<br><strong>Wiru-Kandle III. anne<\/strong>. Jakob Liiw\u2019i Laulud. Tallinn: Uus Aeg, 1900, 83 lk.<br><strong>P\u00fcha kuju<\/strong>. Jakob Liiwi lugulaul. Tallinn: G. Pihlakas, 1900, 32 lk.<br><strong>Waimude org<\/strong>. Jakob Liiwi luulelugu. Tallinn: 1906, 15 lk.<br><strong>Jakob Liiw\u2019i kirjat\u00f6\u00f6d. I. anne, Laulud<\/strong>. Tallinn: 1906, 250 lk.<br><strong>Jakob Liiw\u2019i kirjat\u00f6\u00f6d. II. anne, Lugulaulud<\/strong>. Tallinn: 1910, 296 lk. [2. tr\u00fckk: Tallinn: 1918.]<br><strong>Revolutsioon<\/strong>. Tartu: Noor-Eesti, 1927, 63 lk.<br><strong>L\u00fc\u00fcrilised laulud<\/strong>. Tartu: Eesti Kirjanduse Selts, 1929, 367 lk.<br><strong>P\u00e4ikese veerul<\/strong>. Rakvere: J. Liiv, 1933, 80 lk.<br><strong>Revolutsioon. II<\/strong>. Tartu: Noor-Eesti, 1937, 108 lk.<\/span><\/span>\n<\/p>\n<p>\n\t<span data-mce-mark=\"1\" style=\"font-size: small;font-family: verdana, geneva\"><span data-mce-mark=\"1\" style=\"font-size: small\"><strong><em>Plays<\/em><\/strong><br><strong>\u00d5nne otsijad<\/strong>. Wiie j\u00e4rguline n\u00e4item\u00e4ng. Rakvere: N. Erna, 1901, 64 lk.<br><strong>Musti lell ehk Isand Kibe kimbatus<\/strong>. Naljam\u00e4ng kahes waatuses. Rakvere: N. Erna, 1901, 48 lk.<br><strong>Kolmat aega wallawanem<\/strong>. Wiiej\u00e4rguline n\u00e4item\u00e4ng. Jurjev 1904. 64 lk. [2., muudetud tr\u00fckk: Kolmat aega wallavanem: Rahwat\u00fckk kolmes waatuses. Viljandi: H. Leoke, 1914, 74 lk.]<br><strong>Halastaja \u00f5de<\/strong>. Neljaj\u00e4rguline n\u00e4item\u00e4ng. Jurjev: 1904, 80 lk.<br><strong>Ordumeister<\/strong>. Jakob Liiwi wiiej\u00e4rguline kurbm\u00e4ng. Jurjev: J. Liiv, 1905, 123 lk.<br><strong>Pahased naabrid<\/strong>. Jakob Liiw\u2019i kolmej\u00e4rguline n\u00e4item\u00e4ng Johan Liiwi sellesama nimelise jutukese ainetel. V\u00e4ike-Maarja: J. Liiv, 1906, 40 lk.<br><strong>T\u00fchjale maale<\/strong>. Jakob Liiw\u2019i wiiej\u00e4rguline n\u00e4item\u00e4ng. Tartu: Hermann, 1910, 87 lk.<br><strong>Pilved<\/strong>. L\u00f5bum\u00e4ng kolmes waatuses. Viljandi: H. Leoke, 1912, 67 lk.<br><strong>Ware<\/strong>. Neljawaatusline kurbm\u00e4ng. Viljandi: H. Leoke, 1913, 79 lk.<br><strong>Obligatsioon<\/strong>. Draama 3 j\u00e4rgus. Tallinn: 1921, 95 lk.<br><strong>Marjulised<\/strong>. \u00dchej\u00e4rguline laste n\u00e4idend. Tallinn: Kool, 1922, 32 lk.<br><strong>Ust, \u00f5ue!<\/strong>. Kolmewaatuseline n\u00e4idend lastele. Tallinn: Kool, 1922, 71 lk.<br><strong>Kullaketrajad<\/strong>. Kahej\u00e4rguline lasten\u00e4idend. Tallinn: T. Mutsu, 1924, 49 lk.<br><strong>Omad vitsad<\/strong>. Tartu: S\u00f5navara, 1925, 48 lk.<br><strong>\u00dclemiste haldjas<\/strong>. Dramaatiline luulelugu vabaduse s\u00f5jap\u00e4evilt. Rakvere: 1931, 60 lk.<\/span><\/span>\n<\/p>\n<p>\n\t<span data-mce-mark=\"1\" style=\"font-size: small;font-family: verdana, geneva\"><span data-mce-mark=\"1\" style=\"font-size: small\"><strong><em>Short stories<\/em><\/strong><br><strong>Musti lell<\/strong>. Jakob Liiw\u2019i jutustus. Rakvere: N. Erna, 1899, 58 lk.<br><strong>Puujala Mats<\/strong>. Jakob Liiw\u2019i jutustus. Rakvere: N. Erna, 1899, 77 lk.<br><strong>Wihud, I. parmas<\/strong>. Kodumaa nurmedelt p\u00f5iminud Jakob Liiw. Rakvere: N. Erna, 1901, 140 lk.<br><strong>Wihud, II. parmas<\/strong>. Rakvere: N. Erna, 1903, 132 lk.<br><strong>Wihud, III. parmas<\/strong>. Tallinn: G. Pihlakas, 1908, 230 lk.<br><strong>M\u00e4lestusi l\u00fchijuttudes<\/strong>. Tartu: Noor-Eesti, 1938, 218 lk.<\/span><\/span>\n<\/p>\n<p>\n\t<span data-mce-mark=\"1\" style=\"font-size: small;font-family: verdana, geneva\"><span data-mce-mark=\"1\" style=\"font-size: small\"><strong><em>Non-fiction<\/em><br>Elu ja m\u00e4lestusi<\/strong>. Tartu: Noor-Eesti, 1936, 262 lk. [2. tr\u00fckk: Tartu: Ilmamaa, 2016 (saates\u00f5na Hando Runnel).]<\/span><\/span>\n<\/p>\n<p>\n\t<span style=\"font-family: verdana, geneva\"><span data-mce-mark=\"1\" style=\"font-size: small\"><span data-mce-mark=\"1\" style=\"font-size: small\"><span data-mce-mark=\"1\" style=\"font-size: small\"><span data-mce-mark=\"1\" style=\"font-size: small\"><strong><em>Selected works<\/em><\/strong><br><strong>Valitud teosed<\/strong>. Koostanud [ja eess\u00f5na] Oskar Kuningas. <\/span><span data-mce-mark=\"1\" style=\"font-size: small\">Tallinn<\/span><span data-mce-mark=\"1\" style=\"font-size: small\">: Eesti Riiklik Kirjastus, 1960,\u00a0<\/span><\/span><\/span><\/span><span data-mce-mark=\"1\" style=\"font-size: small\">407 lk.<\/span><\/span><\/p>\n","protected":false},"excerpt":{"rendered":"<p>Poems Plays About Jakob Liiv Jakob Liiv (28. II 1859 \u2013 17. I 1938), the elder brother of the renowned Estonian poet Juhan Liiv, was a poet, playwright and prose writer. He was born in Alatskivi parish in Tartu county, &#8230;<\/p>\n","protected":false},"author":43,"featured_media":0,"parent":631,"menu_order":0,"comment_status":"closed","ping_status":"closed","template":"","meta":{"_acf_changed":false,"inline_featured_image":false,"footnotes":""},"class_list":["post-1284","page","type-page","status-publish","hentry"],"acf":[],"_links":{"self":[{"href":"https:\/\/sisu.ut.ee\/ewod\/wp-json\/wp\/v2\/pages\/1284","targetHints":{"allow":["GET"]}}],"collection":[{"href":"https:\/\/sisu.ut.ee\/ewod\/wp-json\/wp\/v2\/pages"}],"about":[{"href":"https:\/\/sisu.ut.ee\/ewod\/wp-json\/wp\/v2\/types\/page"}],"author":[{"embeddable":true,"href":"https:\/\/sisu.ut.ee\/ewod\/wp-json\/wp\/v2\/users\/43"}],"replies":[{"embeddable":true,"href":"https:\/\/sisu.ut.ee\/ewod\/wp-json\/wp\/v2\/comments?post=1284"}],"version-history":[{"count":1,"href":"https:\/\/sisu.ut.ee\/ewod\/wp-json\/wp\/v2\/pages\/1284\/revisions"}],"predecessor-version":[{"id":3791,"href":"https:\/\/sisu.ut.ee\/ewod\/wp-json\/wp\/v2\/pages\/1284\/revisions\/3791"}],"up":[{"embeddable":true,"href":"https:\/\/sisu.ut.ee\/ewod\/wp-json\/wp\/v2\/pages\/631"}],"wp:attachment":[{"href":"https:\/\/sisu.ut.ee\/ewod\/wp-json\/wp\/v2\/media?parent=1284"}],"curies":[{"name":"wp","href":"https:\/\/api.w.org\/{rel}","templated":true}]}}