{"id":1283,"date":"2024-04-03T23:41:05","date_gmt":"2024-04-03T20:41:05","guid":{"rendered":"https:\/\/sisu.ut.ee\/ewod\/henno\/"},"modified":"2024-04-04T00:07:40","modified_gmt":"2024-04-03T21:07:40","slug":"henno","status":"publish","type":"page","link":"https:\/\/sisu.ut.ee\/ewod\/h\/henno\/","title":{"rendered":"Sass Henno"},"content":{"rendered":"<p>\n\t<span style=\"font-size:16px\"><span style=\"font-family:Verdana,Geneva,sans-serif\"><a href=\"https:\/\/sisu.ut.ee\/ewod\/h\/henno\/novels\"><strong>Novels <\/strong><\/a><a href=\"https:\/\/sisu.ut.ee\/wp-content\/uploads\/sites\/108\/sass_henno_alar_madisson.jpg\" target=\"_self\" rel=\"noopener\"><img decoding=\"async\" alt=\"Sass Henno\" src=\"https:\/\/sisu.ut.ee\/wp-content\/uploads\/sites\/108\/sass_henno_alar_madisson.jpg\" style=\"float: right;width: 200px;height: 301px\" title=\"Photo: Alar Madisson\"><\/a><\/span><\/span>\n<\/p>\n<p>\n\t<span style=\"font-size:16px\"><span style=\"font-family:Verdana,Geneva,sans-serif\"><a href=\"https:\/\/sisu.ut.ee\/ewod\/h\/henno\/stories\"><strong>Short stories<\/strong><\/a><\/span><\/span>\n<\/p>\n<p>\n\t<span style=\"font-size:16px\"><span style=\"font-family:Verdana,Geneva,sans-serif\"><a href=\"https:\/\/sisu.ut.ee\/ewod\/h\/henno\/about\"><strong>About Sass Henno<\/strong><\/a><\/span><\/span>\n<\/p>\n<p>\u00a0\n<\/p>\n<p>\n\t<span style=\"color:#000000\"><span style=\"font-size:13px\"><span style=\"font-family:Verdana,Geneva,sans-serif\">Sass Henno (b. 13. IX 1982) is a writer and commentator whose success began with the novel <em>Mina olin siin. Esimene arest<\/em> (\u2018I Was Here. The First Arrest\u2019) which represents the innovative trend of realism about problems among young writers at the beginning of the 21st century in Estonia.<\/span><\/span><\/span>\n<\/p>\n<p>\n\t<span style=\"color:#000000\"><span style=\"font-size:13px\"><span style=\"font-family:Verdana,Geneva,sans-serif\">Henno was born in Tartu. From 1989 to 2001 he attended Miina H\u00e4rma Gymnasium in Tartu. From 2001 to 2003 he continued his studies at Tartu Art College, specializing in computer graphics and advertising. He did his baccalaureate studies at the University of Tallinn from 2003 to 2006, specializing in film, video and media directing. A year later he began his master\u2019s programme at the Baltic Film and Media School, specializing in screenwriting. Henno has worked at Estonian Television as an assistant and as a director. Since 2005 he had been a member of the Estonian Writers\u2019 Union. Henno has given lectures and published articles on the subjects of school bullying and domestic violence. He was the screenwriter for the short feature film <em>S\u00fcdameasjad<\/em> (\u2018Matters of the Heart\u2019, 2007, director Mihkel Ulk).<\/span><\/span><\/span>\n<\/p>\n<p>\n\t<span style=\"color:#000000\"><span style=\"font-size:13px\"><span style=\"font-family:Verdana,Geneva,sans-serif\">Henno made his debut with the e-novel <em>Elu algab t\u00e4na<\/em> (\u2018Life Begins Today\u2019, 2003, in print form 2006), in which, through the tale of his young protagonist, a man just starting out in life, he examines the values of today\u2019s youth, their losses and failures, with which the author in turn associates the complex question of taking responsibility.<\/span><\/span><\/span>\n<\/p>\n<p>\n\t<span style=\"color:#000000\"><span style=\"font-size:13px\"><span style=\"font-family:Verdana,Geneva,sans-serif\">The novel <em>Mina olin siin. Esimene arest<\/em> (2005), with its transgressive features, and which may be regarded as one of the most successful works of youth literature of this century, represents the so-called \u2018problem book\u2019, which examines, through the eyes of a 17-year-old young man, the harsh and dangerous world of youth gangs, in which alcohol, drugs, violence and distorted relationships play an inseparable part. The criminal dealings which reveal the background of the youths\u2019 fractured family relationships and illuminate serious moral conflicts, draw the main protagonist into a downward spiral, the culmination of which is his first arrest. The cinematic, dynamic episodes of the novel, together with the powerful, occasionally vulgar use of language, maintain the tension throughout the story; the visual attractiveness of the novel, with its piercing style, is intensified in turn by the black-and-white drawings. In 2004 the novel won the Estonian Novel Association\u2019s novel competition. A successful film of the same name based on the novel was made in 2008 (directed by Ren\u00e9 Vilbre).<\/span><\/span><\/span>\n<\/p>\n<p>\n\t<span style=\"color:#000000\"><span style=\"font-size:13px\"><span style=\"font-family:Verdana,Geneva,sans-serif\">The thriller <em>Homse maailma kirjanikud<\/em> (\u2018Writers of Tomorrow\u2019s World\u2019, 2013), based on real-life events, enters the world of business where it examines the development of an IT company in the conditions of the newly-sprouted capitalism of the nineties, from the angle of its ingenious staff and its adventurist partners.<\/span><\/span><\/span>\n<\/p>\n<p>\n\t<span style=\"color:#000000\"><span style=\"font-size:13px\"><span style=\"font-family:Verdana,Geneva,sans-serif\">The cheerful and adventurous children\u2019s book <em>Merer\u00f6\u00f6vlim\u00e4ng<\/em> (\u2018The Pirate\u2019s Game\u2019, 2005, Estonian National Broadcast audio version 2009) raises, from a child\u2019s point of view, the theme of housing which was sequestered for the benefit of forced tenants during the Soviet era but returned to its heirs after the restoration of independence, causing tensions between families who were strangers to each other, but also spontaneous friendship and inventive solutions through the mutual collaboration of the children. A short feature film of the same name was made on the basis of the book (2011, directed by T\u00f5nn Sikk).<\/span><\/span><\/span><\/p>\n<p><em>A. O. (Translated by C. M.)<\/em>\n<\/p>\n<p><span style=\"color:#000000\"><strong><span style=\"font-size:16px\"><span style=\"font-family:Verdana,Geneva,sans-serif\">Books in Estonian<\/span><\/span><\/strong><\/span>\n<\/p>\n<p>\n\t<span style=\"color:#000000\"><span style=\"font-size:13px\"><span style=\"font-family:Verdana,Geneva,sans-serif\"><strong><em>Prose<\/em><\/strong><br><strong>Elu algab t\u00e4na<\/strong>. Tallinn: Bahama Press, 2003, 223 lk (e-raamat). [J\u00e4rgnevad v\u00e4ljaanded: Tallinn: Eesti P\u00e4evaleht, 2006, 248 lk; Tallinn: Bahama Press, 2006, 225 lk (e-raamat).]<br><strong>Mina olin siin. Esimene arest<\/strong>. Tallinn: Eesti P\u00e4evaleht, 2005, 200 lk. [2. tr\u00fckk: Tallinn: Eesti P\u00e4evaleht, 2008, 318 lk.]<br><strong>Homse maailma kirjanikud<\/strong>. Tallinn: Spring Advertising, 2013, 139 lk. [E-raamat: 2013.]<br><strong>Unustamatud seiklused Via Hanseatical (jutustus)<\/strong>. Tallinn: Spring Advertising, 2013, 208 lk.<\/span><\/span><\/span>\n<\/p>\n<p>\n\t<span style=\"color:#000000\"><span style=\"font-size:13px\"><span style=\"font-family:Verdana,Geneva,sans-serif\"><strong><em>Children\u2019s book<\/em><\/strong><br><strong>Merer\u00f6\u00f6vlim\u00e4ng<\/strong>. Tallinn: Troll, 2005, 100 lk. [2. tr\u00fckk: Tallinn: Troll, 2009, 102 lk.]<\/span><\/span><\/span>\n<\/p>\n<p>\n\t\u00a0\n<\/p>\n<p>\n\t\u00a0<\/p>\n","protected":false},"excerpt":{"rendered":"<p>Novels Short stories About Sass Henno \u00a0 Sass Henno (b. 13. IX 1982) is a writer and commentator whose success began with the novel Mina olin siin. Esimene arest (\u2018I Was Here. The First Arrest\u2019) which represents the innovative trend &#8230;<\/p>\n","protected":false},"author":43,"featured_media":0,"parent":599,"menu_order":0,"comment_status":"closed","ping_status":"closed","template":"","meta":{"_acf_changed":false,"inline_featured_image":false,"footnotes":""},"class_list":["post-1283","page","type-page","status-publish","hentry"],"acf":[],"_links":{"self":[{"href":"https:\/\/sisu.ut.ee\/ewod\/wp-json\/wp\/v2\/pages\/1283","targetHints":{"allow":["GET"]}}],"collection":[{"href":"https:\/\/sisu.ut.ee\/ewod\/wp-json\/wp\/v2\/pages"}],"about":[{"href":"https:\/\/sisu.ut.ee\/ewod\/wp-json\/wp\/v2\/types\/page"}],"author":[{"embeddable":true,"href":"https:\/\/sisu.ut.ee\/ewod\/wp-json\/wp\/v2\/users\/43"}],"replies":[{"embeddable":true,"href":"https:\/\/sisu.ut.ee\/ewod\/wp-json\/wp\/v2\/comments?post=1283"}],"version-history":[{"count":1,"href":"https:\/\/sisu.ut.ee\/ewod\/wp-json\/wp\/v2\/pages\/1283\/revisions"}],"predecessor-version":[{"id":3790,"href":"https:\/\/sisu.ut.ee\/ewod\/wp-json\/wp\/v2\/pages\/1283\/revisions\/3790"}],"up":[{"embeddable":true,"href":"https:\/\/sisu.ut.ee\/ewod\/wp-json\/wp\/v2\/pages\/599"}],"wp:attachment":[{"href":"https:\/\/sisu.ut.ee\/ewod\/wp-json\/wp\/v2\/media?parent=1283"}],"curies":[{"name":"wp","href":"https:\/\/api.w.org\/{rel}","templated":true}]}}