{"id":128,"date":"2024-04-03T23:39:23","date_gmt":"2024-04-03T20:39:23","guid":{"rendered":"https:\/\/sisu.ut.ee\/ewod\/stories-et-18\/"},"modified":"2024-04-04T00:10:58","modified_gmt":"2024-04-03T21:10:58","slug":"stories","status":"publish","type":"page","link":"https:\/\/sisu.ut.ee\/ewod\/r\/roht\/stories\/","title":{"rendered":"Richard Roht &#8211; short stories"},"content":{"rendered":"<p><span style=\"font-size: medium\"><strong><span style=\"font-family: verdana, geneva\">In anthologies and magazines<\/span><\/strong><\/span><\/p>\n<p><em><strong><span style=\"font-family: verdana, geneva;font-size: small\">German<br><\/span><\/strong><\/em><span style=\"font-family: verdana, geneva;font-size: small\"><span><strong>Der alte Fischer<\/strong>. \u2013\u00a0<\/span>Aus dem Buch des Lebens. Ukrainische und estnische Novellen<\/span><span style=\"font-family: verdana, geneva;font-size: small\">. Ausw. und Einl. Erich M\u00fcller. Aus dem Estn. \u00fcbers. von A. E. Thoss. Berlin: Kultur und Fortschritt, 1951, 289 pp. [Translation of \u2018Vana kalur\u2019. Anthology of short stories. Contents: R. Roht \u2019Der alte Fischer\u2019 (\u2019Vana kalur\u2019), E. Vilde \u2019Doktor Grauenfels\u2019 (\u2019Tooma tohter\u2019); R. Sirge \u2019Das Log\u2019 (\u2019Logi\u2019); M. Nurme \u2019Der Chefarzt\u2019; P. Viiding \u2019Die Br\u00fccke\u2019 (\u2019Sild\u2019); I. Sikem\u00e4e \u2019Ein Mensch wie alle anderen\u2019 (\u2019Tavaline inimene\u2019).]<\/span><em><span style=\"font-family: verdana, geneva;font-size: small\"><\/span><strong><span style=\"font-family: verdana, geneva;font-size: small\"><\/span><\/strong><\/em><\/p>\n<p>Polish<br><span style=\"font-family: verdana, geneva;font-size: small\"><span><strong>Stary rybak<\/strong>. \u2013\u00a0<\/span>Nowele esto\u0144skie. Prze\u0142. Irena Halber. Warszawa: Pa\u0144stwowy Instytut Wydawniczy, 1950, 312 pp. [Translation of \u2018Vana kalur\u2019. Contents of the anthology: E. Vilde \u2019Doktor Grauenfels\u2019; F. Tuglas \u2019Przydzia\u0142 ziemi\u2019; A. H. Tammsaare \u2019Ostatnie pieni\u0105dze\u2019, \u2019Gazeciarka nr. 17\u2019; R. Roht \u2019Stary rybak\u2019; J. Semper \u2019Z tamtej strony rzeki\u2019; M. Raud \u2019Rocznica\u2019; E. M\u00e4nnik \u2019Droga okr\u0119tu\u2019, \u2019Stalowa linia\u2019; R. Sirge \u2019Log\u2019; A. Hint \u2019Bracia\u2019; M. Nurme \u2019Dni\u2019; D. Vaarandi \u2019Brat\u2019; P. Viiding \u2019Most\u2019; E. Krusten \u2019Wiosna\u2019. 2nd edition: 1951, 262 pp.]<\/span><\/p>\n<p><span style=\"font-family: verdana, geneva;font-size: small\"><strong><em>Russian<\/em><\/strong><br>\u0420. \u0420\u043e\u0445\u0442, <strong>\u0421\u0442\u0430\u0440\u044b\u0439 \u0440\u044b\u0431\u0430\u043a<\/strong>. \u2013 \u042d\u0441\u0442\u043e\u043d\u0441\u043a\u0438\u0435 \u043d\u043e\u0432\u0435\u043b\u043b\u044b. C\u043e\u0441\u0442\u0430\u0432\u0438\u0442\u0435\u043b\u044c: \u041d. \u041a\u043e\u043e\u043b\u044c; \u043f\u0440\u0435\u0434\u0438\u0441\u043b\u043e\u0432\u0438\u0435 \u041b. \u0422\u043e\u043e\u043c; \u043f\u0435\u0440\u0435\u0432\u0435\u043b\u0438 \u041d. \u041a\u043e\u043e\u043b\u044c \u0418 \u041b. \u0422\u043e\u043e\u043c. \u041c\u043e\u0441\u043a\u0432\u0430: \u0421\u043e\u0432\u0435\u0442\u0441\u043a\u0438\u0439 \u043f\u0438\u0441\u0430\u0442\u0435\u043b\u044c, 1948, 312 pp. [\u2019Vana kalur\u2019. See <strong><a href=\"https:\/\/sisu.ut.ee\/ewod\/anthologies\/novelly1948\">contents<\/a><\/strong> of the anthology.]<br><\/span><\/p>\n","protected":false},"excerpt":{"rendered":"<p>In anthologies and magazines GermanDer alte Fischer. \u2013\u00a0Aus dem Buch des Lebens. Ukrainische und estnische Novellen. Ausw. und Einl. Erich M\u00fcller. Aus dem Estn. \u00fcbers. von A. E. Thoss. Berlin: Kultur und Fortschritt, 1951, 289 pp. [Translation of \u2018Vana kalur\u2019. &#8230;<\/p>\n","protected":false},"author":43,"featured_media":0,"parent":118,"menu_order":0,"comment_status":"closed","ping_status":"closed","template":"","meta":{"_acf_changed":false,"inline_featured_image":false,"footnotes":""},"class_list":["post-128","page","type-page","status-publish","hentry"],"acf":[],"_links":{"self":[{"href":"https:\/\/sisu.ut.ee\/ewod\/wp-json\/wp\/v2\/pages\/128","targetHints":{"allow":["GET"]}}],"collection":[{"href":"https:\/\/sisu.ut.ee\/ewod\/wp-json\/wp\/v2\/pages"}],"about":[{"href":"https:\/\/sisu.ut.ee\/ewod\/wp-json\/wp\/v2\/types\/page"}],"author":[{"embeddable":true,"href":"https:\/\/sisu.ut.ee\/ewod\/wp-json\/wp\/v2\/users\/43"}],"replies":[{"embeddable":true,"href":"https:\/\/sisu.ut.ee\/ewod\/wp-json\/wp\/v2\/comments?post=128"}],"version-history":[{"count":1,"href":"https:\/\/sisu.ut.ee\/ewod\/wp-json\/wp\/v2\/pages\/128\/revisions"}],"predecessor-version":[{"id":4961,"href":"https:\/\/sisu.ut.ee\/ewod\/wp-json\/wp\/v2\/pages\/128\/revisions\/4961"}],"up":[{"embeddable":true,"href":"https:\/\/sisu.ut.ee\/ewod\/wp-json\/wp\/v2\/pages\/118"}],"wp:attachment":[{"href":"https:\/\/sisu.ut.ee\/ewod\/wp-json\/wp\/v2\/media?parent=128"}],"curies":[{"name":"wp","href":"https:\/\/api.w.org\/{rel}","templated":true}]}}