{"id":1276,"date":"2024-04-03T23:41:04","date_gmt":"2024-04-03T20:41:04","guid":{"rendered":"https:\/\/sisu.ut.ee\/ewod\/poems-et-199\/"},"modified":"2024-04-04T00:07:43","modified_gmt":"2024-04-03T21:07:43","slug":"poems","status":"publish","type":"page","link":"https:\/\/sisu.ut.ee\/ewod\/t\/jakobtamm\/poems\/","title":{"rendered":"Jakob Tamm &#8211; poems"},"content":{"rendered":"<p>\n\t<span data-mce-mark=\"1\" style=\"font-family: verdana, geneva;font-size: medium\"><strong>In anthologies and\u00a0magazines<\/strong><\/span>\n<\/p>\n<p>\n\t<span data-mce-mark=\"1\" style=\"font-family: verdana, geneva;font-size: small\"><strong><em>German<\/em><br><strong>Estnische lyrik<\/strong><\/strong>. \u00dcbertragen von Tatjana Ellinor Heine. Brackenheim: Georg Kohl, 1981, 91 pp. [Poems by K. J. Peterson, F. Kuhlbars, F. R. Kreutzwald, A. Reinvald, J. Tamm, A. Haava, L. Koidula, M. Under, G. Suits, Jakob Liiv, Juhan Liiv, K. E. S\u00f6\u00f6t, J. Oks, M. Heiberg, K. Ristikivi, K. Lepik, B. Kangro, A. Sang, I. Gr\u00fcnthal, H. Visnapuu, A. Vihalemm, M. Suits-Elson.]<br><strong>Estnische Gedichte<\/strong>. \u00dcbers. von Wilhelm Nerling. Dorpat: H. Laakmann, 1925, 96 pp. [Poems by A. Alver, J. Bergmann, M. J. Eisen, E. Enno, F. R. Faehlmann, A. Grenzstein, V. Ridala, A. Haava, K. A. Hermann, J. Hurt, P. Jakobson, J. V. Jannsen, R. Kamsen, L. Koidula, Fr. R. Kreutzwald, F. Kuhlbars, J. Kunder, M. K\u00f6rber, Jakob Liiv, Juhan Liiv, M. Lipp, G. E. Luiga, P. von Manteuffel, G. A. Oldekop, K. J. Peterson, M. Pukits, H. P\u00f6\u00f6gelmann, H. Raudsepp, C. M. Redlich, A. Reinvald, H. Rikand, J. Ph. v Roth, J. Speek, G. Suits, K. E. S\u00f6\u00f6t, J. Tamm, B. H. von Tiesenhausen, F. Tuglas, M. Veske, B. Weber, J. Weizenberg, E. L. W\u00f6hrmann.]<br><strong>Estnische Kl\u00e4nge<\/strong>. Auswahl estnischer Dichtungen von Axel Kallas. Buchschmuck von Kristjan Raud. Dorpat: Gl\u00fcck, 1911, 88 pp. [Poems by E. Enno, V. Ridala, A. Haava, J. V. Jannsen, L. Koidula, F. Kuhlbars, Juhan Liiv, G. Suits, K. E. S\u00f6\u00f6t, J. \u0422\u0430mm, M. Veske.]<br><strong>Ich sah\u2019 im Grase spielen\u2026<\/strong>. \u00dcbersetzung: C.H. \u2013 D\u00fcna-Zeitung, no 181, 13.8.1893.<\/span>\n<\/p>\n<p>\n\t<span style=\"font-family: verdana, geneva;font-size: small\"><strong><em>Russian<\/em><br><strong>\u041f\u043e\u044d\u0442\u044b \u042d\u0441\u0442\u043e\u043d\u0438\u0438<\/strong><\/strong>. \u0412\u0441\u0442\u0443\u043f\u0438\u0442\u0435\u043b\u044c\u043d\u0430\u044f \u0441\u0442\u0430\u0442\u044c\u044f \u0438 \u0431\u0438\u043e\u0433\u0440\u0430\u0444\u0438\u0447\u0435\u0441\u043a\u0438\u0435 \u0441\u043f\u0440\u0430\u0432\u043a\u0438: \u0421. \u0413. \u0418\u0441\u0430\u043a\u043e\u0432\u0430; \u0441\u043e\u0441\u0442. \u0438 \u043f\u0440\u0438\u043c\u0435\u0447\u0430\u043d\u0438\u044f \u041d. \u0413. \u0410\u043d\u0434\u0440\u0435\u0437\u0435\u043d\u0430 \u0438 \u0421. \u0413. \u0418\u0441\u0430\u043a\u043e\u0432\u0430; \u0440\u0435\u0434\u0430\u043a\u0446\u0438\u044f \u0441\u0442\u0438\u0445\u043e\u0442\u0432\u043e\u0440\u043d\u044b\u0445 \u043f\u0435\u0440\u0435\u0432\u043e\u0434\u043e\u0432 \u0412. \u0420\u043e\u0436\u0434\u0435\u0441\u0442\u0432\u0435\u043d\u0441\u043a\u043e\u0433\u043e.\u00a0\u041b\u0435\u043d\u0438\u043d\u0433\u0440\u0430\u0434: \u0421\u043e\u0432\u0435\u0442\u0441\u043a\u0438\u0439 \u043f\u0438\u0441\u0430\u0442\u0435\u043b\u044c, 1974, 662 pp. [Poems by Kristjan Jaak Peterson, Friedrich Robert Faehlmann, Friedrich Reinhold Kreutzwald, Lydia Koidula, Friedrich Kuhlbars, Mihkel Veske, Ado Reinvald, Jakob Tamm, Jakob Liiv, Karl Eduard S\u00f6\u00f6t, Anna Haava, Juhan Liiv, Hans P\u00f6\u00f6gelmann,\u00a0Juhan Lilienbach, Ernst Enno, Gustav Suits, Villem Ridala, Friedebert Tuglas, Johannes Barbarus, Henrik Visnapuu, August Alle, Jaan K\u00e4rner, Johannes Semper, Hendrik Adamson, Juhan S\u00fctiste, Heiti Talvik, August Sang, Juhan Smuul.]<br><strong>\u0410\u043d\u0442\u043e\u043b\u043e\u0433\u0438\u044f \u044d\u0441\u0442\u043e\u043d\u0441\u043a\u043e\u0439 \u043f\u043e\u044d\u0437\u0438\u0438: \u0432 \u0434\u0432\u0443\u0445 \u0442\u043e\u043c\u0430\u0445<\/strong>. \u0412\u0441\u0442\u0443\u043f\u0438\u0442\u0435\u043b\u044c\u043d\u0430\u044f \u0441\u0442\u0430\u0442\u044c\u044f \u042d. \u041d\u0438\u0440\u043a\u0430; \u0441\u043e\u0441\u0442\u0430\u0432\u0438\u0442\u0435\u043b\u0438 \u042d. \u041d\u0438\u0440\u043a \u0438 \u041f. \u0420\u0443\u043c\u043c\u043e. \u041b\u0435\u043d\u0438\u043d\u0433\u0440\u0430\u0434: \u0413\u043e\u0441\u043b\u0438\u0442\u0438\u0437\u0434\u0430\u0442, 1959, 424 + 450 pp. [Includes folk songs and poems by: Kristian Jaak Peterson, Friedrich Robert Faehlmann, Friedrich Reinhold Kreutzwald, Juhan Weizenberg, Lydia Koidula, Friedrich Kuhlbars, Carl Robert Jakobson, Mihkel Veske, Ado Reinvald, Juhan Kunder, Jaan Bergmann, Peeter Jakobson, Jakob Tamm, Jakob Liiv, Juhan Liiv, Anna Haava, Karl Eduard S\u00f6\u00f6t, Reinhold Kamsen, Ernst Enno, Villem, Ridala, Marie Heiberg, Jaan L\u00f5o, Hans P\u00f6\u00f6gelmann, Juhan Lilienbach, Vassili M\u00f6lder, Villem Buk, Johannes Barbarus, August Alle, Jaan K\u00e4rner, Johannes Semper, Juhan S\u00fctiste, Erni Hiir, Mart Raud, Paul Viiding, Betti Alver, Kersti Merilaas, August Sang, Hugo Angervaks, Felix Kotta, Aira Kaal, Muia Veetamm, Paul Rummo, Debora Vaarandi, Juhan Smuul, Minni Nurme, Ralf Parve, Manivald Kesamaa, Uno Laht, Vladimir Beekman, Jaan Kross, Ilmi Kolla, Ellen Niit.]<br><strong>\u041f\u043e\u044d\u0442\u044b \u042d\u0441\u0442\u043e\u043d\u0438\u0438: \u0410\u043d\u0442\u043e\u043b\u043e\u0433\u0438\u044f \u0437\u0430 \u0441\u0442\u043e \u043b\u0435\u0442: (1803-1902)<\/strong><span>. \u041f\u0435\u0440\u0435\u0432\u043e\u0434 \u0418\u0433\u043e\u0440\u044f \u0421\u0435\u0432\u0435\u0440\u044f\u043d\u0438\u043d\u0430; [\u0418\u043b\u043b\u044e\u0441\u0442\u0440\u0430\u0446\u0438\u0438 \u0410. \u0413\u0440\u0438\u043d\u0435\u0432\u0430]. \u0422\u0430\u0440\u0442\u0443: \u0412\u0430\u0434\u0438\u043c \u0411\u0435\u0440\u0433\u043c\u0430\u043d, 1928, 182 pp. [Poems by \u0424\u0440\u0438\u0434\u0440\u0438\u0445 \u0420\u0435\u0439\u043d\u0445\u043e\u043b\u044c\u0434 \u041a\u0440\u0435\u0439\u0446\u0432\u0430\u043b\u044c\u0434, \u0424\u0440\u0438\u0434\u0440\u0438\u0445 \u041a\u0443\u043b\u044c\u0431\u0430\u0440\u0441, \u041c\u0438\u0445\u043a\u0435\u043b\u044c \u0412\u0435\u0441\u043a\u0435, \u041b\u0438\u0434\u0438\u044f \u041a\u043e\u0439\u0434\u0443\u043b\u0430, \u0410\u0434\u043e \u0420\u0435\u0439\u043d\u0432\u0430\u043b\u044c\u0434, \u0410\u0434\u043e \u0413\u0440\u0435\u043d\u0446\u0448\u0442\u0435\u0439\u043d, \u041a\u0430\u0440\u043b \u0410\u0432\u0433\u0443\u0441\u0442 \u0425\u0435\u0440\u043c\u0430\u043d\u043d, \u042e\u0445\u0430\u043d \u041a\u0443\u043d\u0434\u0435\u0440, \u041f\u0435\u044d\u0442\u0435\u0440 \u042f\u043a\u043e\u0431\u0441\u043e\u043d, \u041c\u0430\u0440\u0442\u0438\u043d \u041b\u0438\u043f\u043f, \u042f\u0430\u043d \u0411\u0435\u0440\u0433\u043c\u0430\u043d\u043d, \u041c\u0430\u0442\u0438\u0430\u0441 \u0419\u043e\u0445\u0430\u043d\u043d \u042d\u0439\u0437\u0435\u043d, \u042f\u043a\u043e\u0431 \u041b\u0438\u0439\u0432, \u042f\u043a\u043e\u0431 \u0422\u0430\u043c\u043c, \u041a\u0430\u0440\u043b \u042d\u0434\u0443\u0430\u0440\u0434 \u0421\u0435\u044d\u0442, \u042d\u0434\u0443\u0430\u0440\u0434 \u0412\u0435\u0440\u043c\u0430\u043d, \u042d\u043b\u0438\u0437\u0435 \u0410\u0443\u043d, \u042e\u0445\u0430\u043d \u041b\u0438\u0439\u0432, \u0410\u043d\u043d\u0430 \u0425\u0430\u0430\u0432\u0430, \u0413\u0435\u043e\u0440\u0433 \u042d\u0434\u0443\u0430\u0440\u0434 \u041b\u0443\u0439\u0433\u0430, \u0410\u043d\u0434\u0440\u0435\u0441 \u0410\u043b\u044c\u0432\u0435\u0440, \u042d\u0440\u043d\u0441\u0442 \u042d\u043d\u043d\u043e, \u0413\u0443\u0441\u0442\u0430\u0432 \u0421\u0443\u0439\u0442\u0441, \u041c\u0430\u0440\u0438\u0435 \u0423\u043d\u0434\u0435\u0440, \u0412\u0438\u043b\u043b\u0435\u043c \u0420\u0438\u0434\u0430\u043b\u0430, \u0424\u0440\u0438\u0434\u0435\u0431\u0435\u0440\u0442 \u0422\u0443\u0433\u043b\u0430\u0441, \u0419\u043e\u0445\u0430\u043d\u043d\u0435\u0441 \u0411\u0430\u0440\u0431\u0430\u0440\u0443\u0441, \u0419\u043e\u0445\u0430\u043d\u043d\u0435\u0441 \u0421\u0435\u043c\u043f\u0435\u0440, \u041c\u0430\u0440\u0438e \u0425\u0435\u0439\u0431\u0435\u0440\u0433, \u0410\u0432\u0433\u0443\u0441\u0442 \u0410\u043b\u043b\u0435, \u0425\u0435\u043d\u0440\u0438\u043a \u0412\u0438\u0441\u043d\u0430\u043f\u0443\u0443, \u0420\u0443\u0434\u043e\u043b\u044c\u0444 \u0420\u0435\u0439\u043c\u0430\u043d\u043d, \u0412\u0430\u043b\u044c\u043c\u0430\u0440 \u0410\u0434\u0430\u043c\u0441.]<br><strong>\u041f\u043e\u044d\u0442\u044b \u0424\u0438\u043d\u043b\u044f\u043d\u0434\u0438\u0438 \u0438 \u042d\u0441\u0442\u043b\u044f\u043d\u0434\u0438\u0438<\/strong>. \u0418\u0437\u0434\u0430\u043d\u044b \u043f\u043e\u0434 \u0440\u0435\u0434. \u041d. \u041d\u043e\u0432\u0438\u0447\u0430 [\u043f\u0441\u0435\u0432\u0434.]. \u0421.-\u041f\u0435\u0442\u0435\u0440\u0431\u0443\u0440\u0433: [s.n.], 1898, 159 pp. [Includes poems by \u0424. \u041a\u0440\u0435\u0439\u0446\u0432\u0430\u043b\u044c\u0434, \u041b. \u041a\u043e\u0439\u0434\u0443\u043b\u0430, \u041c. \u0412\u0435\u0441\u043a\u0435, \u0410. \u041f\u0438\u0440\u0438\u043a\u0438\u0432\u0438, \u0418. \u041a\u0443\u043d\u0434\u0435\u0440, \u042f. \u0422\u0430\u043c\u043c, \u0413. \u041b\u0443\u0439\u0433\u0430, \u041a\u0430\u043b\u044c\u044e\u043b\u0430(?).]<\/span><\/span><\/p>\n","protected":false},"excerpt":{"rendered":"<p>In anthologies and\u00a0magazines GermanEstnische lyrik. \u00dcbertragen von Tatjana Ellinor Heine. Brackenheim: Georg Kohl, 1981, 91 pp. [Poems by K. J. Peterson, F. Kuhlbars, F. R. Kreutzwald, A. Reinvald, J. Tamm, A. Haava, L. Koidula, M. Under, G. Suits, Jakob Liiv, &#8230;<\/p>\n","protected":false},"author":43,"featured_media":0,"parent":1268,"menu_order":0,"comment_status":"closed","ping_status":"closed","template":"","meta":{"_acf_changed":false,"inline_featured_image":false,"footnotes":""},"class_list":["post-1276","page","type-page","status-publish","hentry"],"acf":[],"_links":{"self":[{"href":"https:\/\/sisu.ut.ee\/ewod\/wp-json\/wp\/v2\/pages\/1276","targetHints":{"allow":["GET"]}}],"collection":[{"href":"https:\/\/sisu.ut.ee\/ewod\/wp-json\/wp\/v2\/pages"}],"about":[{"href":"https:\/\/sisu.ut.ee\/ewod\/wp-json\/wp\/v2\/types\/page"}],"author":[{"embeddable":true,"href":"https:\/\/sisu.ut.ee\/ewod\/wp-json\/wp\/v2\/users\/43"}],"replies":[{"embeddable":true,"href":"https:\/\/sisu.ut.ee\/ewod\/wp-json\/wp\/v2\/comments?post=1276"}],"version-history":[{"count":1,"href":"https:\/\/sisu.ut.ee\/ewod\/wp-json\/wp\/v2\/pages\/1276\/revisions"}],"predecessor-version":[{"id":3805,"href":"https:\/\/sisu.ut.ee\/ewod\/wp-json\/wp\/v2\/pages\/1276\/revisions\/3805"}],"up":[{"embeddable":true,"href":"https:\/\/sisu.ut.ee\/ewod\/wp-json\/wp\/v2\/pages\/1268"}],"wp:attachment":[{"href":"https:\/\/sisu.ut.ee\/ewod\/wp-json\/wp\/v2\/media?parent=1276"}],"curies":[{"name":"wp","href":"https:\/\/api.w.org\/{rel}","templated":true}]}}