{"id":1275,"date":"2024-04-03T23:41:04","date_gmt":"2024-04-03T20:41:04","guid":{"rendered":"https:\/\/sisu.ut.ee\/ewod\/stories-et-144\/"},"modified":"2024-04-04T00:07:43","modified_gmt":"2024-04-03T21:07:43","slug":"stories","status":"publish","type":"page","link":"https:\/\/sisu.ut.ee\/ewod\/r\/rooste\/stories\/","title":{"rendered":"J\u00fcrgen Rooste &#8211; short stories"},"content":{"rendered":"<p><span style=\"font-size: medium\"><strong><span style=\"font-family: verdana,geneva\">In anthologies and magazines<\/span><\/strong><\/span><\/p>\n<p><em><strong><span style=\"font-family: verdana,geneva\">German<br><\/span><\/strong><\/em><span style=\"font-family: verdana,geneva\"><strong>Generationen<\/strong>. \u2013\u00a0<\/span><span style=\"font-family: verdana,geneva\">Der Herbst kommt jedes Mal zu fr\u00fch\u2026 J\u00fcngere Literatur aus Finnland, Estland und Ungarn. die horen, vol 59, no 255, 2014. [\u2019P\u00f5lvkonnad\u2019.\u00a0Contents of the Estonian section: Cornelius Hasselblatt, Die Siebziger (about the new generation of Estonian literature \u2013 born in 70s and later); Heili Sibrits, Zwischen hier und jetzt. Ein Gespr\u00e4ch mit Jan Kaus und Urmas Vadi; Short stories: J\u00fcrgen Rooste, \u2018Generationen\u2019 (\u2019P\u00f5lvkonnad\u2019); Merlin Piirve, \u2018Die traurige Geschichte von Marie\u2019 (\u2019Kurb lugu Mariest\u2019); Urmas Vadi, \u2018Wie wir einer nach dem anderen gehen\u2019 (\u2019Kuidas me k\u00f5ik reas niimoodi l\u00e4heme\u2019); Maarja Kangro, \u2018Affen und Solidarit\u00e4t\u2019 (\u2019Ahvid ja solidaarsus\u2019); Mehis Heinsaar, \u2018Die Rast\u2019 (\u2019Puhkehetkel\u2019); Jan Kaus, \u2018Der Knall\u2019 (\u2019Pauk\u2019); Poems: Mihkel Kaevats.]<br><\/span><\/p>\n<p><em><strong><span style=\"font-family: verdana,geneva\">Hungarian<\/span><\/strong><\/em><br><span style=\"font-family: verdana,geneva\"><strong>Porn\u00f3film \u00e9s egy \u00fcveg vodka<\/strong>. Translated by N\u00f3ra M\u00e1ria K\u0151halmy. \u2013 Prae, no 3, 2010, pp 68-74. [Translation of \u2018Pornofilm ja pudel viina: Frederick Lies still\u2026\u2019. <span>See\u00a0<\/span><a href=\"https:\/\/sisu.ut.ee\/ewod\/anthologies\/prae\"><strong>contents<\/strong><\/a><span>\u00a0of the special edition of Estonian literature<\/span><span>.<\/span>]<\/span><\/p>\n<p><span style=\"font-family: verdana,geneva\"><strong><em>Russian<\/em><\/strong><br>\u042e\u0440\u0433\u0435\u043d \u0420\u043e\u043e\u0441\u0442\u0435, <strong><a href=\"http:\/\/magazines.russ.ru\/october\/2015\/9\/8r.html\" target=\"_blank\" rel=\"noopener\">\u042d\u0441\u0442\u043e\u043d\u0441\u043a\u043e\u0435 beat-\u043f\u043e\u043a\u043e\u043b\u0435\u043d\u0438\u0435<\/a><\/strong>. \u0420\u0430\u0441\u0441\u043a\u0430\u0437 \u0441 \u043b\u0430\u0434\u043e\u043d\u044c. \u041f\u0435\u0440\u0435\u0432\u043e\u0434 \u0418\u0433\u043e\u0440\u044f \u041a\u043e\u0442\u044e\u0445\u0430. \u0420\u0438\u0441\u0443\u043d\u043e\u043a \u041a\u0438\u0440\u043a\u0435 \u041a\u0430\u043d\u0433\u0440\u043e. \u2013 <a href=\"http:\/\/magazines.russ.ru\/october\/2015\/9\/\" target=\"_blank\" rel=\"noopener\">\u041e\u043a\u0442\u044f\u0431\u0440\u044c, No 9, 2015<\/a>. \u0411\u0435\u0440\u0435\u0433 \u043b\u0438\u0442\u0435\u0440\u0430\u0442\u0443\u0440\u044b. \u041d\u043e\u0432\u043e\u0435 \u0441\u043b\u043e\u0432\u043e \u041b\u0430\u0442\u0432\u0438\u0438, \u041b\u0438\u0442\u0432\u044b, \u042d\u0441\u0442\u043e\u043d\u0438\u0438. [<span style=\"font-family: verdana,geneva\">\u2019Eesti beat generation\u2019.\u00a0<\/span>See <strong><a href=\"https:\/\/sisu.ut.ee\/ewod\/anthologies\/oktjabr\">contents<\/a><\/strong> of the special edition.]<br><\/span><\/p>\n<p><span style=\"font-family: verdana,geneva\"><strong><em>Swedish<\/em><\/strong><br><strong>Hopp i s\u00e4ng!: godnattsagor av Estniska pappor<\/strong>: 11 pappor, 28 sagor. Translated by Jaan Seim; illustrations by J\u00fcri Mildeberg. Tallinn: NyNorden, 2007, 105 pp. [\u2019Ruttu tuttu!: isade unejutte\u2019. Bedtime stories by daddies: Karl Martin Sinij\u00e4rv, Veiko Belials, Andrus Kivir\u00e4hk, Juhani P\u00fcttsepp, Contra, J\u00fcrgen Rooste, Jaanus Vaiksoo, Kivisildnik, Peeter Sauter, Jaan T\u00e4tte and Peep Pedmanson.]<br><\/span><\/p>\n","protected":false},"excerpt":{"rendered":"<p>In anthologies and magazines GermanGenerationen. \u2013\u00a0Der Herbst kommt jedes Mal zu fr\u00fch\u2026 J\u00fcngere Literatur aus Finnland, Estland und Ungarn. die horen, vol 59, no 255, 2014. [\u2019P\u00f5lvkonnad\u2019.\u00a0Contents of the Estonian section: Cornelius Hasselblatt, Die Siebziger (about the new generation of &#8230;<\/p>\n","protected":false},"author":43,"featured_media":0,"parent":808,"menu_order":0,"comment_status":"closed","ping_status":"closed","template":"","meta":{"_acf_changed":false,"inline_featured_image":false,"footnotes":""},"class_list":["post-1275","page","type-page","status-publish","hentry"],"acf":[],"_links":{"self":[{"href":"https:\/\/sisu.ut.ee\/ewod\/wp-json\/wp\/v2\/pages\/1275","targetHints":{"allow":["GET"]}}],"collection":[{"href":"https:\/\/sisu.ut.ee\/ewod\/wp-json\/wp\/v2\/pages"}],"about":[{"href":"https:\/\/sisu.ut.ee\/ewod\/wp-json\/wp\/v2\/types\/page"}],"author":[{"embeddable":true,"href":"https:\/\/sisu.ut.ee\/ewod\/wp-json\/wp\/v2\/users\/43"}],"replies":[{"embeddable":true,"href":"https:\/\/sisu.ut.ee\/ewod\/wp-json\/wp\/v2\/comments?post=1275"}],"version-history":[{"count":1,"href":"https:\/\/sisu.ut.ee\/ewod\/wp-json\/wp\/v2\/pages\/1275\/revisions"}],"predecessor-version":[{"id":3804,"href":"https:\/\/sisu.ut.ee\/ewod\/wp-json\/wp\/v2\/pages\/1275\/revisions\/3804"}],"up":[{"embeddable":true,"href":"https:\/\/sisu.ut.ee\/ewod\/wp-json\/wp\/v2\/pages\/808"}],"wp:attachment":[{"href":"https:\/\/sisu.ut.ee\/ewod\/wp-json\/wp\/v2\/media?parent=1275"}],"curies":[{"name":"wp","href":"https:\/\/api.w.org\/{rel}","templated":true}]}}