{"id":1273,"date":"2024-04-03T23:41:04","date_gmt":"2024-04-03T20:41:04","guid":{"rendered":"https:\/\/sisu.ut.ee\/ewod\/works-et-3\/"},"modified":"2024-04-04T00:07:42","modified_gmt":"2024-04-03T21:07:42","slug":"works","status":"publish","type":"page","link":"https:\/\/sisu.ut.ee\/ewod\/h\/hupel\/works\/","title":{"rendered":"August Wilhelm Hupel &#8211; works"},"content":{"rendered":"<p>\n\t<span style=\"font-family:Verdana,Geneva,sans-serif\"><strong><span style=\"font-size:16px\">Books<\/span><\/strong><\/span>\n<\/p>\n<p>\n\t<span style=\"font-family:Verdana,Geneva,sans-serif\"><strong><em>German<\/em><\/strong><br><strong>Dienstfreundliches Promemoria an die, welche den Herrn Moses Mendelssohn durchaus zum Christen machen wollen, oder sich doch wenigstens herzlich wundern, dass er es noch nicht geworden ist<\/strong>. [Riga]: [J. F. Hartknoch], 1771, 30 pp.<br><strong>August Wilhelm Hupel vom Zweck der Ehen, ein Versuch, die Heurath der Castraten und die Trennung ungl\u00fccklicher Ehen zu vertheidigen<\/strong>. Riga:\u00a0Johann Friedrich Hartknoch, 1771, 166 pp.<br><strong>An das Lief- und Ehstl\u00e4ndische Publikum<\/strong>. 1772. Riga: J. F. Hartknoch, 1772, 191 pp.<br><strong>Origenes, oder Von der Verschneidung, \u00fcber Matth. 19. v. 10-12. Ein Versuch, zur Ehrenrettung einiger Gering geachteten Verschnittenen<\/strong>. Riga: J. F. Hartknoch, 1772, 182 pp.<br><strong>Anmerkungen und Zweifel \u00fcber die gew\u00f6hnlichen Lehrs\u00e4tze vom Wesen der menschlichen und der thierischen Seele<\/strong>. Riga: Johann Friedrich Hartknoch, 1774, 376 pp.<br><strong>Topographische Nachrichten von Lief- und Ehstland<\/strong>. Gesammelt und herausgegeben durch August Wilhelm Hupel. Erster Band. Riga: J. F. Hartknoch, 1774, 590 pp.<br><strong>Topographische Nachrichten von Lief- und Ehstland<\/strong>. Gesammelt und herausgegeben durch August Wilhelm Hupel. Zweyter Band. Riga: J. F. Hartknoch, 1777, 16+544+84 pp.<br><strong>Merkw\u00fcrdigkeiten der Baschkiren, Mestscher\u00e4ken, Wogulen, Tataren ec. Nebst andern dahin geh\u00f6rigen Nachrichten und Kupfern<\/strong>. Auszug aus Pallas Reisen Zweyten Theile. Frankfurt; Leipzig: 1777, 335 pp.<br><strong>Merkw\u00fcrdigkeiten der obischen Ostjaken, Samojeden, daurischen Tungusen, udinskischen Bergtataren ec. Nebst andern dahin geh\u00f6rigen Nachrichten und Kupfern<\/strong>. Auszug aus Pallas Reisen drittem Theile. Frankfurt und Leipzig: 1777, 334 pp.<br><strong>Ehstnische Sprachlehre f\u00fcr beide Hauptdialekte, den revalschen und doerptschen; nebst einem vollst\u00e4ndigen W\u00f6rterbuch<\/strong>. Herausgegeben von August Wilhelm Hupel. Riga und Leipzig, bey Johann Friedrich Hartknoch, 1780, 14+536 lk. [Available: <a data-url=\"http:\/\/www.digar.ee\/id\/nlib-digar:100926\" href=\"http:\/\/www.digar.ee\/id\/nlib-digar:100926\" target=\"_blank\" title=\"\" rel=\"noopener\">http:\/\/www.digar.ee\/id\/nlib-digar:100926<\/a>; 2nd ed: 1806, available:\u00a0<a data-url=\"http:\/\/www.digar.ee\/id\/nlib-digar:103384\" href=\"http:\/\/www.digar.ee\/id\/nlib-digar:103384\" target=\"_blank\" title=\"\" rel=\"noopener\">http:\/\/www.digar.ee\/id\/nlib-digar:103384<\/a>; 3rd ed: 1818, available: <a data-url=\"http:\/\/hdl.handle.net\/10062\/46591\" href=\"http:\/\/hdl.handle.net\/10062\/46591\" target=\"_blank\" title=\"\" rel=\"noopener\">http:\/\/hdl.handle.net\/10062\/46591<\/a>.]<br><strong>Topographische Nachrichten von Lief- und Ehstland<\/strong>. Gesammelt und herausgegeben durch August Wilhelm Hupel. Dritter und letzter Band. Nebst vollst\u00e4ndigen Register \u00fcber alle drey B\u00e4nde. Riga: J. F. Hartknoch, 1782, 764 pp.<br><strong>Ueber den Aufbau neuer St\u00e4dte in Hinsicht auf das russische Reich besonders auf Liefland<\/strong>. Riga: J. F. Hartknoch, 1784, 80 pp.<br><strong>Die gegenw\u00e4rtige Verfassung der Rigischen und der Revalschen Statthalterschaft. Zur Erg\u00e4nzung der topographischen Nachrichten von Lief- und Ehstland<\/strong>. Von August Wilhelm Hupel. Riga: bey Johann Friedrich Hartknoch, 1789, 874 pp.<br><strong>Blicke auf Frankreichs jetzige Greuel, inwiefern sie das europ\u00e4ische Staatsinteresse betreffen<\/strong>. Riga: 1791, 47 pp.<br><strong>Versuch die Staatsverfassung des Russischen Reichs darzustellen<\/strong>. Von August Wilhelm Hupel. Erster Theil. Riga: J. F. Hartknoch, 1791, 684 pp.<br><strong>Versuch die Staatsverfassung des Russischen Reichs darzustellen<\/strong>. Von August Wilhelm Hupel. Zweiter Theil. Riga: J. F. Hartknoch, 1793, XIV+584+XXXIV pp.<br><strong>Idiotikon der deutschen Sprache in Lief- und Ehstland<\/strong>. Nebst eingestreueten Winken f\u00fcr Liebhaber. Riga: bey Johann Friedrich Hartknoch, 1795, XX+272 pp.<br><strong>Oekonomisches Handbuch f\u00fcr Lief- und Ehstl\u00e4ndische Gutsherren, wie auch f\u00fcr deren Disponenten; darinn zugleich Erg\u00e4nzungen zu Fischers Landwirthschaftsbuche geliefert, auch f\u00fcr ausw\u00e4rtige Liebhaber die Liefl\u00e4ndischen Verfahrungsarten hinl\u00e4nglich dargestellt werden<\/strong>. Erster Theil. Herausgegeben von August Wilhelm Hupel. Riga: J. F. Hartknoch, 1796, XVI+316 pp.<br><strong>Oekonomisches Handbuch f\u00fcr Lief- und Ehstl\u00e4ndische Gutsherren, wie auch f\u00fcr deren Disponenten; darinn zugleich Erg\u00e4nzungen zu Fischers Landwirthschaftbuche geliefert, auch f\u00fcr ausw\u00e4rtige Liebhaber die Liefl\u00e4ndischen Verfahrungsarten hinl\u00e4nglich dargestellt werden<\/strong>. Zweyter Theil: Das Brantweinbrennen nebst dem dazu geh\u00f6renden M\u00e4lzen und M\u00e4sten, in Hinsicht auf Lief- und Ehstland. Dargestellt von Otto Friedrich von Pistohlkors. Herausgegeben von August Wilhelm Hupel. Riga: J. F. Hartknoch, 1796, 445 pp.<\/span><br>\u00a0\n<\/p>\n<p>\n\t<span style=\"font-family:Verdana,Geneva,sans-serif\"><strong><span style=\"font-size:16px\">Journals<\/span><\/strong><\/span><\/p>\n<p><em>German<\/em><br><strong>Nordische Miscellaneen<\/strong>. Hrsg. August Wilhelm Hupel. Riga: J. F. Hartknoch, 1781-1791. [Available: <a data-url=\"https:\/\/www.ester.ee\/record=b4100218*est\" href=\"https:\/\/www.ester.ee\/record=b4100218*est\" target=\"_blank\" title=\"\" rel=\"noopener\">https:\/\/www.ester.ee\/record=b4100218*est<\/a>.]<br><strong>Neue Nordische Miscellaneen<\/strong>. Hrsg. August Wilhelm Hupel.<br>Riga: J. Fr. Hartknoch, 1792-1798. [Available: <a data-url=\"https:\/\/www.ester.ee\/record=b1468672*est\" href=\"https:\/\/www.ester.ee\/record=b1468672*est\" target=\"_blank\" title=\"\" rel=\"noopener\">https:\/\/www.ester.ee\/record=b1468672*est<\/a>.]<\/p>\n","protected":false},"excerpt":{"rendered":"<p>Books GermanDienstfreundliches Promemoria an die, welche den Herrn Moses Mendelssohn durchaus zum Christen machen wollen, oder sich doch wenigstens herzlich wundern, dass er es noch nicht geworden ist. [Riga]: [J. F. Hartknoch], 1771, 30 pp.August Wilhelm Hupel vom Zweck der &#8230;<\/p>\n","protected":false},"author":43,"featured_media":0,"parent":1265,"menu_order":0,"comment_status":"closed","ping_status":"closed","template":"","meta":{"_acf_changed":false,"inline_featured_image":false,"footnotes":""},"class_list":["post-1273","page","type-page","status-publish","hentry"],"acf":[],"_links":{"self":[{"href":"https:\/\/sisu.ut.ee\/ewod\/wp-json\/wp\/v2\/pages\/1273","targetHints":{"allow":["GET"]}}],"collection":[{"href":"https:\/\/sisu.ut.ee\/ewod\/wp-json\/wp\/v2\/pages"}],"about":[{"href":"https:\/\/sisu.ut.ee\/ewod\/wp-json\/wp\/v2\/types\/page"}],"author":[{"embeddable":true,"href":"https:\/\/sisu.ut.ee\/ewod\/wp-json\/wp\/v2\/users\/43"}],"replies":[{"embeddable":true,"href":"https:\/\/sisu.ut.ee\/ewod\/wp-json\/wp\/v2\/comments?post=1273"}],"version-history":[{"count":1,"href":"https:\/\/sisu.ut.ee\/ewod\/wp-json\/wp\/v2\/pages\/1273\/revisions"}],"predecessor-version":[{"id":3802,"href":"https:\/\/sisu.ut.ee\/ewod\/wp-json\/wp\/v2\/pages\/1273\/revisions\/3802"}],"up":[{"embeddable":true,"href":"https:\/\/sisu.ut.ee\/ewod\/wp-json\/wp\/v2\/pages\/1265"}],"wp:attachment":[{"href":"https:\/\/sisu.ut.ee\/ewod\/wp-json\/wp\/v2\/media?parent=1273"}],"curies":[{"name":"wp","href":"https:\/\/api.w.org\/{rel}","templated":true}]}}