{"id":1272,"date":"2024-04-03T23:41:04","date_gmt":"2024-04-03T20:41:04","guid":{"rendered":"https:\/\/sisu.ut.ee\/ewod\/poems-et-198\/"},"modified":"2024-04-04T00:07:42","modified_gmt":"2024-04-03T21:07:42","slug":"poems","status":"publish","type":"page","link":"https:\/\/sisu.ut.ee\/ewod\/w\/wuolijoki\/poems\/","title":{"rendered":"Hella Wuolijoki &#8211; poems"},"content":{"rendered":"<p><strong><span style=\"font-family: verdana,geneva;font-size: medium\">Books<\/span><\/strong><\/p>\n<p><em><strong><span style=\"font-family: verdana,geneva\">German<br><\/span><\/strong><\/em><span style=\"font-family: verdana,geneva\"><strong>S\u00f5ja laul = Das Estnische Kriegslied<\/strong>. Zusammengestellt und mit Hilfe von Bertolt Brecht und Margarete Steffin ins Deutsche \u00fcbertragen von Hella Wuolijoki; Estnisch und Deutsch herausgegeben und kommentiert von Hans Peter Neureuter, Ruth Mirov und \u00dclo Tedre. Stuttgart: Cotta; Helsinki: Otava, 1984, 181 pp.<\/span><span style=\"font-family: verdana,geneva\"><\/span><\/p>\n<p><em><strong><span style=\"font-family: verdana,geneva\">Swedish<\/span><\/strong><\/em><br><span style=\"font-family: verdana,geneva\"><strong>S\u00e5ngen om kriget<\/strong>. Inledning och \u00f6vers\u00e4ttning: Enel Melberg. Lund: Ellerstr\u00f6m, 2007, 43 pp. [\u2018S\u00f5ja laul\u2019.]<\/span><\/p>\n","protected":false},"excerpt":{"rendered":"<p>Books GermanS\u00f5ja laul = Das Estnische Kriegslied. Zusammengestellt und mit Hilfe von Bertolt Brecht und Margarete Steffin ins Deutsche \u00fcbertragen von Hella Wuolijoki; Estnisch und Deutsch herausgegeben und kommentiert von Hans Peter Neureuter, Ruth Mirov und \u00dclo Tedre. Stuttgart: Cotta; &#8230;<\/p>\n","protected":false},"author":43,"featured_media":0,"parent":1027,"menu_order":0,"comment_status":"closed","ping_status":"closed","template":"","meta":{"_acf_changed":false,"inline_featured_image":false,"footnotes":""},"class_list":["post-1272","page","type-page","status-publish","hentry"],"acf":[],"_links":{"self":[{"href":"https:\/\/sisu.ut.ee\/ewod\/wp-json\/wp\/v2\/pages\/1272","targetHints":{"allow":["GET"]}}],"collection":[{"href":"https:\/\/sisu.ut.ee\/ewod\/wp-json\/wp\/v2\/pages"}],"about":[{"href":"https:\/\/sisu.ut.ee\/ewod\/wp-json\/wp\/v2\/types\/page"}],"author":[{"embeddable":true,"href":"https:\/\/sisu.ut.ee\/ewod\/wp-json\/wp\/v2\/users\/43"}],"replies":[{"embeddable":true,"href":"https:\/\/sisu.ut.ee\/ewod\/wp-json\/wp\/v2\/comments?post=1272"}],"version-history":[{"count":1,"href":"https:\/\/sisu.ut.ee\/ewod\/wp-json\/wp\/v2\/pages\/1272\/revisions"}],"predecessor-version":[{"id":3801,"href":"https:\/\/sisu.ut.ee\/ewod\/wp-json\/wp\/v2\/pages\/1272\/revisions\/3801"}],"up":[{"embeddable":true,"href":"https:\/\/sisu.ut.ee\/ewod\/wp-json\/wp\/v2\/pages\/1027"}],"wp:attachment":[{"href":"https:\/\/sisu.ut.ee\/ewod\/wp-json\/wp\/v2\/media?parent=1272"}],"curies":[{"name":"wp","href":"https:\/\/api.w.org\/{rel}","templated":true}]}}