{"id":1264,"date":"2024-04-03T23:41:03","date_gmt":"2024-04-03T20:41:03","guid":{"rendered":"https:\/\/sisu.ut.ee\/ewod\/plays-et-42\/"},"modified":"2024-04-04T00:07:44","modified_gmt":"2024-04-03T21:07:44","slug":"plays","status":"publish","type":"page","link":"https:\/\/sisu.ut.ee\/ewod\/m\/merilaas\/plays\/","title":{"rendered":"Kersti Merilaas &#8211; plays"},"content":{"rendered":"<p><strong><span style=\"font-family: verdana, geneva;font-size: medium\">Books<\/span><\/strong><\/p>\n<p><em><strong><span style=\"font-family: verdana, geneva\">Russian<\/span><\/strong><\/em><br><span style=\"font-family: verdana, geneva\">\u041a\u0435\u0440\u0441\u0442\u0438 \u041c\u0435\u0440\u0438\u043b\u0430\u0430\u0441, <strong>\u0414\u0432\u0435 \u043f\u043e\u0441\u043b\u0435\u0434\u043d\u0438\u0435 \u0441\u0442\u0440\u043e\u0447\u043a\u0438: \u043f\u044a\u0435\u0441\u0430 \u0432 4-\u0445 \u043a\u0430\u0440\u0442\u0438\u043d\u0430\u0445<\/strong>. A\u0432\u0442\u043e\u0440\u0438\u0437\u043e\u0432\u0430\u043d\u043d\u044b\u0439 \u043f\u0435\u0440\u0435\u0432\u043e\u0434 \u0441 \u044d\u0441\u0442\u043e\u043d\u0441\u043a\u043e\u0433\u043e \u0412. \u0421\u0430\u043c\u043e\u0439\u043b\u043e\u0432\u0430; \u0411\u044e\u0440\u043e \u0440\u0430\u0441\u043f\u0440\u043e\u0441\u0442\u0440\u0430\u043d\u0435\u043d\u0438\u044f \u0434\u0440\u0430\u043c\u0430\u0442\u0438\u0447\u0435\u0441\u043a\u0438\u0445 \u043f\u0440\u043e\u0439\u0437\u0432\u0435\u0434\u0435\u043d\u0438\u0439 \u0438 \u0438\u043d\u0444\u043e\u0440\u043c\u0430\u0446\u0438\u043e\u043d\u043d\u043e-\u0440\u0435\u043a\u043b\u0430\u043c\u043d\u044b\u0445 \u043c\u0430\u0442\u0435\u0440\u0438\u0430\u043b\u043e\u0432 \u0412\u0410\u0410\u041f, \u041c\u043e\u0441\u043a\u0432\u0430: [<em>s. n.<\/em>], 1976, 76 pp. [\u2018Kaks viimast rida\u2019.]<\/span><\/p>\n<p><span style=\"font-family: verdana, geneva\"><strong><em>Slovak<\/em><\/strong><br><strong>Dva posledn\u00e9 ver\u0161e: hra v \u0161tyroch obrazoch<\/strong>. Bratislava: LITA, 1979, 64 pp. [\u2018Kaks viimast rida\u2019.]<\/span><\/p>\n","protected":false},"excerpt":{"rendered":"<p>Books Russian\u041a\u0435\u0440\u0441\u0442\u0438 \u041c\u0435\u0440\u0438\u043b\u0430\u0430\u0441, \u0414\u0432\u0435 \u043f\u043e\u0441\u043b\u0435\u0434\u043d\u0438\u0435 \u0441\u0442\u0440\u043e\u0447\u043a\u0438: \u043f\u044a\u0435\u0441\u0430 \u0432 4-\u0445 \u043a\u0430\u0440\u0442\u0438\u043d\u0430\u0445. A\u0432\u0442\u043e\u0440\u0438\u0437\u043e\u0432\u0430\u043d\u043d\u044b\u0439 \u043f\u0435\u0440\u0435\u0432\u043e\u0434 \u0441 \u044d\u0441\u0442\u043e\u043d\u0441\u043a\u043e\u0433\u043e \u0412. \u0421\u0430\u043c\u043e\u0439\u043b\u043e\u0432\u0430; \u0411\u044e\u0440\u043e \u0440\u0430\u0441\u043f\u0440\u043e\u0441\u0442\u0440\u0430\u043d\u0435\u043d\u0438\u044f \u0434\u0440\u0430\u043c\u0430\u0442\u0438\u0447\u0435\u0441\u043a\u0438\u0445 \u043f\u0440\u043e\u0439\u0437\u0432\u0435\u0434\u0435\u043d\u0438\u0439 \u0438 \u0438\u043d\u0444\u043e\u0440\u043c\u0430\u0446\u0438\u043e\u043d\u043d\u043e-\u0440\u0435\u043a\u043b\u0430\u043c\u043d\u044b\u0445 \u043c\u0430\u0442\u0435\u0440\u0438\u0430\u043b\u043e\u0432 \u0412\u0410\u0410\u041f, \u041c\u043e\u0441\u043a\u0432\u0430: [s. n.], 1976, 76 pp. [\u2018Kaks viimast rida\u2019.] SlovakDva posledn\u00e9 ver\u0161e: hra v \u0161tyroch obrazoch. &#8230;<\/p>\n","protected":false},"author":43,"featured_media":0,"parent":1893,"menu_order":0,"comment_status":"closed","ping_status":"closed","template":"","meta":{"_acf_changed":false,"inline_featured_image":false,"footnotes":""},"class_list":["post-1264","page","type-page","status-publish","hentry"],"acf":[],"_links":{"self":[{"href":"https:\/\/sisu.ut.ee\/ewod\/wp-json\/wp\/v2\/pages\/1264","targetHints":{"allow":["GET"]}}],"collection":[{"href":"https:\/\/sisu.ut.ee\/ewod\/wp-json\/wp\/v2\/pages"}],"about":[{"href":"https:\/\/sisu.ut.ee\/ewod\/wp-json\/wp\/v2\/types\/page"}],"author":[{"embeddable":true,"href":"https:\/\/sisu.ut.ee\/ewod\/wp-json\/wp\/v2\/users\/43"}],"replies":[{"embeddable":true,"href":"https:\/\/sisu.ut.ee\/ewod\/wp-json\/wp\/v2\/comments?post=1264"}],"version-history":[{"count":1,"href":"https:\/\/sisu.ut.ee\/ewod\/wp-json\/wp\/v2\/pages\/1264\/revisions"}],"predecessor-version":[{"id":3814,"href":"https:\/\/sisu.ut.ee\/ewod\/wp-json\/wp\/v2\/pages\/1264\/revisions\/3814"}],"up":[{"embeddable":true,"href":"https:\/\/sisu.ut.ee\/ewod\/wp-json\/wp\/v2\/pages\/1893"}],"wp:attachment":[{"href":"https:\/\/sisu.ut.ee\/ewod\/wp-json\/wp\/v2\/media?parent=1264"}],"curies":[{"name":"wp","href":"https:\/\/api.w.org\/{rel}","templated":true}]}}