{"id":1259,"date":"2024-04-03T23:41:03","date_gmt":"2024-04-03T20:41:03","guid":{"rendered":"https:\/\/sisu.ut.ee\/ewod\/poems-et-196\/"},"modified":"2024-04-04T00:07:43","modified_gmt":"2024-04-03T21:07:43","slug":"poems","status":"publish","type":"page","link":"https:\/\/sisu.ut.ee\/ewod\/v\/veske\/poems\/","title":{"rendered":"Mihkel Veske &#8211; poems"},"content":{"rendered":"<p>\n\t<span data-mce-mark=\"1\" style=\"font-family: verdana, geneva;font-size: medium\"><strong>In compilations, anthologies, magazines<\/strong><\/span>\n<\/p>\n<p>\n\t<span style=\"font-family: verdana, geneva;font-size: small\"><strong><em>English<\/em><br><strong>Estonian Anthology. Intimate stories of life, love, labor and war of the Estonian people<\/strong><\/strong>. Compiled, translated and published by A. Pranspill. Translations by W. K. Matthews. Edited by Milton Millhauser. Milford [Connecticut], 1956, 320 pp. [Contents: F. R. Faehlmann; M. J. Eisen; F. R. Kreutzwald \u2019An introduction to Kalevipoeg\u2019; Juhan Liiv \u2019Men on lake Peipsi\u2019; H. Maelo \u2019Fatherless\u2019; A. Kitzberg \u2019Duke of Abia\u2019, \u2019At Puve farm\u2019; A. H. Tammsaare \u2019Truth and justice\u2019 [excerpt], \u2019Spry Kaarel and his young wife\u2019; A. M\u00e4lk \u2019My blind friend\u2019, \u2019At the sea side\u2019, \u2019Conversation with a child\u2019; A. Pranspill \u2019My first conflict with civilization\u2019, \u2019Manorial bath house\u2019; H. Raudsepp \u2019Long live revolution\u2019, \u2019Your country needs you\u2019 (excerpts from \u2019In the Parlor and in Jail\u2019); E. Vilde \u2019My coachman\u2019, \u2019Tailor\u2019s tricks\u2019, \u2019Factotum\u2019; A. Haava \u2019Master carpenter\u2019; E. Laidsaar \u2019Free love marriage\u2019; H. Raudsepp \u2019Lazybones\u2019 (excerpt from \u2019Vedelvorst\u2019); A. Gailit \u2019A trip to India\u2019; A. Kivikas \u2019The Chinaman\u2019, \u2019Innocent\u2019, \u2019The Latvian\u2019, \u2019The worker\u2019s tribunal\u2019; Anonymous \u2019The dictatorship of the proletariat\u2019; F. Tuglas \u2019Shadow man\u2019. Poems by M. Under, J. W. Jannsen, V. Ridala, G. Suits, L. Koidula, A. Haava, F. R. Kreutzwald, M. Veske, H. Visnapuu, A. Pranspill. Added collection of folklore songs, proverbs, riddles, fairy tales, an excerpt from the Treaty of Peace between Russia and Estonia, 1920.]<\/span>\n<\/p>\n<p>\n\t<span style=\"font-family: verdana, geneva;font-size: small\"><strong><em>German<\/em><\/strong><br><strong>Des Vaters Worte; L\u00e4ngs des Embachs leisen Wellen; Der verlorene Handschuh; Steigt hinauf auf Bergesh\u00f6hen<\/strong>. \u00dcbersetzung: Wilhelm Nerling. \u2013 Estnische Gedichte. Dorpat: Laakmann, 1925, pp 31-35. [\u2018Isa s\u00f5nad\u2019, \u2018Emaj\u00f5e laineid m\u00f6\u00f6da\u2019, \u2018Kadunud kinnas\u2019, \u2018Minge \u00fcles m\u00e4gedele\u2019.\u00a0Poems by A. Alver, J. Bergmann, M. J. Eisen, E. Enno, F. R. Faehlmann, A. Grenzstein, V. Ridala, A. Haava, K. A. Hermann, J. Hurt, P. Jakobson, J. V. Jannsen, R. Kamsen, L. Koidula, Fr. R. Kreutzwald, F. Kuhlbars, J. Kunder, M. K\u00f6rber, Jakob Liiv, Juhan Liiv, M. Lipp, G. E. Luiga, P. von Manteuffel, G. A. Oldekop, K. J. Peterson, M. Pukits, H. P\u00f6\u00f6gelmann, H. Raudsepp, C. M. Redlich, A. Reinvald, H. Rikand, J. Ph. v Roth, J. Speek, G. Suits, K. E. S\u00f6\u00f6t, J. Tamm, B. H. von Tiesenhausen, F. Tuglas, M. Veske, B. Weber, J. Weizenberg, E. L. W\u00f6hrmann.]<br><strong>Steigt hinauf auf jene Berge; Durch des Mutterstromes Wogen<\/strong>. \u00dcbersetzung: Axel Kallas. \u2013 Estnische Kl\u00e4nge. Auswahl estnischer Dichtungen von Axel Kallas. Dorpat: Kommissions-Verlag Carl Gl\u00fcck, 1911, pp 52-54. [\u2018Minge \u00fcles m\u00e4gedele\u2019, \u2018Emaj\u00f5e laineid m\u00f6\u00f6da\u2019.\u00a0Poems by E. Enno, V. Ridala, A. Haava, J. V. Jannsen, L. Koidula, F. Kuhlbars, Juhan Liiv, G. Suits, K. E. S\u00f6\u00f6t, J. \u0422\u0430mm, M. Veske.]<br><strong>Am Brunnen<\/strong>. \u00dcbersetzung: Carl Hermann. \u2013 Aus fremden Zungen, vol 17, 1907, p 464.<br><strong>Mein gold\u2019nes Lieb\u2019<\/strong>. \u00dcbersetzung: Carl Hermann. \u2013 St. Petersburger Herold, no 86, 26.3.1900.<\/span><br><span style=\"font-family:Verdana,Geneva,sans-serif\"><strong>Des Vaters Wort<\/strong>. \u00dcbersetzung: Viktor von Andrejanoff. \u2013 D\u00fcna-Zeitung, no 106, 11.5.1889. [\u2018Isa s\u00f5nad\u2019.]<\/span>\n<\/p>\n<p>\n\t<span data-mce-mark=\"1\" style=\"font-family: verdana, geneva;font-size: small\"><strong><em>Hungarian<\/em><br>Az \u00e9szt irodalom kist\u00fckre<\/strong>. V\u00e1l. a bevez. \u00e9s az ismertet\u00f6 sz\u00f6vegeket \u00edrta Jaan Kross. A k\u00f6tet ford. B\u00e1n Alad\u00e1r, Bereczki G\u00e1bor, Feh\u00e9rv\u00e1ri Gy\u00f6z\u00f6, K\u00e1lm\u00e1n B\u00e9la, K\u00e9pes G\u00e9za, Vir\u00e1nyi Elem\u00e9r, Zaicz G\u00e1bor. Az ill. v\u00e1l. Kiisk Mai \u00e9s Radv\u00e1nyi Ervin. Budapest: Eur\u00f3pa, 1969, 478 pp. [Contents: B. Russow \u2019Liv\u00f3nia tartom\u00e1ny\u00e1nak kr\u00f3nik\u00e1ja\u2019 (excerpt); O. W. Masing \u2019Egy megalapozatlan \u00e9s igazs\u00e1gtalan \u00e1ll\u00edt\u00e1s visszautas\u00edt\u00e1sa\u2019; P. von Mannteuffel \u2019Id\u00f6t\u00f6lt\u00e9s\u00fcl, f\u00e1klyaf\u00e9ny mellett\u2019 (excerpt); F. R. Faehlmann; Fr. R. Kreutzwald; J. W. Jannsen \u2019Tr\u00e9f\u00e1k, karcolatok a P\u00e4rnui Post\u00e1s c\u00edm\u00fc lapb\u00f3l\u2019; C. R. Jakobson \u2019Els\u00f6 hazafias besz\u00e9d\u2019; A. Kitzberg \u2019Szelek forgatag\u00e1ban\u2019 (excerpt); E. Bornh\u00f6he \u2019A bossz\u00fa\u00e1ll\u00f3\u2019 (excerpt); Juhan Liiv \u2019A Pejpusztavon\u2019; E. S\u00e4rgava \u2019Egy bika \u00e9lett\u00f6rt\u00e9nete\u2019; E. Vilde \u2019A Mahtrai h\u00e1bor\u00fa\u2019 (excerpt), \u2019Aki eladta a feles\u00e9g\u00e9t\u2019 (excerpt); A. H. Tammsaare \u2019A szerelem\u2019, \u2019A nagy nap\u2019, \u2019A temet\u00e9s\u2019; K. A. Hindrey \u2019Gy\u00e1vas\u00e1g\u2019; M. Metsanurk \u2019T\u00fcz\u00f6n \u00e1t\u2019; F. Tuglas \u2019A vil\u00e1g v\u00e9g\u00e9n\u2019, \u2019Bobi \u00e9s Huhuu\u2019; O. Luts \u2019A \u201eKentuki oroszl\u00e1n\u201c\u2019 (excerpt); A. Gailit \u2019Toomas Nipernaadi\u2019 (excerpt); P. Vallak \u2019Az \u00fcres f\u00e9szer\u2019; A. Jakob\u00adson \u2019Az utols\u00f3 \u00e1ll\u00f3mas\u2019. Poems by R. Brocmann, K\u00e4su Hans, P. von Mannteuffel, K. J. Peterson, M. Veske, L. Koidula, Juhan Liiv, M. Under, A. Haava, G. Suits, J. S\u00fctiste, J. Barbarus, H. Talvik, H. Visnapuu.]<\/span>\n<\/p>\n<p>\n\t<span data-mce-mark=\"1\" style=\"font-family: verdana, geneva;font-size: small\"><strong><em>Mari (Hill Mari)<\/em><\/strong><br>\u041c\u0438\u0447\u043a\u0435\u043b\u044c \u0412\u0435\u0441\u043a\u0435, <strong>\u0419\u00e4\u043b \u0441\u00e4\u043d\u0434\u00e4\u043b\u04f9\u043a\u04f9\u0448\u0442\u04f9<\/strong>. \u2013 \u041c\u0430\u0440\u0438 \u043b\u0438\u0442\u0435\u0440\u0430\u0442\u0443\u0440\u0430, 1995.<\/span>\n<\/p>\n<p>\n\t<span style=\"font-family: verdana, geneva;font-size: small\"><strong><em>Russian<\/em><br><strong>\u041f\u043e\u044d\u0442\u044b \u042d\u0441\u0442\u043e\u043d\u0438\u0438<\/strong><\/strong>. \u0412\u0441\u0442\u0443\u043f\u0438\u0442\u0435\u043b\u044c\u043d\u0430\u044f \u0441\u0442\u0430\u0442\u044c\u044f \u0438 \u0431\u0438\u043e\u0433\u0440\u0430\u0444\u0438\u0447\u0435\u0441\u043a\u0438\u0435 \u0441\u043f\u0440\u0430\u0432\u043a\u0438: \u0421. \u0413. \u0418\u0441\u0430\u043a\u043e\u0432\u0430; \u0441\u043e\u0441\u0442. \u0438 \u043f\u0440\u0438\u043c\u0435\u0447\u0430\u043d\u0438\u044f \u041d. \u0413. \u0410\u043d\u0434\u0440\u0435\u0437\u0435\u043d\u0430 \u0438 \u0421. \u0413. \u0418\u0441\u0430\u043a\u043e\u0432\u0430; \u0440\u0435\u0434\u0430\u043a\u0446\u0438\u044f \u0441\u0442\u0438\u0445\u043e\u0442\u0432\u043e\u0440\u043d\u044b\u0445 \u043f\u0435\u0440\u0435\u0432\u043e\u0434\u043e\u0432 \u0412. \u0420\u043e\u0436\u0434\u0435\u0441\u0442\u0432\u0435\u043d\u0441\u043a\u043e\u0433\u043e.\u00a0\u041b\u0435\u043d\u0438\u043d\u0433\u0440\u0430\u0434: \u0421\u043e\u0432\u0435\u0442\u0441\u043a\u0438\u0439 \u043f\u0438\u0441\u0430\u0442\u0435\u043b\u044c, 1974, 662 pp. [Poems by Kristjan Jaak Peterson, Friedrich Robert Faehlmann, Friedrich Reinhold Kreutzwald, Lydia Koidula, Friedrich Kuhlbars, Mihkel Veske, Ado Reinvald, Jakob Tamm, Jakob Liiv, Karl Eduard S\u00f6\u00f6t, Anna Haava, Juhan Liiv, Hans P\u00f6\u00f6gelmann,\u00a0Juhan Lilienbach, Ernst Enno, Gustav Suits, Villem Ridala, Friedebert Tuglas, Johannes Barbarus, Henrik Visnapuu, August Alle, Jaan K\u00e4rner, Johannes Semper, Hendrik Adamson, Juhan S\u00fctiste, Heiti Talvik, August Sang, Juhan Smuul.]<br><strong>\u0410\u043d\u0442\u043e\u043b\u043e\u0433\u0438\u044f \u044d\u0441\u0442\u043e\u043d\u0441\u043a\u043e\u0439 \u043f\u043e\u044d\u0437\u0438\u0438: \u0432 \u0434\u0432\u0443\u0445 \u0442\u043e\u043c\u0430\u0445<\/strong>. \u0412\u0441\u0442\u0443\u043f\u0438\u0442\u0435\u043b\u044c\u043d\u0430\u044f \u0441\u0442\u0430\u0442\u044c\u044f \u042d. \u041d\u0438\u0440\u043a\u0430; \u0441\u043e\u0441\u0442\u0430\u0432\u0438\u0442\u0435\u043b\u0438 \u042d. \u041d\u0438\u0440\u043a \u0438 \u041f. \u0420\u0443\u043c\u043c\u043e. \u041b\u0435\u043d\u0438\u043d\u0433\u0440\u0430\u0434: \u0413\u043e\u0441\u043b\u0438\u0442\u0438\u0437\u0434\u0430\u0442, 1959, 424 + 450 pp. [Includes folk songs and poems by: Kristian Jaak Peterson, Friedrich Robert Faehlmann, Friedrich Reinhold Kreutzwald, Juhan Weizenberg, Lydia Koidula, Friedrich Kuhlbars, Carl Robert Jakobson, Mihkel Veske, Ado Reinvald, Juhan Kunder, Jaan Bergmann, Peeter Jakobson, Jakob Tamm, Jakob Liiv, Juhan Liiv, Anna Haava, Karl Eduard S\u00f6\u00f6t, Reinhold Kamsen, Ernst Enno, Villem, Ridala, Marie Heiberg, Jaan L\u00f5o, Hans P\u00f6\u00f6gelmann, Juhan Lilienbach, Vassili M\u00f6lder, Villem Buk, Johannes Barbarus, August Alle, Jaan K\u00e4rner, Johannes Semper, Juhan S\u00fctiste, Erni Hiir, Mart Raud, Paul Viiding, Betti Alver, Kersti Merilaas, August Sang, Hugo Angervaks, Felix Kotta, Aira Kaal, Muia Veetamm, Paul Rummo, Debora Vaarandi, Juhan Smuul, Minni Nurme, Ralf Parve, Manivald Kesamaa, Uno Laht, Vladimir Beekman, Jaan Kross, Ilmi Kolla, Ellen Niit.]<br><strong>\u041f\u043e\u044d\u0442\u044b \u042d\u0441\u0442\u043e\u043d\u0438\u0438: \u0410\u043d\u0442\u043e\u043b\u043e\u0433\u0438\u044f \u0437\u0430 \u0441\u0442\u043e \u043b\u0435\u0442: (1803-1902)<\/strong><span>. \u041f\u0435\u0440\u0435\u0432\u043e\u0434 \u0418\u0433\u043e\u0440\u044f \u0421\u0435\u0432\u0435\u0440\u044f\u043d\u0438\u043d\u0430; [\u0418\u043b\u043b\u044e\u0441\u0442\u0440\u0430\u0446\u0438\u0438 \u0410. \u0413\u0440\u0438\u043d\u0435\u0432\u0430]. \u0422\u0430\u0440\u0442\u0443: \u0412\u0430\u0434\u0438\u043c \u0411\u0435\u0440\u0433\u043c\u0430\u043d, 1928, 182 pp. [Poems by \u0424\u0440\u0438\u0434\u0440\u0438\u0445 \u0420\u0435\u0439\u043d\u0445\u043e\u043b\u044c\u0434 \u041a\u0440\u0435\u0439\u0446\u0432\u0430\u043b\u044c\u0434, \u0424\u0440\u0438\u0434\u0440\u0438\u0445 \u041a\u0443\u043b\u044c\u0431\u0430\u0440\u0441, \u041c\u0438\u0445\u043a\u0435\u043b\u044c \u0412\u0435\u0441\u043a\u0435, \u041b\u0438\u0434\u0438\u044f \u041a\u043e\u0439\u0434\u0443\u043b\u0430, \u0410\u0434\u043e \u0420\u0435\u0439\u043d\u0432\u0430\u043b\u044c\u0434, \u0410\u0434\u043e \u0413\u0440\u0435\u043d\u0446\u0448\u0442\u0435\u0439\u043d, \u041a\u0430\u0440\u043b \u0410\u0432\u0433\u0443\u0441\u0442 \u0425\u0435\u0440\u043c\u0430\u043d\u043d, \u042e\u0445\u0430\u043d \u041a\u0443\u043d\u0434\u0435\u0440, \u041f\u0435\u044d\u0442\u0435\u0440 \u042f\u043a\u043e\u0431\u0441\u043e\u043d, \u041c\u0430\u0440\u0442\u0438\u043d \u041b\u0438\u043f\u043f, \u042f\u0430\u043d \u0411\u0435\u0440\u0433\u043c\u0430\u043d\u043d, \u041c\u0430\u0442\u0438\u0430\u0441 \u0419\u043e\u0445\u0430\u043d\u043d \u042d\u0439\u0437\u0435\u043d, \u042f\u043a\u043e\u0431 \u041b\u0438\u0439\u0432, \u042f\u043a\u043e\u0431 \u0422\u0430\u043c\u043c, \u041a\u0430\u0440\u043b \u042d\u0434\u0443\u0430\u0440\u0434 \u0421\u0435\u044d\u0442, \u042d\u0434\u0443\u0430\u0440\u0434 \u0412\u0435\u0440\u043c\u0430\u043d, \u042d\u043b\u0438\u0437\u0435 \u0410\u0443\u043d, \u042e\u0445\u0430\u043d \u041b\u0438\u0439\u0432, \u0410\u043d\u043d\u0430 \u0425\u0430\u0430\u0432\u0430, \u0413\u0435\u043e\u0440\u0433 \u042d\u0434\u0443\u0430\u0440\u0434 \u041b\u0443\u0439\u0433\u0430, \u0410\u043d\u0434\u0440\u0435\u0441 \u0410\u043b\u044c\u0432\u0435\u0440, \u042d\u0440\u043d\u0441\u0442 \u042d\u043d\u043d\u043e, \u0413\u0443\u0441\u0442\u0430\u0432 \u0421\u0443\u0439\u0442\u0441, \u041c\u0430\u0440\u0438\u0435 \u0423\u043d\u0434\u0435\u0440, \u0412\u0438\u043b\u043b\u0435\u043c \u0420\u0438\u0434\u0430\u043b\u0430, \u0424\u0440\u0438\u0434\u0435\u0431\u0435\u0440\u0442 \u0422\u0443\u0433\u043b\u0430\u0441, \u0419\u043e\u0445\u0430\u043d\u043d\u0435\u0441 \u0411\u0430\u0440\u0431\u0430\u0440\u0443\u0441, \u0419\u043e\u0445\u0430\u043d\u043d\u0435\u0441 \u0421\u0435\u043c\u043f\u0435\u0440, \u041c\u0430\u0440\u0438e \u0425\u0435\u0439\u0431\u0435\u0440\u0433, \u0410\u0432\u0433\u0443\u0441\u0442 \u0410\u043b\u043b\u0435, \u0425\u0435\u043d\u0440\u0438\u043a \u0412\u0438\u0441\u043d\u0430\u043f\u0443\u0443, \u0420\u0443\u0434\u043e\u043b\u044c\u0444 \u0420\u0435\u0439\u043c\u0430\u043d\u043d, \u0412\u0430\u043b\u044c\u043c\u0430\u0440 \u0410\u0434\u0430\u043c\u0441.]<br><strong>\u041f\u043e\u044d\u0442\u044b \u0424\u0438\u043d\u043b\u044f\u043d\u0434\u0438\u0438 \u0438 \u042d\u0441\u0442\u043b\u044f\u043d\u0434\u0438\u0438<\/strong>. \u0418\u0437\u0434\u0430\u043d\u044b \u043f\u043e\u0434 \u0440\u0435\u0434. \u041d. \u041d\u043e\u0432\u0438\u0447\u0430 [\u043f\u0441\u0435\u0432\u0434.]. \u0421.-\u041f\u0435\u0442\u0435\u0440\u0431\u0443\u0440\u0433: [s.n.], 1898, 159 pp. [Includes poems by \u0424. \u041a\u0440\u0435\u0439\u0446\u0432\u0430\u043b\u044c\u0434, \u041b. \u041a\u043e\u0439\u0434\u0443\u043b\u0430, \u041c. \u0412\u0435\u0441\u043a\u0435, \u0410. \u041f\u0438\u0440\u0438\u043a\u0438\u0432\u0438, \u0418. \u041a\u0443\u043d\u0434\u0435\u0440, \u042f. \u0422\u0430\u043c\u043c, \u0413. \u041b\u0443\u0439\u0433\u0430, \u041a\u0430\u043b\u044c\u044e\u043b\u0430(?).]<\/span><\/span><\/p>\n","protected":false},"excerpt":{"rendered":"<p>In compilations, anthologies, magazines EnglishEstonian Anthology. Intimate stories of life, love, labor and war of the Estonian people. Compiled, translated and published by A. Pranspill. Translations by W. K. Matthews. Edited by Milton Millhauser. Milford [Connecticut], 1956, 320 pp. [Contents: &#8230;<\/p>\n","protected":false},"author":43,"featured_media":0,"parent":1253,"menu_order":0,"comment_status":"closed","ping_status":"closed","template":"","meta":{"_acf_changed":false,"inline_featured_image":false,"footnotes":""},"class_list":["post-1259","page","type-page","status-publish","hentry"],"acf":[],"_links":{"self":[{"href":"https:\/\/sisu.ut.ee\/ewod\/wp-json\/wp\/v2\/pages\/1259","targetHints":{"allow":["GET"]}}],"collection":[{"href":"https:\/\/sisu.ut.ee\/ewod\/wp-json\/wp\/v2\/pages"}],"about":[{"href":"https:\/\/sisu.ut.ee\/ewod\/wp-json\/wp\/v2\/types\/page"}],"author":[{"embeddable":true,"href":"https:\/\/sisu.ut.ee\/ewod\/wp-json\/wp\/v2\/users\/43"}],"replies":[{"embeddable":true,"href":"https:\/\/sisu.ut.ee\/ewod\/wp-json\/wp\/v2\/comments?post=1259"}],"version-history":[{"count":1,"href":"https:\/\/sisu.ut.ee\/ewod\/wp-json\/wp\/v2\/pages\/1259\/revisions"}],"predecessor-version":[{"id":3809,"href":"https:\/\/sisu.ut.ee\/ewod\/wp-json\/wp\/v2\/pages\/1259\/revisions\/3809"}],"up":[{"embeddable":true,"href":"https:\/\/sisu.ut.ee\/ewod\/wp-json\/wp\/v2\/pages\/1253"}],"wp:attachment":[{"href":"https:\/\/sisu.ut.ee\/ewod\/wp-json\/wp\/v2\/media?parent=1259"}],"curies":[{"name":"wp","href":"https:\/\/api.w.org\/{rel}","templated":true}]}}