{"id":1258,"date":"2024-04-03T23:41:02","date_gmt":"2024-04-03T20:41:02","guid":{"rendered":"https:\/\/sisu.ut.ee\/ewod\/koomagi\/"},"modified":"2024-04-04T00:07:47","modified_gmt":"2024-04-03T21:07:47","slug":"koomagi","status":"publish","type":"page","link":"https:\/\/sisu.ut.ee\/ewod\/k\/koomagi\/","title":{"rendered":"Armin K\u00f5om\u00e4gi"},"content":{"rendered":"<p>\n\t<a href=\"https:\/\/sisu.ut.ee\/ewod\/k\/koomagi\/novels\"><span style=\"font-family: verdana,geneva\"><strong><span style=\"font-size: medium\">Novels<\/span><\/strong><\/span><\/a><span style=\"font-family: verdana,geneva\"><strong><span style=\"font-size: medium\"> <\/span><\/strong><span style=\"font-size: medium\"><a href=\"https:\/\/sisu.ut.ee\/wp-content\/uploads\/sites\/108\/armin_koomagi_alar_madisson.jpg\" target=\"_self\" rel=\"noopener\"><img decoding=\"async\" alt=\"Armin K\u00f5om\u00e4gi\" class=\"\" src=\"https:\/\/sisu.ut.ee\/wp-content\/uploads\/sites\/108\/armin_koomagi_alar_madisson.jpg\" style=\"float: right;width: 300px;height: 200px\" title=\"Photo: Alar Madisson\"><\/a><\/span><\/span>\n<\/p>\n<p>\n\t<a href=\"https:\/\/sisu.ut.ee\/ewod\/k\/koomagi\/stories\"><span style=\"font-family: verdana,geneva\"><strong><span style=\"font-size: medium\">Short stories<\/span><\/strong><\/span><\/a>\n<\/p>\n<p>\u00a0\n<\/p>\n<p>\n\t<span style=\"color:#000000\"><span style=\"font-size:13px\"><span style=\"font-family:Verdana,Geneva,sans-serif\"><span style=\"font-weight:normal\">Armin K\u00f5om\u00e4gi<\/span><b>\u00a0<\/b>(b. 5. VII 1969) is a prose writer and businessman.<\/span><\/span><\/span>\n<\/p>\n<p>\n\t<span style=\"color:#000000\"><span style=\"font-size:13px\"><span style=\"font-family:Verdana,Geneva,sans-serif\">One of the fastest rising authors in contemporary Estonian literature, he was born in Moldova to an Estonian father and an Armenian mother. With a background in business, the author began as a writer in the 2000s; his first short story <em>Anon\u00fc\u00fcmsed logistikud<\/em> (\u2018Logisticians\u00a0Anonymous\u2019) immediately won the Friedebert Tuglas short story award (2006). This also appeared in his first collection <i><span style=\"font-style:italic\">Amat\u00f6\u00f6r<\/span><\/i>\u00a0(\u2018The Amateur\u2019, 2005) and in <i><span style=\"font-style:italic\">Best European Fiction 2012 <\/span><\/i>(Dalkey Archive Press, 2011). For the short story \u2018Goglomov\u2019, which appeared in the collection <i><span style=\"font-style:italic\">Minu erootika saladus <\/span><\/i>(\u2018My Erotic Secret\u2019, 2017), he won a second Tuglas short story prize (2018) and the August Gailit short story prize (2019). In 2007 he also won the annual prize for audio-visual art from the Cultural Endowment of Estonia for his personal contribution to Estonian film, and in 2015 he won first prize in the novel competition of the Estonian Writers\u2019 Union for the novel <i><span style=\"font-style:italic\">Lui Vutoon <\/span><\/i>(2015).<\/span><\/span><\/span>\n<\/p>\n<p>\n\t<span style=\"color:#000000\"><span style=\"font-size:13px\"><span style=\"font-family:Verdana,Geneva,sans-serif\">K\u00f5om\u00e4gi\u2019s prose, which feels most at home in the short form, casts a sharp-witted, occasionally (self-)ironical look, grotesquely veiled, at the world of contemporary capitalism. Thus, for example, the novel <i><span style=\"font-style:italic\">Lui Vutoon <\/span><\/i>might be described as a Robinson Crusoe story in diary form placed in an urban setting, the centre of which is the Mecca of modern consumer culture, a shopping mall, which also had an important place in K\u00f5om\u00e4gi\u2019s first novel, <i><span style=\"font-style:italic\">Pagejad<\/span><\/i>\u00a0(\u2018The Escapees\u2019, 2009). There is no shortage of social criticism in either work, and there is a scathing topicality. Dystopian visions of the future are to be found, for instance, in the short story collections <i><span style=\"font-style:italic\">Minu Mustam\u00e4e <\/span><\/i>(\u2018My Mustam\u00e4e\u2019, 2013) and <i><span style=\"font-style:italic\">Minu erootika saladus<\/span><\/i>. Precise use of words and a good command of genres characterize the author\u2019s prose, with its interesting characters, occasionally absurd situations, a certain fairy-tale component, and a wealth of humour arising from the texts.<\/span><\/span><\/span>\n<\/p>\n<p>\n\t<span style=\"color:#000000\"><span style=\"font-size:13px\"><span style=\"font-family:Verdana,Geneva,sans-serif\">K\u00f5om\u00e4gi is one of the compilers and publishers of the <i><span style=\"font-style:italic\">Eesti novell <\/span><\/i>(\u2018Estonian Short Story\u2019) series of books. The collections contain, in addition to the most noteworthy stories of the year, those that have won the Tuglas prize and a story from an earlier period. So far three books have appeared: <i><span style=\"font-style:italic\">Eesti novell 2018, Eesti novell 2019, and Eesti novell 2020.<\/span><\/i><\/span><\/span><\/span>\n<\/p>\n<p>\n\t<span style=\"color:#000000\"><span style=\"font-size:13px\"><span style=\"font-family:Verdana,Geneva,sans-serif\"><i><span style=\"font-style:italic\">A. K. (Translated by C. M.)<\/span><\/i><\/span><\/span><\/span>\n<\/p>\n<p style=\"margin-bottom:6,0000pt\">\n<\/p><p><span style=\"color:#000000\"><span style=\"font-size:16px\"><span style=\"font-family:Verdana,Geneva,sans-serif\"><span style=\"line-height:150%\"><b><span style=\"font-weight:bold\">Books<\/span><\/b><b><span style=\"font-weight:bold\">\u00a0in Estonian<\/span><\/b><\/span><\/span><\/span><\/span>\n<\/p>\n<p style=\"margin-bottom:6,0000pt\">\n\t<span style=\"color:#000000\"><span style=\"font-size:13px\"><span style=\"font-family:Verdana,Geneva,sans-serif\"><span style=\"line-height:150%\"><em><b><span style=\"font-weight:bold\">Novels<\/span><\/b><\/em><br><strong>Pagejad<\/strong>. P\u00e4rnu: Jumalikud Ilmutused, 2009, 189 lk.<br><strong>Hea firma<\/strong>. Saarde, P\u00e4rnu: Jumalikud Ilmutused, 2011, 150 lk.<br><strong>Lui Vutoon<\/strong>. Tallinn: Tuum, 2015, 285 lk.<\/span><\/span><\/span><\/span>\n<\/p>\n<p style=\"margin-bottom:6,0000pt\">\n\t<span style=\"color:#000000\"><span style=\"font-size:13px\"><span style=\"font-family:Verdana,Geneva,sans-serif\"><span style=\"line-height:150%\"><em><b><span style=\"font-weight:bold\">Short prose<\/span><\/b><\/em><br><strong>Amat\u00f6\u00f6r<\/strong>: l\u00fchijutud. Tallinn: Pegasus, 2005, 255 lk.\u00a0[2. tr\u00fckk:\u00a02006.]<br><strong>N\u00e4gu, mis j\u00e4i \u00fcle<\/strong>. Tallinn: Pegasus, 2006, 167 lk.<br><strong>Minu Mustam\u00e4e<\/strong>. Tallinn: Tuum, 2013, 271 lk.<br><strong>Minu erootika saladus<\/strong>. Tallinn: Sebastian Loeb, 2017, 238 lk.<br><strong>Kahjur<\/strong>. Tallinn: Sebastian Loeb, 2019, 238 lk.<br><strong>Perifeeria kangelased<\/strong>. Loomingu Raamatukogu 27-28. Tallinn: Kultuurileht, 2020, 90 lk.<\/span><\/span><\/span><\/span><\/p>\n","protected":false},"excerpt":{"rendered":"<p>Novels Short stories \u00a0 Armin K\u00f5om\u00e4gi\u00a0(b. 5. VII 1969) is a prose writer and businessman. One of the fastest rising authors in contemporary Estonian literature, he was born in Moldova to an Estonian father and an Armenian mother. With a &#8230;<\/p>\n","protected":false},"author":43,"featured_media":0,"parent":498,"menu_order":0,"comment_status":"closed","ping_status":"closed","template":"","meta":{"_acf_changed":false,"inline_featured_image":false,"footnotes":""},"class_list":["post-1258","page","type-page","status-publish","hentry"],"acf":[],"_links":{"self":[{"href":"https:\/\/sisu.ut.ee\/ewod\/wp-json\/wp\/v2\/pages\/1258","targetHints":{"allow":["GET"]}}],"collection":[{"href":"https:\/\/sisu.ut.ee\/ewod\/wp-json\/wp\/v2\/pages"}],"about":[{"href":"https:\/\/sisu.ut.ee\/ewod\/wp-json\/wp\/v2\/types\/page"}],"author":[{"embeddable":true,"href":"https:\/\/sisu.ut.ee\/ewod\/wp-json\/wp\/v2\/users\/43"}],"replies":[{"embeddable":true,"href":"https:\/\/sisu.ut.ee\/ewod\/wp-json\/wp\/v2\/comments?post=1258"}],"version-history":[{"count":1,"href":"https:\/\/sisu.ut.ee\/ewod\/wp-json\/wp\/v2\/pages\/1258\/revisions"}],"predecessor-version":[{"id":3829,"href":"https:\/\/sisu.ut.ee\/ewod\/wp-json\/wp\/v2\/pages\/1258\/revisions\/3829"}],"up":[{"embeddable":true,"href":"https:\/\/sisu.ut.ee\/ewod\/wp-json\/wp\/v2\/pages\/498"}],"wp:attachment":[{"href":"https:\/\/sisu.ut.ee\/ewod\/wp-json\/wp\/v2\/media?parent=1258"}],"curies":[{"name":"wp","href":"https:\/\/api.w.org\/{rel}","templated":true}]}}