{"id":1253,"date":"2024-04-03T23:41:02","date_gmt":"2024-04-03T20:41:02","guid":{"rendered":"https:\/\/sisu.ut.ee\/ewod\/veske\/"},"modified":"2024-04-04T00:07:46","modified_gmt":"2024-04-03T21:07:46","slug":"veske","status":"publish","type":"page","link":"https:\/\/sisu.ut.ee\/ewod\/v\/veske\/","title":{"rendered":"Mihkel Veske"},"content":{"rendered":"<p>\n\t<a href=\"https:\/\/sisu.ut.ee\/ewod\/v\/veske\/poems\"><strong><span style=\"font-family: verdana, geneva;font-size: medium\">Poems<\/span><\/strong><\/a><a href=\"\/wp-content\/uploads\/sites\/108\/veske_mihkel.jpg\"><strong><span style=\"font-family: verdana, geneva;font-size: medium\"><img loading=\"lazy\" decoding=\"async\" alt=\"Mihkel Veske\" height=\"322\" src=\"\/wp-content\/uploads\/sites\/108\/veske_mihkel.jpg\" style=\"float: right;margin-left: 20px;margin-right: 20px\" width=\"200\"><\/span><\/strong><\/a>\n<\/p>\n<p><span style=\"font-size: small\"><span style=\"font-family: verdana, geneva\">Mihkel Veske (28.\/16. I 1843 \u2013 16.\/4. V 1890) was a poet, linguist and folklorist. <\/span><\/span><\/p>\n<p><span style=\"font-family: verdana, geneva\">Veske was born at Veske farm, Paistu parish, Viljandi County. He studied at Pulleritsu village school and Paistu parish school and was a non-credit student at Tartu Gymnasium. From 1866\u20131867, he studied at Leipzig missionary school and from 1867\u20131872, he was a student of comparative linguistics at Leipzig University. He defeneded his PhD dissertation <em>Untersuchungen zur vergleichenden Grammatik des finnischen Sprachstammes<\/em> in 1873. The same year he started contributing to the <em>Neue D\u00f6rptsche Zeitung<\/em> in Tartu and to <em>Eesti P\u00f5llomees<\/em> that was led by J. V. Jannsen. He was also active in Vanemuine Society, the Learned Estonian Society and the Society of Estonian Men of Letters <span style=\"font-size: small\"><span style=\"font-family: verdana, geneva\">(Eesti Kirjameeste Selts)<\/span><\/span>. From 1874\u20131887, he was a lecturer of Estonian language at the University of Tartu and from 1878\u20131881, an Estonian language teacher at the Tartu Teachers\u2019 Seminary. He took many language research trips from 1875\u20131884 and wrote <em>Eesti keele healte \u00f5petus ja kirjutuse viis<\/em> (\u2019The Teaching and Writing of Estonian Language Sounds\u2019, 1879), <em>Soome keele \u00f5petus<\/em> I-II (\u2019Learning Finnish\u2019; 1881, 1883) and other shorter studies on Estonian language and folklore, including on toponyms. He published the folk songs he collected in the anthology <em>Eesti rahvalaulud<\/em> I-II (\u2019Estonian Folk Songs\u2019; 1879, 1883). As a supporter of the radical C. R. Jakobson, he rose to the top of the Society of Estonian Men of Letters and served as its president from 1882\u20131885. He was also active in the Linda Trade Vessel Society and was a member of the Estonian Alexander School head committee. In 1884, he founded the magazine <em>Oma Maa<\/em>, dedicated to \u201cscience and stories\u201c and to introducing Russian culture, which made the Baltic German population increasingly hostile towards him. He went on a study trip to Hungary from 1885\u20131886 and in 1887, started teaching Finno-Ugric languages at Kazan University. In Kazan, he published <em>\u0418\u0441\u0441\u043b\u0435\u0434\u043e\u0432\u0430\u043d\u0438\u044f \u043e \u043d\u0430\u0440\u0435\u0447\u0438\u044f\u0445 \u0447\u0435\u0440\u0435\u043c\u0438\u0441\u0441\u043a\u043e\u0433\u043e \u044f\u0437\u044b\u043a\u0430<\/em> (1989) and <em>\u0421\u043b\u0430\u0432\u044f\u043d\u043e-\u0444\u0438\u043d\u0441\u043a\u0438\u0435 \u043a\u0443\u043b\u044c\u0442\u0443\u0440\u043d\u044b\u0435 \u043e\u0442\u043d\u043e\u0448\u0435\u043d\u0438\u044f, \u043f\u043e \u0434\u0430\u043d\u043d\u044b\u043c \u044f\u0437\u044b\u043a\u0430<\/em> (1890). He died of a heart attack in Kazan and is buried in Uue-Jaani Cemetery in Tartu. The monument on his grave (by A. Weizenberg) was removed after WWII and he has a memorial plaque at Veske farm, Holstre.<br>\u00a0<br>Veske started writing song lyrics already as a gymnasium student. He was influenced by the runic verse form and the national spirit. He wrote the collections <em>Laulud Viisidega<\/em> (\u2019Songs with Melodies\u2019, 1874) and <em>Dr. Veske Laulud<\/em> (\u2019Songs of Dr. Veske\u2019, 1899), which was published posthumously. His gripping patriotic poems <em>Kas tunned maad, mis Peipsi rannalt<\/em> (\u2018Do you know the land on Peipsi beach\u2019, originally <em>Kodumaa<\/em> (\u2019Homeland\u2019); melody from the song \u2018Ma Normandie\u2019 by Fr\u00e9d\u00e9ric B\u00e9rat,) and <em>Mingem \u00fcles m\u00e4gedele<\/em> (\u2018Let\u2019s go up to the mountains\u2019, originally <em>Ilus oled, isamaa<\/em> (\u2018You are beautiful, fatherland\u2019); melody by K. A. Hermann) are classics among national songs. His poetry expresses love and longing for his country, and sympathy for orphans, farmhands and military recruits. His love lyrics move from village themes, romantic sentimentality to heinesque humor. His nature lyrics and shepherd songs also include recollections from his youth. Despite simplicity, his style is captivating. Veske has translated Russian, German, Finnish and Hungarian poetry as well.<\/span>\n<\/p>\n<p>\n\t<span style=\"font-size: small\"><span style=\"font-family: verdana, geneva\"><em>A. M. (Translated by A. S.)<\/em><\/span><\/span><\/p>\n<p><strong><span style=\"font-family: verdana, geneva\"><span style=\"font-size: medium\">Selected works<\/span><\/span><\/strong>\n<\/p>\n<p>\n\t<span style=\"font-size: small\"><span style=\"font-family: verdana, geneva\"><strong><em>Poems<\/em><\/strong><br><strong>Laulud Wiisidega<\/strong>. Luuletanud ja toimetanud M. Weske. Tartu: K. Mattiesen, 1874, 10+67 lk. [2. tr\u00fckk: 1875. K\u00e4ttesaadav: <a href=\"http:\/\/dspace.ut.ee\/handle\/10062\/8033\" target=\"_blank\" rel=\"noopener\">http:\/\/dspace.ut.ee\/handle\/10062\/8033<\/a>.]<br><strong>Dr. Weske Laulud<\/strong>. \u00d5ndsa lauliku j\u00e4rele j\u00e4\u00e4nud paberitest kokku kogunud M. Weske. Viljandi: A. T\u00f5llasepp, 1899, 144 lk. [K\u00e4ttesaadav: <a href=\"http:\/\/dspace.ut.ee\/handle\/10062\/8131\" target=\"_blank\" rel=\"noopener\">http:\/\/dspace.ut.ee\/handle\/10062\/8131<\/a>.]<br><strong>Laulud<\/strong>. Korraldanud ja redigeerinud M. J\u00fcrna ja E. Nurm. Tartu: Eesti Kirjanduse Selts, 1931, 204 lk.<br><strong>Valitud laulud<\/strong>. J\u00e4rels\u00f5na: Karl Taev. Tallinn: Ilukirjandus ja Kunst, 1949, 143 lk.<br><strong>Kas tunned maad\u2026<\/strong>. Koostanud ja j\u00e4rels\u00f5na: Ene Nagelmaa. Tallinn: Eesti Raamat, 1996, 204 lk.<\/span><\/span>\n<\/p>\n<p>\n\t<span style=\"font-size: small\"><span style=\"font-family: verdana, geneva\"><strong><em>Non-fiction<\/em><\/strong><br><strong>Bericht \u00fcber die Ergebnisse einer Reise durch das Estenland im Sommer 1875<\/strong>. Von Dr. M. Weske. Verhandlungen der Gelehrten estnischen Gesellschaft, Bd. 8. H. 4. Dorpat: 1877, 76 lk.<br><strong>\u00d5ntsa keisri Aleksandri Esimese elu ja olu<\/strong>. Piduk\u00f5ne Aleksandri I 100 aastase s\u00fcndimise p\u00e4ewa m\u00e4lestusep\u00fchal 12. Tets. 1877 Wanemuise saalis Eesti seltside ees pidanud Dr. M. Weske. Tartu: Schnakenburg, 1878, 39 lk. [K\u00e4ttesaadav: http:\/\/www.etera.ee\/s\/HdK8Otdr9B.]<br><strong>Awalik wastus \u00f6petaja h\u00e4rra J. Hurt\u2019i \u201cawaliku kirja\u201d peale: Lisaga wale p\u00f5hjuskirjadest<\/strong>. Kirjutanud Dr. M. Weske. Tartu: [M. Veske], 1883, 74 lk. [K\u00e4ttesaadav: http:\/\/www.digar.ee\/arhiiv\/nlib-digar:268853.]<\/span><\/span><\/p>\n","protected":false},"excerpt":{"rendered":"<p>Poems Mihkel Veske (28.\/16. I 1843 \u2013 16.\/4. V 1890) was a poet, linguist and folklorist. Veske was born at Veske farm, Paistu parish, Viljandi County. He studied at Pulleritsu village school and Paistu parish school and was a non-credit &#8230;<\/p>\n","protected":false},"author":43,"featured_media":0,"parent":733,"menu_order":0,"comment_status":"closed","ping_status":"closed","template":"","meta":{"_acf_changed":false,"inline_featured_image":false,"footnotes":""},"class_list":["post-1253","page","type-page","status-publish","hentry"],"acf":[],"_links":{"self":[{"href":"https:\/\/sisu.ut.ee\/ewod\/wp-json\/wp\/v2\/pages\/1253","targetHints":{"allow":["GET"]}}],"collection":[{"href":"https:\/\/sisu.ut.ee\/ewod\/wp-json\/wp\/v2\/pages"}],"about":[{"href":"https:\/\/sisu.ut.ee\/ewod\/wp-json\/wp\/v2\/types\/page"}],"author":[{"embeddable":true,"href":"https:\/\/sisu.ut.ee\/ewod\/wp-json\/wp\/v2\/users\/43"}],"replies":[{"embeddable":true,"href":"https:\/\/sisu.ut.ee\/ewod\/wp-json\/wp\/v2\/comments?post=1253"}],"version-history":[{"count":1,"href":"https:\/\/sisu.ut.ee\/ewod\/wp-json\/wp\/v2\/pages\/1253\/revisions"}],"predecessor-version":[{"id":3824,"href":"https:\/\/sisu.ut.ee\/ewod\/wp-json\/wp\/v2\/pages\/1253\/revisions\/3824"}],"up":[{"embeddable":true,"href":"https:\/\/sisu.ut.ee\/ewod\/wp-json\/wp\/v2\/pages\/733"}],"wp:attachment":[{"href":"https:\/\/sisu.ut.ee\/ewod\/wp-json\/wp\/v2\/media?parent=1253"}],"curies":[{"name":"wp","href":"https:\/\/api.w.org\/{rel}","templated":true}]}}