{"id":1242,"date":"2024-04-03T23:41:01","date_gmt":"2024-04-03T20:41:01","guid":{"rendered":"https:\/\/sisu.ut.ee\/ewod\/skulskaja\/"},"modified":"2024-04-04T00:07:48","modified_gmt":"2024-04-03T21:07:48","slug":"skulskaja","status":"publish","type":"page","link":"https:\/\/sisu.ut.ee\/ewod\/s\/skulskaja\/","title":{"rendered":"\u0415\u043b\u0435\u043d\u0430 \u0421\u043a\u0443\u043b\u044c\u0441\u043a\u0430\u044f (Jelena Skulskaja)"},"content":{"rendered":"<p>\n\t<a href=\"https:\/\/sisu.ut.ee\/ewod\/s\/skulskaja\/stories\"><strong><span style=\"font-family: verdana, geneva;font-size: medium\">Short stories<\/span><\/strong><\/a>\n<\/p>\n<p>\n\t\u00a0\n<\/p>\n<p>\n\t<br><span style=\"color:#000000\"><span style=\"font-size:13px\"><span style=\"font-family:Verdana,Geneva,sans-serif\">Jelena Skulskaja (born 8 August 1950) is a Russian poet and critic living in Estonia.<\/span><\/span><\/span>\n<\/p>\n<p>\n\t<span style=\"color:#000000\"><span style=\"font-size:13px\"><span style=\"font-family:Verdana,Geneva,sans-serif\">Skulskaja was born in Tallinn. From 1957\u20131967, she attended Tallinn Secondary School No. 19. From 1967\u20131972, she studied at the Faculty of History and Philology at Tartu State University from which she graduated\u00a0as a Russian philologist. From 1973\u20131974, Skulskaja was a teacher, from 1974\u20131997, worked as cultural editor, critic and reporter for the Russian-language newspaper <em>Sovetskaya Estonia<\/em>, later called <em>Estonia<\/em>. From 1996\u20132008, she worked at the Russian Theatre in Tallinn. Skulskaja has been a member of the Estonian Writers\u2019 Union from 1991.<\/span><\/span><\/span>\n<\/p>\n<p>\n\t<span style=\"color:#000000\"><span style=\"font-size:13px\"><span style=\"font-family:Verdana,Geneva,sans-serif\">Jelena Skulskaja writes mainly in Russian. She made her debut in the Russian-language press during her university studies.\u00a0 Skulskaja\u2019s poetry is characterised by artistry and mastery of form, emphasis on contradictions in emotional life. \u00a0<\/span><\/span><\/span>\n<\/p>\n<p>\n\t<span style=\"color:#000000\"><span style=\"font-size:13px\"><span style=\"font-family:Verdana,Geneva,sans-serif\">Skulskaja has also published short stories and novels. Her prose is confessional and ironical; the prevailing theme is memories, particularly about her father \u2013 the Russian prose writer and playwright Grigori Skulski \u2013 and colleague Sergey Dovlatov. She has been a mediator between the Estonian and Estonian-Russian literary traditions. She has written articles introducing the readers to literature published in both languages and compiled overviews of treatments of Estonian literature in the Russian press. Skulskaja has translated Juhan Viiding\u2019s poetry from Estonian into Russian. In 2020\u20132022, Skulskaja published three volumes of translations of present-day Estonian poetry (Maarja Kangro, Kalev Kesk\u00fcla, Toomas Liiv, Karl Martin Sinij\u00e4rv, Triin Soomets, Aleksander Suuman, etc.).<\/span><\/span><\/span>\n<\/p>\n<p>\n\t<span style=\"color:#000000\"><span style=\"font-size:13px\"><span style=\"font-family:Verdana,Geneva,sans-serif\">For a long time, Jelena Skulskaja has contributed to the newspaper KesKus and been the presenter of the television programme <em>Batareya<\/em> (\u2018Battery\u2019).<\/span><\/span><\/span>\n<\/p>\n<p>\n\t<span style=\"color:#000000\"><span style=\"font-size:13px\"><span style=\"font-family:Verdana,Geneva,sans-serif\">In 2006, Skulskaja received the Literature Endowment Annual Award in the category of authors writing in Russian for long-time successful activities in literature and for acquainting Estonian readers with Russian literary life.<\/span><\/span><\/span>\n<\/p>\n<p>\n\t<span style=\"color:#000000\"><span style=\"font-size:13px\"><span style=\"font-family:Verdana,Geneva,sans-serif\">In 2011, Jelena Skulskaja was awarded the Order of the White Star, Class 4.<\/span><\/span><\/span>\n<\/p>\n<p>\n\t<em><span style=\"color:#000000\"><span style=\"font-size:13px\"><span style=\"font-family:Verdana,Geneva,sans-serif\">L. P. (Translated by I. A.)<\/span><\/span><\/span><\/em>\n<\/p>\n<p><strong><span style=\"font-size:16px\"><span style=\"color:#000000\"><span style=\"font-family:Verdana,Geneva,sans-serif\">Books in Russian<\/span><\/span><\/span><\/strong>\n<\/p>\n<p>\n\t<span style=\"color:#000000\"><span style=\"font-size:13px\"><span style=\"font-family:Verdana,Geneva,sans-serif\"><strong><em>Poetry<\/em><\/strong><br><strong>\u0413\u043b\u0430\u0432\u0430 \u0434\u0432\u0430\u0434\u0446\u0430\u0442\u044c \u0448\u0435\u0441\u0442\u0430\u044f<\/strong>: \u0441\u0442\u0438\u0445\u0438. \u0422\u0430\u043b\u043b\u0438\u043d: \u042d\u044d\u0441\u0442\u0438 \u0440\u0430\u0430\u043c\u0430\u0442, 1978. 66 cmp.<br><strong>\u041d\u0435\u0438\u0437\u0432\u0435\u0441\u0442\u043d\u043e\u043c\u0443 \u0445\u0443\u0434\u043e\u0436\u043d\u0438\u043a\u0443<\/strong>: \u0432\u0442\u043e\u0440\u0430\u044f \u043a\u043d\u0438\u0433\u0430 \u0441\u0442\u0438\u0445\u043e\u0432. \u0422\u0430\u043b\u043b\u0438\u043d\u043d: \u042d\u044d\u0441\u0442\u0438 \u0440\u0430\u0430\u043c\u0430\u0442, 1980. 68 cmp.<br><strong>\u041f\u0435\u0441\u043d\u044f \u0433\u0440\u0438\u0444\u0435\u043b\u044c\u043d\u043e\u0439 \u0432\u0435\u0442\u043a\u0438<\/strong>: \u0441\u0442\u0438\u0445\u0438. \u0422\u0430\u043b\u043b\u0438\u043d: \u042d\u044d\u0441\u0442\u0438 \u0440\u0430\u0430\u043c\u0430\u0442, 1984. 63 cmp.<br><strong>\u0412 \u043f\u0435\u0440\u0435\u0441\u0447\u0435\u0442\u0435 \u043d\u0430 \u0431\u043e\u043b\u044c<\/strong>. \u041c\u043e\u0441\u043a\u0432\u0430: \u0418\u041a\u041f\u0410; \u0422\u0430\u043b\u043b\u0438\u043d\u043d: \u042d\u0441\u0442\u043f\u0440\u0435\u0441\u0441, 1991. 186 cmp.<br><strong>\u041d\u0430 \u0441\u043c\u0435\u0440\u0442\u044c \u0444\u0438\u043a\u0443\u0441\u0430<\/strong>: \u0438\u0437 \u043f\u044f\u0442\u0438 \u043a\u043d\u0438\u0433 [\u0441\u0442\u0438\u0445\u0438]. \u0422\u0430\u043b\u043b\u0438\u043d\u043d: \u0410\u043d\u0442\u0435\u043a-\u0421, 1996. 189 cmp.<br><strong>\u0414\u043e \u0432\u0441\u0442\u0440\u0435\u0447\u0438 \u0432 \u0440\u0430\u044e<\/strong>: \u0441\u0442\u0438\u0445\u0438 \u0438 \u043f\u0435\u0440\u0435\u0432\u043e\u0434\u044b. \u0422\u0430\u043b\u043b\u0438\u043d\u043d: Varrak, 2011. 183 cmp.<\/span><\/span><\/span>\n<\/p>\n<p>\n\t<span style=\"color:#000000\"><span style=\"font-size:13px\"><span style=\"font-family:Verdana,Geneva,sans-serif\"><strong><em>Novels<\/em><\/strong><br><strong>\u041e\u0434\u043d\u043e\u043a\u0440\u044b\u043b\u044b\u0439 \u0440\u043e\u044f\u043b\u044c; \u0420\u044b\u0431\u044b \u0441\u043f\u044f\u0442 \u0441 \u043e\u0442\u043a\u0440\u044b\u0442\u044b\u043c \u0440\u0442\u043e\u043c<\/strong> [\u0440\u043e\u043c\u0430\u043d\u044b]. \u0422\u0430\u043b\u043b\u0438\u043d\u043d: Antek, 2000. 394 cmp.<br><strong>\u041c\u0440\u0430\u043c\u043e\u0440\u043d\u044b\u0439 \u043b\u0435\u0431\u0435\u0434\u044c<\/strong>: \u0434\u0435\u0442\u0441\u043a\u0438\u0439 \u0440\u043e\u043c\u0430\u043d. \u041c\u043e\u0441\u043a\u0432\u0430: \u0412\u0440\u0435\u043c\u044f, 2015. 286 cmp.<br><strong>\u041f\u043e\u0433\u0440\u0430\u043d\u0438\u0447\u043d\u0430\u044f \u043b\u044e\u0431\u043e\u0432\u044c<\/strong>: \u0440\u043e\u043c\u0430\u043d. Tallinn: Originaalne Keskus, 2019. 175 cmp.<br><strong>\u0421\u0430\u043c\u0441\u043e\u043d \u0432\u044b\u0445\u043e\u0434\u0438\u0442 \u0438\u0437 \u043f\u0430\u0440\u0438\u043a\u043c\u0430\u0445\u0435\u0440\u0441\u043a\u043e\u0439<\/strong>: \u0440\u043e\u043c\u0430\u043d. \u0422\u0430\u043b\u043b\u0438\u043d\u043d: Originaalne Keskus, 2020. 144 cmp.<\/span><\/span><\/span>\n<\/p>\n<p>\n\t<span style=\"color:#000000\"><span style=\"font-size:13px\"><span style=\"font-family:Verdana,Geneva,sans-serif\"><strong><em>Short prose<\/em><\/strong><br><strong>\u0417\u0430\u043f\u0438\u0441\u043a\u0438 \u043a N\u2026<\/strong> [\u043d\u043e\u0432\u0435\u043b\u043b\u044b \u0438 \u043f\u043e\u0432\u0435\u0441\u0442\u0438]. \u0422\u0430\u043b\u043b\u0438\u043d\u043d: \u0410\u043d\u0442\u0435\u043a-\u0421, 1996. 250 cmp.<br><strong>\u0415\u0432\u0430 \u043d\u0430 \u0448\u0435\u0441\u0442\u0435<\/strong>. \u0422\u0430\u043b\u043b\u0438\u043d\u043d: Antek, 2005. 302 cmp.<br><strong>\u201e\u041b\u044e\u0431\u043e\u0432\u044c\u201c \u0438 \u0434\u0440\u0443\u0433\u0438\u0435 \u0440\u0430\u0441\u0441\u043a\u0430\u0437\u044b \u043e \u043b\u044e\u0431\u0432\u0438<\/strong>. Tallinn: Meie Raamat, 2008. 363 cmp.<br><strong>\u041d\u0435 \u0441\u0442\u043e\u0439 \u043f\u043e\u0434 \u043d\u0435\u0431\u043e\u043c\u2026<\/strong> \u041c\u043e\u0441\u043a\u0432\u0430: \u041c\u0418\u041a, 2015. 285 cmp.<\/span><\/span><\/span>\n<\/p>\n<p>\n\t<span style=\"color:#000000\"><span style=\"font-size:13px\"><span style=\"font-family:Verdana,Geneva,sans-serif\"><strong><em>Essays<\/em><\/strong><br><strong>\u041a\u043e\u043c\u043f\u0440\u043e\u043c\u0438\u0441\u0441 \u043c\u0435\u0436\u0434\u0443 \u0436\u0438\u0437\u043d\u044c\u044e \u0438 \u0441\u043c\u0435\u0440\u0442\u044c\u044e: \u0421\u0435\u0440\u0433\u0435\u0439 \u0414\u043e\u0432\u043b\u0430\u0442\u043e\u0432 \u0432 \u0422\u0430\u043b\u043b\u0438\u043d\u0435 \u0438 \u0434\u0440\u0443\u0433\u0438\u0435 \u0432\u0441\u0442\u0440\u0435\u0447\u0438<\/strong>. \u041c\u043e\u0441\u043a\u0432\u0430: \u041a\u043e\u041b\u0438\u0431\u0440\u0438, 2018. 268 cmp.<\/span><\/span><\/span><\/p>\n<p><strong><em>Criticism<\/em><\/strong><br><strong>\u0413\u043b\u0430\u0437\u0430\u043c\u0438 \u0434\u0440\u0443\u0437\u0435\u0439: \u0441\u043e\u0432\u0440\u0435\u043c\u0435\u043d\u043d\u0430\u044f \u044d\u0441\u0442\u043e\u043d\u0441\u043a\u0430\u044f \u043b\u0438\u0442\u0435\u0440\u0430\u0442\u0443\u0440\u0430 \u0432 \u0441\u0432\u0435\u0442\u0435 \u043e\u0431\u0449\u0435\u0441\u043e\u044e\u0437\u043d\u043e\u0439 \u043a\u0440\u0438\u0442\u0438\u043a\u0438<\/strong>. \u0422\u0430\u043b\u043b\u0438\u043d\u043d: \u042d\u044d\u0441\u0442\u0438 \u0440\u0430\u0430\u043c\u0430\u0442, 1981. 504 cmp.<\/p>\n<p>\u00a0\n<\/p>\n<p>\n\t<strong><span style=\"font-size:16px\"><span style=\"color:#000000\"><span style=\"font-family:Verdana,Geneva,sans-serif\">Books in Estonian<\/span><\/span><\/span><\/strong>\n<\/p>\n<p>\n\t<span style=\"color:#000000\"><span style=\"font-size:13px\"><span style=\"font-family:Verdana,Geneva,sans-serif\"><strong><em>Novels<\/em><\/strong><br><strong>Meie emad ostsid asju, et ei tuleks s\u00f5da<\/strong>. Tallinn: Varrak, 2013. 131 lk.<br><strong>Marmorluik<\/strong>: lapsep\u00f5lveromaan. Tartu: Petrone Print, 2015. 256 lk.<br><strong>Piiriarmastus<\/strong>: romaan. Tallinn: Originaalne Keskus, 2019. 157 lk. \u00a0<br><strong>Simson lahkub juuksuri juurest<\/strong>: romaan. Tallinn: Originaalne Keskus, 2020. 132 lk.<\/span><\/span><\/span>\n<\/p>\n<p>\n\t<span style=\"color:#000000\"><span style=\"font-size:13px\"><span style=\"font-family:Verdana,Geneva,sans-serif\"><strong><em>Essays<\/em><\/strong><br><strong>Vene rulett<\/strong> [ajalehes \u201cAktivist\/KesKus\u201d aastatel 1999\u20132001 ilmunud esseed]. Tallinn: Eesti-Kambod\u017ea S\u00f5prus\u00fching, 2002. 118 lk.<br><strong>Siilid udus: okkaline vaim ja tema v\u00f5im: tekste 60ndate vene kultuuriloost<\/strong>. Tallinn: KesKus, 2006. 187 lk.<br><strong>Armastus vene kirjanduses<\/strong>: kaksk\u00fcmmend neli lugu lugejalt. Tallinn: KesKus, 2018.<br>199 lk.<\/span><\/span><\/span>\n<\/p>\n<p>\n\t\u00a0<\/p>\n","protected":false},"excerpt":{"rendered":"<p>Short stories \u00a0 Jelena Skulskaja (born 8 August 1950) is a Russian poet and critic living in Estonia. Skulskaja was born in Tallinn. From 1957\u20131967, she attended Tallinn Secondary School No. 19. From 1967\u20131972, she studied at the Faculty of &#8230;<\/p>\n","protected":false},"author":43,"featured_media":0,"parent":697,"menu_order":0,"comment_status":"closed","ping_status":"closed","template":"","meta":{"_acf_changed":false,"inline_featured_image":false,"footnotes":""},"class_list":["post-1242","page","type-page","status-publish","hentry"],"acf":[],"_links":{"self":[{"href":"https:\/\/sisu.ut.ee\/ewod\/wp-json\/wp\/v2\/pages\/1242","targetHints":{"allow":["GET"]}}],"collection":[{"href":"https:\/\/sisu.ut.ee\/ewod\/wp-json\/wp\/v2\/pages"}],"about":[{"href":"https:\/\/sisu.ut.ee\/ewod\/wp-json\/wp\/v2\/types\/page"}],"author":[{"embeddable":true,"href":"https:\/\/sisu.ut.ee\/ewod\/wp-json\/wp\/v2\/users\/43"}],"replies":[{"embeddable":true,"href":"https:\/\/sisu.ut.ee\/ewod\/wp-json\/wp\/v2\/comments?post=1242"}],"version-history":[{"count":1,"href":"https:\/\/sisu.ut.ee\/ewod\/wp-json\/wp\/v2\/pages\/1242\/revisions"}],"predecessor-version":[{"id":3833,"href":"https:\/\/sisu.ut.ee\/ewod\/wp-json\/wp\/v2\/pages\/1242\/revisions\/3833"}],"up":[{"embeddable":true,"href":"https:\/\/sisu.ut.ee\/ewod\/wp-json\/wp\/v2\/pages\/697"}],"wp:attachment":[{"href":"https:\/\/sisu.ut.ee\/ewod\/wp-json\/wp\/v2\/media?parent=1242"}],"curies":[{"name":"wp","href":"https:\/\/api.w.org\/{rel}","templated":true}]}}