{"id":1237,"date":"2024-04-03T23:41:00","date_gmt":"2024-04-03T20:41:00","guid":{"rendered":"https:\/\/sisu.ut.ee\/ewod\/kuus\/"},"modified":"2024-04-04T00:07:50","modified_gmt":"2024-04-03T21:07:50","slug":"kuus","status":"publish","type":"page","link":"https:\/\/sisu.ut.ee\/ewod\/k\/kuus\/","title":{"rendered":"Elar Kuus"},"content":{"rendered":"<p>\n\t<a href=\"https:\/\/sisu.ut.ee\/ewod\/k\/kuus\/stories\"><strong><span style=\"font-family: verdana, geneva;font-size: medium\">Short stories<\/span><\/strong><\/a><strong><span style=\"font-family: verdana, geneva;font-size: medium\"> <\/span><\/strong><span style=\"font-family: verdana, geneva;font-size: medium\"><a href=\"https:\/\/sisu.ut.ee\/wp-content\/uploads\/sites\/108\/elar_kuus_elmar_koster.jpg\" target=\"_self\" rel=\"noopener\"><img decoding=\"async\" alt=\"Elar Kuus\" src=\"https:\/\/sisu.ut.ee\/wp-content\/uploads\/sites\/108\/elar_kuus_elmar_koster.jpg\" style=\"float: right;width: 300px;height: 200px\" title=\"Photo: Elmar K\u00f6ster\"><\/a><\/span>\n<\/p>\n<p style=\"margin-bottom:0.11in\">\n<\/p><p><span style=\"color:#000000\"><span style=\"font-size:13px\"><span style=\"font-family:Verdana,Geneva,sans-serif\"><span style=\"line-height:108%\"><span style=\"font-weight:normal\">Elar Kuus <\/span>(given name Elmar Kuusik, pseudonym Elmar Ramla; 17. \/ 5. XI 1899 \u2013 6. XI 1988) was a children\u2019s author. <\/span><\/span><\/span><\/span>\n<\/p>\n<p style=\"margin-bottom:0.11in\">\n\t<span style=\"color:#000000\"><span style=\"font-size:13px\"><span style=\"font-family:Verdana,Geneva,sans-serif\"><span style=\"line-height:108%\">He was born in Tartu county; his family left Estonia for St. Petersburg governorate because of the events of 1905. Kuus\u2019 schooling began there, in the village school at Sudela. Coming back to Estonia, he continued his education at Narva-J\u00f5esuu, Rakvere teachers\u2019 seminary, the Hugo Treffner Gymnasium in Tartu, the Tartu teachers\u2019 seminary, and from 1926 to 1930 at the University of Tartu, studying history and economics. Besides this he also studied at the Tartu Conservatoire. He worked in various places as a teacher, and was dramaturge of the State Youth Theatre of the ESSR (1946-1948) and the Estonia theatre (1948-1949). In the early fifties he was in Narva prison camp on political charges. Later he was a professional writer in Tallinn. He joined the Writers\u2019 Union in 1980. His partner was the children\u2019s writer Aino Tigane (1912-1991). He died in Tallinn, and was buried in Metsakalmistu in Tallinn (\u2018Forest Cemetery\u2019).<\/span><\/span><\/span><\/span>\n<\/p>\n<p style=\"margin-bottom:0.11in\">\n\t<span style=\"color:#000000\"><span style=\"font-size:13px\"><span style=\"font-family:Verdana,Geneva,sans-serif\"><span style=\"line-height:108%\">At the beginning of his career he wrote textbooks. Kuus came to literary fiction in the Loodus publishing house\u2019s children\u2019s literature competition, in which he won a prize in 1936 for the fairy-tale <i>Lugu p\u00f6ialpoisist, kotkast ja sitikast <\/i>(\u2018The Story of the Hop-o\u2019-My-Thumb, the Eagle and the Beetle\u2019) and in 1938 for the tale <i>J\u00e4nesepoeg, kes luuletas <\/i>(\u2018The Baby Hare Who Wrote Poetry\u2019). Kuus gained attention for his fluent use of language suitable for children and the creativity of his storytelling. A didactic component played an important part too. Kuus himself said that in literature intended for young readers a closeness to nature, simplicity of language, and subjects familiar to the child from everyday life are important. His works are striking for their imagination and humour.<\/span><\/span><\/span><\/span>\n<\/p>\n<p style=\"margin-bottom:0.11in\">\n\t<span style=\"color:#000000\"><span style=\"font-size:13px\"><span style=\"font-family:Verdana,Geneva,sans-serif\"><span style=\"line-height:108%\">Kuus\u2019 best-known work <i>Memme musi <\/i>(\u2018Mummy\u2019s Kiss\u2019) originally appeared in the magazine <i>T\u00e4heke <\/i>in 1966, and as a separate book in 1978. Also well-known are the books telling of the lives of stone-age people in the tones of popular science, <i>Nupumees Ati<\/i> (\u2018Smart Ati\u2019, 1980), and <i>V\u00e4lek Vibulane <\/i>(\u2018Alec the Archer\u2019, 1978). A puppet film based on the latter story, with the same name, introducing stone-age life in a popular-scientific way (1980, directed by Heino Pars). The more recent past \u2013 the revolution of 1905 \u2013 is the subject of the short story collection <i>Purgaa <\/i>(\u2018Purga\u2019, 1961). There is a nostalgic tendency in <i>Kui vanaisa poisikene oli <\/i>(\u2018When Grandad was a Little Boy\u2019, 1977) and <i>Verevennad <\/i>(\u2018Blood Brothers\u2019, 1986). The everyday life of collective-farm workers, and the relationship of children to nature, are the focus of <i>Meie Ott <\/i>(\u2018Our Ott\u2019, 1959), written with Aino Tigane.<\/span><\/span><\/span><\/span>\n<\/p>\n<p style=\"margin-bottom:0.11in\">\n\t<span style=\"color:#000000\"><span style=\"font-size:13px\"><span style=\"font-family:Verdana,Geneva,sans-serif\"><span style=\"line-height:108%\"><i>A. K. (Translated by C. M.)<\/i><\/span><\/span><\/span><\/span>\n<\/p>\n<p style=\"margin-bottom:0.08in\">\n\t<br>\u00a0\n<\/p>\n<p style=\"margin-bottom:0.08in\">\n\t<span style=\"font-size:16px\"><span style=\"color:#000000\"><span style=\"font-family:Verdana,Geneva,sans-serif\"><span style=\"line-height:150%\"><b>Books in Estonian<\/b><\/span><\/span><\/span><\/span>\n<\/p>\n<p style=\"margin-bottom:0.08in\">\n\t<span style=\"color:#000000\"><span style=\"font-size:13px\"><span style=\"font-family:Verdana,Geneva,sans-serif\"><span style=\"line-height:150%\"><b>Children\u2019s books<\/b><br>Elmar Ramla, <strong>Lugu p\u00f6ialpoisist, kotkast ja sitikast<\/strong>: muinasjutt. Tartu: Loodus, 1936, 64 lk. [2. tr\u00fckk: 2003.]<br>Elmar Ramla, <strong>Koduk\u00e4ijad seiklevad: kolm v\u00e4ikest inimest erapooletul ribal suvel 1918<\/strong>: jutustus. Tartu: Noor-Eesti, 1937, 235 lk.<br>Elmar Ramla, <strong>J\u00e4nesepoeg, kes luuletas<\/strong>: jutustus lastele. Tallinn: Loodus, 1938, 32 lk. [J\u00e4rgmised tr\u00fckid: 1948, 1953, 1982, 2008.]<br>Aino Tigane, Elar Kuus, <strong>Meie Ott<\/strong>: jutustus. Tallinn: Eesti Riiklik Kirjastus, 1959, 164 lk.<br><strong>Purgaa<\/strong>: kolm seiklust: jutustused. Tallinn: Eesti Riiklik Kirjastus, 1961, 60 lk.<br><strong>P\u00e4ikese perekond<\/strong>: jutustused. Tallinn: Eesti Raamat, 1974, 56 lk. [2. tr\u00fckk: 1975.]<br><strong>Seiklusi noorusmaalt<\/strong>: jutustused. Tallinn: Eesti Raamat, 1975, 152 lk. [2. tr\u00fckk: 1984.]<br><strong>Kui vanaisa poisikene oli<\/strong>: jutustusi nooremale koolieale. Tallinn: Eesti Raamat, 1977, 65 lk.<br><strong>Kilgi v\u00f5ti<\/strong>: muinasjutud. Tallinn: Eesti Raamat, 1978, 44 lk.<br><strong>Memme musi<\/strong>. Tallinn: Eesti Raamat, 1978, 27 lk. [2. tr\u00fckk: 1989.]<br><strong>V\u00e4lek Vibulane<\/strong>: jutustused. Tallinn: Eesti Raamat, 1978, 120 lk.<br><strong>Nupumees Ati<\/strong>: l\u00fchipalad. Tallinn: Eesti Raamat, 1980, 32 lk.<br><strong>Loomarahva keskel<\/strong>: jutustus. Tallinn: Eesti Raamat, 1981, 76 lk.<br><strong>Sabaga sugulased<\/strong>: jutustused. Tallinn: Eesti Raamat, 1981, 47 lk.<br><strong>S\u00fcdame v\u00f5ti<\/strong>. Lookesi suurte ja v\u00e4ikeste vahelt. Tallinn: Eesti Raamat, 1982, 79 lk.<br><strong>Teopoiss Tiit ja lauluilu<\/strong>: jutustus. Tallinn: Eesti Raamat, 1982, 21 lk.<br><strong>Verevennad<\/strong>: jutustus. Tallinn: Eesti Raamat, 1986, 152 lk.<br><strong>Sip-Sip: metsakuninga jooksupoiss<\/strong>: jutustus. Tallinn: Eesti Raamat, 1988, 30 lk.<\/span><\/span><\/span><\/span><\/p>\n","protected":false},"excerpt":{"rendered":"<p>Short stories Elar Kuus (given name Elmar Kuusik, pseudonym Elmar Ramla; 17. \/ 5. XI 1899 \u2013 6. XI 1988) was a children\u2019s author. He was born in Tartu county; his family left Estonia for St. Petersburg governorate because of &#8230;<\/p>\n","protected":false},"author":43,"featured_media":0,"parent":498,"menu_order":0,"comment_status":"closed","ping_status":"closed","template":"","meta":{"_acf_changed":false,"inline_featured_image":false,"footnotes":""},"class_list":["post-1237","page","type-page","status-publish","hentry"],"acf":[],"_links":{"self":[{"href":"https:\/\/sisu.ut.ee\/ewod\/wp-json\/wp\/v2\/pages\/1237","targetHints":{"allow":["GET"]}}],"collection":[{"href":"https:\/\/sisu.ut.ee\/ewod\/wp-json\/wp\/v2\/pages"}],"about":[{"href":"https:\/\/sisu.ut.ee\/ewod\/wp-json\/wp\/v2\/types\/page"}],"author":[{"embeddable":true,"href":"https:\/\/sisu.ut.ee\/ewod\/wp-json\/wp\/v2\/users\/43"}],"replies":[{"embeddable":true,"href":"https:\/\/sisu.ut.ee\/ewod\/wp-json\/wp\/v2\/comments?post=1237"}],"version-history":[{"count":1,"href":"https:\/\/sisu.ut.ee\/ewod\/wp-json\/wp\/v2\/pages\/1237\/revisions"}],"predecessor-version":[{"id":3848,"href":"https:\/\/sisu.ut.ee\/ewod\/wp-json\/wp\/v2\/pages\/1237\/revisions\/3848"}],"up":[{"embeddable":true,"href":"https:\/\/sisu.ut.ee\/ewod\/wp-json\/wp\/v2\/pages\/498"}],"wp:attachment":[{"href":"https:\/\/sisu.ut.ee\/ewod\/wp-json\/wp\/v2\/media?parent=1237"}],"curies":[{"name":"wp","href":"https:\/\/api.w.org\/{rel}","templated":true}]}}