{"id":1235,"date":"2024-04-03T23:41:00","date_gmt":"2024-04-03T20:41:00","guid":{"rendered":"https:\/\/sisu.ut.ee\/ewod\/poems-et-191\/"},"modified":"2024-04-04T00:07:50","modified_gmt":"2024-04-03T21:07:50","slug":"poems","status":"publish","type":"page","link":"https:\/\/sisu.ut.ee\/ewod\/s\/suitselson\/poems\/","title":{"rendered":"Maret Suits-Elson &#8211; poems"},"content":{"rendered":"<p><span style=\"font-size: medium\"><strong><span style=\"font-family: verdana, geneva\">In compilations, anthologies, magazines<\/span><\/strong><\/span><\/p>\n<p><em><strong><span style=\"font-family: verdana, geneva;font-size: small\">German<\/span><\/strong><\/em><br><span style=\"font-family: verdana, geneva;font-size: small\"><strong>Estnische lyrik<\/strong>. \u00dcbertragen von Tatjana Ellinor Heine. Brackenheim: Georg Kohl, 1981, 91 pp. [Poems by K. J. Peterson, F. Kuhlbars, F. R. Kreutzwald, A. Reinvald, J. Tamm, A. Haava, L. Koidula, M. Under, G. Suits, Jakob Liiv, Juhan Liiv, K. E. S\u00f6\u00f6t, J. Oks, M. Heiberg, K. Ristikivi, K. Lepik, B. Kangro, A. Sang, I. Gr\u00fcnthal, H. Visnapuu, A. Vihalemm, M. Suits-Elson.]<\/span><\/p>\n","protected":false},"excerpt":{"rendered":"<p>In compilations, anthologies, magazines GermanEstnische lyrik. \u00dcbertragen von Tatjana Ellinor Heine. Brackenheim: Georg Kohl, 1981, 91 pp. [Poems by K. J. Peterson, F. Kuhlbars, F. R. Kreutzwald, A. Reinvald, J. Tamm, A. Haava, L. Koidula, M. Under, G. Suits, Jakob &#8230;<\/p>\n","protected":false},"author":43,"featured_media":0,"parent":1229,"menu_order":0,"comment_status":"closed","ping_status":"closed","template":"","meta":{"_acf_changed":false,"inline_featured_image":false,"footnotes":""},"class_list":["post-1235","page","type-page","status-publish","hentry"],"acf":[],"_links":{"self":[{"href":"https:\/\/sisu.ut.ee\/ewod\/wp-json\/wp\/v2\/pages\/1235","targetHints":{"allow":["GET"]}}],"collection":[{"href":"https:\/\/sisu.ut.ee\/ewod\/wp-json\/wp\/v2\/pages"}],"about":[{"href":"https:\/\/sisu.ut.ee\/ewod\/wp-json\/wp\/v2\/types\/page"}],"author":[{"embeddable":true,"href":"https:\/\/sisu.ut.ee\/ewod\/wp-json\/wp\/v2\/users\/43"}],"replies":[{"embeddable":true,"href":"https:\/\/sisu.ut.ee\/ewod\/wp-json\/wp\/v2\/comments?post=1235"}],"version-history":[{"count":1,"href":"https:\/\/sisu.ut.ee\/ewod\/wp-json\/wp\/v2\/pages\/1235\/revisions"}],"predecessor-version":[{"id":3846,"href":"https:\/\/sisu.ut.ee\/ewod\/wp-json\/wp\/v2\/pages\/1235\/revisions\/3846"}],"up":[{"embeddable":true,"href":"https:\/\/sisu.ut.ee\/ewod\/wp-json\/wp\/v2\/pages\/1229"}],"wp:attachment":[{"href":"https:\/\/sisu.ut.ee\/ewod\/wp-json\/wp\/v2\/media?parent=1235"}],"curies":[{"name":"wp","href":"https:\/\/api.w.org\/{rel}","templated":true}]}}