{"id":1232,"date":"2024-04-03T23:41:00","date_gmt":"2024-04-03T20:41:00","guid":{"rendered":"https:\/\/sisu.ut.ee\/ewod\/anvelt\/"},"modified":"2024-04-04T00:07:49","modified_gmt":"2024-04-03T21:07:49","slug":"anvelt","status":"publish","type":"page","link":"https:\/\/sisu.ut.ee\/ewod\/a\/anvelt\/","title":{"rendered":"Andres Anvelt"},"content":{"rendered":"<p>\n\t<span style=\"font-family:Verdana,Geneva,sans-serif\"><a href=\"https:\/\/sisu.ut.ee\/ewod\/a\/anvelt\/novels\"><strong><span style=\"font-size: medium\">Novels<\/span><\/strong><\/a><strong><span style=\"font-size: medium\"> <\/span><\/strong><span style=\"font-size: medium\"><a href=\"https:\/\/sisu.ut.ee\/wp-content\/uploads\/sites\/108\/andres_anvelt_alar_madisson.jpg\" target=\"_self\" rel=\"noopener\"><img decoding=\"async\" alt=\"Andres Anvelt\" src=\"https:\/\/sisu.ut.ee\/wp-content\/uploads\/sites\/108\/andres_anvelt_alar_madisson.jpg\" style=\"float: right;width: 200px;height: 300px\" title=\"Photo: Alar Madisson\"><\/a><\/span><\/span>\n<\/p>\n<p>\u00a0\n<\/p>\n<p>\n\t<span style=\"color:#000000\"><span style=\"font-size:13px\"><span style=\"font-family:Verdana,Geneva,sans-serif\"><span style=\"font-weight:normal\">Andres Anvelt <\/span>(b. 30. IX 1969) is a crime writer, former top police official and politician.<\/span><\/span><\/span>\n<\/p>\n<p>\n\t<span style=\"color:#000000\"><span style=\"font-size:13px\"><span style=\"font-family:Verdana,Geneva,sans-serif\">Anvelt was born and educated in Tallinn, attending the Tallinn Police\u00a0Secondary School, the Faculty of Law at the University of Tartu (graduating in 2000) and a Master\u2019s course in public administration at Tallinn University of Technology (graduating in 2003). He has worked as an officer of the criminal police, as the director of the Police College of the Estonian\u00a0Academy of Security Sciences and of the Central Criminal Police, later as a member of Tallinn City Council and of the Riigikogu, as well as Minister of Justice and of the Interior. He was awarded the silver cross of the Eagle Cross in 2003. Andres Anvelt\u2019s grandfather was Jaan Anvelt, one of the best-known Communist revolutionaries of the first period of independence, who won recognition as a writer under the pseudonym Eessaare Aadu. <\/span><\/span><\/span>\n<\/p>\n<p>\n\t<span style=\"color:#000000\"><span style=\"font-size:13px\"><span style=\"font-family:Verdana,Geneva,sans-serif\">Andres Anvelt entered the world of literature with the novel <i><span style=\"font-style:italic\">Punane elavh\u00f5be <\/span><\/i>(\u2018Red Mercury\u2019, 2007), based on real life, which proved a great success, and concentrated on the wild years of the early nineties in the Estonian criminal world, with a hunt for the elusive red mercury. A feature film of the same name was made on the basis of this work (2010, directed by Andres Puustusmaa), for which Anvelt wrote the script. The novel <i><span style=\"font-style:italic\">Direktor. \u00dche turu erastamise lugu <\/span><\/i>(\u2018The Director. A Story of the Privatization of a Market\u2019, 2010) also centres around the shady connections between politics, organized crime and business in the nineties, focusing on Tallinn Central Market. Anvelt is striking in his good knowledge of the subject and the creation of atmosphere; the works reveal, with their exciting subject matter, a detailed image of the society and criminal world of the time.<\/span><\/span><\/span>\n<\/p>\n<p>\n\t<span style=\"color:#000000\"><span style=\"font-size:13px\"><span style=\"font-family:Verdana,Geneva,sans-serif\"><i><span style=\"font-style:italic\">A. K. (Translated by C. M.)<\/span><\/i><\/span><\/span><\/span><\/p>\n<p>\u00a0\n<\/p>\n<p>\n\t<span style=\"color:#000000\"><span style=\"font-size:16px\"><span style=\"font-family:Verdana,Geneva,sans-serif\"><b><span style=\"font-weight:bold\">Books<\/span><\/b><b><span style=\"font-weight:bold\">\u00a0in Estonian<\/span><\/b><\/span><\/span><\/span>\n<\/p>\n<p>\n\t<span style=\"color:#000000\"><span style=\"font-family:Verdana,Geneva,sans-serif\"><span style=\"font-size:13px\"><em><b><span style=\"font-weight:bold\">Novels<\/span><\/b><\/em><br><strong>Punane elavh\u00f5be<\/strong>. Tallinn: Eesti P\u00e4evaleht, 2007, 391 lk.\u00a0[J\u00e4rgmised tr\u00fckid: 2010, 2018.]<br><strong>Direktor: \u00fche turu erastamise lugu<\/strong>. Muraste: Randvelt kirjastus, 2010, 292 lk.<\/span><\/span><\/span><\/p>\n","protected":false},"excerpt":{"rendered":"<p>Novels \u00a0 Andres Anvelt (b. 30. IX 1969) is a crime writer, former top police official and politician. Anvelt was born and educated in Tallinn, attending the Tallinn Police\u00a0Secondary School, the Faculty of Law at the University of Tartu (graduating &#8230;<\/p>\n","protected":false},"author":43,"featured_media":0,"parent":485,"menu_order":0,"comment_status":"closed","ping_status":"closed","template":"","meta":{"_acf_changed":false,"inline_featured_image":false,"footnotes":""},"class_list":["post-1232","page","type-page","status-publish","hentry"],"acf":[],"_links":{"self":[{"href":"https:\/\/sisu.ut.ee\/ewod\/wp-json\/wp\/v2\/pages\/1232","targetHints":{"allow":["GET"]}}],"collection":[{"href":"https:\/\/sisu.ut.ee\/ewod\/wp-json\/wp\/v2\/pages"}],"about":[{"href":"https:\/\/sisu.ut.ee\/ewod\/wp-json\/wp\/v2\/types\/page"}],"author":[{"embeddable":true,"href":"https:\/\/sisu.ut.ee\/ewod\/wp-json\/wp\/v2\/users\/43"}],"replies":[{"embeddable":true,"href":"https:\/\/sisu.ut.ee\/ewod\/wp-json\/wp\/v2\/comments?post=1232"}],"version-history":[{"count":1,"href":"https:\/\/sisu.ut.ee\/ewod\/wp-json\/wp\/v2\/pages\/1232\/revisions"}],"predecessor-version":[{"id":3843,"href":"https:\/\/sisu.ut.ee\/ewod\/wp-json\/wp\/v2\/pages\/1232\/revisions\/3843"}],"up":[{"embeddable":true,"href":"https:\/\/sisu.ut.ee\/ewod\/wp-json\/wp\/v2\/pages\/485"}],"wp:attachment":[{"href":"https:\/\/sisu.ut.ee\/ewod\/wp-json\/wp\/v2\/media?parent=1232"}],"curies":[{"name":"wp","href":"https:\/\/api.w.org\/{rel}","templated":true}]}}