{"id":1225,"date":"2024-04-03T23:40:59","date_gmt":"2024-04-03T20:40:59","guid":{"rendered":"https:\/\/sisu.ut.ee\/ewod\/poems-et-187\/"},"modified":"2024-04-04T00:07:52","modified_gmt":"2024-04-03T21:07:52","slug":"poems","status":"publish","type":"page","link":"https:\/\/sisu.ut.ee\/ewod\/h\/heiberg\/poems\/","title":{"rendered":"Marie Heiberg &#8211; poems"},"content":{"rendered":"<p><span style=\"font-size: medium\"><strong><span style=\"font-family: verdana, geneva\">In anthologies and magazines<\/span><\/strong><\/span><\/p>\n<p><em><strong><span style=\"font-family: verdana, geneva;font-size: small\">German<\/span><\/strong><\/em><br><span style=\"font-family: verdana, geneva;font-size: small\"><strong>Ich ging allein bei Sternenlicht; Ich schreibe<\/strong>. \u2013 Estnische lyrik. \u00dcbertragen von Tatjana Ellinor Heine. Brackenheim: Georg Kohl, 1981, pp 58-59. [\u2018K\u00e4isin \u00fcksi t\u00e4hte valgel\u2019, \u2018Ma kirjutan\u2026\u2019. Poems by K. J. Peterson, F. Kuhlbars, F. R. Kreutzwald, A. Reinvald, J. Tamm, A. Haava, L. Koidula, M. Under, G. Suits, Jakob Liiv, Juhan Liiv, K. E. S\u00f6\u00f6t, J. Oks, M. Heiberg, K. Ristikivi, K. Lepik, B. Kangro, A. Sang, I. Gr\u00fcnthal, H. Visnapuu, A. Vihalemm, M. Suits-Elson.]<br><strong>Sorge<\/strong>. \u00dcbersetzung: Martha von Dehn-Grubbe. \u2013 Martha von Dehn-Grubbe: Pastell und Silberstift. Aichach: Mayer, 1965, pp 24-25. [\u2018Mure\u2019.]<br><strong>Sorge<\/strong>. \u00dcbersetzung: Martha von Dehn-Grubbe. \u2013 Das Spinnjahr. Frauendichtung der Welt. Mit Linolschnitten von Fritz M\u00f6ser. Karlsruhe: Der Karlsruher Bote, 1965, p 58. [\u2018Mure\u2019.]<br><strong>Ging allein\u2026<\/strong>. \u00dcbersetzung: Martha von Dehn-Grubbe. \u2013 Wir kehren heim: Estnische Lyrik und Prosa<span>. Nachdichtungen [und Vorwort] von Martha v. Dehn-Grubbe. [Karlsruhe]: Karlsruher Bote, 1962, p 42. [\u2018K\u00e4isin \u00fcksi t\u00e4hte valgel\u2019. Contents: Valev Uibopuu, Traum in der Sommernacht (\u2019Suve\u00f6\u00f6 unen\u00e4gu\u2019); poems by Bernard Kangro, Ernst Enno, Kalju Lepik, August Alle, Uku Masing, Karl Ristikivi, Salme Raatma, Gustav Suits, Anna Haava, Marie Heiberg, Friedrich Kuhlbars, Lydia Koidula.]<\/span><br><strong><span>Einsam ging ich<\/span><\/strong>. \u00dcbersetzung: T. v. Stackelberg. \u2013 Panorama moderner Lyrik<span>. Gedichte des 20. Jahrhunderts in \u00dcbersetzungen. Herausgegeben von G\u00fcnther Steinbrinker. Zusammenarbeit mit Rudolf Hartung. \u00dcbers. von A. Oras, H. Stock, K. Veem, T. v. Stackelberg. Oldenburg: S. Mohn Verlag, 1960, p 474. [\u2018K\u00e4isin \u00fcksi t\u00e4hte valgel\u2019. In the anthology of world poetry. Includes texts by H. Visnapuu, M. Heiberg, M. Under, A. Rannit.]<br><\/span><strong>Ging allein\u2026<\/strong>. \u00dcbersetzung: Martha von Dehn-Grubbe. \u2013 Baltische Hefte, vol 5, 1958-1959, no 3, p 164. [\u2018K\u00e4isin \u00fcksi t\u00e4hte valgel\u2019.]<br><\/span><\/p>\n<p><span style=\"font-family: verdana, geneva;font-size: small\"><span><strong><em>Russian<\/em><\/strong><br><strong>\u0410\u043d\u0442\u043e\u043b\u043e\u0433\u0438\u044f \u044d\u0441\u0442\u043e\u043d\u0441\u043a\u043e\u0439 \u043f\u043e\u044d\u0437\u0438\u0438: \u0432 \u0434\u0432\u0443\u0445 \u0442\u043e\u043c\u0430\u0445<\/strong>. \u0412\u0441\u0442\u0443\u043f\u0438\u0442\u0435\u043b\u044c\u043d\u0430\u044f \u0441\u0442\u0430\u0442\u044c\u044f \u042d. \u041d\u0438\u0440\u043a\u0430; \u0441\u043e\u0441\u0442\u0430\u0432\u0438\u0442\u0435\u043b\u0438 \u042d. \u041d\u0438\u0440\u043a \u0438 \u041f. \u0420\u0443\u043c\u043c\u043e. \u041b\u0435\u043d\u0438\u043d\u0433\u0440\u0430\u0434: \u0413\u043e\u0441\u043b\u0438\u0442\u0438\u0437\u0434\u0430\u0442, 1959, 424 + 450 pp. [Includes folk songs and poems by: Kristian Jaak Peterson, Friedrich Robert Faehlmann, Friedrich Reinhold Kreutzwald, Juhan Weizenberg, Lydia Koidula, Friedrich Kuhlbars, Carl Robert Jakobson, Mihkel Veske, Ado Reinvald, Juhan Kunder, Jaan Bergmann, Peeter Jakobson, Jakob Tamm, Jakob Liiv, Juhan Liiv, Anna Haava, Karl Eduard S\u00f6\u00f6t, Reinhold Kamsen, Ernst Enno, Villem Ridala, Marie Heiberg, Jaan L\u00f5o, Hans P\u00f6\u00f6gelmann, Juhan Lilienbach, Vassili M\u00f6lder, Villem Buk, Johannes Barbarus, August Alle, Jaan K\u00e4rner, Johannes Semper, Juhan S\u00fctiste, Erni Hiir, Mart Raud, Paul Viiding, Betti Alver, Kersti Merilaas, August Sang, Hugo Angervaks, Felix Kotta, Aira Kaal, Muia Veetamm, Paul Rummo, Debora Vaarandi, Juhan Smuul, Minni Nurme, Ralf Parve, Manivald Kesamaa, Uno Laht, Vladimir Beekman, Jaan Kross, Ilmi Kolla, Ellen Niit.]<strong><br>\u041f\u043e\u044d\u0442\u044b \u042d\u0441\u0442\u043e\u043d\u0438\u0438: \u0410\u043d\u0442\u043e\u043b\u043e\u0433\u0438\u044f \u0437\u0430 \u0441\u0442\u043e \u043b\u0435\u0442: (1803-1902)<\/strong><span>. \u041f\u0435\u0440\u0435\u0432\u043e\u0434 \u0418\u0433\u043e\u0440\u044f \u0421\u0435\u0432\u0435\u0440\u044f\u043d\u0438\u043d\u0430; [\u0418\u043b\u043b\u044e\u0441\u0442\u0440\u0430\u0446\u0438\u0438 \u0410. \u0413\u0440\u0438\u043d\u0435\u0432\u0430]. \u0422\u0430\u0440\u0442\u0443: \u0412\u0430\u0434\u0438\u043c \u0411\u0435\u0440\u0433\u043c\u0430\u043d, 1928, 182 pp. [Poems by \u0424\u0440\u0438\u0434\u0440\u0438\u0445 \u0420\u0435\u0439\u043d\u0445\u043e\u043b\u044c\u0434 \u041a\u0440\u0435\u0439\u0446\u0432\u0430\u043b\u044c\u0434, \u0424\u0440\u0438\u0434\u0440\u0438\u0445 \u041a\u0443\u043b\u044c\u0431\u0430\u0440\u0441, \u041c\u0438\u0445\u043a\u0435\u043b\u044c \u0412\u0435\u0441\u043a\u0435, \u041b\u0438\u0434\u0438\u044f \u041a\u043e\u0439\u0434\u0443\u043b\u0430, \u0410\u0434\u043e \u0420\u0435\u0439\u043d\u0432\u0430\u043b\u044c\u0434, \u0410\u0434\u043e \u0413\u0440\u0435\u043d\u0446\u0448\u0442\u0435\u0439\u043d, \u041a\u0430\u0440\u043b \u0410\u0432\u0433\u0443\u0441\u0442 \u0425\u0435\u0440\u043c\u0430\u043d\u043d, \u042e\u0445\u0430\u043d \u041a\u0443\u043d\u0434\u0435\u0440, \u041f\u0435\u044d\u0442\u0435\u0440 \u042f\u043a\u043e\u0431\u0441\u043e\u043d, \u041c\u0430\u0440\u0442\u0438\u043d \u041b\u0438\u043f\u043f, \u042f\u0430\u043d \u0411\u0435\u0440\u0433\u043c\u0430\u043d\u043d, \u041c\u0430\u0442\u0438\u0430\u0441 \u0419\u043e\u0445\u0430\u043d\u043d \u042d\u0439\u0437\u0435\u043d, \u042f\u043a\u043e\u0431 \u041b\u0438\u0439\u0432, \u042f\u043a\u043e\u0431 \u0422\u0430\u043c\u043c, \u041a\u0430\u0440\u043b \u042d\u0434\u0443\u0430\u0440\u0434 \u0421\u0435\u044d\u0442, \u042d\u0434\u0443\u0430\u0440\u0434 \u0412\u0435\u0440\u043c\u0430\u043d, \u042d\u043b\u0438\u0437\u0435 \u0410\u0443\u043d, \u042e\u0445\u0430\u043d \u041b\u0438\u0439\u0432, \u0410\u043d\u043d\u0430 \u0425\u0430\u0430\u0432\u0430, \u0413\u0435\u043e\u0440\u0433 \u042d\u0434\u0443\u0430\u0440\u0434 \u041b\u0443\u0439\u0433\u0430, \u0410\u043d\u0434\u0440\u0435\u0441 \u0410\u043b\u044c\u0432\u0435\u0440, \u042d\u0440\u043d\u0441\u0442 \u042d\u043d\u043d\u043e, \u0413\u0443\u0441\u0442\u0430\u0432 \u0421\u0443\u0439\u0442\u0441, \u041c\u0430\u0440\u0438\u0435 \u0423\u043d\u0434\u0435\u0440, \u0412\u0438\u043b\u043b\u0435\u043c \u0420\u0438\u0434\u0430\u043b\u0430, \u0424\u0440\u0438\u0434\u0435\u0431\u0435\u0440\u0442 \u0422\u0443\u0433\u043b\u0430\u0441, \u0419\u043e\u0445\u0430\u043d\u043d\u0435\u0441 \u0411\u0430\u0440\u0431\u0430\u0440\u0443\u0441, \u0419\u043e\u0445\u0430\u043d\u043d\u0435\u0441 \u0421\u0435\u043c\u043f\u0435\u0440, \u041c\u0430\u0440\u0438e \u0425\u0435\u0439\u0431\u0435\u0440\u0433, \u0410\u0432\u0433\u0443\u0441\u0442 \u0410\u043b\u043b\u0435, \u0425\u0435\u043d\u0440\u0438\u043a \u0412\u0438\u0441\u043d\u0430\u043f\u0443\u0443, \u0420\u0443\u0434\u043e\u043b\u044c\u0444 \u0420\u0435\u0439\u043c\u0430\u043d\u043d, \u0412\u0430\u043b\u044c\u043c\u0430\u0440 \u0410\u0434\u0430\u043c\u0441.]<\/span><br><\/span><\/span><\/p>\n<p><span style=\"font-family: verdana, geneva;font-size: small\"><span><span><strong><em>Swedish<\/em><\/strong><br><strong>V\u00e5ra s\u00e5nger fick vi med oss: lyrik av 12 estniska skaldinnor i urval<\/strong>. \u00d6vers\u00e4ttning av Silvia Airik-Priuhka. Stockholm: V\u00e4lis-Eesti &amp; EMP, 1983, 95 pp. [Anthology of poems by Lydia Koidula, Anna Haava, Marie Under, Marie Heiberg, Betti Alver, Ada Otema, Salme Ekbaum, Liidia Tuulse, Kersti Merilaas, Salme Raatma, Karin Saarsen, Ilona Laaman.]<\/span><\/span><\/span><\/p>\n","protected":false},"excerpt":{"rendered":"<p>In anthologies and magazines GermanIch ging allein bei Sternenlicht; Ich schreibe. \u2013 Estnische lyrik. \u00dcbertragen von Tatjana Ellinor Heine. Brackenheim: Georg Kohl, 1981, pp 58-59. [\u2018K\u00e4isin \u00fcksi t\u00e4hte valgel\u2019, \u2018Ma kirjutan\u2026\u2019. Poems by K. J. Peterson, F. Kuhlbars, F. R. &#8230;<\/p>\n","protected":false},"author":43,"featured_media":0,"parent":1220,"menu_order":0,"comment_status":"closed","ping_status":"closed","template":"","meta":{"_acf_changed":false,"inline_featured_image":false,"footnotes":""},"class_list":["post-1225","page","type-page","status-publish","hentry"],"acf":[],"_links":{"self":[{"href":"https:\/\/sisu.ut.ee\/ewod\/wp-json\/wp\/v2\/pages\/1225","targetHints":{"allow":["GET"]}}],"collection":[{"href":"https:\/\/sisu.ut.ee\/ewod\/wp-json\/wp\/v2\/pages"}],"about":[{"href":"https:\/\/sisu.ut.ee\/ewod\/wp-json\/wp\/v2\/types\/page"}],"author":[{"embeddable":true,"href":"https:\/\/sisu.ut.ee\/ewod\/wp-json\/wp\/v2\/users\/43"}],"replies":[{"embeddable":true,"href":"https:\/\/sisu.ut.ee\/ewod\/wp-json\/wp\/v2\/comments?post=1225"}],"version-history":[{"count":1,"href":"https:\/\/sisu.ut.ee\/ewod\/wp-json\/wp\/v2\/pages\/1225\/revisions"}],"predecessor-version":[{"id":3857,"href":"https:\/\/sisu.ut.ee\/ewod\/wp-json\/wp\/v2\/pages\/1225\/revisions\/3857"}],"up":[{"embeddable":true,"href":"https:\/\/sisu.ut.ee\/ewod\/wp-json\/wp\/v2\/pages\/1220"}],"wp:attachment":[{"href":"https:\/\/sisu.ut.ee\/ewod\/wp-json\/wp\/v2\/media?parent=1225"}],"curies":[{"name":"wp","href":"https:\/\/api.w.org\/{rel}","templated":true}]}}