{"id":1222,"date":"2024-04-03T23:40:59","date_gmt":"2024-04-03T20:40:59","guid":{"rendered":"https:\/\/sisu.ut.ee\/ewod\/thepiper\/"},"modified":"2025-03-05T09:28:44","modified_gmt":"2025-03-05T07:28:44","slug":"thepiper","status":"publish","type":"page","link":"https:\/\/sisu.ut.ee\/ewod\/anthologies\/english\/thepiper\/","title":{"rendered":"The Piper: a selection of Estonian fairy tales."},"content":{"rendered":"<p><strong><span style=\"font-family: verdana, geneva\">The Piper: a selection of Estonian fairy tales. Compiled by J\u00fcri Talvet; translated by A. J\u00f5gi; illustrated by Jaan Tammsaar. Tallinn: Perioodika, 1987, 198 pp.<\/span><\/strong><\/p>\n<p><strong><span style=\"font-family: verdana, geneva\">Contents:<\/span><\/strong><\/p>\n<p><span style=\"font-family: verdana, geneva\">Kristi Salve, <strong>Foreword<\/strong>.<\/span><br><span style=\"font-family: verdana, geneva\"><br>by Matthias Johann Eisen:<\/span><br><span style=\"font-family: verdana, geneva\"><strong>Changeling<\/strong> (\u2018Vahetatud laps\u2019).<\/span><br><span style=\"font-family: verdana, geneva\"><strong>Only for Himself<\/strong> (\u2018Ainult enesele!\u2019).<\/span><br><span style=\"font-family: verdana, geneva\"><strong>The Grey Ones of Lapland<\/strong> (\u2018Lapimaa hallid\u2019).<\/span><br><span style=\"font-family: verdana, geneva\"><strong>The Beggar-woman\u2019s Blessing<\/strong> (\u2018Sandi \u00f5nnistus\u2019).<\/span><br><span style=\"font-family: verdana, geneva\"><strong>Seven Years Spent in Lapland<\/strong> (\u2018Seitse aastat Lapimaal\u2019).<\/span><br><span style=\"font-family: verdana, geneva\"><strong>The Piper<\/strong> (\u2018Tantsitaja\u2019).<\/span><br><span style=\"font-family: verdana, geneva\"><strong>A Clever Wife<\/strong> (\u2018Mees naise ametis\u2019).<\/span><br><span style=\"font-family: verdana, geneva\"><strong>Waiting for Death<\/strong> (\u2018Surma ootamine\u2019).<\/span><br><span style=\"font-family: verdana, geneva\"><br>by Juhan Kunder:<\/span><br><span style=\"font-family: verdana, geneva\"><strong>Big Peter and Little Peter<\/strong> (\u2018Suur Peeter ja V\u00e4ike Peeter\u2019).<\/span><br><span style=\"font-family: verdana, geneva\"><strong>The Making of the Wolf<\/strong> (\u2018Hundi loomine\u2019).<\/span><br><span style=\"font-family: verdana, geneva\"><strong>The Cuckoo<\/strong> (\u2018K\u00e4gu\u2019).<\/span><br><span style=\"font-family: verdana, geneva\"><strong>The Guardian Wolf<\/strong> (\u2018Kaitsja hunt\u2019).<\/span><br><span style=\"font-family: verdana, geneva\"><strong>The Cat and the Mouse<\/strong> (\u2018Kass ja hiir\u2019).<\/span><br><span style=\"font-family: verdana, geneva\"><strong>The Swallow<\/strong> (\u2018P\u00e4\u00e4suke\u2019).<\/span><br><span style=\"font-family: verdana, geneva\"><strong>The Golden Egg<\/strong> (\u2018Kuldmuna\u2019).<\/span><br><span style=\"font-family: verdana, geneva\"><strong>The Stoker and the Devil<\/strong> (\u2018Rehepapp ja vanapagan\u2019).<\/span><br><span style=\"font-family: verdana, geneva\"><strong>The Northern Lights<\/strong> (\u2018Virmalised\u2019).<\/span><br><span style=\"font-family: verdana, geneva\"><strong>The Cunning Stoker<\/strong> (\u2018Vigur rehepapp\u2019).<\/span><br><span style=\"font-family: verdana, geneva\"><strong>The Keen-witted Orphan<\/strong> (\u2018Vaeslaps ja talut\u00fctar\u2019).<\/span><br><span style=\"font-family: verdana, geneva\"><br>by Friedrich Reinhold Kreutzwald:<\/span><br><span style=\"font-family: verdana, geneva\"><strong>Thunderer\u2019s Trumpet<\/strong> (\u2018Pikse pill\u2019).<\/span><br><span style=\"font-family: verdana, geneva\"><strong>Woody and Barky<\/strong> (\u2018Puulane ja Tohtlane\u2019).<\/span><br><span style=\"font-family: verdana, geneva\"><strong>The Bold Threshing-barn Stoker<\/strong> (\u2018Julge rehepapp\u2019).<\/span><br><span style=\"font-family: verdana, geneva\"><strong>A Strange Steer Bartering<\/strong> (\u2018Naljakas h\u00e4rjam\u00fc\u00fcmine\u2019).<\/span><br><span style=\"font-family: verdana, geneva\"><strong>The Orphan\u2019s Hand-mill<\/strong> (\u2018Vaeslapse k\u00e4sikivi\u2019).<\/span><br><span style=\"font-family: verdana, geneva\"><strong>Good Deed Rewarded<\/strong> (\u2018Rohkesti tasutud heategu\u2019).<\/span><br><span style=\"font-family: verdana, geneva\"><strong>The Tender-hearted Wood-cutter<\/strong> (\u2018Helde puuraiuja\u2019).<\/span><br><span style=\"font-family: verdana, geneva\"><br>Three Setu Tales:<\/span><br><span style=\"font-family: verdana, geneva\"><strong>The Tarred Ox<\/strong> (\u2018T\u00f5rvane h\u00e4rg\u2019).<\/span><br><span style=\"font-family: verdana, geneva\"><strong>The Goat with Two Kids<\/strong> (\u2018Jutt kitsest paari pojakesega\u2019).<\/span><br><span style=\"font-family: verdana, geneva\"><strong>Fox as a Night\u2019s Lodger<\/strong> (\u2018Rebane \u00f6\u00f6majal\u2019).<\/span><br><span style=\"font-family: verdana, geneva\"><br>Kristi Salve, <strong>In Conclusion<\/strong>.<\/span><\/p>\n","protected":false},"excerpt":{"rendered":"<p>The Piper: a selection of Estonian fairy tales. Compiled by J\u00fcri Talvet; translated by A. J\u00f5gi; illustrated by Jaan Tammsaar. Tallinn: Perioodika, 1987, 198 pp. Contents: Kristi Salve, Foreword.by Matthias Johann Eisen:Changeling (\u2018Vahetatud laps\u2019).Only for Himself (\u2018Ainult enesele!\u2019).The Grey Ones &#8230;<\/p>\n","protected":false},"author":43,"featured_media":0,"parent":1193,"menu_order":0,"comment_status":"closed","ping_status":"closed","template":"","meta":{"_acf_changed":false,"inline_featured_image":false,"footnotes":""},"class_list":["post-1222","page","type-page","status-publish","hentry"],"acf":[],"_links":{"self":[{"href":"https:\/\/sisu.ut.ee\/ewod\/wp-json\/wp\/v2\/pages\/1222","targetHints":{"allow":["GET"]}}],"collection":[{"href":"https:\/\/sisu.ut.ee\/ewod\/wp-json\/wp\/v2\/pages"}],"about":[{"href":"https:\/\/sisu.ut.ee\/ewod\/wp-json\/wp\/v2\/types\/page"}],"author":[{"embeddable":true,"href":"https:\/\/sisu.ut.ee\/ewod\/wp-json\/wp\/v2\/users\/43"}],"replies":[{"embeddable":true,"href":"https:\/\/sisu.ut.ee\/ewod\/wp-json\/wp\/v2\/comments?post=1222"}],"version-history":[{"count":1,"href":"https:\/\/sisu.ut.ee\/ewod\/wp-json\/wp\/v2\/pages\/1222\/revisions"}],"predecessor-version":[{"id":3854,"href":"https:\/\/sisu.ut.ee\/ewod\/wp-json\/wp\/v2\/pages\/1222\/revisions\/3854"}],"up":[{"embeddable":true,"href":"https:\/\/sisu.ut.ee\/ewod\/wp-json\/wp\/v2\/pages\/1193"}],"wp:attachment":[{"href":"https:\/\/sisu.ut.ee\/ewod\/wp-json\/wp\/v2\/media?parent=1222"}],"curies":[{"name":"wp","href":"https:\/\/api.w.org\/{rel}","templated":true}]}}