{"id":1221,"date":"2024-04-03T23:40:59","date_gmt":"2024-04-03T20:40:59","guid":{"rendered":"https:\/\/sisu.ut.ee\/ewod\/poems-et-186\/"},"modified":"2024-04-04T00:07:51","modified_gmt":"2024-04-03T21:07:51","slug":"poems","status":"publish","type":"page","link":"https:\/\/sisu.ut.ee\/ewod\/f\/filimonov\/poems\/","title":{"rendered":"\u041f.\u0418. \u0424\u0438\u043b\u0438\u043c\u043e\u043d\u043e\u0432 (P. I. Filimonov) &#8211; poems"},"content":{"rendered":"<p>\n\t<br><span style=\"font-family: verdana, geneva\"><strong><span style=\"font-size: medium\">Books<\/span><\/strong><\/span>\n<\/p>\n<p>\n\t<strong><em>Italian<\/em><br>Partiti adesso<\/strong>. Traduzioni a cura di Paolo Galvagni; copertina a cura di Elio Scarciglia. Lecce: Terra d\u2019ulivi edizioni, 2022, 131 pp.<br>\u00a0\n<\/p>\n<p>\n\t<span style=\"font-family: verdana, geneva\"><strong><span style=\"font-size: medium\">In compilations, anthologies, magazines<\/span><\/strong><\/span>\n<\/p>\n<p>\n\t<span style=\"font-family: verdana, geneva\"><em><strong>Arabic<\/strong><\/em><br><span style=\"font-size: small\"><strong>\u0627\u0644\u0622\u062e\u0631\u064f \u0644\u064a\u0633\u064e \u0646\u0627\u0626\u064a\u064b\u0627- \u0623\u0646\u0637\u0648\u0644\u0648\u062c\u064a\u0627 \u0627\u0644\u0634\u0639\u0631 \u0627\u0644\u0627\u0633\u062a\u0648\u0646\u064a \u0627\u0644\u0645\u0639\u0627\u0635\u0631<\/strong> \u062c\u062f\u064a\u062f \u0639\u0628\u062f\u0627\u0644\u0631\u062d\u0645\u0646 \u0627\u0644\u0645\u0627\u062c\u062f\u064a. Rijswijk: Makhtootat press and publishing house, 2016, 288 pp. [Poems by: P. I. Filimonov, fs, Mihkel Kaevats, K\u00e4tlin Kaldmaa, Maarja Kangro, Igor Kotjuh, Hasso Krull, Asko K\u00fcnnap, Maarja P\u00e4rtna, J\u00fcrgen Rooste, Triin Soomets, Andra Teede.]<\/span><\/span>\n<\/p>\n<p>\n\t<span style=\"font-family: verdana, geneva\"><em><strong>Russian<\/strong><\/em><\/span><br><span style=\"font-family: verdana, geneva\"><strong><a href=\"https:\/\/www.oblaka.ee\/journal-new-clouds\/1-2-2015\/%d0%bf-%d0%b8-%d1%84%d0%b8%d0%bb%d0%b8%d0%bc%d0%be%d0%bd%d0%be%d0%b2-%d0%bd%d0%be%d0%b3%d0%b8-%d1%86%d0%b8%d0%ba%d0%bb-%d1%81%d1%82%d0%b8%d1%85%d0%be%d1%82%d0%b2%d0%be%d1%80%d0%b5%d0%bd%d0%b8%d0%b9\/\" target=\"_blank\" rel=\"noopener\">\u041d\u043e\u0433\u0438. \u0426\u0438\u043a\u043b \u0441\u0442\u0438\u0445\u043e\u0442\u0432\u043e\u0440\u0435\u043d\u0438\u0439<\/a><\/strong>. \u2013 \u041d\u043e\u0432\u044b\u0435 o\u0431\u043b\u0430\u043a\u0430, no 1-2 (71-72), 2015.<br><strong><a href=\"http:\/\/magazines.russ.ru\/october\/2015\/9\/22f.html\" target=\"_blank\" rel=\"noopener\">\u0412\u0441\u0451 \u0440\u0430\u0441\u043f\u043e\u043b\u0437\u0430\u0435\u0442\u0441\u044f<\/a><\/strong>. \u0421\u0442\u0438\u0445\u0438. \u2013\u00a0<a href=\"http:\/\/magazines.russ.ru\/october\/2015\/9\/\" target=\"_blank\" rel=\"noopener\">\u041e\u043a\u0442\u044f\u0431\u0440\u044c, No 9, 2015<\/a>. \u0411\u0435\u0440\u0435\u0433 \u043b\u0438\u0442\u0435\u0440\u0430\u0442\u0443\u0440\u044b. \u041d\u043e\u0432\u043e\u0435 \u0441\u043b\u043e\u0432\u043e \u041b\u0430\u0442\u0432\u0438\u0438, \u041b\u0438\u0442\u0432\u044b, \u042d\u0441\u0442\u043e\u043d\u0438\u0438. [See <strong><a href=\"https:\/\/sisu.ut.ee\/ewod\/anthologies\/oktjabr\">contents<\/a><\/strong> of the special edition.]<br><a href=\"https:\/\/www.oblaka.ee\/journal-new-clouds\/3-4-2013\/%D0%BF-%D0%B8-%D1%84%D0%B8%D0%BB%D0%B8%D0%BC%D0%BE%D0%BD%D0%BE%D0%B2-%D0%B6%D1%83%D1%80%D0%BD%D0%B0%D0%BB%D0%B8%D1%81%D1%82%D1%81%D0%BA%D0%BE%D0%B5-%D1%80%D0%B0%D1%81%D1%81%D0%BB%D0%B5%D0%B4%D0%BE\/\" target=\"_blank\" rel=\"noopener\"><strong>\u0416\u0443\u0440\u043d\u0430\u043b\u0438\u0441\u0442\u0441\u043a\u043e\u0435 \u0440\u0430\u0441\u0441\u043b\u0435\u0434\u043e\u0432\u0430\u043d\u0438\u0435. \u0421\u0442\u0438\u0445\u0438<\/strong><\/a>. \u2013 \u041d\u043e\u0432\u044b\u0435 o\u0431\u043b\u0430\u043a\u0430, no 3-4 (65-66), 2013.<br><a href=\"https:\/\/www.oblaka.ee\/%D0%B0%D0%B2%D1%82%D0%BE%D1%80%D1%8B\/%D1%80%D1%83%D1%81%D1%81%D0%BA%D0%B8%D0%B5-%D0%B0%D0%B2%D1%82%D0%BE%D1%80%D1%8B-%D0%B8%D0%B7-%D1%8D%D1%81%D1%82%D0%BE%D0%BD%D0%B8%D0%B8\/%D0%BF-%D0%B8-%D1%84%D0%B8%D0%BB%D0%B8%D0%BC%D0%BE%D0%BD%D0%BE%D0%B2\/%D0%BF-%D0%B8-%D1%84%D0%B8%D0%BB%D0%B8%D0%BC%D0%BE%D0%BD%D0%BE%D0%B2-%D0%B5%D0%B2%D0%B0%D0%BD%D0%B3%D0%B5%D0%BB%D0%B8%D0%B5-%D0%BE%D1%82-%D0%B2%D0%B8%D0%BA%D0%B8%D0%BF%D0%B5%D0%B4%D0%B8%D0%B8-%D1%81\/\" target=\"_blank\" rel=\"noopener\"><strong>\u0415\u0432\u0430\u043d\u0433\u0435\u043b\u0438\u0435 \u043e\u0442 \u0412\u0438\u043a\u0438\u043f\u0435\u0434\u0438\u0438. \u0421\u0442\u0438\u0445\u0438<\/strong><\/a>. \u2013 \u041d\u043e\u0432\u044b\u0435 o\u0431\u043b\u0430\u043a\u0430, no 1-2 (63-64), 2013.<\/span>\n<\/p>\n<p>\n\t<strong><span style=\"font-size: 12.0pt;font-family: Tahoma\">\u00a0<\/span><\/strong><\/p>\n","protected":false},"excerpt":{"rendered":"<p>Books ItalianPartiti adesso. Traduzioni a cura di Paolo Galvagni; copertina a cura di Elio Scarciglia. Lecce: Terra d\u2019ulivi edizioni, 2022, 131 pp.\u00a0 In compilations, anthologies, magazines Arabic\u0627\u0644\u0622\u062e\u0631\u064f \u0644\u064a\u0633\u064e \u0646\u0627\u0626\u064a\u064b\u0627- \u0623\u0646\u0637\u0648\u0644\u0648\u062c\u064a\u0627 \u0627\u0644\u0634\u0639\u0631 \u0627\u0644\u0627\u0633\u062a\u0648\u0646\u064a \u0627\u0644\u0645\u0639\u0627\u0635\u0631 \u062c\u062f\u064a\u062f \u0639\u0628\u062f\u0627\u0644\u0631\u062d\u0645\u0646 \u0627\u0644\u0645\u0627\u062c\u062f\u064a. Rijswijk: Makhtootat press and &#8230;<\/p>\n","protected":false},"author":43,"featured_media":0,"parent":1129,"menu_order":0,"comment_status":"closed","ping_status":"closed","template":"","meta":{"_acf_changed":false,"inline_featured_image":false,"footnotes":""},"class_list":["post-1221","page","type-page","status-publish","hentry"],"acf":[],"_links":{"self":[{"href":"https:\/\/sisu.ut.ee\/ewod\/wp-json\/wp\/v2\/pages\/1221","targetHints":{"allow":["GET"]}}],"collection":[{"href":"https:\/\/sisu.ut.ee\/ewod\/wp-json\/wp\/v2\/pages"}],"about":[{"href":"https:\/\/sisu.ut.ee\/ewod\/wp-json\/wp\/v2\/types\/page"}],"author":[{"embeddable":true,"href":"https:\/\/sisu.ut.ee\/ewod\/wp-json\/wp\/v2\/users\/43"}],"replies":[{"embeddable":true,"href":"https:\/\/sisu.ut.ee\/ewod\/wp-json\/wp\/v2\/comments?post=1221"}],"version-history":[{"count":1,"href":"https:\/\/sisu.ut.ee\/ewod\/wp-json\/wp\/v2\/pages\/1221\/revisions"}],"predecessor-version":[{"id":3853,"href":"https:\/\/sisu.ut.ee\/ewod\/wp-json\/wp\/v2\/pages\/1221\/revisions\/3853"}],"up":[{"embeddable":true,"href":"https:\/\/sisu.ut.ee\/ewod\/wp-json\/wp\/v2\/pages\/1129"}],"wp:attachment":[{"href":"https:\/\/sisu.ut.ee\/ewod\/wp-json\/wp\/v2\/media?parent=1221"}],"curies":[{"name":"wp","href":"https:\/\/api.w.org\/{rel}","templated":true}]}}