{"id":1217,"date":"2024-04-03T23:40:58","date_gmt":"2024-04-03T20:40:58","guid":{"rendered":"https:\/\/sisu.ut.ee\/ewod\/galician\/"},"modified":"2024-04-04T00:07:54","modified_gmt":"2024-04-03T21:07:54","slug":"galician","status":"publish","type":"page","link":"https:\/\/sisu.ut.ee\/ewod\/anthologies\/galician\/","title":{"rendered":"Anthologies, special editions of journals &#8211; in Galician"},"content":{"rendered":"<p><span style=\"font-family: verdana, geneva\"><strong>Vello ceo n\u00f3rdico. Antolox\u00eda de poes\u00eda estonia contempor\u00e1nea<\/strong>. Edici\u00f3n de J\u00fcri Talvet e Arturo Casas. Selecci\u00f3n e versi\u00f3n inglesa de J\u00fcri Talvet y H. L. Hix. Versi\u00f3n galega de Manuel Barbeito e Manuela Palacios, con colaboraci\u00f3n de J\u00fcri Talvet. Bolet\u00edn Galego de Literatura. Monograf\u00edas. Santiago: Universidade de Santiago de Compostela, 2002, 233 pp. [Poems by Hando Runnel, Andres Ehin, Jaan Kaplinski, Paul-Eerik Rummo, Juhan Viiding, Ene Mihkelson, J\u00fcri Talvet, Mari Vallisoo, Hasso Krull, Triin Soomets.]<\/span><\/p>\n","protected":false},"excerpt":{"rendered":"<p>Vello ceo n\u00f3rdico. Antolox\u00eda de poes\u00eda estonia contempor\u00e1nea. Edici\u00f3n de J\u00fcri Talvet e Arturo Casas. Selecci\u00f3n e versi\u00f3n inglesa de J\u00fcri Talvet y H. L. Hix. Versi\u00f3n galega de Manuel Barbeito e Manuela Palacios, con colaboraci\u00f3n de J\u00fcri Talvet. Bolet\u00edn &#8230;<\/p>\n","protected":false},"author":43,"featured_media":0,"parent":1214,"menu_order":0,"comment_status":"closed","ping_status":"closed","template":"","meta":{"_acf_changed":false,"inline_featured_image":false,"footnotes":""},"class_list":["post-1217","page","type-page","status-publish","hentry"],"acf":[],"_links":{"self":[{"href":"https:\/\/sisu.ut.ee\/ewod\/wp-json\/wp\/v2\/pages\/1217","targetHints":{"allow":["GET"]}}],"collection":[{"href":"https:\/\/sisu.ut.ee\/ewod\/wp-json\/wp\/v2\/pages"}],"about":[{"href":"https:\/\/sisu.ut.ee\/ewod\/wp-json\/wp\/v2\/types\/page"}],"author":[{"embeddable":true,"href":"https:\/\/sisu.ut.ee\/ewod\/wp-json\/wp\/v2\/users\/43"}],"replies":[{"embeddable":true,"href":"https:\/\/sisu.ut.ee\/ewod\/wp-json\/wp\/v2\/comments?post=1217"}],"version-history":[{"count":1,"href":"https:\/\/sisu.ut.ee\/ewod\/wp-json\/wp\/v2\/pages\/1217\/revisions"}],"predecessor-version":[{"id":3870,"href":"https:\/\/sisu.ut.ee\/ewod\/wp-json\/wp\/v2\/pages\/1217\/revisions\/3870"}],"up":[{"embeddable":true,"href":"https:\/\/sisu.ut.ee\/ewod\/wp-json\/wp\/v2\/pages\/1214"}],"wp:attachment":[{"href":"https:\/\/sisu.ut.ee\/ewod\/wp-json\/wp\/v2\/media?parent=1217"}],"curies":[{"name":"wp","href":"https:\/\/api.w.org\/{rel}","templated":true}]}}