{"id":1215,"date":"2024-04-03T23:40:58","date_gmt":"2024-04-03T20:40:58","guid":{"rendered":"https:\/\/sisu.ut.ee\/ewod\/poems-et-184\/"},"modified":"2024-04-04T00:07:54","modified_gmt":"2024-04-03T21:07:54","slug":"poems","status":"publish","type":"page","link":"https:\/\/sisu.ut.ee\/ewod\/o\/oks\/poems\/","title":{"rendered":"Jaan Oks &#8211; poems"},"content":{"rendered":"<p>\n\t<span style=\"font-size: medium\"><strong><span style=\"font-family: verdana, geneva\">In compilations, anthologies, magazines<\/span><\/strong><\/span>\n<\/p>\n<p>\n\t<em><strong><span style=\"font-family: verdana, geneva;font-size: small\">English<\/span><\/strong><\/em><br><strong><span style=\"font-family: verdana, geneva;font-size: small\"><strong>Anthology of Modern Estonian Poetry<\/strong><\/span><\/strong><span style=\"font-family: verdana, geneva;font-size: small\">. Compiled and translated by W. K. Matthews. Gainesville: University of Florida Press, 1953, 161 pp. [Poems by Juhan Liiv, A. Haava, H. Visnapuu, H. Adamson, M. Under, H. Talvik, B. Alver, U. Masing, J. L\u00f5o, H. Esko, K. Ahven, R. Kolk, R. Veer, P. Krusten, K. Ristikivi, K. Lepik, I. Gr\u00fcnthal, E. Enno, G. Suits, K. Merilaas, J. Oks, V. Ridala, A. Adson, J. S\u00fctiste, B. Kangro, A. Sang, A. Viirlaid.]<\/span>\n<\/p>\n<p>\n\t<em><strong><span style=\"font-family: verdana, geneva;font-size: small\">German<\/span><\/strong><\/em><br><span style=\"font-family: verdana, geneva;font-size: small\"><strong>Aus dem Oratorium PASSION<\/strong>. \u00dcbersetzung: Ilmar Laaban. \u2013 Manfred Peter Hein (Hg.): Auf der Karte Europas ein Fleck. Gedichte der osteurop\u00e4ischen Avantgarde. Z\u00fcrich: Ammann Verlag, 1991, p 79. [\u2018Kannatamine\u2019.]<br><strong>Aus dem Oratorium PASSION<\/strong>. \u00dcbersetzung: Ilmar Laaban. \u2013 Trajekt, vol 6, 1986, pp 287-288. [\u2018Kannatamine\u2019.]<br><strong>Spurlos; Kindheit<\/strong>. \u00dcbersetzung: Tatjana Ellinor Heine. \u2013 Estnische Lyrik. Brackenheim: Verlag Georg Kohl GmbH + Co, 1981, pp 52-54. [\u2018J\u00e4ljeta\u2019, \u2018Lapsep\u00f5lv\u2019.\u00a0Poems in the anthology by K. J. Peterson, F. Kuhlbars, F. R. Kreutzwald, A. Reinvald, J. Tamm, A. Haava, L. Koidula, M. Under, G. Suits, Jakob Liiv, Juhan Liiv, K. E. S\u00f6\u00f6t, J. Oks, M. Heiberg, K. Ristikivi, K. Lepik, B. Kangro, A. Sang, I. Gr\u00fcnthal, H. Visnapuu, A. Vihalemm, M. Suits-Elson.]<\/span><\/p>\n","protected":false},"excerpt":{"rendered":"<p>In compilations, anthologies, magazines EnglishAnthology of Modern Estonian Poetry. Compiled and translated by W. K. Matthews. Gainesville: University of Florida Press, 1953, 161 pp. [Poems by Juhan Liiv, A. Haava, H. Visnapuu, H. Adamson, M. Under, H. Talvik, B. Alver, &#8230;<\/p>\n","protected":false},"author":43,"featured_media":0,"parent":946,"menu_order":0,"comment_status":"closed","ping_status":"closed","template":"","meta":{"_acf_changed":false,"inline_featured_image":false,"footnotes":""},"class_list":["post-1215","page","type-page","status-publish","hentry"],"acf":[],"_links":{"self":[{"href":"https:\/\/sisu.ut.ee\/ewod\/wp-json\/wp\/v2\/pages\/1215","targetHints":{"allow":["GET"]}}],"collection":[{"href":"https:\/\/sisu.ut.ee\/ewod\/wp-json\/wp\/v2\/pages"}],"about":[{"href":"https:\/\/sisu.ut.ee\/ewod\/wp-json\/wp\/v2\/types\/page"}],"author":[{"embeddable":true,"href":"https:\/\/sisu.ut.ee\/ewod\/wp-json\/wp\/v2\/users\/43"}],"replies":[{"embeddable":true,"href":"https:\/\/sisu.ut.ee\/ewod\/wp-json\/wp\/v2\/comments?post=1215"}],"version-history":[{"count":1,"href":"https:\/\/sisu.ut.ee\/ewod\/wp-json\/wp\/v2\/pages\/1215\/revisions"}],"predecessor-version":[{"id":3868,"href":"https:\/\/sisu.ut.ee\/ewod\/wp-json\/wp\/v2\/pages\/1215\/revisions\/3868"}],"up":[{"embeddable":true,"href":"https:\/\/sisu.ut.ee\/ewod\/wp-json\/wp\/v2\/pages\/946"}],"wp:attachment":[{"href":"https:\/\/sisu.ut.ee\/ewod\/wp-json\/wp\/v2\/media?parent=1215"}],"curies":[{"name":"wp","href":"https:\/\/api.w.org\/{rel}","templated":true}]}}