{"id":1211,"date":"2024-04-03T23:40:58","date_gmt":"2024-04-03T20:40:58","guid":{"rendered":"https:\/\/sisu.ut.ee\/ewod\/stories-et-133\/"},"modified":"2024-04-04T00:07:53","modified_gmt":"2024-04-03T21:07:53","slug":"stories","status":"publish","type":"page","link":"https:\/\/sisu.ut.ee\/ewod\/h\/henno\/stories\/","title":{"rendered":"Sass Henno &#8211; short stories"},"content":{"rendered":"<p><strong><span style=\"font-family: verdana, geneva;font-size: medium\">Books<\/span><\/strong><\/p>\n<p><em><strong><span style=\"font-family: verdana, geneva\">Russian<\/span><\/strong><\/em><br><span style=\"font-family: verdana, geneva\">\u0421\u0430\u0441\u0441\u044c \u0425\u0435\u043d\u043d\u043e, <strong>\u0418\u0433\u0440\u0430 \u0432 \u043f\u0438\u0440\u0430\u0442\u043e\u0432: \u043f\u043e\u0432\u0435\u0441\u0442\u044c \u0434\u043b\u044f \u0434\u0435\u0442\u0435\u0439<\/strong>. \u041f\u0435\u0440\u0435\u0432\u043e\u0434 \u0441 \u044d\u0441\u0442\u043e\u043d\u0441\u043a\u043e\u0433\u043e: \u041f. \u0418. \u0424\u0438\u043b\u0438\u043c\u043e\u043d\u043e\u0432\u0430; \u0440\u0435\u0434\u0430\u043a\u0442\u043e\u0440 \u041e\u043b\u044c\u0433\u0430 \u0422\u0438\u0442\u043e\u0432\u0430; \u0438\u043b\u043b\u044e\u0441\u0442\u0440\u0430\u0446\u0438\u0438: \u041f\u0435\u043d\u0442 \u0422\u0430\u043b\u0432\u0435\u0442. \u0422\u0430\u043b\u043b\u0438\u043d\u043d: Kite, 2012, 126 lk. [\u2018Merer\u00f6\u00f6vlim\u00e4ng\u2019. A children\u2019s story.]<\/span><\/p>\n","protected":false},"excerpt":{"rendered":"<p>Books Russian\u0421\u0430\u0441\u0441\u044c \u0425\u0435\u043d\u043d\u043e, \u0418\u0433\u0440\u0430 \u0432 \u043f\u0438\u0440\u0430\u0442\u043e\u0432: \u043f\u043e\u0432\u0435\u0441\u0442\u044c \u0434\u043b\u044f \u0434\u0435\u0442\u0435\u0439. \u041f\u0435\u0440\u0435\u0432\u043e\u0434 \u0441 \u044d\u0441\u0442\u043e\u043d\u0441\u043a\u043e\u0433\u043e: \u041f. \u0418. \u0424\u0438\u043b\u0438\u043c\u043e\u043d\u043e\u0432\u0430; \u0440\u0435\u0434\u0430\u043a\u0442\u043e\u0440 \u041e\u043b\u044c\u0433\u0430 \u0422\u0438\u0442\u043e\u0432\u0430; \u0438\u043b\u043b\u044e\u0441\u0442\u0440\u0430\u0446\u0438\u0438: \u041f\u0435\u043d\u0442 \u0422\u0430\u043b\u0432\u0435\u0442. \u0422\u0430\u043b\u043b\u0438\u043d\u043d: Kite, 2012, 126 lk. [\u2018Merer\u00f6\u00f6vlim\u00e4ng\u2019. A children\u2019s story.]<\/p>\n","protected":false},"author":43,"featured_media":0,"parent":1283,"menu_order":0,"comment_status":"closed","ping_status":"closed","template":"","meta":{"_acf_changed":false,"inline_featured_image":false,"footnotes":""},"class_list":["post-1211","page","type-page","status-publish","hentry"],"acf":[],"_links":{"self":[{"href":"https:\/\/sisu.ut.ee\/ewod\/wp-json\/wp\/v2\/pages\/1211","targetHints":{"allow":["GET"]}}],"collection":[{"href":"https:\/\/sisu.ut.ee\/ewod\/wp-json\/wp\/v2\/pages"}],"about":[{"href":"https:\/\/sisu.ut.ee\/ewod\/wp-json\/wp\/v2\/types\/page"}],"author":[{"embeddable":true,"href":"https:\/\/sisu.ut.ee\/ewod\/wp-json\/wp\/v2\/users\/43"}],"replies":[{"embeddable":true,"href":"https:\/\/sisu.ut.ee\/ewod\/wp-json\/wp\/v2\/comments?post=1211"}],"version-history":[{"count":1,"href":"https:\/\/sisu.ut.ee\/ewod\/wp-json\/wp\/v2\/pages\/1211\/revisions"}],"predecessor-version":[{"id":3864,"href":"https:\/\/sisu.ut.ee\/ewod\/wp-json\/wp\/v2\/pages\/1211\/revisions\/3864"}],"up":[{"embeddable":true,"href":"https:\/\/sisu.ut.ee\/ewod\/wp-json\/wp\/v2\/pages\/1283"}],"wp:attachment":[{"href":"https:\/\/sisu.ut.ee\/ewod\/wp-json\/wp\/v2\/media?parent=1211"}],"curies":[{"name":"wp","href":"https:\/\/api.w.org\/{rel}","templated":true}]}}