{"id":1210,"date":"2024-04-03T23:40:58","date_gmt":"2024-04-03T20:40:58","guid":{"rendered":"https:\/\/sisu.ut.ee\/ewod\/novels-et-65\/"},"modified":"2024-04-04T00:07:53","modified_gmt":"2024-04-03T21:07:53","slug":"novels","status":"publish","type":"page","link":"https:\/\/sisu.ut.ee\/ewod\/v\/vint\/novels\/","title":{"rendered":"Toomas Vint &#8211; novels"},"content":{"rendered":"<p><span style=\"font-size: medium\"><strong><span style=\"font-family: verdana, geneva\">Books<\/span><\/strong><\/span><\/p>\n<p><span style=\"font-size: small\"><strong><span style=\"font-family: verdana, geneva\"><em>English<\/em><br><\/span><\/strong><span style=\"font-family: verdana, geneva\"><strong>An unending landscape<\/strong>. Translated and with an introduction by Eric Dickens. Champain (Ill.) [etc.]: Dalkey Archive, 2012, 347 pp. [\u2019L\u00f5ppematu maastik\u2019.]<\/span><strong><span style=\"font-family: verdana, geneva\"><br><\/span><\/strong><\/span><\/p>\n<p><span style=\"font-size: small\"><span style=\"font-family: verdana, geneva\"><strong><em>Finnish<\/em><\/strong><br><strong>Pikkukaupungin romaani<\/strong>. Suomentaneet Anja ja Juhani Salokannel. Jyv\u00e4skyl\u00e4: Gummerus, 1982, 188 pp. [\u2019V\u00e4ikelinna romaan\u2019.]<br><\/span><\/span><\/p>\n<p><span style=\"font-size: small\"><span style=\"font-family: verdana, geneva\"><strong><em>Russian<\/em><\/strong><br>\u0422\u043e\u043e\u043c\u0430\u0441 \u0412\u0438\u043d\u0442, <strong>\u0412\u043e\u0437\u0432\u0440\u0430\u0449\u0435\u043d\u0438\u0435: \u0440\u043e\u043c\u0430\u043d\u044b, \u043d\u043e\u0432\u0435\u043b\u043b\u044b<\/strong>. \u041c\u043e\u0441\u043a\u0432\u0430: \u0421\u043e\u0432\u0435\u0442\u0441\u043a\u0438\u0439 \u043f\u0438\u0441\u0430\u0442\u0435\u043b\u044c, 1988, 477 pp. [Contents: Novels: \u2019\u0420\u0430\u0434\u0443\u044f\u0441\u044c \u0434\u043e\u0436\u0434\u044e\u2019 (\u2019Suur isane kala akvaariumis\u2019), \u2019\u0417\u0430\u0445\u043e\u043b\u0443\u0441\u0442\u043d\u044b\u0439 \u0440\u043e\u043c\u0430\u043d\u2019 (\u2019V\u00e4ikelinna romaan\u2019); short stories.]<\/span><\/span><\/p>\n<p><\/p>\n<p><span style=\"font-size: medium\"><strong><span style=\"font-family: verdana, geneva\">Excerpts from novels<\/span><\/strong><\/span><\/p>\n<p><strong><em><span style=\"font-family: verdana, geneva\">English<\/span><\/em><\/strong><br><span style=\"font-family: verdana, geneva\"><strong>My marriage to a Prostitute<\/strong>.\u00a0\u2013\u00a0<a href=\"http:\/\/www.estlit.ee\/centre\/uploads\/catalogues\/A_Sharp_Cut.pdf\" target=\"_blank\" rel=\"noopener\">A Sharp Cut: contemporary Estonian literature<\/a>. [Introduction: Hasso Krull]. Tallinn: Estonian Literature Information Centre, 2005, 91 pp. [\u2018Minu abielu prostituudiga\u2019. Contents of the booklet:\u00a0Poems by Andres Ehin, Indrek Hirv, Jaan Kaplinski, Doris Kareva, Kauksi \u00dclle, Kalev Kesk\u00fcla, Kivisildnik, Hasso Krull, Asko K\u00fcnnap, Viivi Luik, Ene Mihkelson, Paul-Eerik Rummo, Hando Runnel, Karl Martin Sinij\u00e4rv, Triin Soomets, Mats Traat, Mari Vallisoo, Elo Viiding, Juhan Viiding. Short prose excerpts by Nikolai Baturin, Maimu Berg, J\u00fcri Ehlvest, Mehis Heinsaar, Ilmar Jaks, Jaan Kaplinski, Jan Kaus, Andrus Kivir\u00e4hk, Jaan Kross, Viivi Luik, Mihkel Mutt, Eeva Park, Peeter Sauter, Tarmo Teder, Jaan Undusk, Arvo Valton, Toomas Vint, T\u00f5nu \u00d5nnepalu, Ervin \u00d5unapuu.]<\/span><\/p>\n","protected":false},"excerpt":{"rendered":"<p>Books EnglishAn unending landscape. Translated and with an introduction by Eric Dickens. Champain (Ill.) [etc.]: Dalkey Archive, 2012, 347 pp. [\u2019L\u00f5ppematu maastik\u2019.] FinnishPikkukaupungin romaani. Suomentaneet Anja ja Juhani Salokannel. Jyv\u00e4skyl\u00e4: Gummerus, 1982, 188 pp. [\u2019V\u00e4ikelinna romaan\u2019.] Russian\u0422\u043e\u043e\u043c\u0430\u0441 \u0412\u0438\u043d\u0442, \u0412\u043e\u0437\u0432\u0440\u0430\u0449\u0435\u043d\u0438\u0435: \u0440\u043e\u043c\u0430\u043d\u044b, &#8230;<\/p>\n","protected":false},"author":43,"featured_media":0,"parent":320,"menu_order":0,"comment_status":"closed","ping_status":"closed","template":"","meta":{"_acf_changed":false,"inline_featured_image":false,"footnotes":""},"class_list":["post-1210","page","type-page","status-publish","hentry"],"acf":[],"_links":{"self":[{"href":"https:\/\/sisu.ut.ee\/ewod\/wp-json\/wp\/v2\/pages\/1210","targetHints":{"allow":["GET"]}}],"collection":[{"href":"https:\/\/sisu.ut.ee\/ewod\/wp-json\/wp\/v2\/pages"}],"about":[{"href":"https:\/\/sisu.ut.ee\/ewod\/wp-json\/wp\/v2\/types\/page"}],"author":[{"embeddable":true,"href":"https:\/\/sisu.ut.ee\/ewod\/wp-json\/wp\/v2\/users\/43"}],"replies":[{"embeddable":true,"href":"https:\/\/sisu.ut.ee\/ewod\/wp-json\/wp\/v2\/comments?post=1210"}],"version-history":[{"count":1,"href":"https:\/\/sisu.ut.ee\/ewod\/wp-json\/wp\/v2\/pages\/1210\/revisions"}],"predecessor-version":[{"id":3863,"href":"https:\/\/sisu.ut.ee\/ewod\/wp-json\/wp\/v2\/pages\/1210\/revisions\/3863"}],"up":[{"embeddable":true,"href":"https:\/\/sisu.ut.ee\/ewod\/wp-json\/wp\/v2\/pages\/320"}],"wp:attachment":[{"href":"https:\/\/sisu.ut.ee\/ewod\/wp-json\/wp\/v2\/media?parent=1210"}],"curies":[{"name":"wp","href":"https:\/\/api.w.org\/{rel}","templated":true}]}}