{"id":1207,"date":"2024-04-03T23:40:57","date_gmt":"2024-04-03T20:40:57","guid":{"rendered":"https:\/\/sisu.ut.ee\/ewod\/about-et-112\/"},"modified":"2024-04-04T00:07:56","modified_gmt":"2024-04-03T21:07:56","slug":"about","status":"publish","type":"page","link":"https:\/\/sisu.ut.ee\/ewod\/k\/teetkallas\/about\/","title":{"rendered":"Teet Kallas &#8211; about"},"content":{"rendered":"<p>\n\t<span style=\"font-family: verdana, geneva;font-size: medium\"><strong><span style=\"font-family: verdana, geneva\">Interviews<\/span><\/strong><\/span>\n<\/p>\n<p>\n\t<span style=\"font-family: verdana, geneva\"><strong><span style=\"font-family: verdana, geneva\"><em>English<\/em><\/span><\/strong><br><span style=\"font-family: verdana, geneva\">Peeter Sauter, <a href=\"http:\/\/elm.estinst.ee\/issue\/29\/teet-kallas\/\"><strong>Teet Kallas<\/strong><\/a>. \u2013 Estonian Literary Magazine, no 29, 2009.<\/span><\/span><br>\u00a0\n<\/p>\n<p>\n\t<span style=\"font-family: verdana, geneva\"><strong><span style=\"font-size: medium\">Reviews<\/span><\/strong><\/span>\n<\/p>\n<p>\n\t<span style=\"font-family: verdana, geneva\"><em><strong>English<\/strong><\/em><\/span><br><span style=\"font-family: verdana, geneva\">Ilmar Mikiver,\u00a0<strong><cite>J\u00e4\u00e4 h\u00fcvasti, Mr. Shakespeare<\/cite><\/strong><span style=\"font-family: verdana, geneva\"><strong>\u00a0by Teet Kallas<\/strong>. \u2013 World Literature Today, v<span style=\"font-family: verdana, geneva\">ol 70, no 2, 1996, p 435.<\/span><\/span><br>Ilse Lehiste,\u00a0<strong><cite>Niguliste<\/cite><\/strong><span style=\"font-family: verdana, geneva\"><strong>\u00a0by Teet Kallas<\/strong>. \u2013 World Literature Today, v<span style=\"font-family: verdana, geneva\">ol 65, no 3, 1991, p 520.<\/span>\u00a0<\/span><br>Tiina A. Kirss,\u00a0<strong><cite>Kes t\u00f5ttab \u00f6isele rongile<\/cite><\/strong><span style=\"font-family: verdana, geneva\"><strong>\u00a0by Teet Kallas<\/strong>. \u2013 World Literature Today, v<span style=\"font-family: verdana, geneva\">ol 64, no 1, 1990, pp 157-158.<br>Jack Rueter, <strong>Pleasant Reading<\/strong>. \u2013 Estonia: Zeitschrift f\u00fcr estnische Literatur und Kultur, no 3, 1985, pp 36-37. [About \u2018So much sunshine\u2019, Tallinn 1984.]<\/span><\/span><br>Ilmar Mikiver,<strong>\u00a0<cite>Arvi kamin<\/cite><\/strong><span style=\"font-family: verdana, geneva\"><strong>\u00a0by Teet Kallas<\/strong>. \u2013 World Literature Today, v<span style=\"font-family: verdana, geneva\">ol 57, no 2, 1983, p 321.<\/span><\/span><br>Juta K\u00f5vamees Kitching,\u00a0<strong><cite>Corrida<\/cite><\/strong><span style=\"font-family: verdana, geneva\"><strong>\u00a0by Teet Kallas<\/strong>. \u2013 World Literature Today, v<span style=\"font-family: verdana, geneva\">ol 55, no 1, 1981, pp 144-145.<\/span><\/span><br>Hellar Grabbi, <strong>Heliseb-k\u00f5liseb\u2026 by Teet Kallas.<\/strong> \u2013 Books Abroad, vol 48, no 4, 1974, pp 818-819.<\/span><\/p>\n","protected":false},"excerpt":{"rendered":"<p>Interviews EnglishPeeter Sauter, Teet Kallas. \u2013 Estonian Literary Magazine, no 29, 2009.\u00a0 Reviews EnglishIlmar Mikiver,\u00a0J\u00e4\u00e4 h\u00fcvasti, Mr. Shakespeare\u00a0by Teet Kallas. \u2013 World Literature Today, vol 70, no 2, 1996, p 435.Ilse Lehiste,\u00a0Niguliste\u00a0by Teet Kallas. \u2013 World Literature Today, vol 65, &#8230;<\/p>\n","protected":false},"author":43,"featured_media":0,"parent":275,"menu_order":0,"comment_status":"closed","ping_status":"closed","template":"","meta":{"_acf_changed":false,"inline_featured_image":false,"footnotes":""},"class_list":["post-1207","page","type-page","status-publish","hentry"],"acf":[],"_links":{"self":[{"href":"https:\/\/sisu.ut.ee\/ewod\/wp-json\/wp\/v2\/pages\/1207","targetHints":{"allow":["GET"]}}],"collection":[{"href":"https:\/\/sisu.ut.ee\/ewod\/wp-json\/wp\/v2\/pages"}],"about":[{"href":"https:\/\/sisu.ut.ee\/ewod\/wp-json\/wp\/v2\/types\/page"}],"author":[{"embeddable":true,"href":"https:\/\/sisu.ut.ee\/ewod\/wp-json\/wp\/v2\/users\/43"}],"replies":[{"embeddable":true,"href":"https:\/\/sisu.ut.ee\/ewod\/wp-json\/wp\/v2\/comments?post=1207"}],"version-history":[{"count":1,"href":"https:\/\/sisu.ut.ee\/ewod\/wp-json\/wp\/v2\/pages\/1207\/revisions"}],"predecessor-version":[{"id":3882,"href":"https:\/\/sisu.ut.ee\/ewod\/wp-json\/wp\/v2\/pages\/1207\/revisions\/3882"}],"up":[{"embeddable":true,"href":"https:\/\/sisu.ut.ee\/ewod\/wp-json\/wp\/v2\/pages\/275"}],"wp:attachment":[{"href":"https:\/\/sisu.ut.ee\/ewod\/wp-json\/wp\/v2\/media?parent=1207"}],"curies":[{"name":"wp","href":"https:\/\/api.w.org\/{rel}","templated":true}]}}